{"id":2022,"date":"2023-12-18T14:36:51","date_gmt":"2023-12-18T14:36:51","guid":{"rendered":"https:\/\/dominiumwine.com\/?post_type=product&#038;p=2022"},"modified":"2024-12-03T02:27:22","modified_gmt":"2024-12-03T02:27:22","slug":"bor-es-szolozselevel-toltott-kezmuves-bonbon","status":"publish","type":"product","link":"https:\/\/dominiumwine.com\/en\/product\/bor-es-szolozselevel-toltott-kezmuves-bonbon\/","title":{"rendered":"Bor- \u00e9s sz\u0151l\u0151zsel\u00e9vel t\u00f6lt\u00f6tt k\u00e9zm\u0171ves bonbon"},"content":{"rendered":"","protected":false},"excerpt":{"rendered":"<p>Az O&#8217;bermo bon-bon k\u00e9zm\u0171ves bonbonok a M\u00e1trai borvid\u00e9k kulin\u00e1ris k\u00fcl\u00f6nlegess\u00e9gei. A bor bonbonba, a t\u00e9rsg\u00e9ben termett sz\u0151l\u0151 csokol\u00e1d\u00e9ba z\u00e1rva. Minden mozzanat\u00e1ban k\u00e9zzel k\u00e9sz\u00fclt, borzsel\u00e9vel vagy sz\u0151l\u0151zsel\u00e9vel t\u00f6lt\u00f6tt bonbonok. A t\u00f6ltel\u00e9k alapanyagai a csal\u00e1d \u00e1ltal termesztett sz\u0151l\u0151\u00fcltetv\u00e9nyekr\u0151l sz\u00e1rmaznak, a zsel\u00e9k hozz\u00e1adott mesters\u00e9ges adal\u00e9kot nem tartalmaznak, ez\u00e9rt eltarthat\u00f3s\u00e1guk k\u00e9t h\u00e9t.<\/p>\n<p>A bonbonok form\u00e1ja kiz\u00e1r\u00f3lag magas min\u0151n\u0151s\u00e9g\u0171, 67-80% kaka\u00f3tartalm\u00fa\u00e9tcsokol\u00e1d\u00e9kb\u00f3l k\u00e9sz\u00fclne, ez\u00e9rt a bonbonok 16-18 \u00b0C k\u00f6z\u00f6tt \u00e9rzik j\u00f3l magukat. A sz\u0151l\u0151zsel\u00e9k \u00e9s borzsel\u00e9k egyedi \u00edzl\u00e9sem, szenved\u00e9lyes \u00edzvil\u00e1gomat t\u00fckr\u00f6zik.<\/p>\n<p>Bor \u00e9s bonbon?! K\u00fcl\u00f6nleges \u00e9s egyedi bork\u00f3stol\u00f3k sz\u00fcletnek egy\u00fctt. Besz\u00e9ljenek helyettem a bonbonok.<\/p>","protected":false},"featured_media":2023,"template":"","meta":[],"product_cat":[24],"product_tag":[],"class_list":{"0":"post-2022","1":"product","2":"type-product","3":"status-publish","4":"has-post-thumbnail","6":"product_cat-egyeb","8":"first","9":"instock","10":"taxable","11":"shipping-taxable","12":"purchasable","13":"product-type-simple"},"yoast_head":"<!-- This site is optimized with the Yoast SEO plugin v23.0 - https:\/\/yoast.com\/wordpress\/plugins\/seo\/ -->\n<title>Bor- \u00e9s sz\u0151l\u0151zsel\u00e9vel t\u00f6lt\u00f6tt k\u00e9zm\u0171ves bonbon - Dominium Pinc\u00e9szet<\/title>\n<meta name=\"robots\" content=\"index, follow, max-snippet:-1, max-image-preview:large, max-video-preview:-1\" \/>\n<link rel=\"canonical\" href=\"https:\/\/dominiumwine.com\/en\/product\/bor-es-szolozselevel-toltott-kezmuves-bonbon\/\" \/>\n<meta property=\"og:locale\" content=\"en_US\" \/>\n<meta property=\"og:type\" content=\"article\" \/>\n<meta property=\"og:title\" content=\"Bor- \u00e9s sz\u0151l\u0151zsel\u00e9vel t\u00f6lt\u00f6tt k\u00e9zm\u0171ves bonbon - Dominium Pinc\u00e9szet\" \/>\n<meta property=\"og:description\" content=\"Az O&#039;bermo bon-bon k\u00e9zm\u0171ves bonbonok a M\u00e1trai borvid\u00e9k kulin\u00e1ris k\u00fcl\u00f6nlegess\u00e9gei. A bor bonbonba, a t\u00e9rsg\u00e9ben termett sz\u0151l\u0151 csokol\u00e1d\u00e9ba z\u00e1rva. Minden mozzanat\u00e1ban k\u00e9zzel k\u00e9sz\u00fclt, borzsel\u00e9vel vagy sz\u0151l\u0151zsel\u00e9vel t\u00f6lt\u00f6tt bonbonok. A t\u00f6ltel\u00e9k alapanyagai a csal\u00e1d \u00e1ltal termesztett sz\u0151l\u0151\u00fcltetv\u00e9nyekr\u0151l sz\u00e1rmaznak, a zsel\u00e9k hozz\u00e1adott mesters\u00e9ges adal\u00e9kot nem tartalmaznak, ez\u00e9rt eltarthat\u00f3s\u00e1guk k\u00e9t h\u00e9t.  A bonbonok form\u00e1ja kiz\u00e1r\u00f3lag magas min\u0151n\u0151s\u00e9g\u0171, 67-80% kaka\u00f3tartalm\u00fa\u00e9tcsokol\u00e1d\u00e9kb\u00f3l k\u00e9sz\u00fclne, ez\u00e9rt a bonbonok 16-18 \u00b0C k\u00f6z\u00f6tt \u00e9rzik j\u00f3l magukat. A sz\u0151l\u0151zsel\u00e9k \u00e9s borzsel\u00e9k egyedi \u00edzl\u00e9sem, szenved\u00e9lyes \u00edzvil\u00e1gomat t\u00fckr\u00f6zik.  Bor \u00e9s bonbon?! K\u00fcl\u00f6nleges \u00e9s egyedi bork\u00f3stol\u00f3k sz\u00fcletnek egy\u00fctt. Besz\u00e9ljenek helyettem a bonbonok.\" \/>\n<meta property=\"og:url\" content=\"https:\/\/dominiumwine.com\/en\/product\/bor-es-szolozselevel-toltott-kezmuves-bonbon\/\" \/>\n<meta property=\"og:site_name\" content=\"Dominium Pinc\u00e9szet\" \/>\n<meta property=\"article:modified_time\" content=\"2024-12-03T02:27:22+00:00\" \/>\n<meta property=\"og:image\" content=\"http:\/\/dominiumwine.com\/wp-content\/uploads\/2023\/12\/bonbon-jo.png\" \/>\n\t<meta property=\"og:image:width\" content=\"1080\" \/>\n\t<meta property=\"og:image:height\" content=\"1080\" \/>\n\t<meta property=\"og:image:type\" content=\"image\/png\" \/>\n<meta name=\"twitter:card\" content=\"summary_large_image\" \/>\n<script type=\"application\/ld+json\" class=\"yoast-schema-graph\">{\"@context\":\"https:\/\/schema.org\",\"@graph\":[{\"@type\":\"WebPage\",\"@id\":\"https:\/\/dominiumwine.com\/product\/bor-es-szolozselevel-toltott-kezmuves-bonbon\/\",\"url\":\"https:\/\/dominiumwine.com\/product\/bor-es-szolozselevel-toltott-kezmuves-bonbon\/\",\"name\":\"Bor- \u00e9s sz\u0151l\u0151zsel\u00e9vel t\u00f6lt\u00f6tt k\u00e9zm\u0171ves bonbon - Dominium Pinc\u00e9szet\",\"isPartOf\":{\"@id\":\"https:\/\/dominiumwine.com\/#website\"},\"primaryImageOfPage\":{\"@id\":\"https:\/\/dominiumwine.com\/product\/bor-es-szolozselevel-toltott-kezmuves-bonbon\/#primaryimage\"},\"image\":{\"@id\":\"https:\/\/dominiumwine.com\/product\/bor-es-szolozselevel-toltott-kezmuves-bonbon\/#primaryimage\"},\"thumbnailUrl\":\"https:\/\/dominiumwine.com\/wp-content\/uploads\/2023\/12\/bonbon-jo.png\",\"datePublished\":\"2023-12-18T14:36:51+00:00\",\"dateModified\":\"2024-12-03T02:27:22+00:00\",\"breadcrumb\":{\"@id\":\"https:\/\/dominiumwine.com\/product\/bor-es-szolozselevel-toltott-kezmuves-bonbon\/#breadcrumb\"},\"inLanguage\":\"en-US\",\"potentialAction\":[{\"@type\":\"ReadAction\",\"target\":[\"https:\/\/dominiumwine.com\/product\/bor-es-szolozselevel-toltott-kezmuves-bonbon\/\"]}]},{\"@type\":\"ImageObject\",\"inLanguage\":\"en-US\",\"@id\":\"https:\/\/dominiumwine.com\/product\/bor-es-szolozselevel-toltott-kezmuves-bonbon\/#primaryimage\",\"url\":\"https:\/\/dominiumwine.com\/wp-content\/uploads\/2023\/12\/bonbon-jo.png\",\"contentUrl\":\"https:\/\/dominiumwine.com\/wp-content\/uploads\/2023\/12\/bonbon-jo.png\",\"width\":1080,\"height\":1080},{\"@type\":\"BreadcrumbList\",\"@id\":\"https:\/\/dominiumwine.com\/product\/bor-es-szolozselevel-toltott-kezmuves-bonbon\/#breadcrumb\",\"itemListElement\":[{\"@type\":\"ListItem\",\"position\":1,\"name\":\"Kezd\u0151lap\",\"item\":\"https:\/\/dominiumwine.com\/\"},{\"@type\":\"ListItem\",\"position\":2,\"name\":\"Term\u00e9kek\",\"item\":\"https:\/\/dominiumwine.com\/shop\/\"},{\"@type\":\"ListItem\",\"position\":3,\"name\":\"Bor- \u00e9s sz\u0151l\u0151zsel\u00e9vel t\u00f6lt\u00f6tt k\u00e9zm\u0171ves bonbon\"}]},{\"@type\":\"WebSite\",\"@id\":\"https:\/\/dominiumwine.com\/#website\",\"url\":\"https:\/\/dominiumwine.com\/\",\"name\":\"Dominium Pinc\u00e9szet\",\"description\":\"Term\u00e9szetess\u00e9g, min\u0151s\u00e9g, odaad\u00e1s.\",\"publisher\":{\"@id\":\"https:\/\/dominiumwine.com\/#organization\"},\"potentialAction\":[{\"@type\":\"SearchAction\",\"target\":{\"@type\":\"EntryPoint\",\"urlTemplate\":\"https:\/\/dominiumwine.com\/?s={search_term_string}\"},\"query-input\":\"required name=search_term_string\"}],\"inLanguage\":\"en-US\"},{\"@type\":\"Organization\",\"@id\":\"https:\/\/dominiumwine.com\/#organization\",\"name\":\"Dominium Pinc\u00e9szet\",\"url\":\"https:\/\/dominiumwine.com\/\",\"logo\":{\"@type\":\"ImageObject\",\"inLanguage\":\"en-US\",\"@id\":\"https:\/\/dominiumwine.com\/#\/schema\/logo\/image\/\",\"url\":\"https:\/\/dominiumwine.com\/wp-content\/uploads\/2023\/09\/13254653_1555236881446304_5392041322926135012_o.png\",\"contentUrl\":\"https:\/\/dominiumwine.com\/wp-content\/uploads\/2023\/09\/13254653_1555236881446304_5392041322926135012_o.png\",\"width\":2048,\"height\":1447,\"caption\":\"Dominium Pinc\u00e9szet\"},\"image\":{\"@id\":\"https:\/\/dominiumwine.com\/#\/schema\/logo\/image\/\"}}]}<\/script>\n<!-- \/ Yoast SEO plugin. -->","yoast_head_json":{"title":"Bor- \u00e9s sz\u0151l\u0151zsel\u00e9vel t\u00f6lt\u00f6tt k\u00e9zm\u0171ves bonbon - Dominium Pinc\u00e9szet","robots":{"index":"index","follow":"follow","max-snippet":"max-snippet:-1","max-image-preview":"max-image-preview:large","max-video-preview":"max-video-preview:-1"},"canonical":"https:\/\/dominiumwine.com\/en\/product\/bor-es-szolozselevel-toltott-kezmuves-bonbon\/","og_locale":"en_US","og_type":"article","og_title":"Bor- \u00e9s sz\u0151l\u0151zsel\u00e9vel t\u00f6lt\u00f6tt k\u00e9zm\u0171ves bonbon - Dominium Pinc\u00e9szet","og_description":"Az O'bermo bon-bon k\u00e9zm\u0171ves bonbonok a M\u00e1trai borvid\u00e9k kulin\u00e1ris k\u00fcl\u00f6nlegess\u00e9gei. A bor bonbonba, a t\u00e9rsg\u00e9ben termett sz\u0151l\u0151 csokol\u00e1d\u00e9ba z\u00e1rva. Minden mozzanat\u00e1ban k\u00e9zzel k\u00e9sz\u00fclt, borzsel\u00e9vel vagy sz\u0151l\u0151zsel\u00e9vel t\u00f6lt\u00f6tt bonbonok. A t\u00f6ltel\u00e9k alapanyagai a csal\u00e1d \u00e1ltal termesztett sz\u0151l\u0151\u00fcltetv\u00e9nyekr\u0151l sz\u00e1rmaznak, a zsel\u00e9k hozz\u00e1adott mesters\u00e9ges adal\u00e9kot nem tartalmaznak, ez\u00e9rt eltarthat\u00f3s\u00e1guk k\u00e9t h\u00e9t.  A bonbonok form\u00e1ja kiz\u00e1r\u00f3lag magas min\u0151n\u0151s\u00e9g\u0171, 67-80% kaka\u00f3tartalm\u00fa\u00e9tcsokol\u00e1d\u00e9kb\u00f3l k\u00e9sz\u00fclne, ez\u00e9rt a bonbonok 16-18 \u00b0C k\u00f6z\u00f6tt \u00e9rzik j\u00f3l magukat. A sz\u0151l\u0151zsel\u00e9k \u00e9s borzsel\u00e9k egyedi \u00edzl\u00e9sem, szenved\u00e9lyes \u00edzvil\u00e1gomat t\u00fckr\u00f6zik.  Bor \u00e9s bonbon?! K\u00fcl\u00f6nleges \u00e9s egyedi bork\u00f3stol\u00f3k sz\u00fcletnek egy\u00fctt. Besz\u00e9ljenek helyettem a bonbonok.","og_url":"https:\/\/dominiumwine.com\/en\/product\/bor-es-szolozselevel-toltott-kezmuves-bonbon\/","og_site_name":"Dominium Pinc\u00e9szet","article_modified_time":"2024-12-03T02:27:22+00:00","og_image":[{"width":1080,"height":1080,"url":"http:\/\/dominiumwine.com\/wp-content\/uploads\/2023\/12\/bonbon-jo.png","type":"image\/png"}],"twitter_card":"summary_large_image","schema":{"@context":"https:\/\/schema.org","@graph":[{"@type":"WebPage","@id":"https:\/\/dominiumwine.com\/product\/bor-es-szolozselevel-toltott-kezmuves-bonbon\/","url":"https:\/\/dominiumwine.com\/product\/bor-es-szolozselevel-toltott-kezmuves-bonbon\/","name":"Bor- \u00e9s sz\u0151l\u0151zsel\u00e9vel t\u00f6lt\u00f6tt k\u00e9zm\u0171ves bonbon - Dominium Pinc\u00e9szet","isPartOf":{"@id":"https:\/\/dominiumwine.com\/#website"},"primaryImageOfPage":{"@id":"https:\/\/dominiumwine.com\/product\/bor-es-szolozselevel-toltott-kezmuves-bonbon\/#primaryimage"},"image":{"@id":"https:\/\/dominiumwine.com\/product\/bor-es-szolozselevel-toltott-kezmuves-bonbon\/#primaryimage"},"thumbnailUrl":"https:\/\/dominiumwine.com\/wp-content\/uploads\/2023\/12\/bonbon-jo.png","datePublished":"2023-12-18T14:36:51+00:00","dateModified":"2024-12-03T02:27:22+00:00","breadcrumb":{"@id":"https:\/\/dominiumwine.com\/product\/bor-es-szolozselevel-toltott-kezmuves-bonbon\/#breadcrumb"},"inLanguage":"en-US","potentialAction":[{"@type":"ReadAction","target":["https:\/\/dominiumwine.com\/product\/bor-es-szolozselevel-toltott-kezmuves-bonbon\/"]}]},{"@type":"ImageObject","inLanguage":"en-US","@id":"https:\/\/dominiumwine.com\/product\/bor-es-szolozselevel-toltott-kezmuves-bonbon\/#primaryimage","url":"https:\/\/dominiumwine.com\/wp-content\/uploads\/2023\/12\/bonbon-jo.png","contentUrl":"https:\/\/dominiumwine.com\/wp-content\/uploads\/2023\/12\/bonbon-jo.png","width":1080,"height":1080},{"@type":"BreadcrumbList","@id":"https:\/\/dominiumwine.com\/product\/bor-es-szolozselevel-toltott-kezmuves-bonbon\/#breadcrumb","itemListElement":[{"@type":"ListItem","position":1,"name":"Kezd\u0151lap","item":"https:\/\/dominiumwine.com\/"},{"@type":"ListItem","position":2,"name":"Term\u00e9kek","item":"https:\/\/dominiumwine.com\/shop\/"},{"@type":"ListItem","position":3,"name":"Bor- \u00e9s sz\u0151l\u0151zsel\u00e9vel t\u00f6lt\u00f6tt k\u00e9zm\u0171ves bonbon"}]},{"@type":"WebSite","@id":"https:\/\/dominiumwine.com\/#website","url":"https:\/\/dominiumwine.com\/","name":"Dominium Pinc\u00e9szet","description":"Term\u00e9szetess\u00e9g, min\u0151s\u00e9g, odaad\u00e1s.","publisher":{"@id":"https:\/\/dominiumwine.com\/#organization"},"potentialAction":[{"@type":"SearchAction","target":{"@type":"EntryPoint","urlTemplate":"https:\/\/dominiumwine.com\/?s={search_term_string}"},"query-input":"required name=search_term_string"}],"inLanguage":"en-US"},{"@type":"Organization","@id":"https:\/\/dominiumwine.com\/#organization","name":"Dominium Pinc\u00e9szet","url":"https:\/\/dominiumwine.com\/","logo":{"@type":"ImageObject","inLanguage":"en-US","@id":"https:\/\/dominiumwine.com\/#\/schema\/logo\/image\/","url":"https:\/\/dominiumwine.com\/wp-content\/uploads\/2023\/09\/13254653_1555236881446304_5392041322926135012_o.png","contentUrl":"https:\/\/dominiumwine.com\/wp-content\/uploads\/2023\/09\/13254653_1555236881446304_5392041322926135012_o.png","width":2048,"height":1447,"caption":"Dominium Pinc\u00e9szet"},"image":{"@id":"https:\/\/dominiumwine.com\/#\/schema\/logo\/image\/"}}]}},"jetpack_sharing_enabled":true,"_links":{"self":[{"href":"https:\/\/dominiumwine.com\/en\/wp-json\/wp\/v2\/product\/2022","targetHints":{"allow":["GET"]}}],"collection":[{"href":"https:\/\/dominiumwine.com\/en\/wp-json\/wp\/v2\/product"}],"about":[{"href":"https:\/\/dominiumwine.com\/en\/wp-json\/wp\/v2\/types\/product"}],"wp:featuredmedia":[{"embeddable":true,"href":"https:\/\/dominiumwine.com\/en\/wp-json\/wp\/v2\/media\/2023"}],"wp:attachment":[{"href":"https:\/\/dominiumwine.com\/en\/wp-json\/wp\/v2\/media?parent=2022"}],"wp:term":[{"taxonomy":"product_cat","embeddable":true,"href":"https:\/\/dominiumwine.com\/en\/wp-json\/wp\/v2\/product_cat?post=2022"},{"taxonomy":"product_tag","embeddable":true,"href":"https:\/\/dominiumwine.com\/en\/wp-json\/wp\/v2\/product_tag?post=2022"}],"curies":[{"name":"wp","href":"https:\/\/api.w.org\/{rel}","templated":true}]}}