{"id":2082,"date":"2024-08-02T20:30:13","date_gmt":"2024-08-02T20:30:13","guid":{"rendered":"https:\/\/dominiumwine.com\/?post_type=product&#038;p=2082"},"modified":"2026-03-22T13:35:45","modified_gmt":"2026-03-22T13:35:45","slug":"pretium-2021","status":"publish","type":"product","link":"https:\/\/dominiumwine.com\/en\/product\/pretium-2021\/","title":{"rendered":"Pretium 2021"},"content":{"rendered":"<div>Sz\u0151l\u0151fajta\u00a0 \u00a0 \u00a0 \u00a0 \u00a0 \u00a0 \u00a0 \u00a0 \u00a0 \u00a0 \u00a0 \u00a0 \u00a0 \u00a0 \u00a0 \u00a0 \u00a0 \u00a0 \u00a0 48% Cabernet Franc, 48%Merlot, 4% Tempranillo<\/div>\n<div><\/div>\n<div>\u00c9vj\u00e1rat\u00a0\u00a0\u00a0\u00a0\u00a0\u00a0\u00a0\u00a0\u00a0\u00a0\u00a0\u00a0\u00a0\u00a0\u00a0\u00a0\u00a0\u00a0\u00a0\u00a0\u00a0\u00a0\u00a0\u00a0\u00a0\u00a0\u00a0\u00a0\u00a0\u00a0\u00a0\u00a0\u00a0\u00a0\u00a0\u00a0\u00a0\u00a0\u00a0\u00a0\u00a0\u00a0 2021<\/div>\n<div><\/div>\n<div>Bork\u00e9sz\u00edt\u00e9s\u00a0 \u00a0 \u00a0 \u00a0 \u00a0 \u00a0 \u00a0 \u00a0 \u00a0 \u00a0 \u00a0 \u00a0 \u00a0 \u00a0 \u00a0 \u00a0 \u00a0 \u00a0Ac\u00e9lk\u00e1das<span data-sheets-value=\"{&quot;1&quot;:2,&quot;2&quot;:&quot;Ny\u00edlt k\u00e1das erjeszt\u00e9s 100 %&quot;}\" data-sheets-userformat=\"{&quot;2&quot;:769,&quot;3&quot;:{&quot;1&quot;:0},&quot;11&quot;:4,&quot;12&quot;:0}\">\u00a0erjeszt\u00e9s 100 %<\/span><\/div>\n<div><\/div>\n<div>\u00c9rlel\u00e9s\u00a0 \u00a0 \u00a0 \u00a0 \u00a0 \u00a0 \u00a0 \u00a0 \u00a0 \u00a0 \u00a0 \u00a0 \u00a0 \u00a0 \u00a0 \u00a0 \u00a0 \u00a0 \u00a0 \u00a0 \u00a0 \u00a0 M\u00e1sod-\u00e9s harmadt\u00f6lt\u00e9s\u0171 t\u00f6lgyfahord\u00f3s<\/div>\n<div><\/div>\n<div>Alkohol\u00a0 \u00a0 \u00a0 \u00a0 \u00a0 \u00a0 \u00a0 \u00a0 \u00a0 \u00a0 \u00a0 \u00a0 \u00a0 \u00a0 \u00a0 \u00a0 \u00a0 \u00a0 \u00a0 \u00a0 \u00a0 15 %. VOL<\/div>\n<div><\/div>\n<div>Sz\u00e1razs\u00e1gi fok\u00a0 \u00a0 \u00a0 \u00a0 \u00a0 \u00a0 \u00a0 \u00a0 \u00a0 \u00a0 \u00a0 \u00a0 \u00a0 \u00a0 \u00a0 \u00a0Sz\u00e1raz<\/div>\n<div><\/div>\n<div>Fogyaszt\u00e1si h\u0151m\u00e9rs\u00e9klet\u00a0 \u00a0 \u00a0 \u00a0 \u00a0 \u00a0 15-18\u00b0C<\/div>","protected":false},"excerpt":{"rendered":"<p><span style=\"font-weight: 400;\">A Pretium n\u00e9v k\u00f6telez. Legut\u00f3bb 2020-ban k\u00e9sz\u00edtett\u00fcnk ezen a n\u00e9ven v\u00f6r\u00f6s h\u00e1zas\u00edt\u00e1st. <\/span><span style=\"font-weight: 400;\">A legrfissebb \u00e9vj\u00e1ratunk eset\u00e9ben a Tempranillo adja a selymess\u00e9get \u00e9s a semmihez nem hasonl\u00edthat\u00f3 gy\u00fcm\u00f6lcs\u00f6ss\u00e9get, a Cabernet Franc a karakteres, f\u0171szeres alapot, mindezt pedig a Merlot teszi kerek eg\u00e9ssz\u00e9 a meggyes, csereszny\u00e9s \u00edzvil\u00e1g\u00e1val. A h\u00e1rom, \u00f6n\u00e1ll\u00f3an is kiv\u00e1l\u00f3 fajta h\u00e1zass\u00e1ga \u00faj oldal\u00e1t mutatja meg a v\u00f6r\u00f6s borok vil\u00e1g\u00e1nak. <\/span><span style=\"font-weight: 400;\">Nagyszer\u0171en illik sajtokhoz, k\u00f6nnyedebb, de f\u0171szeres h\u00fasokhoz, gy\u00fcm\u00f6lcs\u00f6s m\u00e1rt\u00e1sokhoz, vagy csak egy bar\u00e1ti besz\u00e9lget\u00e9shez.\u00a0<\/span><\/p>\n<p>Pretium t\u00e9tel\u00fcnk hisztaminmentes.<\/p>","protected":false},"featured_media":2438,"template":"","meta":[],"product_cat":[21],"product_tag":[],"class_list":{"0":"post-2082","1":"product","2":"type-product","3":"status-publish","4":"has-post-thumbnail","6":"product_cat-vorosboraink","8":"first","9":"instock","10":"taxable","11":"shipping-taxable","12":"purchasable","13":"product-type-simple"},"yoast_head":"<!-- This site is optimized with the Yoast SEO plugin v23.0 - https:\/\/yoast.com\/wordpress\/plugins\/seo\/ -->\n<title>Pretium 2021 - Dominium Pinc\u00e9szet<\/title>\n<meta name=\"robots\" content=\"index, follow, max-snippet:-1, max-image-preview:large, max-video-preview:-1\" \/>\n<link rel=\"canonical\" href=\"https:\/\/dominiumwine.com\/en\/product\/pretium-2021\/\" \/>\n<meta property=\"og:locale\" content=\"en_US\" \/>\n<meta property=\"og:type\" content=\"article\" \/>\n<meta property=\"og:title\" content=\"Pretium 2021 - Dominium Pinc\u00e9szet\" \/>\n<meta property=\"og:description\" content=\"A Pretium n\u00e9v k\u00f6telez. Legut\u00f3bb 2020-ban k\u00e9sz\u00edtett\u00fcnk ezen a n\u00e9ven v\u00f6r\u00f6s h\u00e1zas\u00edt\u00e1st. A legrfissebb \u00e9vj\u00e1ratunk eset\u00e9ben a Tempranillo adja a selymess\u00e9get \u00e9s a semmihez nem hasonl\u00edthat\u00f3 gy\u00fcm\u00f6lcs\u00f6ss\u00e9get, a Cabernet Franc a karakteres, f\u0171szeres alapot, mindezt pedig a Merlot teszi kerek eg\u00e9ssz\u00e9 a meggyes, csereszny\u00e9s \u00edzvil\u00e1g\u00e1val. A h\u00e1rom, \u00f6n\u00e1ll\u00f3an is kiv\u00e1l\u00f3 fajta h\u00e1zass\u00e1ga \u00faj oldal\u00e1t mutatja meg a v\u00f6r\u00f6s borok vil\u00e1g\u00e1nak. Nagyszer\u0171en illik sajtokhoz, k\u00f6nnyedebb, de f\u0171szeres h\u00fasokhoz, gy\u00fcm\u00f6lcs\u00f6s m\u00e1rt\u00e1sokhoz, vagy csak egy bar\u00e1ti besz\u00e9lget\u00e9shez.\u00a0  Pretium t\u00e9tel\u00fcnk hisztaminmentes.\" \/>\n<meta property=\"og:url\" content=\"https:\/\/dominiumwine.com\/en\/product\/pretium-2021\/\" \/>\n<meta property=\"og:site_name\" content=\"Dominium Pinc\u00e9szet\" \/>\n<meta property=\"article:modified_time\" content=\"2026-03-22T13:35:45+00:00\" \/>\n<meta property=\"og:image\" content=\"http:\/\/dominiumwine.com\/wp-content\/uploads\/2024\/08\/pretium-hisztamin-mentnes.png\" \/>\n\t<meta property=\"og:image:width\" content=\"1080\" \/>\n\t<meta property=\"og:image:height\" content=\"1080\" \/>\n\t<meta property=\"og:image:type\" content=\"image\/png\" \/>\n<meta name=\"twitter:card\" content=\"summary_large_image\" \/>\n<meta name=\"twitter:label1\" content=\"Est. reading time\" \/>\n\t<meta name=\"twitter:data1\" content=\"1 minute\" \/>\n<script type=\"application\/ld+json\" class=\"yoast-schema-graph\">{\"@context\":\"https:\/\/schema.org\",\"@graph\":[{\"@type\":\"WebPage\",\"@id\":\"https:\/\/dominiumwine.com\/product\/pretium-2021\/\",\"url\":\"https:\/\/dominiumwine.com\/product\/pretium-2021\/\",\"name\":\"Pretium 2021 - Dominium Pinc\u00e9szet\",\"isPartOf\":{\"@id\":\"https:\/\/dominiumwine.com\/#website\"},\"primaryImageOfPage\":{\"@id\":\"https:\/\/dominiumwine.com\/product\/pretium-2021\/#primaryimage\"},\"image\":{\"@id\":\"https:\/\/dominiumwine.com\/product\/pretium-2021\/#primaryimage\"},\"thumbnailUrl\":\"https:\/\/dominiumwine.com\/wp-content\/uploads\/2024\/08\/pretium-hisztamin-mentnes.png\",\"datePublished\":\"2024-08-02T20:30:13+00:00\",\"dateModified\":\"2026-03-22T13:35:45+00:00\",\"breadcrumb\":{\"@id\":\"https:\/\/dominiumwine.com\/product\/pretium-2021\/#breadcrumb\"},\"inLanguage\":\"en-US\",\"potentialAction\":[{\"@type\":\"ReadAction\",\"target\":[\"https:\/\/dominiumwine.com\/product\/pretium-2021\/\"]}]},{\"@type\":\"ImageObject\",\"inLanguage\":\"en-US\",\"@id\":\"https:\/\/dominiumwine.com\/product\/pretium-2021\/#primaryimage\",\"url\":\"https:\/\/dominiumwine.com\/wp-content\/uploads\/2024\/08\/pretium-hisztamin-mentnes.png\",\"contentUrl\":\"https:\/\/dominiumwine.com\/wp-content\/uploads\/2024\/08\/pretium-hisztamin-mentnes.png\",\"width\":1080,\"height\":1080},{\"@type\":\"BreadcrumbList\",\"@id\":\"https:\/\/dominiumwine.com\/product\/pretium-2021\/#breadcrumb\",\"itemListElement\":[{\"@type\":\"ListItem\",\"position\":1,\"name\":\"Kezd\u0151lap\",\"item\":\"https:\/\/dominiumwine.com\/\"},{\"@type\":\"ListItem\",\"position\":2,\"name\":\"Term\u00e9kek\",\"item\":\"https:\/\/dominiumwine.com\/shop\/\"},{\"@type\":\"ListItem\",\"position\":3,\"name\":\"Pretium 2021\"}]},{\"@type\":\"WebSite\",\"@id\":\"https:\/\/dominiumwine.com\/#website\",\"url\":\"https:\/\/dominiumwine.com\/\",\"name\":\"Dominium Pinc\u00e9szet\",\"description\":\"Term\u00e9szetess\u00e9g, min\u0151s\u00e9g, odaad\u00e1s.\",\"publisher\":{\"@id\":\"https:\/\/dominiumwine.com\/#organization\"},\"potentialAction\":[{\"@type\":\"SearchAction\",\"target\":{\"@type\":\"EntryPoint\",\"urlTemplate\":\"https:\/\/dominiumwine.com\/?s={search_term_string}\"},\"query-input\":\"required name=search_term_string\"}],\"inLanguage\":\"en-US\"},{\"@type\":\"Organization\",\"@id\":\"https:\/\/dominiumwine.com\/#organization\",\"name\":\"Dominium Pinc\u00e9szet\",\"url\":\"https:\/\/dominiumwine.com\/\",\"logo\":{\"@type\":\"ImageObject\",\"inLanguage\":\"en-US\",\"@id\":\"https:\/\/dominiumwine.com\/#\/schema\/logo\/image\/\",\"url\":\"https:\/\/dominiumwine.com\/wp-content\/uploads\/2023\/09\/13254653_1555236881446304_5392041322926135012_o.png\",\"contentUrl\":\"https:\/\/dominiumwine.com\/wp-content\/uploads\/2023\/09\/13254653_1555236881446304_5392041322926135012_o.png\",\"width\":2048,\"height\":1447,\"caption\":\"Dominium Pinc\u00e9szet\"},\"image\":{\"@id\":\"https:\/\/dominiumwine.com\/#\/schema\/logo\/image\/\"}}]}<\/script>\n<!-- \/ Yoast SEO plugin. -->","yoast_head_json":{"title":"Pretium 2021 - Dominium Pinc\u00e9szet","robots":{"index":"index","follow":"follow","max-snippet":"max-snippet:-1","max-image-preview":"max-image-preview:large","max-video-preview":"max-video-preview:-1"},"canonical":"https:\/\/dominiumwine.com\/en\/product\/pretium-2021\/","og_locale":"en_US","og_type":"article","og_title":"Pretium 2021 - Dominium Pinc\u00e9szet","og_description":"A Pretium n\u00e9v k\u00f6telez. Legut\u00f3bb 2020-ban k\u00e9sz\u00edtett\u00fcnk ezen a n\u00e9ven v\u00f6r\u00f6s h\u00e1zas\u00edt\u00e1st. A legrfissebb \u00e9vj\u00e1ratunk eset\u00e9ben a Tempranillo adja a selymess\u00e9get \u00e9s a semmihez nem hasonl\u00edthat\u00f3 gy\u00fcm\u00f6lcs\u00f6ss\u00e9get, a Cabernet Franc a karakteres, f\u0171szeres alapot, mindezt pedig a Merlot teszi kerek eg\u00e9ssz\u00e9 a meggyes, csereszny\u00e9s \u00edzvil\u00e1g\u00e1val. A h\u00e1rom, \u00f6n\u00e1ll\u00f3an is kiv\u00e1l\u00f3 fajta h\u00e1zass\u00e1ga \u00faj oldal\u00e1t mutatja meg a v\u00f6r\u00f6s borok vil\u00e1g\u00e1nak. Nagyszer\u0171en illik sajtokhoz, k\u00f6nnyedebb, de f\u0171szeres h\u00fasokhoz, gy\u00fcm\u00f6lcs\u00f6s m\u00e1rt\u00e1sokhoz, vagy csak egy bar\u00e1ti besz\u00e9lget\u00e9shez.\u00a0  Pretium t\u00e9tel\u00fcnk hisztaminmentes.","og_url":"https:\/\/dominiumwine.com\/en\/product\/pretium-2021\/","og_site_name":"Dominium Pinc\u00e9szet","article_modified_time":"2026-03-22T13:35:45+00:00","og_image":[{"width":1080,"height":1080,"url":"http:\/\/dominiumwine.com\/wp-content\/uploads\/2024\/08\/pretium-hisztamin-mentnes.png","type":"image\/png"}],"twitter_card":"summary_large_image","twitter_misc":{"Est. reading time":"1 minute"},"schema":{"@context":"https:\/\/schema.org","@graph":[{"@type":"WebPage","@id":"https:\/\/dominiumwine.com\/product\/pretium-2021\/","url":"https:\/\/dominiumwine.com\/product\/pretium-2021\/","name":"Pretium 2021 - Dominium Pinc\u00e9szet","isPartOf":{"@id":"https:\/\/dominiumwine.com\/#website"},"primaryImageOfPage":{"@id":"https:\/\/dominiumwine.com\/product\/pretium-2021\/#primaryimage"},"image":{"@id":"https:\/\/dominiumwine.com\/product\/pretium-2021\/#primaryimage"},"thumbnailUrl":"https:\/\/dominiumwine.com\/wp-content\/uploads\/2024\/08\/pretium-hisztamin-mentnes.png","datePublished":"2024-08-02T20:30:13+00:00","dateModified":"2026-03-22T13:35:45+00:00","breadcrumb":{"@id":"https:\/\/dominiumwine.com\/product\/pretium-2021\/#breadcrumb"},"inLanguage":"en-US","potentialAction":[{"@type":"ReadAction","target":["https:\/\/dominiumwine.com\/product\/pretium-2021\/"]}]},{"@type":"ImageObject","inLanguage":"en-US","@id":"https:\/\/dominiumwine.com\/product\/pretium-2021\/#primaryimage","url":"https:\/\/dominiumwine.com\/wp-content\/uploads\/2024\/08\/pretium-hisztamin-mentnes.png","contentUrl":"https:\/\/dominiumwine.com\/wp-content\/uploads\/2024\/08\/pretium-hisztamin-mentnes.png","width":1080,"height":1080},{"@type":"BreadcrumbList","@id":"https:\/\/dominiumwine.com\/product\/pretium-2021\/#breadcrumb","itemListElement":[{"@type":"ListItem","position":1,"name":"Kezd\u0151lap","item":"https:\/\/dominiumwine.com\/"},{"@type":"ListItem","position":2,"name":"Term\u00e9kek","item":"https:\/\/dominiumwine.com\/shop\/"},{"@type":"ListItem","position":3,"name":"Pretium 2021"}]},{"@type":"WebSite","@id":"https:\/\/dominiumwine.com\/#website","url":"https:\/\/dominiumwine.com\/","name":"Dominium Pinc\u00e9szet","description":"Term\u00e9szetess\u00e9g, min\u0151s\u00e9g, odaad\u00e1s.","publisher":{"@id":"https:\/\/dominiumwine.com\/#organization"},"potentialAction":[{"@type":"SearchAction","target":{"@type":"EntryPoint","urlTemplate":"https:\/\/dominiumwine.com\/?s={search_term_string}"},"query-input":"required name=search_term_string"}],"inLanguage":"en-US"},{"@type":"Organization","@id":"https:\/\/dominiumwine.com\/#organization","name":"Dominium Pinc\u00e9szet","url":"https:\/\/dominiumwine.com\/","logo":{"@type":"ImageObject","inLanguage":"en-US","@id":"https:\/\/dominiumwine.com\/#\/schema\/logo\/image\/","url":"https:\/\/dominiumwine.com\/wp-content\/uploads\/2023\/09\/13254653_1555236881446304_5392041322926135012_o.png","contentUrl":"https:\/\/dominiumwine.com\/wp-content\/uploads\/2023\/09\/13254653_1555236881446304_5392041322926135012_o.png","width":2048,"height":1447,"caption":"Dominium Pinc\u00e9szet"},"image":{"@id":"https:\/\/dominiumwine.com\/#\/schema\/logo\/image\/"}}]}},"jetpack_sharing_enabled":true,"_links":{"self":[{"href":"https:\/\/dominiumwine.com\/en\/wp-json\/wp\/v2\/product\/2082","targetHints":{"allow":["GET"]}}],"collection":[{"href":"https:\/\/dominiumwine.com\/en\/wp-json\/wp\/v2\/product"}],"about":[{"href":"https:\/\/dominiumwine.com\/en\/wp-json\/wp\/v2\/types\/product"}],"wp:featuredmedia":[{"embeddable":true,"href":"https:\/\/dominiumwine.com\/en\/wp-json\/wp\/v2\/media\/2438"}],"wp:attachment":[{"href":"https:\/\/dominiumwine.com\/en\/wp-json\/wp\/v2\/media?parent=2082"}],"wp:term":[{"taxonomy":"product_cat","embeddable":true,"href":"https:\/\/dominiumwine.com\/en\/wp-json\/wp\/v2\/product_cat?post=2082"},{"taxonomy":"product_tag","embeddable":true,"href":"https:\/\/dominiumwine.com\/en\/wp-json\/wp\/v2\/product_tag?post=2082"}],"curies":[{"name":"wp","href":"https:\/\/api.w.org\/{rel}","templated":true}]}}