{"id":2123,"date":"2024-12-13T19:49:04","date_gmt":"2024-12-13T19:49:04","guid":{"rendered":"https:\/\/dominiumwine.com\/?post_type=product&#038;p=2123"},"modified":"2025-08-09T13:00:50","modified_gmt":"2025-08-09T13:00:50","slug":"ikigai-syrah","status":"publish","type":"product","link":"https:\/\/dominiumwine.com\/en\/product\/ikigai-syrah\/","title":{"rendered":"Ikigai Syrah"},"content":{"rendered":"<p>Sz\u0151l\u0151fajta\u00a0 \u00a0 \u00a0 \u00a0 \u00a0 \u00a0 \u00a0 \u00a0 \u00a0 \u00a0 \u00a0 \u00a0 \u00a0 \u00a0 \u00a0 \u00a0 \u00a0 \u00a0 \u00a0 \u00a0Syrah 100%<\/p>\n<p>\u00c9vj\u00e1rat\u00a0\u00a0\u00a0\u00a0\u00a0\u00a0\u00a0\u00a0\u00a0\u00a0\u00a0\u00a0\u00a0\u00a0\u00a0\u00a0\u00a0\u00a0\u00a0\u00a0\u00a0\u00a0\u00a0\u00a0\u00a0\u00a0\u00a0\u00a0\u00a0\u00a0\u00a0\u00a0\u00a0\u00a0\u00a0\u00a0\u00a0\u00a0\u00a0\u00a0\u00a0\u00a0\u00a0 2021\/2022<\/p>\n<p>Bork\u00e9sz\u00edt\u00e9s\u00a0 \u00a0 \u00a0 \u00a0 \u00a0 \u00a0 \u00a0 \u00a0 \u00a0 \u00a0 \u00a0 \u00a0 \u00a0 \u00a0 \u00a0 \u00a0 \u00a0 \u00a0 Ac\u00e9lk\u00e1das erjeszt\u00e9s<\/p>\n<p>\u00c9rlel\u00e9s\u00a0 \u00a0 \u00a0 \u00a0 \u00a0 \u00a0 \u00a0 \u00a0 \u00a0 \u00a0 \u00a0 \u00a0 \u00a0 \u00a0 \u00a0 \u00a0 \u00a0 \u00a0 \u00a0 \u00a0 \u00a0 \u00a0 Francia, magyar \u00e9s amerikai hord\u00f3s<\/p>\n<p>Alkohol\u00a0\u00a0\u00a0\u00a0\u00a0\u00a0\u00a0\u00a0\u00a0\u00a0\u00a0\u00a0\u00a0\u00a0\u00a0\u00a0\u00a0\u00a0\u00a0\u00a0\u00a0\u00a0\u00a0\u00a0\u00a0\u00a0\u00a0\u00a0\u00a0\u00a0\u00a0\u00a0\u00a0\u00a0\u00a0\u00a0\u00a0\u00a0\u00a0\u00a0\u00a0\u00a0 14 % VOL<\/p>\n<p>Sz\u00e1razs\u00e1gi fok\u00a0 \u00a0 \u00a0 \u00a0 \u00a0 \u00a0 \u00a0 \u00a0 \u00a0 \u00a0 \u00a0 \u00a0 \u00a0 \u00a0 \u00a0 \u00a0Sz\u00e1raz<\/p>\n<p>Fogyaszt\u00e1si h\u0151m\u00e9rs\u00e9klet\u00a0 \u00a0 \u00a0 \u00a0 \u00a0 \u00a0 \u00a017-19 \u00b0C<\/p>","protected":false},"excerpt":{"rendered":"<p>2014-ben, amikor az els\u0151 borunkat k\u00e9sz\u00edtett\u00fck, m\u00e9g csak elk\u00e9pzel\u00e9seink voltak arr\u00f3l, hol szeretn\u00e9nk tartani 10 \u00e9v m\u00falva. Az els\u0151 forgalomba hozott borunk, a Syrah, az\u00f3ta is egyik z\u00e1szl\u00f3shaj\u00f3nk. 2024-re eljutottunk arra a szintre, hogy kijelenthetj\u00fck: a hobbink a munk\u00e1nk, a munk\u00e1nk a hobbink. A sok-sok emberrel val\u00f3 tal\u00e1lkoz\u00e1s, eszmecsere \u00e9s a rengeteg vend\u00e9g pozit\u00edv visszajelz\u00e9se inspir\u00e1lt arra, hogy 10 \u00e9v munk\u00e1ja egy borban testes\u00fclj\u00f6n meg. \u00dagy \u00e9rezz\u00fck, az IKIGAI, amely a Dominium \u00e9let\u00e9rz\u00e9st \u00e9s \u00e9rt\u00e9keinket t\u00fckr\u00f6zi, k\u00e9pes ezt a folyamatot le\u00edrni.<\/p>\n<p>Az IKIGAI t\u00f6m\u00f6ren az, ami\u00e9rt minden nap \u00e9rdemes felkelni.<\/p>","protected":false},"featured_media":2331,"template":"","meta":[],"product_cat":[21],"product_tag":[],"class_list":{"0":"post-2123","1":"product","2":"type-product","3":"status-publish","4":"has-post-thumbnail","6":"product_cat-vorosboraink","8":"first","9":"instock","10":"taxable","11":"shipping-taxable","12":"purchasable","13":"product-type-simple"},"yoast_head":"<!-- This site is optimized with the Yoast SEO plugin v23.0 - https:\/\/yoast.com\/wordpress\/plugins\/seo\/ -->\n<title>Ikigai Syrah - Dominium Pinc\u00e9szet<\/title>\n<meta name=\"description\" content=\"\u00dagy \u00e9rezz\u00fck, az IKIGAI, amely a Dominium \u00e9let\u00e9rz\u00e9st \u00e9s \u00e9rt\u00e9keinket t\u00fckr\u00f6zi. Az IKIGAI t\u00f6m\u00f6ren az, ami\u00e9rt minden nap \u00e9rdemes felkelni.\" \/>\n<meta name=\"robots\" content=\"index, follow, max-snippet:-1, max-image-preview:large, max-video-preview:-1\" \/>\n<link rel=\"canonical\" href=\"https:\/\/dominiumwine.com\/en\/product\/ikigai-syrah\/\" \/>\n<meta property=\"og:locale\" content=\"en_US\" \/>\n<meta property=\"og:type\" content=\"article\" \/>\n<meta property=\"og:title\" content=\"Ikigai Syrah - Dominium Pinc\u00e9szet\" \/>\n<meta property=\"og:description\" content=\"\u00dagy \u00e9rezz\u00fck, az IKIGAI, amely a Dominium \u00e9let\u00e9rz\u00e9st \u00e9s \u00e9rt\u00e9keinket t\u00fckr\u00f6zi. Az IKIGAI t\u00f6m\u00f6ren az, ami\u00e9rt minden nap \u00e9rdemes felkelni.\" \/>\n<meta property=\"og:url\" content=\"https:\/\/dominiumwine.com\/en\/product\/ikigai-syrah\/\" \/>\n<meta property=\"og:site_name\" content=\"Dominium Pinc\u00e9szet\" \/>\n<meta property=\"article:modified_time\" content=\"2025-08-09T13:00:50+00:00\" \/>\n<meta property=\"og:image\" content=\"http:\/\/dominiumwine.com\/wp-content\/uploads\/2024\/12\/ikigai.png\" \/>\n\t<meta property=\"og:image:width\" content=\"1080\" \/>\n\t<meta property=\"og:image:height\" content=\"1080\" \/>\n\t<meta property=\"og:image:type\" content=\"image\/png\" \/>\n<meta name=\"twitter:card\" content=\"summary_large_image\" \/>\n<meta name=\"twitter:label1\" content=\"Est. reading time\" \/>\n\t<meta name=\"twitter:data1\" content=\"1 minute\" \/>\n<script type=\"application\/ld+json\" class=\"yoast-schema-graph\">{\"@context\":\"https:\/\/schema.org\",\"@graph\":[{\"@type\":\"WebPage\",\"@id\":\"https:\/\/dominiumwine.com\/product\/ikigai-syrah\/\",\"url\":\"https:\/\/dominiumwine.com\/product\/ikigai-syrah\/\",\"name\":\"Ikigai Syrah - Dominium Pinc\u00e9szet\",\"isPartOf\":{\"@id\":\"https:\/\/dominiumwine.com\/#website\"},\"primaryImageOfPage\":{\"@id\":\"https:\/\/dominiumwine.com\/product\/ikigai-syrah\/#primaryimage\"},\"image\":{\"@id\":\"https:\/\/dominiumwine.com\/product\/ikigai-syrah\/#primaryimage\"},\"thumbnailUrl\":\"https:\/\/dominiumwine.com\/wp-content\/uploads\/2024\/12\/ikigai.png\",\"datePublished\":\"2024-12-13T19:49:04+00:00\",\"dateModified\":\"2025-08-09T13:00:50+00:00\",\"description\":\"\u00dagy \u00e9rezz\u00fck, az IKIGAI, amely a Dominium \u00e9let\u00e9rz\u00e9st \u00e9s \u00e9rt\u00e9keinket t\u00fckr\u00f6zi. Az IKIGAI t\u00f6m\u00f6ren az, ami\u00e9rt minden nap \u00e9rdemes felkelni.\",\"breadcrumb\":{\"@id\":\"https:\/\/dominiumwine.com\/product\/ikigai-syrah\/#breadcrumb\"},\"inLanguage\":\"en-US\",\"potentialAction\":[{\"@type\":\"ReadAction\",\"target\":[\"https:\/\/dominiumwine.com\/product\/ikigai-syrah\/\"]}]},{\"@type\":\"ImageObject\",\"inLanguage\":\"en-US\",\"@id\":\"https:\/\/dominiumwine.com\/product\/ikigai-syrah\/#primaryimage\",\"url\":\"https:\/\/dominiumwine.com\/wp-content\/uploads\/2024\/12\/ikigai.png\",\"contentUrl\":\"https:\/\/dominiumwine.com\/wp-content\/uploads\/2024\/12\/ikigai.png\",\"width\":1080,\"height\":1080},{\"@type\":\"BreadcrumbList\",\"@id\":\"https:\/\/dominiumwine.com\/product\/ikigai-syrah\/#breadcrumb\",\"itemListElement\":[{\"@type\":\"ListItem\",\"position\":1,\"name\":\"Kezd\u0151lap\",\"item\":\"https:\/\/dominiumwine.com\/\"},{\"@type\":\"ListItem\",\"position\":2,\"name\":\"Term\u00e9kek\",\"item\":\"https:\/\/dominiumwine.com\/shop\/\"},{\"@type\":\"ListItem\",\"position\":3,\"name\":\"Ikigai Syrah\"}]},{\"@type\":\"WebSite\",\"@id\":\"https:\/\/dominiumwine.com\/#website\",\"url\":\"https:\/\/dominiumwine.com\/\",\"name\":\"Dominium Pinc\u00e9szet\",\"description\":\"Term\u00e9szetess\u00e9g, min\u0151s\u00e9g, odaad\u00e1s.\",\"publisher\":{\"@id\":\"https:\/\/dominiumwine.com\/#organization\"},\"potentialAction\":[{\"@type\":\"SearchAction\",\"target\":{\"@type\":\"EntryPoint\",\"urlTemplate\":\"https:\/\/dominiumwine.com\/?s={search_term_string}\"},\"query-input\":\"required name=search_term_string\"}],\"inLanguage\":\"en-US\"},{\"@type\":\"Organization\",\"@id\":\"https:\/\/dominiumwine.com\/#organization\",\"name\":\"Dominium Pinc\u00e9szet\",\"url\":\"https:\/\/dominiumwine.com\/\",\"logo\":{\"@type\":\"ImageObject\",\"inLanguage\":\"en-US\",\"@id\":\"https:\/\/dominiumwine.com\/#\/schema\/logo\/image\/\",\"url\":\"https:\/\/dominiumwine.com\/wp-content\/uploads\/2023\/09\/13254653_1555236881446304_5392041322926135012_o.png\",\"contentUrl\":\"https:\/\/dominiumwine.com\/wp-content\/uploads\/2023\/09\/13254653_1555236881446304_5392041322926135012_o.png\",\"width\":2048,\"height\":1447,\"caption\":\"Dominium Pinc\u00e9szet\"},\"image\":{\"@id\":\"https:\/\/dominiumwine.com\/#\/schema\/logo\/image\/\"}}]}<\/script>\n<!-- \/ Yoast SEO plugin. -->","yoast_head_json":{"title":"Ikigai Syrah - Dominium Pinc\u00e9szet","description":"\u00dagy \u00e9rezz\u00fck, az IKIGAI, amely a Dominium \u00e9let\u00e9rz\u00e9st \u00e9s \u00e9rt\u00e9keinket t\u00fckr\u00f6zi. Az IKIGAI t\u00f6m\u00f6ren az, ami\u00e9rt minden nap \u00e9rdemes felkelni.","robots":{"index":"index","follow":"follow","max-snippet":"max-snippet:-1","max-image-preview":"max-image-preview:large","max-video-preview":"max-video-preview:-1"},"canonical":"https:\/\/dominiumwine.com\/en\/product\/ikigai-syrah\/","og_locale":"en_US","og_type":"article","og_title":"Ikigai Syrah - Dominium Pinc\u00e9szet","og_description":"\u00dagy \u00e9rezz\u00fck, az IKIGAI, amely a Dominium \u00e9let\u00e9rz\u00e9st \u00e9s \u00e9rt\u00e9keinket t\u00fckr\u00f6zi. Az IKIGAI t\u00f6m\u00f6ren az, ami\u00e9rt minden nap \u00e9rdemes felkelni.","og_url":"https:\/\/dominiumwine.com\/en\/product\/ikigai-syrah\/","og_site_name":"Dominium Pinc\u00e9szet","article_modified_time":"2025-08-09T13:00:50+00:00","og_image":[{"width":1080,"height":1080,"url":"http:\/\/dominiumwine.com\/wp-content\/uploads\/2024\/12\/ikigai.png","type":"image\/png"}],"twitter_card":"summary_large_image","twitter_misc":{"Est. reading time":"1 minute"},"schema":{"@context":"https:\/\/schema.org","@graph":[{"@type":"WebPage","@id":"https:\/\/dominiumwine.com\/product\/ikigai-syrah\/","url":"https:\/\/dominiumwine.com\/product\/ikigai-syrah\/","name":"Ikigai Syrah - Dominium Pinc\u00e9szet","isPartOf":{"@id":"https:\/\/dominiumwine.com\/#website"},"primaryImageOfPage":{"@id":"https:\/\/dominiumwine.com\/product\/ikigai-syrah\/#primaryimage"},"image":{"@id":"https:\/\/dominiumwine.com\/product\/ikigai-syrah\/#primaryimage"},"thumbnailUrl":"https:\/\/dominiumwine.com\/wp-content\/uploads\/2024\/12\/ikigai.png","datePublished":"2024-12-13T19:49:04+00:00","dateModified":"2025-08-09T13:00:50+00:00","description":"\u00dagy \u00e9rezz\u00fck, az IKIGAI, amely a Dominium \u00e9let\u00e9rz\u00e9st \u00e9s \u00e9rt\u00e9keinket t\u00fckr\u00f6zi. Az IKIGAI t\u00f6m\u00f6ren az, ami\u00e9rt minden nap \u00e9rdemes felkelni.","breadcrumb":{"@id":"https:\/\/dominiumwine.com\/product\/ikigai-syrah\/#breadcrumb"},"inLanguage":"en-US","potentialAction":[{"@type":"ReadAction","target":["https:\/\/dominiumwine.com\/product\/ikigai-syrah\/"]}]},{"@type":"ImageObject","inLanguage":"en-US","@id":"https:\/\/dominiumwine.com\/product\/ikigai-syrah\/#primaryimage","url":"https:\/\/dominiumwine.com\/wp-content\/uploads\/2024\/12\/ikigai.png","contentUrl":"https:\/\/dominiumwine.com\/wp-content\/uploads\/2024\/12\/ikigai.png","width":1080,"height":1080},{"@type":"BreadcrumbList","@id":"https:\/\/dominiumwine.com\/product\/ikigai-syrah\/#breadcrumb","itemListElement":[{"@type":"ListItem","position":1,"name":"Kezd\u0151lap","item":"https:\/\/dominiumwine.com\/"},{"@type":"ListItem","position":2,"name":"Term\u00e9kek","item":"https:\/\/dominiumwine.com\/shop\/"},{"@type":"ListItem","position":3,"name":"Ikigai Syrah"}]},{"@type":"WebSite","@id":"https:\/\/dominiumwine.com\/#website","url":"https:\/\/dominiumwine.com\/","name":"Dominium Pinc\u00e9szet","description":"Term\u00e9szetess\u00e9g, min\u0151s\u00e9g, odaad\u00e1s.","publisher":{"@id":"https:\/\/dominiumwine.com\/#organization"},"potentialAction":[{"@type":"SearchAction","target":{"@type":"EntryPoint","urlTemplate":"https:\/\/dominiumwine.com\/?s={search_term_string}"},"query-input":"required name=search_term_string"}],"inLanguage":"en-US"},{"@type":"Organization","@id":"https:\/\/dominiumwine.com\/#organization","name":"Dominium Pinc\u00e9szet","url":"https:\/\/dominiumwine.com\/","logo":{"@type":"ImageObject","inLanguage":"en-US","@id":"https:\/\/dominiumwine.com\/#\/schema\/logo\/image\/","url":"https:\/\/dominiumwine.com\/wp-content\/uploads\/2023\/09\/13254653_1555236881446304_5392041322926135012_o.png","contentUrl":"https:\/\/dominiumwine.com\/wp-content\/uploads\/2023\/09\/13254653_1555236881446304_5392041322926135012_o.png","width":2048,"height":1447,"caption":"Dominium Pinc\u00e9szet"},"image":{"@id":"https:\/\/dominiumwine.com\/#\/schema\/logo\/image\/"}}]}},"jetpack_sharing_enabled":true,"_links":{"self":[{"href":"https:\/\/dominiumwine.com\/en\/wp-json\/wp\/v2\/product\/2123","targetHints":{"allow":["GET"]}}],"collection":[{"href":"https:\/\/dominiumwine.com\/en\/wp-json\/wp\/v2\/product"}],"about":[{"href":"https:\/\/dominiumwine.com\/en\/wp-json\/wp\/v2\/types\/product"}],"wp:featuredmedia":[{"embeddable":true,"href":"https:\/\/dominiumwine.com\/en\/wp-json\/wp\/v2\/media\/2331"}],"wp:attachment":[{"href":"https:\/\/dominiumwine.com\/en\/wp-json\/wp\/v2\/media?parent=2123"}],"wp:term":[{"taxonomy":"product_cat","embeddable":true,"href":"https:\/\/dominiumwine.com\/en\/wp-json\/wp\/v2\/product_cat?post=2123"},{"taxonomy":"product_tag","embeddable":true,"href":"https:\/\/dominiumwine.com\/en\/wp-json\/wp\/v2\/product_tag?post=2123"}],"curies":[{"name":"wp","href":"https:\/\/api.w.org\/{rel}","templated":true}]}}