{"id":2126,"date":"2024-12-13T20:18:21","date_gmt":"2024-12-13T20:18:21","guid":{"rendered":"https:\/\/dominiumwine.com\/?post_type=product&#038;p=2126"},"modified":"2024-12-22T13:38:21","modified_gmt":"2024-12-22T13:38:21","slug":"adel-2023","status":"publish","type":"product","link":"https:\/\/dominiumwine.com\/en\/product\/adel-2023\/","title":{"rendered":"Ad\u00e9l 2023"},"content":{"rendered":"<p>Sz\u0151l\u0151fajta\u00a0 \u00a0 \u00a0 \u00a0 \u00a0 \u00a0 \u00a0 \u00a0 \u00a0 \u00a0 \u00a0 \u00a0 \u00a0 \u00a0 \u00a0 \u00a0 \u00a0 \u00a0 \u00a0 \u00a0Chardonnay-Furmint-Rajnai rizling 1\/3,1\/3,1\/3<\/p>\n<p>\u00c9vj\u00e1rat\u00a0\u00a0\u00a0\u00a0\u00a0\u00a0\u00a0\u00a0\u00a0\u00a0\u00a0\u00a0\u00a0\u00a0\u00a0\u00a0\u00a0\u00a0\u00a0\u00a0\u00a0\u00a0\u00a0\u00a0\u00a0\u00a0\u00a0\u00a0\u00a0\u00a0\u00a0\u00a0\u00a0\u00a0\u00a0\u00a0\u00a0\u00a0\u00a0\u00a0\u00a0\u00a0\u00a0 2023<\/p>\n<p>Bork\u00e9sz\u00edt\u00e9s\u00a0 \u00a0 \u00a0 \u00a0 \u00a0 \u00a0 \u00a0 \u00a0 \u00a0 \u00a0 \u00a0 \u00a0 \u00a0 \u00a0 \u00a0 \u00a0 \u00a0 \u00a0 Ac\u00e9ltart\u00e1lyos erjeszt\u00e9s<\/p>\n<p>\u00c9rlel\u00e9s\u00a0 \u00a0 \u00a0 \u00a0 \u00a0 \u00a0 \u00a0 \u00a0 \u00a0 \u00a0 \u00a0 \u00a0 \u00a0 \u00a0 \u00a0 \u00a0 \u00a0 \u00a0 \u00a0 \u00a0 \u00a0 \u00a0 Francia, magyar \u00e9s amerikai hord\u00f3s<\/p>\n<p>Alkohol\u00a0\u00a0\u00a0\u00a0\u00a0\u00a0\u00a0\u00a0\u00a0\u00a0\u00a0\u00a0\u00a0\u00a0\u00a0\u00a0\u00a0\u00a0\u00a0\u00a0\u00a0\u00a0\u00a0\u00a0\u00a0\u00a0\u00a0\u00a0\u00a0\u00a0\u00a0\u00a0\u00a0\u00a0\u00a0\u00a0\u00a0\u00a0\u00a0\u00a0\u00a0\u00a0 14,5 % VOL<\/p>\n<p>Sz\u00e1razs\u00e1gi fok\u00a0 \u00a0 \u00a0 \u00a0 \u00a0 \u00a0 \u00a0 \u00a0 \u00a0 \u00a0 \u00a0 \u00a0 \u00a0 \u00a0 \u00a0 \u00a0Sz\u00e1raz<\/p>\n<p>Fogyaszt\u00e1si h\u0151m\u00e9rs\u00e9klet\u00a0 \u00a0 \u00a0 \u00a0 \u00a0 \u00a0 \u00a015-18 \u00b0C<\/p>","protected":false},"excerpt":{"rendered":"<p>Ez a rendk\u00edv\u00fcli, arom\u00e1kban gazdag bor h\u00e1rom kiv\u00e1l\u00f3 sz\u0151l\u0151fajta \u00f6tv\u00f6z\u00e9s\u00e9nek eredm\u00e9nye. A Furmint, a Rajnai rizling \u00e9s a Chardonnay m\u00e1r \u00f6nmagukban is kiv\u00e1l\u00f3ak, de egy\u00fctt egy k\u00fcl\u00f6nleges \u00edzvil\u00e1gba vezetnek minket. A bor vulkanikus talajon termesztett sz\u0151l\u0151b\u0151l, \u00f6kol\u00f3giai gazd\u00e1lkod\u00e1ssal \u00e9s natur\u00e1lis bork\u00e9sz\u00edt\u00e9si m\u00f3dszerekkel k\u00e9sz\u00fclt, \u00e9s 7 h\u00f3napon \u00e1t fahord\u00f3ban \u00e9rlel\u0151d\u00f6tt. Illatban a Furmint k\u00f6sz\u00f6n be hirtelen egy enyhe m\u00e9zes, f\u00fcg\u00e9s illattal. \u00cdzben m\u00e1r egy nagyon komplex \u00e9lm\u00e9nyt kapunk. A f\u00fcge, az \u00e9rett barack, van\u00edlia, doh\u00e1ny is visszak\u00f6sz\u00f6n. Az \u00e9rlel\u00e9shez vegyesen magyar, amerikai \u00e9s francia t\u00f6lgyet haszn\u00e1ltunk.<\/p>","protected":false},"featured_media":2132,"template":"","meta":[],"product_cat":[20],"product_tag":[],"class_list":{"0":"post-2126","1":"product","2":"type-product","3":"status-publish","4":"has-post-thumbnail","6":"product_cat-feher-boraink","8":"first","9":"instock","10":"taxable","11":"shipping-taxable","12":"purchasable","13":"product-type-simple"},"yoast_head":"<!-- This site is optimized with the Yoast SEO plugin v23.0 - https:\/\/yoast.com\/wordpress\/plugins\/seo\/ -->\n<title>Ad\u00e9l 2023 - Dominium Pinc\u00e9szet<\/title>\n<meta name=\"description\" content=\"Ez az arom\u00e1kban gazdag bor h\u00e1rom sz\u0151l\u0151fajta \u00f6tv\u00f6z\u00e9s\u00e9nek eredm\u00e9nye. A Furmint, a Rajnai rizling \u00e9s a Chardonnay fajt\u00e1k teszik ezt a t\u00e9telt k\u00fcl\u00f6nlegess\u00e9.\" \/>\n<meta name=\"robots\" content=\"index, follow, max-snippet:-1, max-image-preview:large, max-video-preview:-1\" \/>\n<link rel=\"canonical\" href=\"https:\/\/dominiumwine.com\/en\/product\/adel-2023\/\" \/>\n<meta property=\"og:locale\" content=\"en_US\" \/>\n<meta property=\"og:type\" content=\"article\" \/>\n<meta property=\"og:title\" content=\"Ad\u00e9l 2023 - Dominium Pinc\u00e9szet\" \/>\n<meta property=\"og:description\" content=\"Ez az arom\u00e1kban gazdag bor h\u00e1rom sz\u0151l\u0151fajta \u00f6tv\u00f6z\u00e9s\u00e9nek eredm\u00e9nye. A Furmint, a Rajnai rizling \u00e9s a Chardonnay fajt\u00e1k teszik ezt a t\u00e9telt k\u00fcl\u00f6nlegess\u00e9.\" \/>\n<meta property=\"og:url\" content=\"https:\/\/dominiumwine.com\/en\/product\/adel-2023\/\" \/>\n<meta property=\"og:site_name\" content=\"Dominium Pinc\u00e9szet\" \/>\n<meta property=\"article:modified_time\" content=\"2024-12-22T13:38:21+00:00\" \/>\n<meta property=\"og:image\" content=\"http:\/\/dominiumwine.com\/wp-content\/uploads\/2024\/12\/2.png\" \/>\n\t<meta property=\"og:image:width\" content=\"1080\" \/>\n\t<meta property=\"og:image:height\" content=\"1080\" \/>\n\t<meta property=\"og:image:type\" content=\"image\/png\" \/>\n<meta name=\"twitter:card\" content=\"summary_large_image\" \/>\n<meta name=\"twitter:label1\" content=\"Est. reading time\" \/>\n\t<meta name=\"twitter:data1\" content=\"1 minute\" \/>\n<script type=\"application\/ld+json\" class=\"yoast-schema-graph\">{\"@context\":\"https:\/\/schema.org\",\"@graph\":[{\"@type\":\"WebPage\",\"@id\":\"https:\/\/dominiumwine.com\/product\/adel-2023\/\",\"url\":\"https:\/\/dominiumwine.com\/product\/adel-2023\/\",\"name\":\"Ad\u00e9l 2023 - Dominium Pinc\u00e9szet\",\"isPartOf\":{\"@id\":\"https:\/\/dominiumwine.com\/#website\"},\"primaryImageOfPage\":{\"@id\":\"https:\/\/dominiumwine.com\/product\/adel-2023\/#primaryimage\"},\"image\":{\"@id\":\"https:\/\/dominiumwine.com\/product\/adel-2023\/#primaryimage\"},\"thumbnailUrl\":\"https:\/\/dominiumwine.com\/wp-content\/uploads\/2024\/12\/2.png\",\"datePublished\":\"2024-12-13T20:18:21+00:00\",\"dateModified\":\"2024-12-22T13:38:21+00:00\",\"description\":\"Ez az arom\u00e1kban gazdag bor h\u00e1rom sz\u0151l\u0151fajta \u00f6tv\u00f6z\u00e9s\u00e9nek eredm\u00e9nye. A Furmint, a Rajnai rizling \u00e9s a Chardonnay fajt\u00e1k teszik ezt a t\u00e9telt k\u00fcl\u00f6nlegess\u00e9.\",\"breadcrumb\":{\"@id\":\"https:\/\/dominiumwine.com\/product\/adel-2023\/#breadcrumb\"},\"inLanguage\":\"en-US\",\"potentialAction\":[{\"@type\":\"ReadAction\",\"target\":[\"https:\/\/dominiumwine.com\/product\/adel-2023\/\"]}]},{\"@type\":\"ImageObject\",\"inLanguage\":\"en-US\",\"@id\":\"https:\/\/dominiumwine.com\/product\/adel-2023\/#primaryimage\",\"url\":\"https:\/\/dominiumwine.com\/wp-content\/uploads\/2024\/12\/2.png\",\"contentUrl\":\"https:\/\/dominiumwine.com\/wp-content\/uploads\/2024\/12\/2.png\",\"width\":1080,\"height\":1080},{\"@type\":\"BreadcrumbList\",\"@id\":\"https:\/\/dominiumwine.com\/product\/adel-2023\/#breadcrumb\",\"itemListElement\":[{\"@type\":\"ListItem\",\"position\":1,\"name\":\"Kezd\u0151lap\",\"item\":\"https:\/\/dominiumwine.com\/\"},{\"@type\":\"ListItem\",\"position\":2,\"name\":\"Term\u00e9kek\",\"item\":\"https:\/\/dominiumwine.com\/shop\/\"},{\"@type\":\"ListItem\",\"position\":3,\"name\":\"Ad\u00e9l 2023\"}]},{\"@type\":\"WebSite\",\"@id\":\"https:\/\/dominiumwine.com\/#website\",\"url\":\"https:\/\/dominiumwine.com\/\",\"name\":\"Dominium Pinc\u00e9szet\",\"description\":\"Term\u00e9szetess\u00e9g, min\u0151s\u00e9g, odaad\u00e1s.\",\"publisher\":{\"@id\":\"https:\/\/dominiumwine.com\/#organization\"},\"potentialAction\":[{\"@type\":\"SearchAction\",\"target\":{\"@type\":\"EntryPoint\",\"urlTemplate\":\"https:\/\/dominiumwine.com\/?s={search_term_string}\"},\"query-input\":\"required name=search_term_string\"}],\"inLanguage\":\"en-US\"},{\"@type\":\"Organization\",\"@id\":\"https:\/\/dominiumwine.com\/#organization\",\"name\":\"Dominium Pinc\u00e9szet\",\"url\":\"https:\/\/dominiumwine.com\/\",\"logo\":{\"@type\":\"ImageObject\",\"inLanguage\":\"en-US\",\"@id\":\"https:\/\/dominiumwine.com\/#\/schema\/logo\/image\/\",\"url\":\"https:\/\/dominiumwine.com\/wp-content\/uploads\/2023\/09\/13254653_1555236881446304_5392041322926135012_o.png\",\"contentUrl\":\"https:\/\/dominiumwine.com\/wp-content\/uploads\/2023\/09\/13254653_1555236881446304_5392041322926135012_o.png\",\"width\":2048,\"height\":1447,\"caption\":\"Dominium Pinc\u00e9szet\"},\"image\":{\"@id\":\"https:\/\/dominiumwine.com\/#\/schema\/logo\/image\/\"}}]}<\/script>\n<!-- \/ Yoast SEO plugin. -->","yoast_head_json":{"title":"Ad\u00e9l 2023 - Dominium Pinc\u00e9szet","description":"Ez az arom\u00e1kban gazdag bor h\u00e1rom sz\u0151l\u0151fajta \u00f6tv\u00f6z\u00e9s\u00e9nek eredm\u00e9nye. A Furmint, a Rajnai rizling \u00e9s a Chardonnay fajt\u00e1k teszik ezt a t\u00e9telt k\u00fcl\u00f6nlegess\u00e9.","robots":{"index":"index","follow":"follow","max-snippet":"max-snippet:-1","max-image-preview":"max-image-preview:large","max-video-preview":"max-video-preview:-1"},"canonical":"https:\/\/dominiumwine.com\/en\/product\/adel-2023\/","og_locale":"en_US","og_type":"article","og_title":"Ad\u00e9l 2023 - Dominium Pinc\u00e9szet","og_description":"Ez az arom\u00e1kban gazdag bor h\u00e1rom sz\u0151l\u0151fajta \u00f6tv\u00f6z\u00e9s\u00e9nek eredm\u00e9nye. A Furmint, a Rajnai rizling \u00e9s a Chardonnay fajt\u00e1k teszik ezt a t\u00e9telt k\u00fcl\u00f6nlegess\u00e9.","og_url":"https:\/\/dominiumwine.com\/en\/product\/adel-2023\/","og_site_name":"Dominium Pinc\u00e9szet","article_modified_time":"2024-12-22T13:38:21+00:00","og_image":[{"width":1080,"height":1080,"url":"http:\/\/dominiumwine.com\/wp-content\/uploads\/2024\/12\/2.png","type":"image\/png"}],"twitter_card":"summary_large_image","twitter_misc":{"Est. reading time":"1 minute"},"schema":{"@context":"https:\/\/schema.org","@graph":[{"@type":"WebPage","@id":"https:\/\/dominiumwine.com\/product\/adel-2023\/","url":"https:\/\/dominiumwine.com\/product\/adel-2023\/","name":"Ad\u00e9l 2023 - Dominium Pinc\u00e9szet","isPartOf":{"@id":"https:\/\/dominiumwine.com\/#website"},"primaryImageOfPage":{"@id":"https:\/\/dominiumwine.com\/product\/adel-2023\/#primaryimage"},"image":{"@id":"https:\/\/dominiumwine.com\/product\/adel-2023\/#primaryimage"},"thumbnailUrl":"https:\/\/dominiumwine.com\/wp-content\/uploads\/2024\/12\/2.png","datePublished":"2024-12-13T20:18:21+00:00","dateModified":"2024-12-22T13:38:21+00:00","description":"Ez az arom\u00e1kban gazdag bor h\u00e1rom sz\u0151l\u0151fajta \u00f6tv\u00f6z\u00e9s\u00e9nek eredm\u00e9nye. A Furmint, a Rajnai rizling \u00e9s a Chardonnay fajt\u00e1k teszik ezt a t\u00e9telt k\u00fcl\u00f6nlegess\u00e9.","breadcrumb":{"@id":"https:\/\/dominiumwine.com\/product\/adel-2023\/#breadcrumb"},"inLanguage":"en-US","potentialAction":[{"@type":"ReadAction","target":["https:\/\/dominiumwine.com\/product\/adel-2023\/"]}]},{"@type":"ImageObject","inLanguage":"en-US","@id":"https:\/\/dominiumwine.com\/product\/adel-2023\/#primaryimage","url":"https:\/\/dominiumwine.com\/wp-content\/uploads\/2024\/12\/2.png","contentUrl":"https:\/\/dominiumwine.com\/wp-content\/uploads\/2024\/12\/2.png","width":1080,"height":1080},{"@type":"BreadcrumbList","@id":"https:\/\/dominiumwine.com\/product\/adel-2023\/#breadcrumb","itemListElement":[{"@type":"ListItem","position":1,"name":"Kezd\u0151lap","item":"https:\/\/dominiumwine.com\/"},{"@type":"ListItem","position":2,"name":"Term\u00e9kek","item":"https:\/\/dominiumwine.com\/shop\/"},{"@type":"ListItem","position":3,"name":"Ad\u00e9l 2023"}]},{"@type":"WebSite","@id":"https:\/\/dominiumwine.com\/#website","url":"https:\/\/dominiumwine.com\/","name":"Dominium Pinc\u00e9szet","description":"Term\u00e9szetess\u00e9g, min\u0151s\u00e9g, odaad\u00e1s.","publisher":{"@id":"https:\/\/dominiumwine.com\/#organization"},"potentialAction":[{"@type":"SearchAction","target":{"@type":"EntryPoint","urlTemplate":"https:\/\/dominiumwine.com\/?s={search_term_string}"},"query-input":"required name=search_term_string"}],"inLanguage":"en-US"},{"@type":"Organization","@id":"https:\/\/dominiumwine.com\/#organization","name":"Dominium Pinc\u00e9szet","url":"https:\/\/dominiumwine.com\/","logo":{"@type":"ImageObject","inLanguage":"en-US","@id":"https:\/\/dominiumwine.com\/#\/schema\/logo\/image\/","url":"https:\/\/dominiumwine.com\/wp-content\/uploads\/2023\/09\/13254653_1555236881446304_5392041322926135012_o.png","contentUrl":"https:\/\/dominiumwine.com\/wp-content\/uploads\/2023\/09\/13254653_1555236881446304_5392041322926135012_o.png","width":2048,"height":1447,"caption":"Dominium Pinc\u00e9szet"},"image":{"@id":"https:\/\/dominiumwine.com\/#\/schema\/logo\/image\/"}}]}},"jetpack_sharing_enabled":true,"_links":{"self":[{"href":"https:\/\/dominiumwine.com\/en\/wp-json\/wp\/v2\/product\/2126","targetHints":{"allow":["GET"]}}],"collection":[{"href":"https:\/\/dominiumwine.com\/en\/wp-json\/wp\/v2\/product"}],"about":[{"href":"https:\/\/dominiumwine.com\/en\/wp-json\/wp\/v2\/types\/product"}],"wp:featuredmedia":[{"embeddable":true,"href":"https:\/\/dominiumwine.com\/en\/wp-json\/wp\/v2\/media\/2132"}],"wp:attachment":[{"href":"https:\/\/dominiumwine.com\/en\/wp-json\/wp\/v2\/media?parent=2126"}],"wp:term":[{"taxonomy":"product_cat","embeddable":true,"href":"https:\/\/dominiumwine.com\/en\/wp-json\/wp\/v2\/product_cat?post=2126"},{"taxonomy":"product_tag","embeddable":true,"href":"https:\/\/dominiumwine.com\/en\/wp-json\/wp\/v2\/product_tag?post=2126"}],"curies":[{"name":"wp","href":"https:\/\/api.w.org\/{rel}","templated":true}]}}