{"id":2133,"date":"2024-12-22T20:12:35","date_gmt":"2024-12-22T20:12:35","guid":{"rendered":"https:\/\/dominiumwine.com\/?post_type=product&#038;p=2133"},"modified":"2024-12-22T20:15:42","modified_gmt":"2024-12-22T20:15:42","slug":"bortura-utalvany-gourmet-hidegtalas-vacsoraval","status":"publish","type":"product","link":"https:\/\/dominiumwine.com\/en\/product\/bortura-utalvany-gourmet-hidegtalas-vacsoraval\/","title":{"rendered":"Bort\u00fara utalv\u00e1ny gourmet hidegt\u00e1las vacsor\u00e1val"},"content":{"rendered":"<p>Aj\u00e1nd\u00e9kozz Dominium \u00e9let\u00e9rz\u00e9st borrajong\u00f3 szeretteidnek!<\/p>\n<p>A k\u00f3stol\u00f3 alkalm\u00e1val egy 6 t\u00e9teles bort\u00fara v\u00e1r benneteket pincel\u00e1togat\u00e1ssal egybek\u00f6tve. A k\u00f3stol\u00f3 sor\u00e1n a teljes pinc\u00e9szetet k\u00f6rbej\u00e1rjuk, mindent megmutatunk, ami a &#8222;sz\u00ednfalak m\u00f6g\u00f6tt&#8221; zajlik. Ehhez egy gourmet hidegt\u00e1llal kedvesked\u00fcnk, ahol helyi term\u00e9keket fogyaszthattok a borok mell\u00e9.<\/p>\n<p>&nbsp;<\/p>\n<p>&nbsp;<\/p>","protected":false},"excerpt":{"rendered":"<p>Aj\u00e1nd\u00e9kozz Dominium \u00e9let\u00e9rz\u00e9st borrajong\u00f3 szeretteidnek! A k\u00f3stol\u00f3 alkalm\u00e1val egy 6 t\u00e9teles bort\u00fara v\u00e1r benneteket pincel\u00e1togat\u00e1ssal egybek\u00f6tve. A k\u00f3stol\u00f3 sor\u00e1n a teljes pinc\u00e9szetet k\u00f6rbej\u00e1rjuk, mindent megmutatunk, ami a &#8222;sz\u00ednfalak m\u00f6g\u00f6tt&#8221; zajlik. Ehhez egy gourmet hidegt\u00e1llal kedvesked\u00fcnk, ahol helyi term\u00e9keket fogyaszthattok a borok mell\u00e9. &nbsp; &nbsp;<\/p>","protected":false},"featured_media":2135,"template":"","meta":[],"product_cat":[24],"product_tag":[],"class_list":{"0":"post-2133","1":"product","2":"type-product","3":"status-publish","4":"has-post-thumbnail","6":"product_cat-egyeb","8":"first","9":"instock","10":"taxable","11":"shipping-taxable","12":"purchasable","13":"product-type-simple"},"yoast_head":"<!-- This site is optimized with the Yoast SEO plugin v23.0 - https:\/\/yoast.com\/wordpress\/plugins\/seo\/ -->\n<title>Bort\u00fara utalv\u00e1ny gourmet hidegt\u00e1las vacsor\u00e1val - Dominium Pinc\u00e9szet<\/title>\n<meta name=\"description\" content=\"Aj\u00e1nd\u00e9kozz Dominium \u00e9let\u00e9rz\u00e9st borrajong\u00f3 szeretteidnek! A bort\u00fara alkalm\u00e1val egy 6 t\u00e9teles bort\u00fara v\u00e1r benneteket pincel\u00e1togat\u00e1ssal egybek\u00f6tve.\" \/>\n<meta name=\"robots\" content=\"index, follow, max-snippet:-1, max-image-preview:large, max-video-preview:-1\" \/>\n<link rel=\"canonical\" href=\"https:\/\/dominiumwine.com\/en\/product\/bortura-utalvany-gourmet-hidegtalas-vacsoraval\/\" \/>\n<meta property=\"og:locale\" content=\"en_US\" \/>\n<meta property=\"og:type\" content=\"article\" \/>\n<meta property=\"og:title\" content=\"Bort\u00fara utalv\u00e1ny gourmet hidegt\u00e1las vacsor\u00e1val - Dominium Pinc\u00e9szet\" \/>\n<meta property=\"og:description\" content=\"Aj\u00e1nd\u00e9kozz Dominium \u00e9let\u00e9rz\u00e9st borrajong\u00f3 szeretteidnek! A bort\u00fara alkalm\u00e1val egy 6 t\u00e9teles bort\u00fara v\u00e1r benneteket pincel\u00e1togat\u00e1ssal egybek\u00f6tve.\" \/>\n<meta property=\"og:url\" content=\"https:\/\/dominiumwine.com\/en\/product\/bortura-utalvany-gourmet-hidegtalas-vacsoraval\/\" \/>\n<meta property=\"og:site_name\" content=\"Dominium Pinc\u00e9szet\" \/>\n<meta property=\"article:modified_time\" content=\"2024-12-22T20:15:42+00:00\" \/>\n<meta property=\"og:image\" content=\"http:\/\/dominiumwine.com\/wp-content\/uploads\/2024\/12\/2022.-aja\u0301nde\u0301kutalva\u0301ny.png\" \/>\n\t<meta property=\"og:image:width\" content=\"940\" \/>\n\t<meta property=\"og:image:height\" content=\"940\" \/>\n\t<meta property=\"og:image:type\" content=\"image\/png\" \/>\n<meta name=\"twitter:card\" content=\"summary_large_image\" \/>\n<meta name=\"twitter:label1\" content=\"Est. reading time\" \/>\n\t<meta name=\"twitter:data1\" content=\"1 minute\" \/>\n<script type=\"application\/ld+json\" class=\"yoast-schema-graph\">{\"@context\":\"https:\/\/schema.org\",\"@graph\":[{\"@type\":\"WebPage\",\"@id\":\"https:\/\/dominiumwine.com\/product\/bortura-utalvany-gourmet-hidegtalas-vacsoraval\/\",\"url\":\"https:\/\/dominiumwine.com\/product\/bortura-utalvany-gourmet-hidegtalas-vacsoraval\/\",\"name\":\"Bort\u00fara utalv\u00e1ny gourmet hidegt\u00e1las vacsor\u00e1val - Dominium Pinc\u00e9szet\",\"isPartOf\":{\"@id\":\"https:\/\/dominiumwine.com\/#website\"},\"primaryImageOfPage\":{\"@id\":\"https:\/\/dominiumwine.com\/product\/bortura-utalvany-gourmet-hidegtalas-vacsoraval\/#primaryimage\"},\"image\":{\"@id\":\"https:\/\/dominiumwine.com\/product\/bortura-utalvany-gourmet-hidegtalas-vacsoraval\/#primaryimage\"},\"thumbnailUrl\":\"https:\/\/dominiumwine.com\/wp-content\/uploads\/2024\/12\/2022.-aja\u0301nde\u0301kutalva\u0301ny.png\",\"datePublished\":\"2024-12-22T20:12:35+00:00\",\"dateModified\":\"2024-12-22T20:15:42+00:00\",\"description\":\"Aj\u00e1nd\u00e9kozz Dominium \u00e9let\u00e9rz\u00e9st borrajong\u00f3 szeretteidnek! A bort\u00fara alkalm\u00e1val egy 6 t\u00e9teles bort\u00fara v\u00e1r benneteket pincel\u00e1togat\u00e1ssal egybek\u00f6tve.\",\"breadcrumb\":{\"@id\":\"https:\/\/dominiumwine.com\/product\/bortura-utalvany-gourmet-hidegtalas-vacsoraval\/#breadcrumb\"},\"inLanguage\":\"en-US\",\"potentialAction\":[{\"@type\":\"ReadAction\",\"target\":[\"https:\/\/dominiumwine.com\/product\/bortura-utalvany-gourmet-hidegtalas-vacsoraval\/\"]}]},{\"@type\":\"ImageObject\",\"inLanguage\":\"en-US\",\"@id\":\"https:\/\/dominiumwine.com\/product\/bortura-utalvany-gourmet-hidegtalas-vacsoraval\/#primaryimage\",\"url\":\"https:\/\/dominiumwine.com\/wp-content\/uploads\/2024\/12\/2022.-aja\u0301nde\u0301kutalva\u0301ny.png\",\"contentUrl\":\"https:\/\/dominiumwine.com\/wp-content\/uploads\/2024\/12\/2022.-aja\u0301nde\u0301kutalva\u0301ny.png\",\"width\":940,\"height\":940},{\"@type\":\"BreadcrumbList\",\"@id\":\"https:\/\/dominiumwine.com\/product\/bortura-utalvany-gourmet-hidegtalas-vacsoraval\/#breadcrumb\",\"itemListElement\":[{\"@type\":\"ListItem\",\"position\":1,\"name\":\"Kezd\u0151lap\",\"item\":\"https:\/\/dominiumwine.com\/\"},{\"@type\":\"ListItem\",\"position\":2,\"name\":\"Term\u00e9kek\",\"item\":\"https:\/\/dominiumwine.com\/shop\/\"},{\"@type\":\"ListItem\",\"position\":3,\"name\":\"Bort\u00fara utalv\u00e1ny gourmet hidegt\u00e1las vacsor\u00e1val\"}]},{\"@type\":\"WebSite\",\"@id\":\"https:\/\/dominiumwine.com\/#website\",\"url\":\"https:\/\/dominiumwine.com\/\",\"name\":\"Dominium Pinc\u00e9szet\",\"description\":\"Term\u00e9szetess\u00e9g, min\u0151s\u00e9g, odaad\u00e1s.\",\"publisher\":{\"@id\":\"https:\/\/dominiumwine.com\/#organization\"},\"potentialAction\":[{\"@type\":\"SearchAction\",\"target\":{\"@type\":\"EntryPoint\",\"urlTemplate\":\"https:\/\/dominiumwine.com\/?s={search_term_string}\"},\"query-input\":\"required name=search_term_string\"}],\"inLanguage\":\"en-US\"},{\"@type\":\"Organization\",\"@id\":\"https:\/\/dominiumwine.com\/#organization\",\"name\":\"Dominium Pinc\u00e9szet\",\"url\":\"https:\/\/dominiumwine.com\/\",\"logo\":{\"@type\":\"ImageObject\",\"inLanguage\":\"en-US\",\"@id\":\"https:\/\/dominiumwine.com\/#\/schema\/logo\/image\/\",\"url\":\"https:\/\/dominiumwine.com\/wp-content\/uploads\/2023\/09\/13254653_1555236881446304_5392041322926135012_o.png\",\"contentUrl\":\"https:\/\/dominiumwine.com\/wp-content\/uploads\/2023\/09\/13254653_1555236881446304_5392041322926135012_o.png\",\"width\":2048,\"height\":1447,\"caption\":\"Dominium Pinc\u00e9szet\"},\"image\":{\"@id\":\"https:\/\/dominiumwine.com\/#\/schema\/logo\/image\/\"}}]}<\/script>\n<!-- \/ Yoast SEO plugin. -->","yoast_head_json":{"title":"Bort\u00fara utalv\u00e1ny gourmet hidegt\u00e1las vacsor\u00e1val - Dominium Pinc\u00e9szet","description":"Aj\u00e1nd\u00e9kozz Dominium \u00e9let\u00e9rz\u00e9st borrajong\u00f3 szeretteidnek! A bort\u00fara alkalm\u00e1val egy 6 t\u00e9teles bort\u00fara v\u00e1r benneteket pincel\u00e1togat\u00e1ssal egybek\u00f6tve.","robots":{"index":"index","follow":"follow","max-snippet":"max-snippet:-1","max-image-preview":"max-image-preview:large","max-video-preview":"max-video-preview:-1"},"canonical":"https:\/\/dominiumwine.com\/en\/product\/bortura-utalvany-gourmet-hidegtalas-vacsoraval\/","og_locale":"en_US","og_type":"article","og_title":"Bort\u00fara utalv\u00e1ny gourmet hidegt\u00e1las vacsor\u00e1val - Dominium Pinc\u00e9szet","og_description":"Aj\u00e1nd\u00e9kozz Dominium \u00e9let\u00e9rz\u00e9st borrajong\u00f3 szeretteidnek! A bort\u00fara alkalm\u00e1val egy 6 t\u00e9teles bort\u00fara v\u00e1r benneteket pincel\u00e1togat\u00e1ssal egybek\u00f6tve.","og_url":"https:\/\/dominiumwine.com\/en\/product\/bortura-utalvany-gourmet-hidegtalas-vacsoraval\/","og_site_name":"Dominium Pinc\u00e9szet","article_modified_time":"2024-12-22T20:15:42+00:00","og_image":[{"width":940,"height":940,"url":"http:\/\/dominiumwine.com\/wp-content\/uploads\/2024\/12\/2022.-aja\u0301nde\u0301kutalva\u0301ny.png","type":"image\/png"}],"twitter_card":"summary_large_image","twitter_misc":{"Est. reading time":"1 minute"},"schema":{"@context":"https:\/\/schema.org","@graph":[{"@type":"WebPage","@id":"https:\/\/dominiumwine.com\/product\/bortura-utalvany-gourmet-hidegtalas-vacsoraval\/","url":"https:\/\/dominiumwine.com\/product\/bortura-utalvany-gourmet-hidegtalas-vacsoraval\/","name":"Bort\u00fara utalv\u00e1ny gourmet hidegt\u00e1las vacsor\u00e1val - Dominium Pinc\u00e9szet","isPartOf":{"@id":"https:\/\/dominiumwine.com\/#website"},"primaryImageOfPage":{"@id":"https:\/\/dominiumwine.com\/product\/bortura-utalvany-gourmet-hidegtalas-vacsoraval\/#primaryimage"},"image":{"@id":"https:\/\/dominiumwine.com\/product\/bortura-utalvany-gourmet-hidegtalas-vacsoraval\/#primaryimage"},"thumbnailUrl":"https:\/\/dominiumwine.com\/wp-content\/uploads\/2024\/12\/2022.-aja\u0301nde\u0301kutalva\u0301ny.png","datePublished":"2024-12-22T20:12:35+00:00","dateModified":"2024-12-22T20:15:42+00:00","description":"Aj\u00e1nd\u00e9kozz Dominium \u00e9let\u00e9rz\u00e9st borrajong\u00f3 szeretteidnek! A bort\u00fara alkalm\u00e1val egy 6 t\u00e9teles bort\u00fara v\u00e1r benneteket pincel\u00e1togat\u00e1ssal egybek\u00f6tve.","breadcrumb":{"@id":"https:\/\/dominiumwine.com\/product\/bortura-utalvany-gourmet-hidegtalas-vacsoraval\/#breadcrumb"},"inLanguage":"en-US","potentialAction":[{"@type":"ReadAction","target":["https:\/\/dominiumwine.com\/product\/bortura-utalvany-gourmet-hidegtalas-vacsoraval\/"]}]},{"@type":"ImageObject","inLanguage":"en-US","@id":"https:\/\/dominiumwine.com\/product\/bortura-utalvany-gourmet-hidegtalas-vacsoraval\/#primaryimage","url":"https:\/\/dominiumwine.com\/wp-content\/uploads\/2024\/12\/2022.-aja\u0301nde\u0301kutalva\u0301ny.png","contentUrl":"https:\/\/dominiumwine.com\/wp-content\/uploads\/2024\/12\/2022.-aja\u0301nde\u0301kutalva\u0301ny.png","width":940,"height":940},{"@type":"BreadcrumbList","@id":"https:\/\/dominiumwine.com\/product\/bortura-utalvany-gourmet-hidegtalas-vacsoraval\/#breadcrumb","itemListElement":[{"@type":"ListItem","position":1,"name":"Kezd\u0151lap","item":"https:\/\/dominiumwine.com\/"},{"@type":"ListItem","position":2,"name":"Term\u00e9kek","item":"https:\/\/dominiumwine.com\/shop\/"},{"@type":"ListItem","position":3,"name":"Bort\u00fara utalv\u00e1ny gourmet hidegt\u00e1las vacsor\u00e1val"}]},{"@type":"WebSite","@id":"https:\/\/dominiumwine.com\/#website","url":"https:\/\/dominiumwine.com\/","name":"Dominium Pinc\u00e9szet","description":"Term\u00e9szetess\u00e9g, min\u0151s\u00e9g, odaad\u00e1s.","publisher":{"@id":"https:\/\/dominiumwine.com\/#organization"},"potentialAction":[{"@type":"SearchAction","target":{"@type":"EntryPoint","urlTemplate":"https:\/\/dominiumwine.com\/?s={search_term_string}"},"query-input":"required name=search_term_string"}],"inLanguage":"en-US"},{"@type":"Organization","@id":"https:\/\/dominiumwine.com\/#organization","name":"Dominium Pinc\u00e9szet","url":"https:\/\/dominiumwine.com\/","logo":{"@type":"ImageObject","inLanguage":"en-US","@id":"https:\/\/dominiumwine.com\/#\/schema\/logo\/image\/","url":"https:\/\/dominiumwine.com\/wp-content\/uploads\/2023\/09\/13254653_1555236881446304_5392041322926135012_o.png","contentUrl":"https:\/\/dominiumwine.com\/wp-content\/uploads\/2023\/09\/13254653_1555236881446304_5392041322926135012_o.png","width":2048,"height":1447,"caption":"Dominium Pinc\u00e9szet"},"image":{"@id":"https:\/\/dominiumwine.com\/#\/schema\/logo\/image\/"}}]}},"jetpack_sharing_enabled":true,"_links":{"self":[{"href":"https:\/\/dominiumwine.com\/en\/wp-json\/wp\/v2\/product\/2133","targetHints":{"allow":["GET"]}}],"collection":[{"href":"https:\/\/dominiumwine.com\/en\/wp-json\/wp\/v2\/product"}],"about":[{"href":"https:\/\/dominiumwine.com\/en\/wp-json\/wp\/v2\/types\/product"}],"wp:featuredmedia":[{"embeddable":true,"href":"https:\/\/dominiumwine.com\/en\/wp-json\/wp\/v2\/media\/2135"}],"wp:attachment":[{"href":"https:\/\/dominiumwine.com\/en\/wp-json\/wp\/v2\/media?parent=2133"}],"wp:term":[{"taxonomy":"product_cat","embeddable":true,"href":"https:\/\/dominiumwine.com\/en\/wp-json\/wp\/v2\/product_cat?post=2133"},{"taxonomy":"product_tag","embeddable":true,"href":"https:\/\/dominiumwine.com\/en\/wp-json\/wp\/v2\/product_tag?post=2133"}],"curies":[{"name":"wp","href":"https:\/\/api.w.org\/{rel}","templated":true}]}}