{"id":2278,"date":"2025-07-12T15:24:48","date_gmt":"2025-07-12T15:24:48","guid":{"rendered":"https:\/\/dominiumwine.com\/?post_type=product&#038;p=2278"},"modified":"2025-07-12T17:11:21","modified_gmt":"2025-07-12T17:11:21","slug":"chardonnay-battonage-2024","status":"publish","type":"product","link":"https:\/\/dominiumwine.com\/en\/product\/chardonnay-battonage-2024\/","title":{"rendered":"Chardonnay Battonage 2024"},"content":{"rendered":"<p>Sz\u0151l\u0151fajta\u00a0 \u00a0 \u00a0 \u00a0 \u00a0 \u00a0 \u00a0 \u00a0 \u00a0 \u00a0 \u00a0 \u00a0 \u00a0 \u00a0 \u00a0 \u00a0 \u00a0 \u00a0 \u00a0 \u00a0100% Chardonnay<\/p>\n<p>\u00c9vj\u00e1rat\u00a0\u00a0\u00a0\u00a0\u00a0\u00a0\u00a0\u00a0\u00a0\u00a0\u00a0\u00a0\u00a0\u00a0\u00a0\u00a0\u00a0\u00a0\u00a0\u00a0\u00a0\u00a0\u00a0\u00a0\u00a0\u00a0\u00a0\u00a0\u00a0\u00a0\u00a0\u00a0\u00a0\u00a0\u00a0\u00a0\u00a0\u00a0\u00a0\u00a0\u00a0\u00a0\u00a0 2024<\/p>\n<p>Bork\u00e9sz\u00edt\u00e9s\u00a0 \u00a0 \u00a0 \u00a0 \u00a0 \u00a0 \u00a0 \u00a0 \u00a0 \u00a0 \u00a0 \u00a0 \u00a0 \u00a0 \u00a0 \u00a0 \u00a0 \u00a0 Ac\u00e9ltart\u00e1ly 100 %<\/p>\n<p>\u00c9rlel\u00e9s\u00a0\u00a0\u00a0\u00a0\u00a0\u00a0\u00a0\u00a0\u00a0\u00a0\u00a0\u00a0\u00a0\u00a0\u00a0\u00a0\u00a0\u00a0\u00a0\u00a0\u00a0\u00a0\u00a0\u00a0\u00a0\u00a0\u00a0\u00a0\u00a0\u00a0\u00a0\u00a0\u00a0\u00a0\u00a0\u00a0\u00a0\u00a0\u00a0\u00a0\u00a0\u00a0\u00a0 Ac\u00e9ltart\u00e1ly (finomsepr\u0151s battonage)<\/p>\n<p>Alkohol\u00a0\u00a0\u00a0\u00a0\u00a0\u00a0\u00a0\u00a0\u00a0\u00a0\u00a0\u00a0\u00a0\u00a0\u00a0\u00a0\u00a0\u00a0\u00a0\u00a0\u00a0\u00a0\u00a0\u00a0\u00a0\u00a0\u00a0\u00a0\u00a0\u00a0\u00a0\u00a0\u00a0\u00a0\u00a0\u00a0\u00a0\u00a0\u00a0\u00a0\u00a0\u00a0 13 % VOL<\/p>\n<p>Sz\u00e1razs\u00e1gi fok\u00a0 \u00a0 \u00a0 \u00a0 \u00a0 \u00a0 \u00a0 \u00a0 \u00a0 \u00a0 \u00a0 \u00a0 \u00a0 \u00a0 \u00a0 \u00a0Sz\u00e1raz<\/p>\n<p>Fogyaszt\u00e1si h\u0151m\u00e9rs\u00e9klet\u00a0 \u00a0 \u00a0 \u00a0 \u00a0 \u00a0 13-15 \u00b0C<\/p>","protected":false},"excerpt":{"rendered":"<p><span data-sheets-root=\"1\">\u00d6kol\u00f3giai gazd\u00e1lkod\u00e1sban m\u0171velt Chardonnay sz\u0151l\u0151nk a k\u00fcl\u00f6nleges adotts\u00e1gokkal rendelkez\u0151 Gereg hegyen terem. D\u00e9lnyugati kitetts\u00e9g, meredek lejt\u0151, 280 m tengerszint feletti magass\u00e1g, vulkanikus talaj. Minden adott a j\u00f3 alapanyaghoz. A 2024-es Chardonnay battonage technik\u00e1val k\u00e9sz\u00fclt, a finom sepr\u0171t bizonyos id\u0151k\u00f6z\u00f6nk\u00e9nt felkevert\u00fck, hogy teltebb, gazdagabb bort kapjunk.<br \/>\nIllat\u00e1ban \u00e9s \u00edz\u00e9ben is barack, barackvir\u00e1gos jegyek domin\u00e1lnak a finom sepr\u0151s \u00e9rlel\u00e9sb\u0151l sz\u00e1rmaz\u00f3 kr\u00e9mes \u00edzvil\u00e1ggal kieg\u00e9sz\u00fclve.<br \/>\nK\u00f3stolja meg szeretettel \u00e9s \u00e9lvezze minden pillanat\u00e1t!<\/span><\/p>","protected":false},"featured_media":2088,"template":"","meta":[],"product_cat":[20],"product_tag":[],"class_list":{"0":"post-2278","1":"product","2":"type-product","3":"status-publish","4":"has-post-thumbnail","6":"product_cat-feher-boraink","8":"first","9":"instock","10":"taxable","11":"shipping-taxable","12":"purchasable","13":"product-type-simple"},"yoast_head":"<!-- This site is optimized with the Yoast SEO plugin v23.0 - https:\/\/yoast.com\/wordpress\/plugins\/seo\/ -->\n<title>Chardonnay Battonage 2024 - Dominium Pinc\u00e9szet<\/title>\n<meta name=\"description\" content=\"A 2024-es Chardonnay battonage technik\u00e1val k\u00e9sz\u00fclt, a finom sepr\u0171t bizonyos id\u0151k\u00f6z\u00f6nk\u00e9nt felkevert\u00fck, hogy teltebb, gazdagabb bort kapjunk.\" \/>\n<meta name=\"robots\" content=\"index, follow, max-snippet:-1, max-image-preview:large, max-video-preview:-1\" \/>\n<link rel=\"canonical\" href=\"https:\/\/dominiumwine.com\/en\/product\/chardonnay-battonage-2024\/\" \/>\n<meta property=\"og:locale\" content=\"en_US\" \/>\n<meta property=\"og:type\" content=\"article\" \/>\n<meta property=\"og:title\" content=\"Chardonnay Battonage 2024 - Dominium Pinc\u00e9szet\" \/>\n<meta property=\"og:description\" content=\"A 2024-es Chardonnay battonage technik\u00e1val k\u00e9sz\u00fclt, a finom sepr\u0171t bizonyos id\u0151k\u00f6z\u00f6nk\u00e9nt felkevert\u00fck, hogy teltebb, gazdagabb bort kapjunk.\" \/>\n<meta property=\"og:url\" content=\"https:\/\/dominiumwine.com\/en\/product\/chardonnay-battonage-2024\/\" \/>\n<meta property=\"og:site_name\" content=\"Dominium Pinc\u00e9szet\" \/>\n<meta property=\"article:modified_time\" content=\"2025-07-12T17:11:21+00:00\" \/>\n<meta property=\"og:image\" content=\"http:\/\/dominiumwine.com\/wp-content\/uploads\/2024\/04\/3.png\" \/>\n\t<meta property=\"og:image:width\" content=\"1080\" \/>\n\t<meta property=\"og:image:height\" content=\"1080\" \/>\n\t<meta property=\"og:image:type\" content=\"image\/png\" \/>\n<meta name=\"twitter:card\" content=\"summary_large_image\" \/>\n<meta name=\"twitter:label1\" content=\"Est. reading time\" \/>\n\t<meta name=\"twitter:data1\" content=\"1 minute\" \/>\n<script type=\"application\/ld+json\" class=\"yoast-schema-graph\">{\"@context\":\"https:\/\/schema.org\",\"@graph\":[{\"@type\":\"WebPage\",\"@id\":\"https:\/\/dominiumwine.com\/product\/chardonnay-battonage-2024\/\",\"url\":\"https:\/\/dominiumwine.com\/product\/chardonnay-battonage-2024\/\",\"name\":\"Chardonnay Battonage 2024 - Dominium Pinc\u00e9szet\",\"isPartOf\":{\"@id\":\"https:\/\/dominiumwine.com\/#website\"},\"primaryImageOfPage\":{\"@id\":\"https:\/\/dominiumwine.com\/product\/chardonnay-battonage-2024\/#primaryimage\"},\"image\":{\"@id\":\"https:\/\/dominiumwine.com\/product\/chardonnay-battonage-2024\/#primaryimage\"},\"thumbnailUrl\":\"https:\/\/dominiumwine.com\/wp-content\/uploads\/2024\/04\/3.png\",\"datePublished\":\"2025-07-12T15:24:48+00:00\",\"dateModified\":\"2025-07-12T17:11:21+00:00\",\"description\":\"A 2024-es Chardonnay battonage technik\u00e1val k\u00e9sz\u00fclt, a finom sepr\u0171t bizonyos id\u0151k\u00f6z\u00f6nk\u00e9nt felkevert\u00fck, hogy teltebb, gazdagabb bort kapjunk.\",\"breadcrumb\":{\"@id\":\"https:\/\/dominiumwine.com\/product\/chardonnay-battonage-2024\/#breadcrumb\"},\"inLanguage\":\"en-US\",\"potentialAction\":[{\"@type\":\"ReadAction\",\"target\":[\"https:\/\/dominiumwine.com\/product\/chardonnay-battonage-2024\/\"]}]},{\"@type\":\"ImageObject\",\"inLanguage\":\"en-US\",\"@id\":\"https:\/\/dominiumwine.com\/product\/chardonnay-battonage-2024\/#primaryimage\",\"url\":\"https:\/\/dominiumwine.com\/wp-content\/uploads\/2024\/04\/3.png\",\"contentUrl\":\"https:\/\/dominiumwine.com\/wp-content\/uploads\/2024\/04\/3.png\",\"width\":1080,\"height\":1080},{\"@type\":\"BreadcrumbList\",\"@id\":\"https:\/\/dominiumwine.com\/product\/chardonnay-battonage-2024\/#breadcrumb\",\"itemListElement\":[{\"@type\":\"ListItem\",\"position\":1,\"name\":\"Kezd\u0151lap\",\"item\":\"https:\/\/dominiumwine.com\/\"},{\"@type\":\"ListItem\",\"position\":2,\"name\":\"Term\u00e9kek\",\"item\":\"https:\/\/dominiumwine.com\/shop\/\"},{\"@type\":\"ListItem\",\"position\":3,\"name\":\"Chardonnay Battonage 2024\"}]},{\"@type\":\"WebSite\",\"@id\":\"https:\/\/dominiumwine.com\/#website\",\"url\":\"https:\/\/dominiumwine.com\/\",\"name\":\"Dominium Pinc\u00e9szet\",\"description\":\"Term\u00e9szetess\u00e9g, min\u0151s\u00e9g, odaad\u00e1s.\",\"publisher\":{\"@id\":\"https:\/\/dominiumwine.com\/#organization\"},\"potentialAction\":[{\"@type\":\"SearchAction\",\"target\":{\"@type\":\"EntryPoint\",\"urlTemplate\":\"https:\/\/dominiumwine.com\/?s={search_term_string}\"},\"query-input\":\"required name=search_term_string\"}],\"inLanguage\":\"en-US\"},{\"@type\":\"Organization\",\"@id\":\"https:\/\/dominiumwine.com\/#organization\",\"name\":\"Dominium Pinc\u00e9szet\",\"url\":\"https:\/\/dominiumwine.com\/\",\"logo\":{\"@type\":\"ImageObject\",\"inLanguage\":\"en-US\",\"@id\":\"https:\/\/dominiumwine.com\/#\/schema\/logo\/image\/\",\"url\":\"https:\/\/dominiumwine.com\/wp-content\/uploads\/2023\/09\/13254653_1555236881446304_5392041322926135012_o.png\",\"contentUrl\":\"https:\/\/dominiumwine.com\/wp-content\/uploads\/2023\/09\/13254653_1555236881446304_5392041322926135012_o.png\",\"width\":2048,\"height\":1447,\"caption\":\"Dominium Pinc\u00e9szet\"},\"image\":{\"@id\":\"https:\/\/dominiumwine.com\/#\/schema\/logo\/image\/\"}}]}<\/script>\n<!-- \/ Yoast SEO plugin. -->","yoast_head_json":{"title":"Chardonnay Battonage 2024 - Dominium Pinc\u00e9szet","description":"A 2024-es Chardonnay battonage technik\u00e1val k\u00e9sz\u00fclt, a finom sepr\u0171t bizonyos id\u0151k\u00f6z\u00f6nk\u00e9nt felkevert\u00fck, hogy teltebb, gazdagabb bort kapjunk.","robots":{"index":"index","follow":"follow","max-snippet":"max-snippet:-1","max-image-preview":"max-image-preview:large","max-video-preview":"max-video-preview:-1"},"canonical":"https:\/\/dominiumwine.com\/en\/product\/chardonnay-battonage-2024\/","og_locale":"en_US","og_type":"article","og_title":"Chardonnay Battonage 2024 - Dominium Pinc\u00e9szet","og_description":"A 2024-es Chardonnay battonage technik\u00e1val k\u00e9sz\u00fclt, a finom sepr\u0171t bizonyos id\u0151k\u00f6z\u00f6nk\u00e9nt felkevert\u00fck, hogy teltebb, gazdagabb bort kapjunk.","og_url":"https:\/\/dominiumwine.com\/en\/product\/chardonnay-battonage-2024\/","og_site_name":"Dominium Pinc\u00e9szet","article_modified_time":"2025-07-12T17:11:21+00:00","og_image":[{"width":1080,"height":1080,"url":"http:\/\/dominiumwine.com\/wp-content\/uploads\/2024\/04\/3.png","type":"image\/png"}],"twitter_card":"summary_large_image","twitter_misc":{"Est. reading time":"1 minute"},"schema":{"@context":"https:\/\/schema.org","@graph":[{"@type":"WebPage","@id":"https:\/\/dominiumwine.com\/product\/chardonnay-battonage-2024\/","url":"https:\/\/dominiumwine.com\/product\/chardonnay-battonage-2024\/","name":"Chardonnay Battonage 2024 - Dominium Pinc\u00e9szet","isPartOf":{"@id":"https:\/\/dominiumwine.com\/#website"},"primaryImageOfPage":{"@id":"https:\/\/dominiumwine.com\/product\/chardonnay-battonage-2024\/#primaryimage"},"image":{"@id":"https:\/\/dominiumwine.com\/product\/chardonnay-battonage-2024\/#primaryimage"},"thumbnailUrl":"https:\/\/dominiumwine.com\/wp-content\/uploads\/2024\/04\/3.png","datePublished":"2025-07-12T15:24:48+00:00","dateModified":"2025-07-12T17:11:21+00:00","description":"A 2024-es Chardonnay battonage technik\u00e1val k\u00e9sz\u00fclt, a finom sepr\u0171t bizonyos id\u0151k\u00f6z\u00f6nk\u00e9nt felkevert\u00fck, hogy teltebb, gazdagabb bort kapjunk.","breadcrumb":{"@id":"https:\/\/dominiumwine.com\/product\/chardonnay-battonage-2024\/#breadcrumb"},"inLanguage":"en-US","potentialAction":[{"@type":"ReadAction","target":["https:\/\/dominiumwine.com\/product\/chardonnay-battonage-2024\/"]}]},{"@type":"ImageObject","inLanguage":"en-US","@id":"https:\/\/dominiumwine.com\/product\/chardonnay-battonage-2024\/#primaryimage","url":"https:\/\/dominiumwine.com\/wp-content\/uploads\/2024\/04\/3.png","contentUrl":"https:\/\/dominiumwine.com\/wp-content\/uploads\/2024\/04\/3.png","width":1080,"height":1080},{"@type":"BreadcrumbList","@id":"https:\/\/dominiumwine.com\/product\/chardonnay-battonage-2024\/#breadcrumb","itemListElement":[{"@type":"ListItem","position":1,"name":"Kezd\u0151lap","item":"https:\/\/dominiumwine.com\/"},{"@type":"ListItem","position":2,"name":"Term\u00e9kek","item":"https:\/\/dominiumwine.com\/shop\/"},{"@type":"ListItem","position":3,"name":"Chardonnay Battonage 2024"}]},{"@type":"WebSite","@id":"https:\/\/dominiumwine.com\/#website","url":"https:\/\/dominiumwine.com\/","name":"Dominium Pinc\u00e9szet","description":"Term\u00e9szetess\u00e9g, min\u0151s\u00e9g, odaad\u00e1s.","publisher":{"@id":"https:\/\/dominiumwine.com\/#organization"},"potentialAction":[{"@type":"SearchAction","target":{"@type":"EntryPoint","urlTemplate":"https:\/\/dominiumwine.com\/?s={search_term_string}"},"query-input":"required name=search_term_string"}],"inLanguage":"en-US"},{"@type":"Organization","@id":"https:\/\/dominiumwine.com\/#organization","name":"Dominium Pinc\u00e9szet","url":"https:\/\/dominiumwine.com\/","logo":{"@type":"ImageObject","inLanguage":"en-US","@id":"https:\/\/dominiumwine.com\/#\/schema\/logo\/image\/","url":"https:\/\/dominiumwine.com\/wp-content\/uploads\/2023\/09\/13254653_1555236881446304_5392041322926135012_o.png","contentUrl":"https:\/\/dominiumwine.com\/wp-content\/uploads\/2023\/09\/13254653_1555236881446304_5392041322926135012_o.png","width":2048,"height":1447,"caption":"Dominium Pinc\u00e9szet"},"image":{"@id":"https:\/\/dominiumwine.com\/#\/schema\/logo\/image\/"}}]}},"jetpack_sharing_enabled":true,"_links":{"self":[{"href":"https:\/\/dominiumwine.com\/en\/wp-json\/wp\/v2\/product\/2278","targetHints":{"allow":["GET"]}}],"collection":[{"href":"https:\/\/dominiumwine.com\/en\/wp-json\/wp\/v2\/product"}],"about":[{"href":"https:\/\/dominiumwine.com\/en\/wp-json\/wp\/v2\/types\/product"}],"wp:featuredmedia":[{"embeddable":true,"href":"https:\/\/dominiumwine.com\/en\/wp-json\/wp\/v2\/media\/2088"}],"wp:attachment":[{"href":"https:\/\/dominiumwine.com\/en\/wp-json\/wp\/v2\/media?parent=2278"}],"wp:term":[{"taxonomy":"product_cat","embeddable":true,"href":"https:\/\/dominiumwine.com\/en\/wp-json\/wp\/v2\/product_cat?post=2278"},{"taxonomy":"product_tag","embeddable":true,"href":"https:\/\/dominiumwine.com\/en\/wp-json\/wp\/v2\/product_tag?post=2278"}],"curies":[{"name":"wp","href":"https:\/\/api.w.org\/{rel}","templated":true}]}}