{"id":2280,"date":"2025-07-12T15:40:58","date_gmt":"2025-07-12T15:40:58","guid":{"rendered":"https:\/\/dominiumwine.com\/?post_type=product&#038;p=2280"},"modified":"2026-03-22T13:33:59","modified_gmt":"2026-03-22T13:33:59","slug":"furmint-2023","status":"publish","type":"product","link":"https:\/\/dominiumwine.com\/en\/product\/furmint-2023\/","title":{"rendered":"Furmint 2023"},"content":{"rendered":"<div>Sz\u0151l\u0151fajta\u00a0 \u00a0 \u00a0 \u00a0 \u00a0 \u00a0 \u00a0 \u00a0 \u00a0 \u00a0 \u00a0 \u00a0 \u00a0 \u00a0 \u00a0 \u00a0 \u00a0 \u00a0 \u00a0 Furmint 100 %<\/div>\n<div><\/div>\n<div>\u00c9vj\u00e1rat\u00a0\u00a0\u00a0\u00a0\u00a0\u00a0\u00a0\u00a0\u00a0\u00a0\u00a0\u00a0\u00a0\u00a0\u00a0\u00a0\u00a0\u00a0\u00a0\u00a0\u00a0\u00a0\u00a0\u00a0\u00a0\u00a0\u00a0\u00a0\u00a0\u00a0\u00a0\u00a0\u00a0\u00a0\u00a0\u00a0\u00a0\u00a0\u00a0\u00a0\u00a0\u00a0 2023<\/div>\n<div><\/div>\n<div>Bork\u00e9sz\u00edt\u00e9s\u00a0 \u00a0 \u00a0 \u00a0 \u00a0 \u00a0 \u00a0 \u00a0 \u00a0 \u00a0 \u00a0 \u00a0 \u00a0 \u00a0 \u00a0 \u00a0 \u00a0 \u00a0Ac\u00e9ltart\u00e1ly 100%<\/div>\n<div><\/div>\n<div>\u00c9rlel\u00e9s\u00a0 \u00a0 \u00a0 \u00a0 \u00a0 \u00a0 \u00a0 \u00a0 \u00a0 \u00a0 \u00a0 \u00a0 \u00a0 \u00a0 \u00a0 \u00a0 \u00a0 \u00a0 \u00a0 \u00a0 \u00a0 \u00a0 <span data-sheets-root=\"1\">Francia-magyar-amerikai hord\u00f3s \u00e9rlel\u00e9s<\/span><\/div>\n<div><\/div>\n<div>Alkohol\u00a0 \u00a0 \u00a0 \u00a0 \u00a0 \u00a0 \u00a0 \u00a0 \u00a0 \u00a0 \u00a0 \u00a0 \u00a0 \u00a0 \u00a0 \u00a0 \u00a0 \u00a0 \u00a0 \u00a0 \u00a0 16 %<\/div>\n<div><\/div>\n<div>Sz\u00e1razs\u00e1gi fok\u00a0 \u00a0 \u00a0 \u00a0 \u00a0 \u00a0 \u00a0 \u00a0 \u00a0 \u00a0 \u00a0 \u00a0 \u00a0 \u00a0 \u00a0 Sz\u00e1raz<\/div>\n<div><\/div>\n<div>Fogyaszt\u00e1si h\u0151m\u00e9rs\u00e9klet\u00a0 \u00a0 \u00a0 \u00a0 \u00a0 \u00a0 16 \u00b0C<\/div>","protected":false},"excerpt":{"rendered":"<p><span data-sheets-root=\"1\">Illat\u00e1ban mazsola, m\u00e9z \u00e9s f\u00fcge domin\u00e1l, amelyeket az \u00edzvil\u00e1gban is felfedezhet\u00fcnk, enyh\u00e9n \u00e9rett alm\u00e1s jegyekkel \u00e9s doh\u00e1nyos \u00e1rnyalatokkal gazdag\u00edtva. 7 h\u00f3napot \u00e9rlel\u0151d\u00f6tt francia, magyar \u00e9s amerikai t\u00f6lgyfahord\u00f3kban, hogy harmonikus karakter\u00e9t elnyerje. Egy bor, amely a term\u00e9szet tisztelet\u00e9b\u0151l \u00e9s a hagyom\u00e1nyos bork\u00e9sz\u00edt\u00e9sb\u0151l sz\u00fcletett.<br \/>\n<\/span><\/p>\n<p><span data-sheets-root=\"1\">K\u00f3stolja meg szeretettel \u00e9s \u00e9lvezze minden pillanat\u00e1t!<\/span><\/p>\n<p>2023-as Furmint t\u00e9tel\u00fcnk hisztaminmentes.<\/p>","protected":false},"featured_media":2437,"template":"","meta":[],"product_cat":[20],"product_tag":[],"class_list":{"0":"post-2280","1":"product","2":"type-product","3":"status-publish","4":"has-post-thumbnail","6":"product_cat-feher-boraink","8":"first","9":"instock","10":"taxable","11":"shipping-taxable","12":"purchasable","13":"product-type-simple"},"yoast_head":"<!-- This site is optimized with the Yoast SEO plugin v23.0 - https:\/\/yoast.com\/wordpress\/plugins\/seo\/ -->\n<title>Furmint 2023 - Dominium Pinc\u00e9szet<\/title>\n<meta name=\"description\" content=\"Furmint borunknak illat\u00e1ban mazsola, m\u00e9z \u00e9s f\u00fcge domin\u00e1l, amelyeket az \u00edzvil\u00e1gban is felfedezhet\u00fcnk, enyh\u00e9n \u00e9rett alm\u00e1s jegyekkel \u00e9s doh\u00e1nyos \u00e1rnyalatokkal.\" \/>\n<meta name=\"robots\" content=\"index, follow, max-snippet:-1, max-image-preview:large, max-video-preview:-1\" \/>\n<link rel=\"canonical\" href=\"https:\/\/dominiumwine.com\/en\/product\/furmint-2023\/\" \/>\n<meta property=\"og:locale\" content=\"en_US\" \/>\n<meta property=\"og:type\" content=\"article\" \/>\n<meta property=\"og:title\" content=\"Furmint 2023 - Dominium Pinc\u00e9szet\" \/>\n<meta property=\"og:description\" content=\"Furmint borunknak illat\u00e1ban mazsola, m\u00e9z \u00e9s f\u00fcge domin\u00e1l, amelyeket az \u00edzvil\u00e1gban is felfedezhet\u00fcnk, enyh\u00e9n \u00e9rett alm\u00e1s jegyekkel \u00e9s doh\u00e1nyos \u00e1rnyalatokkal.\" \/>\n<meta property=\"og:url\" content=\"https:\/\/dominiumwine.com\/en\/product\/furmint-2023\/\" \/>\n<meta property=\"og:site_name\" content=\"Dominium Pinc\u00e9szet\" \/>\n<meta property=\"article:modified_time\" content=\"2026-03-22T13:33:59+00:00\" \/>\n<meta property=\"og:image\" content=\"http:\/\/dominiumwine.com\/wp-content\/uploads\/2025\/07\/furmint-hisztamin-mentes.png\" \/>\n\t<meta property=\"og:image:width\" content=\"1080\" \/>\n\t<meta property=\"og:image:height\" content=\"1080\" \/>\n\t<meta property=\"og:image:type\" content=\"image\/png\" \/>\n<meta name=\"twitter:card\" content=\"summary_large_image\" \/>\n<meta name=\"twitter:label1\" content=\"Est. reading time\" \/>\n\t<meta name=\"twitter:data1\" content=\"1 minute\" \/>\n<script type=\"application\/ld+json\" class=\"yoast-schema-graph\">{\"@context\":\"https:\/\/schema.org\",\"@graph\":[{\"@type\":\"WebPage\",\"@id\":\"https:\/\/dominiumwine.com\/product\/furmint-2023\/\",\"url\":\"https:\/\/dominiumwine.com\/product\/furmint-2023\/\",\"name\":\"Furmint 2023 - Dominium Pinc\u00e9szet\",\"isPartOf\":{\"@id\":\"https:\/\/dominiumwine.com\/#website\"},\"primaryImageOfPage\":{\"@id\":\"https:\/\/dominiumwine.com\/product\/furmint-2023\/#primaryimage\"},\"image\":{\"@id\":\"https:\/\/dominiumwine.com\/product\/furmint-2023\/#primaryimage\"},\"thumbnailUrl\":\"https:\/\/dominiumwine.com\/wp-content\/uploads\/2025\/07\/furmint-hisztamin-mentes.png\",\"datePublished\":\"2025-07-12T15:40:58+00:00\",\"dateModified\":\"2026-03-22T13:33:59+00:00\",\"description\":\"Furmint borunknak illat\u00e1ban mazsola, m\u00e9z \u00e9s f\u00fcge domin\u00e1l, amelyeket az \u00edzvil\u00e1gban is felfedezhet\u00fcnk, enyh\u00e9n \u00e9rett alm\u00e1s jegyekkel \u00e9s doh\u00e1nyos \u00e1rnyalatokkal.\",\"breadcrumb\":{\"@id\":\"https:\/\/dominiumwine.com\/product\/furmint-2023\/#breadcrumb\"},\"inLanguage\":\"en-US\",\"potentialAction\":[{\"@type\":\"ReadAction\",\"target\":[\"https:\/\/dominiumwine.com\/product\/furmint-2023\/\"]}]},{\"@type\":\"ImageObject\",\"inLanguage\":\"en-US\",\"@id\":\"https:\/\/dominiumwine.com\/product\/furmint-2023\/#primaryimage\",\"url\":\"https:\/\/dominiumwine.com\/wp-content\/uploads\/2025\/07\/furmint-hisztamin-mentes.png\",\"contentUrl\":\"https:\/\/dominiumwine.com\/wp-content\/uploads\/2025\/07\/furmint-hisztamin-mentes.png\",\"width\":1080,\"height\":1080},{\"@type\":\"BreadcrumbList\",\"@id\":\"https:\/\/dominiumwine.com\/product\/furmint-2023\/#breadcrumb\",\"itemListElement\":[{\"@type\":\"ListItem\",\"position\":1,\"name\":\"Kezd\u0151lap\",\"item\":\"https:\/\/dominiumwine.com\/\"},{\"@type\":\"ListItem\",\"position\":2,\"name\":\"Term\u00e9kek\",\"item\":\"https:\/\/dominiumwine.com\/shop\/\"},{\"@type\":\"ListItem\",\"position\":3,\"name\":\"Furmint 2023\"}]},{\"@type\":\"WebSite\",\"@id\":\"https:\/\/dominiumwine.com\/#website\",\"url\":\"https:\/\/dominiumwine.com\/\",\"name\":\"Dominium Pinc\u00e9szet\",\"description\":\"Term\u00e9szetess\u00e9g, min\u0151s\u00e9g, odaad\u00e1s.\",\"publisher\":{\"@id\":\"https:\/\/dominiumwine.com\/#organization\"},\"potentialAction\":[{\"@type\":\"SearchAction\",\"target\":{\"@type\":\"EntryPoint\",\"urlTemplate\":\"https:\/\/dominiumwine.com\/?s={search_term_string}\"},\"query-input\":\"required name=search_term_string\"}],\"inLanguage\":\"en-US\"},{\"@type\":\"Organization\",\"@id\":\"https:\/\/dominiumwine.com\/#organization\",\"name\":\"Dominium Pinc\u00e9szet\",\"url\":\"https:\/\/dominiumwine.com\/\",\"logo\":{\"@type\":\"ImageObject\",\"inLanguage\":\"en-US\",\"@id\":\"https:\/\/dominiumwine.com\/#\/schema\/logo\/image\/\",\"url\":\"https:\/\/dominiumwine.com\/wp-content\/uploads\/2023\/09\/13254653_1555236881446304_5392041322926135012_o.png\",\"contentUrl\":\"https:\/\/dominiumwine.com\/wp-content\/uploads\/2023\/09\/13254653_1555236881446304_5392041322926135012_o.png\",\"width\":2048,\"height\":1447,\"caption\":\"Dominium Pinc\u00e9szet\"},\"image\":{\"@id\":\"https:\/\/dominiumwine.com\/#\/schema\/logo\/image\/\"}}]}<\/script>\n<!-- \/ Yoast SEO plugin. -->","yoast_head_json":{"title":"Furmint 2023 - Dominium Pinc\u00e9szet","description":"Furmint borunknak illat\u00e1ban mazsola, m\u00e9z \u00e9s f\u00fcge domin\u00e1l, amelyeket az \u00edzvil\u00e1gban is felfedezhet\u00fcnk, enyh\u00e9n \u00e9rett alm\u00e1s jegyekkel \u00e9s doh\u00e1nyos \u00e1rnyalatokkal.","robots":{"index":"index","follow":"follow","max-snippet":"max-snippet:-1","max-image-preview":"max-image-preview:large","max-video-preview":"max-video-preview:-1"},"canonical":"https:\/\/dominiumwine.com\/en\/product\/furmint-2023\/","og_locale":"en_US","og_type":"article","og_title":"Furmint 2023 - Dominium Pinc\u00e9szet","og_description":"Furmint borunknak illat\u00e1ban mazsola, m\u00e9z \u00e9s f\u00fcge domin\u00e1l, amelyeket az \u00edzvil\u00e1gban is felfedezhet\u00fcnk, enyh\u00e9n \u00e9rett alm\u00e1s jegyekkel \u00e9s doh\u00e1nyos \u00e1rnyalatokkal.","og_url":"https:\/\/dominiumwine.com\/en\/product\/furmint-2023\/","og_site_name":"Dominium Pinc\u00e9szet","article_modified_time":"2026-03-22T13:33:59+00:00","og_image":[{"width":1080,"height":1080,"url":"http:\/\/dominiumwine.com\/wp-content\/uploads\/2025\/07\/furmint-hisztamin-mentes.png","type":"image\/png"}],"twitter_card":"summary_large_image","twitter_misc":{"Est. reading time":"1 minute"},"schema":{"@context":"https:\/\/schema.org","@graph":[{"@type":"WebPage","@id":"https:\/\/dominiumwine.com\/product\/furmint-2023\/","url":"https:\/\/dominiumwine.com\/product\/furmint-2023\/","name":"Furmint 2023 - Dominium Pinc\u00e9szet","isPartOf":{"@id":"https:\/\/dominiumwine.com\/#website"},"primaryImageOfPage":{"@id":"https:\/\/dominiumwine.com\/product\/furmint-2023\/#primaryimage"},"image":{"@id":"https:\/\/dominiumwine.com\/product\/furmint-2023\/#primaryimage"},"thumbnailUrl":"https:\/\/dominiumwine.com\/wp-content\/uploads\/2025\/07\/furmint-hisztamin-mentes.png","datePublished":"2025-07-12T15:40:58+00:00","dateModified":"2026-03-22T13:33:59+00:00","description":"Furmint borunknak illat\u00e1ban mazsola, m\u00e9z \u00e9s f\u00fcge domin\u00e1l, amelyeket az \u00edzvil\u00e1gban is felfedezhet\u00fcnk, enyh\u00e9n \u00e9rett alm\u00e1s jegyekkel \u00e9s doh\u00e1nyos \u00e1rnyalatokkal.","breadcrumb":{"@id":"https:\/\/dominiumwine.com\/product\/furmint-2023\/#breadcrumb"},"inLanguage":"en-US","potentialAction":[{"@type":"ReadAction","target":["https:\/\/dominiumwine.com\/product\/furmint-2023\/"]}]},{"@type":"ImageObject","inLanguage":"en-US","@id":"https:\/\/dominiumwine.com\/product\/furmint-2023\/#primaryimage","url":"https:\/\/dominiumwine.com\/wp-content\/uploads\/2025\/07\/furmint-hisztamin-mentes.png","contentUrl":"https:\/\/dominiumwine.com\/wp-content\/uploads\/2025\/07\/furmint-hisztamin-mentes.png","width":1080,"height":1080},{"@type":"BreadcrumbList","@id":"https:\/\/dominiumwine.com\/product\/furmint-2023\/#breadcrumb","itemListElement":[{"@type":"ListItem","position":1,"name":"Kezd\u0151lap","item":"https:\/\/dominiumwine.com\/"},{"@type":"ListItem","position":2,"name":"Term\u00e9kek","item":"https:\/\/dominiumwine.com\/shop\/"},{"@type":"ListItem","position":3,"name":"Furmint 2023"}]},{"@type":"WebSite","@id":"https:\/\/dominiumwine.com\/#website","url":"https:\/\/dominiumwine.com\/","name":"Dominium Pinc\u00e9szet","description":"Term\u00e9szetess\u00e9g, min\u0151s\u00e9g, odaad\u00e1s.","publisher":{"@id":"https:\/\/dominiumwine.com\/#organization"},"potentialAction":[{"@type":"SearchAction","target":{"@type":"EntryPoint","urlTemplate":"https:\/\/dominiumwine.com\/?s={search_term_string}"},"query-input":"required name=search_term_string"}],"inLanguage":"en-US"},{"@type":"Organization","@id":"https:\/\/dominiumwine.com\/#organization","name":"Dominium Pinc\u00e9szet","url":"https:\/\/dominiumwine.com\/","logo":{"@type":"ImageObject","inLanguage":"en-US","@id":"https:\/\/dominiumwine.com\/#\/schema\/logo\/image\/","url":"https:\/\/dominiumwine.com\/wp-content\/uploads\/2023\/09\/13254653_1555236881446304_5392041322926135012_o.png","contentUrl":"https:\/\/dominiumwine.com\/wp-content\/uploads\/2023\/09\/13254653_1555236881446304_5392041322926135012_o.png","width":2048,"height":1447,"caption":"Dominium Pinc\u00e9szet"},"image":{"@id":"https:\/\/dominiumwine.com\/#\/schema\/logo\/image\/"}}]}},"jetpack_sharing_enabled":true,"_links":{"self":[{"href":"https:\/\/dominiumwine.com\/en\/wp-json\/wp\/v2\/product\/2280","targetHints":{"allow":["GET"]}}],"collection":[{"href":"https:\/\/dominiumwine.com\/en\/wp-json\/wp\/v2\/product"}],"about":[{"href":"https:\/\/dominiumwine.com\/en\/wp-json\/wp\/v2\/types\/product"}],"wp:featuredmedia":[{"embeddable":true,"href":"https:\/\/dominiumwine.com\/en\/wp-json\/wp\/v2\/media\/2437"}],"wp:attachment":[{"href":"https:\/\/dominiumwine.com\/en\/wp-json\/wp\/v2\/media?parent=2280"}],"wp:term":[{"taxonomy":"product_cat","embeddable":true,"href":"https:\/\/dominiumwine.com\/en\/wp-json\/wp\/v2\/product_cat?post=2280"},{"taxonomy":"product_tag","embeddable":true,"href":"https:\/\/dominiumwine.com\/en\/wp-json\/wp\/v2\/product_tag?post=2280"}],"curies":[{"name":"wp","href":"https:\/\/api.w.org\/{rel}","templated":true}]}}