{"id":2281,"date":"2025-07-12T15:45:07","date_gmt":"2025-07-12T15:45:07","guid":{"rendered":"https:\/\/dominiumwine.com\/?post_type=product&#038;p=2281"},"modified":"2025-08-09T13:14:46","modified_gmt":"2025-08-09T13:14:46","slug":"lelek-2022","status":"publish","type":"product","link":"https:\/\/dominiumwine.com\/en\/product\/lelek-2022\/","title":{"rendered":"L\u00e9lek 2022"},"content":{"rendered":"<div>Sz\u0151l\u0151fajta\u00a0 \u00a0 \u00a0 \u00a0 \u00a0 \u00a0 \u00a0 \u00a0 \u00a0 \u00a0 \u00a0 \u00a0 \u00a0 \u00a0 \u00a0 \u00a0 \u00a0 \u00a0 <span data-sheets-root=\"1\">Cabernet Franc 50%, Merlot 25% \u00e9s Cabernet Sauvignon 25%<\/span><\/div>\n<div><\/div>\n<div>\u00c9vj\u00e1rat\u00a0 \u00a0 \u00a0 \u00a0 \u00a0 \u00a0 \u00a0 \u00a0 \u00a0 \u00a0 \u00a0 \u00a0 \u00a0 \u00a0 \u00a0 \u00a0 \u00a0 \u00a0 \u00a0 \u00a0 \u00a02022<\/div>\n<div><\/div>\n<div>Bork\u00e9sz\u00edt\u00e9s\u00a0 \u00a0 \u00a0 \u00a0 \u00a0 \u00a0 \u00a0 \u00a0 \u00a0 \u00a0 \u00a0 \u00a0 \u00a0 \u00a0 \u00a0 \u00a0 \u00a0A<span data-sheets-root=\"1\">c\u00e9lk\u00e1das erjeszt\u00e9s 100%<\/span><\/div>\n<div><\/div>\n<div>\u00c9rlel\u00e9s\u00a0 \u00a0 \u00a0 \u00a0 \u00a0 \u00a0 \u00a0 \u00a0 \u00a0 \u00a0 \u00a0 \u00a0 \u00a0 \u00a0 \u00a0 \u00a0 \u00a0 \u00a0 \u00a0 \u00a0 \u00a0<span data-sheets-root=\"1\">Magyar-amerikai t\u00f6lgyfahord\u00f3s<\/span><\/div>\n<div><\/div>\n<div>Alkohol\u00a0 \u00a0 \u00a0 \u00a0 \u00a0 \u00a0 \u00a0 \u00a0 \u00a0 \u00a0 \u00a0 \u00a0 \u00a0 \u00a0 \u00a0 \u00a0 \u00a0 \u00a0 \u00a0 \u00a0 14,5%<\/div>\n<div><\/div>\n<div>Sz\u00e1razs\u00e1gi fok\u00a0 \u00a0 \u00a0 \u00a0 \u00a0 \u00a0 \u00a0 \u00a0 \u00a0 \u00a0 \u00a0 \u00a0 \u00a0 \u00a0 Sz\u00e1raz<\/div>\n<div><\/div>\n<div>Fogyaszt\u00e1si h\u0151m\u00e9rs\u00e9klet\u00a0 \u00a0 \u00a0 \u00a0 \u00a018 \u00b0C<\/div>","protected":false},"excerpt":{"rendered":"<p><span data-sheets-root=\"1\">Klasszikus h\u00e1zas\u00edt\u00e1s Cabernet Franc, Merlot \u00e9s Cabernet Sauvignon fajt\u00e1kb\u00f3l, mely t\u00e9telek \u00f6n\u00e1ll\u00f3an 21 h\u00f3napot \u00e9rlel\u0151dtek magyar \u00e9s amerikai t\u00f6lgyfahord\u00f3kban, majd v\u00e9gs\u0151 form\u00e1j\u00e1t m\u00e1r h\u00e1zas\u00edtva, 4 h\u00f3napos tart\u00e1lyos \u00e9rlel\u00e9ssel \u00e9rte el. Illat\u00e1ban cseresznye, meggy \u00e9s piros ribizli domin\u00e1l, amelyeket az \u00edzvil\u00e1gban gazdag van\u00edli\u00e1s \u00e9s csokol\u00e1d\u00e9s jegyek eg\u00e9sz\u00edtenek ki. Egy modern bor a hagyom\u00e1ny \u00e9s az innov\u00e1ci\u00f3 t\u00f6k\u00e9letes egyens\u00faly\u00e1val.<\/span><\/p>","protected":false},"featured_media":2332,"template":"","meta":[],"product_cat":[21],"product_tag":[],"class_list":{"0":"post-2281","1":"product","2":"type-product","3":"status-publish","4":"has-post-thumbnail","6":"product_cat-vorosboraink","8":"first","9":"instock","10":"taxable","11":"shipping-taxable","12":"purchasable","13":"product-type-simple"},"yoast_head":"<!-- This site is optimized with the Yoast SEO plugin v23.0 - https:\/\/yoast.com\/wordpress\/plugins\/seo\/ -->\n<title>L\u00e9lek 2022 - Dominium Pinc\u00e9szet<\/title>\n<meta name=\"description\" content=\"Klasszikus h\u00e1zas\u00edt\u00e1s Cabernet Franc, Merlot \u00e9s Cabernet Sauvignon fajt\u00e1kb\u00f3l, mely t\u00e9telek \u00f6n\u00e1ll\u00f3an 21 h\u00f3napot \u00e9rlel\u0151dtek magyar \u00e9s amerikai t\u00f6lgyfahord\u00f3kban\" \/>\n<meta name=\"robots\" content=\"index, follow, max-snippet:-1, max-image-preview:large, max-video-preview:-1\" \/>\n<link rel=\"canonical\" href=\"https:\/\/dominiumwine.com\/en\/product\/lelek-2022\/\" \/>\n<meta property=\"og:locale\" content=\"en_US\" \/>\n<meta property=\"og:type\" content=\"article\" \/>\n<meta property=\"og:title\" content=\"L\u00e9lek 2022 - Dominium Pinc\u00e9szet\" \/>\n<meta property=\"og:description\" content=\"Klasszikus h\u00e1zas\u00edt\u00e1s Cabernet Franc, Merlot \u00e9s Cabernet Sauvignon fajt\u00e1kb\u00f3l, mely t\u00e9telek \u00f6n\u00e1ll\u00f3an 21 h\u00f3napot \u00e9rlel\u0151dtek magyar \u00e9s amerikai t\u00f6lgyfahord\u00f3kban\" \/>\n<meta property=\"og:url\" content=\"https:\/\/dominiumwine.com\/en\/product\/lelek-2022\/\" \/>\n<meta property=\"og:site_name\" content=\"Dominium Pinc\u00e9szet\" \/>\n<meta property=\"article:modified_time\" content=\"2025-08-09T13:14:46+00:00\" \/>\n<meta property=\"og:image\" content=\"http:\/\/dominiumwine.com\/wp-content\/uploads\/2024\/12\/lelek.png\" \/>\n\t<meta property=\"og:image:width\" content=\"1080\" \/>\n\t<meta property=\"og:image:height\" content=\"1080\" \/>\n\t<meta property=\"og:image:type\" content=\"image\/png\" \/>\n<meta name=\"twitter:card\" content=\"summary_large_image\" \/>\n<meta name=\"twitter:label1\" content=\"Est. reading time\" \/>\n\t<meta name=\"twitter:data1\" content=\"1 minute\" \/>\n<script type=\"application\/ld+json\" class=\"yoast-schema-graph\">{\"@context\":\"https:\/\/schema.org\",\"@graph\":[{\"@type\":\"WebPage\",\"@id\":\"https:\/\/dominiumwine.com\/product\/lelek-2022\/\",\"url\":\"https:\/\/dominiumwine.com\/product\/lelek-2022\/\",\"name\":\"L\u00e9lek 2022 - Dominium Pinc\u00e9szet\",\"isPartOf\":{\"@id\":\"https:\/\/dominiumwine.com\/#website\"},\"primaryImageOfPage\":{\"@id\":\"https:\/\/dominiumwine.com\/product\/lelek-2022\/#primaryimage\"},\"image\":{\"@id\":\"https:\/\/dominiumwine.com\/product\/lelek-2022\/#primaryimage\"},\"thumbnailUrl\":\"https:\/\/dominiumwine.com\/wp-content\/uploads\/2024\/12\/lelek.png\",\"datePublished\":\"2025-07-12T15:45:07+00:00\",\"dateModified\":\"2025-08-09T13:14:46+00:00\",\"description\":\"Klasszikus h\u00e1zas\u00edt\u00e1s Cabernet Franc, Merlot \u00e9s Cabernet Sauvignon fajt\u00e1kb\u00f3l, mely t\u00e9telek \u00f6n\u00e1ll\u00f3an 21 h\u00f3napot \u00e9rlel\u0151dtek magyar \u00e9s amerikai t\u00f6lgyfahord\u00f3kban\",\"breadcrumb\":{\"@id\":\"https:\/\/dominiumwine.com\/product\/lelek-2022\/#breadcrumb\"},\"inLanguage\":\"en-US\",\"potentialAction\":[{\"@type\":\"ReadAction\",\"target\":[\"https:\/\/dominiumwine.com\/product\/lelek-2022\/\"]}]},{\"@type\":\"ImageObject\",\"inLanguage\":\"en-US\",\"@id\":\"https:\/\/dominiumwine.com\/product\/lelek-2022\/#primaryimage\",\"url\":\"https:\/\/dominiumwine.com\/wp-content\/uploads\/2024\/12\/lelek.png\",\"contentUrl\":\"https:\/\/dominiumwine.com\/wp-content\/uploads\/2024\/12\/lelek.png\",\"width\":1080,\"height\":1080},{\"@type\":\"BreadcrumbList\",\"@id\":\"https:\/\/dominiumwine.com\/product\/lelek-2022\/#breadcrumb\",\"itemListElement\":[{\"@type\":\"ListItem\",\"position\":1,\"name\":\"Kezd\u0151lap\",\"item\":\"https:\/\/dominiumwine.com\/\"},{\"@type\":\"ListItem\",\"position\":2,\"name\":\"Term\u00e9kek\",\"item\":\"https:\/\/dominiumwine.com\/shop\/\"},{\"@type\":\"ListItem\",\"position\":3,\"name\":\"L\u00e9lek 2022\"}]},{\"@type\":\"WebSite\",\"@id\":\"https:\/\/dominiumwine.com\/#website\",\"url\":\"https:\/\/dominiumwine.com\/\",\"name\":\"Dominium Pinc\u00e9szet\",\"description\":\"Term\u00e9szetess\u00e9g, min\u0151s\u00e9g, odaad\u00e1s.\",\"publisher\":{\"@id\":\"https:\/\/dominiumwine.com\/#organization\"},\"potentialAction\":[{\"@type\":\"SearchAction\",\"target\":{\"@type\":\"EntryPoint\",\"urlTemplate\":\"https:\/\/dominiumwine.com\/?s={search_term_string}\"},\"query-input\":\"required name=search_term_string\"}],\"inLanguage\":\"en-US\"},{\"@type\":\"Organization\",\"@id\":\"https:\/\/dominiumwine.com\/#organization\",\"name\":\"Dominium Pinc\u00e9szet\",\"url\":\"https:\/\/dominiumwine.com\/\",\"logo\":{\"@type\":\"ImageObject\",\"inLanguage\":\"en-US\",\"@id\":\"https:\/\/dominiumwine.com\/#\/schema\/logo\/image\/\",\"url\":\"https:\/\/dominiumwine.com\/wp-content\/uploads\/2023\/09\/13254653_1555236881446304_5392041322926135012_o.png\",\"contentUrl\":\"https:\/\/dominiumwine.com\/wp-content\/uploads\/2023\/09\/13254653_1555236881446304_5392041322926135012_o.png\",\"width\":2048,\"height\":1447,\"caption\":\"Dominium Pinc\u00e9szet\"},\"image\":{\"@id\":\"https:\/\/dominiumwine.com\/#\/schema\/logo\/image\/\"}}]}<\/script>\n<!-- \/ Yoast SEO plugin. -->","yoast_head_json":{"title":"L\u00e9lek 2022 - Dominium Pinc\u00e9szet","description":"Klasszikus h\u00e1zas\u00edt\u00e1s Cabernet Franc, Merlot \u00e9s Cabernet Sauvignon fajt\u00e1kb\u00f3l, mely t\u00e9telek \u00f6n\u00e1ll\u00f3an 21 h\u00f3napot \u00e9rlel\u0151dtek magyar \u00e9s amerikai t\u00f6lgyfahord\u00f3kban","robots":{"index":"index","follow":"follow","max-snippet":"max-snippet:-1","max-image-preview":"max-image-preview:large","max-video-preview":"max-video-preview:-1"},"canonical":"https:\/\/dominiumwine.com\/en\/product\/lelek-2022\/","og_locale":"en_US","og_type":"article","og_title":"L\u00e9lek 2022 - Dominium Pinc\u00e9szet","og_description":"Klasszikus h\u00e1zas\u00edt\u00e1s Cabernet Franc, Merlot \u00e9s Cabernet Sauvignon fajt\u00e1kb\u00f3l, mely t\u00e9telek \u00f6n\u00e1ll\u00f3an 21 h\u00f3napot \u00e9rlel\u0151dtek magyar \u00e9s amerikai t\u00f6lgyfahord\u00f3kban","og_url":"https:\/\/dominiumwine.com\/en\/product\/lelek-2022\/","og_site_name":"Dominium Pinc\u00e9szet","article_modified_time":"2025-08-09T13:14:46+00:00","og_image":[{"width":1080,"height":1080,"url":"http:\/\/dominiumwine.com\/wp-content\/uploads\/2024\/12\/lelek.png","type":"image\/png"}],"twitter_card":"summary_large_image","twitter_misc":{"Est. reading time":"1 minute"},"schema":{"@context":"https:\/\/schema.org","@graph":[{"@type":"WebPage","@id":"https:\/\/dominiumwine.com\/product\/lelek-2022\/","url":"https:\/\/dominiumwine.com\/product\/lelek-2022\/","name":"L\u00e9lek 2022 - Dominium Pinc\u00e9szet","isPartOf":{"@id":"https:\/\/dominiumwine.com\/#website"},"primaryImageOfPage":{"@id":"https:\/\/dominiumwine.com\/product\/lelek-2022\/#primaryimage"},"image":{"@id":"https:\/\/dominiumwine.com\/product\/lelek-2022\/#primaryimage"},"thumbnailUrl":"https:\/\/dominiumwine.com\/wp-content\/uploads\/2024\/12\/lelek.png","datePublished":"2025-07-12T15:45:07+00:00","dateModified":"2025-08-09T13:14:46+00:00","description":"Klasszikus h\u00e1zas\u00edt\u00e1s Cabernet Franc, Merlot \u00e9s Cabernet Sauvignon fajt\u00e1kb\u00f3l, mely t\u00e9telek \u00f6n\u00e1ll\u00f3an 21 h\u00f3napot \u00e9rlel\u0151dtek magyar \u00e9s amerikai t\u00f6lgyfahord\u00f3kban","breadcrumb":{"@id":"https:\/\/dominiumwine.com\/product\/lelek-2022\/#breadcrumb"},"inLanguage":"en-US","potentialAction":[{"@type":"ReadAction","target":["https:\/\/dominiumwine.com\/product\/lelek-2022\/"]}]},{"@type":"ImageObject","inLanguage":"en-US","@id":"https:\/\/dominiumwine.com\/product\/lelek-2022\/#primaryimage","url":"https:\/\/dominiumwine.com\/wp-content\/uploads\/2024\/12\/lelek.png","contentUrl":"https:\/\/dominiumwine.com\/wp-content\/uploads\/2024\/12\/lelek.png","width":1080,"height":1080},{"@type":"BreadcrumbList","@id":"https:\/\/dominiumwine.com\/product\/lelek-2022\/#breadcrumb","itemListElement":[{"@type":"ListItem","position":1,"name":"Kezd\u0151lap","item":"https:\/\/dominiumwine.com\/"},{"@type":"ListItem","position":2,"name":"Term\u00e9kek","item":"https:\/\/dominiumwine.com\/shop\/"},{"@type":"ListItem","position":3,"name":"L\u00e9lek 2022"}]},{"@type":"WebSite","@id":"https:\/\/dominiumwine.com\/#website","url":"https:\/\/dominiumwine.com\/","name":"Dominium Pinc\u00e9szet","description":"Term\u00e9szetess\u00e9g, min\u0151s\u00e9g, odaad\u00e1s.","publisher":{"@id":"https:\/\/dominiumwine.com\/#organization"},"potentialAction":[{"@type":"SearchAction","target":{"@type":"EntryPoint","urlTemplate":"https:\/\/dominiumwine.com\/?s={search_term_string}"},"query-input":"required name=search_term_string"}],"inLanguage":"en-US"},{"@type":"Organization","@id":"https:\/\/dominiumwine.com\/#organization","name":"Dominium Pinc\u00e9szet","url":"https:\/\/dominiumwine.com\/","logo":{"@type":"ImageObject","inLanguage":"en-US","@id":"https:\/\/dominiumwine.com\/#\/schema\/logo\/image\/","url":"https:\/\/dominiumwine.com\/wp-content\/uploads\/2023\/09\/13254653_1555236881446304_5392041322926135012_o.png","contentUrl":"https:\/\/dominiumwine.com\/wp-content\/uploads\/2023\/09\/13254653_1555236881446304_5392041322926135012_o.png","width":2048,"height":1447,"caption":"Dominium Pinc\u00e9szet"},"image":{"@id":"https:\/\/dominiumwine.com\/#\/schema\/logo\/image\/"}}]}},"jetpack_sharing_enabled":true,"_links":{"self":[{"href":"https:\/\/dominiumwine.com\/en\/wp-json\/wp\/v2\/product\/2281","targetHints":{"allow":["GET"]}}],"collection":[{"href":"https:\/\/dominiumwine.com\/en\/wp-json\/wp\/v2\/product"}],"about":[{"href":"https:\/\/dominiumwine.com\/en\/wp-json\/wp\/v2\/types\/product"}],"wp:featuredmedia":[{"embeddable":true,"href":"https:\/\/dominiumwine.com\/en\/wp-json\/wp\/v2\/media\/2332"}],"wp:attachment":[{"href":"https:\/\/dominiumwine.com\/en\/wp-json\/wp\/v2\/media?parent=2281"}],"wp:term":[{"taxonomy":"product_cat","embeddable":true,"href":"https:\/\/dominiumwine.com\/en\/wp-json\/wp\/v2\/product_cat?post=2281"},{"taxonomy":"product_tag","embeddable":true,"href":"https:\/\/dominiumwine.com\/en\/wp-json\/wp\/v2\/product_tag?post=2281"}],"curies":[{"name":"wp","href":"https:\/\/api.w.org\/{rel}","templated":true}]}}