{"id":2282,"date":"2025-07-12T15:50:34","date_gmt":"2025-07-12T15:50:34","guid":{"rendered":"https:\/\/dominiumwine.com\/?post_type=product&#038;p=2282"},"modified":"2026-03-22T13:30:44","modified_gmt":"2026-03-22T13:30:44","slug":"merlot-2023","status":"publish","type":"product","link":"https:\/\/dominiumwine.com\/en\/product\/merlot-2023\/","title":{"rendered":"Merlot 2023"},"content":{"rendered":"<div>Sz\u0151l\u0151fajta\u00a0 \u00a0 \u00a0 \u00a0 \u00a0 \u00a0 \u00a0 \u00a0 \u00a0 \u00a0 \u00a0 \u00a0 \u00a0 \u00a0 \u00a0 \u00a0 \u00a0 \u00a0 \u00a0 Merlot 100%<\/div>\n<div><\/div>\n<div>\u00c9vj\u00e1rat\u00a0\u00a0\u00a0\u00a0\u00a0\u00a0\u00a0\u00a0\u00a0\u00a0\u00a0\u00a0\u00a0\u00a0\u00a0\u00a0\u00a0\u00a0\u00a0\u00a0\u00a0\u00a0\u00a0\u00a0\u00a0\u00a0\u00a0\u00a0\u00a0\u00a0\u00a0\u00a0\u00a0\u00a0\u00a0\u00a0\u00a0\u00a0\u00a0\u00a0\u00a0\u00a0 2023<\/div>\n<div><\/div>\n<div>Bork\u00e9sz\u00edt\u00e9s\u00a0 \u00a0 \u00a0 \u00a0 \u00a0 \u00a0 \u00a0 \u00a0 \u00a0 \u00a0 \u00a0 \u00a0 \u00a0 \u00a0 \u00a0 \u00a0 \u00a0 \u00a0<span data-sheets-root=\"1\">Ac\u00e9lk\u00e1das erjeszt\u00e9s<\/span><span data-sheets-value=\"{&quot;1&quot;:2,&quot;2&quot;:&quot;Ny\u00edlt k\u00e1das erjeszt\u00e9s 100 %&quot;}\" data-sheets-userformat=\"{&quot;2&quot;:769,&quot;3&quot;:{&quot;1&quot;:0},&quot;11&quot;:4,&quot;12&quot;:0}\">\u00a0100 %<\/span><\/div>\n<div><\/div>\n<div>\u00c9rlel\u00e9s\u00a0 \u00a0 \u00a0 \u00a0 \u00a0 \u00a0 \u00a0 \u00a0 \u00a0 \u00a0 \u00a0 \u00a0 \u00a0 \u00a0 \u00a0 \u00a0 \u00a0 \u00a0 \u00a0 \u00a0 \u00a0 \u00a0\u00da<span data-sheets-root=\"1\">j \u00e9s harmadt\u00f6lt\u00e9s\u0171 magyar-amerikai-francia t\u00f6lgyfahord\u00f3s<\/span><\/div>\n<div><\/div>\n<div>Alkohol\u00a0 \u00a0 \u00a0 \u00a0 \u00a0 \u00a0 \u00a0 \u00a0 \u00a0 \u00a0 \u00a0 \u00a0 \u00a0 \u00a0 \u00a0 \u00a0 \u00a0 \u00a0 \u00a0 \u00a0 \u00a014,5 %<\/div>\n<div><\/div>\n<div>Sz\u00e1razs\u00e1gi fok\u00a0 \u00a0 \u00a0 \u00a0 \u00a0 \u00a0 \u00a0 \u00a0 \u00a0 \u00a0 \u00a0 \u00a0 \u00a0 \u00a0 \u00a0Sz\u00e1raz<\/div>\n<div><\/div>\n<div>Fogyaszt\u00e1si h\u0151m\u00e9rs\u00e9klet\u00a0 \u00a0 \u00a0 \u00a0 \u00a0 18\u00b0C<\/div>","protected":false},"excerpt":{"rendered":"<p><span data-sheets-root=\"1\">Egy korty a M\u00e1trai borvid\u00e9k gy\u00f6ngyszem\u00e9b\u0151l, a k\u00fcl\u00f6nleges Gereg-d\u0171l\u0151b\u0151l. A bor organikus m\u0171vel\u00e9ssel, szigor\u00fa term\u00e9skorl\u00e1toz\u00e1ssal \u00e9s term\u00e9szetess\u00e9get t\u00fckr\u00f6z\u0151 bork\u00e9sz\u00edt\u00e9si elj\u00e1r\u00e1ssal sz\u00fcletett meg \u2013 nincs benne m\u00e1s, csak a tiszta sz\u0151l\u0151 \u00e9s a szenved\u00e9ly. 2023-as hord\u00f3v\u00e1logat\u00e1sunk 13 h\u00f3napon \u00e1t \u00e9rlel\u0151d\u00f6tt magyar, amerikai \u00e9s francia t\u00f6lgyfahord\u00f3k \u00f6lel\u00e9s\u00e9ben. Illat\u00e1ban \u00e9s \u00edz\u00e9ben az \u00e9rett meggy hat\u00e1rozott karaktere bontakozik ki, amit l\u00e1gy csokol\u00e1d\u00e9s, kaka\u00f3s jegyek tesznek m\u00e9g k\u00fcl\u00f6nlegesebb\u00e9. Tapasztald meg Te is ezt a p\u00e1ratlan \u00edz\u00e9lm\u00e9nyt! Ez a t\u00e9tel\u00fcnk arany min\u0151s\u00edt\u00e9st kapott a rangos Berliner Wein Trophy nemzetk\u00f6zi borversenyen.\u00a0<\/span><\/p>","protected":false},"featured_media":2435,"template":"","meta":[],"product_cat":[21],"product_tag":[],"class_list":{"0":"post-2282","1":"product","2":"type-product","3":"status-publish","4":"has-post-thumbnail","6":"product_cat-vorosboraink","8":"first","9":"instock","10":"taxable","11":"shipping-taxable","12":"purchasable","13":"product-type-simple"},"yoast_head":"<!-- This site is optimized with the Yoast SEO plugin v23.0 - https:\/\/yoast.com\/wordpress\/plugins\/seo\/ -->\n<title>Merlot 2023 - Dominium Pinc\u00e9szet<\/title>\n<meta name=\"description\" content=\"Merlot borunk organikus m\u0171vel\u00e9ssel, szigor\u00fa term\u00e9skorl\u00e1toz\u00e1ssal \u00e9s term\u00e9szetes bork\u00e9sz\u00edt\u00e9si elj\u00e1r\u00e1ssal sz\u00fcletett \u2013 csak tiszta sz\u0151l\u0151 \u00e9s a szenved\u00e9ly.\" \/>\n<meta name=\"robots\" content=\"index, follow, max-snippet:-1, max-image-preview:large, max-video-preview:-1\" \/>\n<link rel=\"canonical\" href=\"https:\/\/dominiumwine.com\/en\/product\/merlot-2023\/\" \/>\n<meta property=\"og:locale\" content=\"en_US\" \/>\n<meta property=\"og:type\" content=\"article\" \/>\n<meta property=\"og:title\" content=\"Merlot 2023 - Dominium Pinc\u00e9szet\" \/>\n<meta property=\"og:description\" content=\"Merlot borunk organikus m\u0171vel\u00e9ssel, szigor\u00fa term\u00e9skorl\u00e1toz\u00e1ssal \u00e9s term\u00e9szetes bork\u00e9sz\u00edt\u00e9si elj\u00e1r\u00e1ssal sz\u00fcletett \u2013 csak tiszta sz\u0151l\u0151 \u00e9s a szenved\u00e9ly.\" \/>\n<meta property=\"og:url\" content=\"https:\/\/dominiumwine.com\/en\/product\/merlot-2023\/\" \/>\n<meta property=\"og:site_name\" content=\"Dominium Pinc\u00e9szet\" \/>\n<meta property=\"article:modified_time\" content=\"2026-03-22T13:30:44+00:00\" \/>\n<meta property=\"og:image\" content=\"http:\/\/dominiumwine.com\/wp-content\/uploads\/2025\/07\/merlot-Berlini-arany.png\" \/>\n\t<meta property=\"og:image:width\" content=\"1080\" \/>\n\t<meta property=\"og:image:height\" content=\"1080\" \/>\n\t<meta property=\"og:image:type\" content=\"image\/png\" \/>\n<meta name=\"twitter:card\" content=\"summary_large_image\" \/>\n<meta name=\"twitter:label1\" content=\"Est. reading time\" \/>\n\t<meta name=\"twitter:data1\" content=\"1 minute\" \/>\n<script type=\"application\/ld+json\" class=\"yoast-schema-graph\">{\"@context\":\"https:\/\/schema.org\",\"@graph\":[{\"@type\":\"WebPage\",\"@id\":\"https:\/\/dominiumwine.com\/product\/merlot-2023\/\",\"url\":\"https:\/\/dominiumwine.com\/product\/merlot-2023\/\",\"name\":\"Merlot 2023 - Dominium Pinc\u00e9szet\",\"isPartOf\":{\"@id\":\"https:\/\/dominiumwine.com\/#website\"},\"primaryImageOfPage\":{\"@id\":\"https:\/\/dominiumwine.com\/product\/merlot-2023\/#primaryimage\"},\"image\":{\"@id\":\"https:\/\/dominiumwine.com\/product\/merlot-2023\/#primaryimage\"},\"thumbnailUrl\":\"https:\/\/dominiumwine.com\/wp-content\/uploads\/2025\/07\/merlot-Berlini-arany.png\",\"datePublished\":\"2025-07-12T15:50:34+00:00\",\"dateModified\":\"2026-03-22T13:30:44+00:00\",\"description\":\"Merlot borunk organikus m\u0171vel\u00e9ssel, szigor\u00fa term\u00e9skorl\u00e1toz\u00e1ssal \u00e9s term\u00e9szetes bork\u00e9sz\u00edt\u00e9si elj\u00e1r\u00e1ssal sz\u00fcletett \u2013 csak tiszta sz\u0151l\u0151 \u00e9s a szenved\u00e9ly.\",\"breadcrumb\":{\"@id\":\"https:\/\/dominiumwine.com\/product\/merlot-2023\/#breadcrumb\"},\"inLanguage\":\"en-US\",\"potentialAction\":[{\"@type\":\"ReadAction\",\"target\":[\"https:\/\/dominiumwine.com\/product\/merlot-2023\/\"]}]},{\"@type\":\"ImageObject\",\"inLanguage\":\"en-US\",\"@id\":\"https:\/\/dominiumwine.com\/product\/merlot-2023\/#primaryimage\",\"url\":\"https:\/\/dominiumwine.com\/wp-content\/uploads\/2025\/07\/merlot-Berlini-arany.png\",\"contentUrl\":\"https:\/\/dominiumwine.com\/wp-content\/uploads\/2025\/07\/merlot-Berlini-arany.png\",\"width\":1080,\"height\":1080},{\"@type\":\"BreadcrumbList\",\"@id\":\"https:\/\/dominiumwine.com\/product\/merlot-2023\/#breadcrumb\",\"itemListElement\":[{\"@type\":\"ListItem\",\"position\":1,\"name\":\"Kezd\u0151lap\",\"item\":\"https:\/\/dominiumwine.com\/\"},{\"@type\":\"ListItem\",\"position\":2,\"name\":\"Term\u00e9kek\",\"item\":\"https:\/\/dominiumwine.com\/shop\/\"},{\"@type\":\"ListItem\",\"position\":3,\"name\":\"Merlot 2023\"}]},{\"@type\":\"WebSite\",\"@id\":\"https:\/\/dominiumwine.com\/#website\",\"url\":\"https:\/\/dominiumwine.com\/\",\"name\":\"Dominium Pinc\u00e9szet\",\"description\":\"Term\u00e9szetess\u00e9g, min\u0151s\u00e9g, odaad\u00e1s.\",\"publisher\":{\"@id\":\"https:\/\/dominiumwine.com\/#organization\"},\"potentialAction\":[{\"@type\":\"SearchAction\",\"target\":{\"@type\":\"EntryPoint\",\"urlTemplate\":\"https:\/\/dominiumwine.com\/?s={search_term_string}\"},\"query-input\":\"required name=search_term_string\"}],\"inLanguage\":\"en-US\"},{\"@type\":\"Organization\",\"@id\":\"https:\/\/dominiumwine.com\/#organization\",\"name\":\"Dominium Pinc\u00e9szet\",\"url\":\"https:\/\/dominiumwine.com\/\",\"logo\":{\"@type\":\"ImageObject\",\"inLanguage\":\"en-US\",\"@id\":\"https:\/\/dominiumwine.com\/#\/schema\/logo\/image\/\",\"url\":\"https:\/\/dominiumwine.com\/wp-content\/uploads\/2023\/09\/13254653_1555236881446304_5392041322926135012_o.png\",\"contentUrl\":\"https:\/\/dominiumwine.com\/wp-content\/uploads\/2023\/09\/13254653_1555236881446304_5392041322926135012_o.png\",\"width\":2048,\"height\":1447,\"caption\":\"Dominium Pinc\u00e9szet\"},\"image\":{\"@id\":\"https:\/\/dominiumwine.com\/#\/schema\/logo\/image\/\"}}]}<\/script>\n<!-- \/ Yoast SEO plugin. -->","yoast_head_json":{"title":"Merlot 2023 - Dominium Pinc\u00e9szet","description":"Merlot borunk organikus m\u0171vel\u00e9ssel, szigor\u00fa term\u00e9skorl\u00e1toz\u00e1ssal \u00e9s term\u00e9szetes bork\u00e9sz\u00edt\u00e9si elj\u00e1r\u00e1ssal sz\u00fcletett \u2013 csak tiszta sz\u0151l\u0151 \u00e9s a szenved\u00e9ly.","robots":{"index":"index","follow":"follow","max-snippet":"max-snippet:-1","max-image-preview":"max-image-preview:large","max-video-preview":"max-video-preview:-1"},"canonical":"https:\/\/dominiumwine.com\/en\/product\/merlot-2023\/","og_locale":"en_US","og_type":"article","og_title":"Merlot 2023 - Dominium Pinc\u00e9szet","og_description":"Merlot borunk organikus m\u0171vel\u00e9ssel, szigor\u00fa term\u00e9skorl\u00e1toz\u00e1ssal \u00e9s term\u00e9szetes bork\u00e9sz\u00edt\u00e9si elj\u00e1r\u00e1ssal sz\u00fcletett \u2013 csak tiszta sz\u0151l\u0151 \u00e9s a szenved\u00e9ly.","og_url":"https:\/\/dominiumwine.com\/en\/product\/merlot-2023\/","og_site_name":"Dominium Pinc\u00e9szet","article_modified_time":"2026-03-22T13:30:44+00:00","og_image":[{"width":1080,"height":1080,"url":"http:\/\/dominiumwine.com\/wp-content\/uploads\/2025\/07\/merlot-Berlini-arany.png","type":"image\/png"}],"twitter_card":"summary_large_image","twitter_misc":{"Est. reading time":"1 minute"},"schema":{"@context":"https:\/\/schema.org","@graph":[{"@type":"WebPage","@id":"https:\/\/dominiumwine.com\/product\/merlot-2023\/","url":"https:\/\/dominiumwine.com\/product\/merlot-2023\/","name":"Merlot 2023 - Dominium Pinc\u00e9szet","isPartOf":{"@id":"https:\/\/dominiumwine.com\/#website"},"primaryImageOfPage":{"@id":"https:\/\/dominiumwine.com\/product\/merlot-2023\/#primaryimage"},"image":{"@id":"https:\/\/dominiumwine.com\/product\/merlot-2023\/#primaryimage"},"thumbnailUrl":"https:\/\/dominiumwine.com\/wp-content\/uploads\/2025\/07\/merlot-Berlini-arany.png","datePublished":"2025-07-12T15:50:34+00:00","dateModified":"2026-03-22T13:30:44+00:00","description":"Merlot borunk organikus m\u0171vel\u00e9ssel, szigor\u00fa term\u00e9skorl\u00e1toz\u00e1ssal \u00e9s term\u00e9szetes bork\u00e9sz\u00edt\u00e9si elj\u00e1r\u00e1ssal sz\u00fcletett \u2013 csak tiszta sz\u0151l\u0151 \u00e9s a szenved\u00e9ly.","breadcrumb":{"@id":"https:\/\/dominiumwine.com\/product\/merlot-2023\/#breadcrumb"},"inLanguage":"en-US","potentialAction":[{"@type":"ReadAction","target":["https:\/\/dominiumwine.com\/product\/merlot-2023\/"]}]},{"@type":"ImageObject","inLanguage":"en-US","@id":"https:\/\/dominiumwine.com\/product\/merlot-2023\/#primaryimage","url":"https:\/\/dominiumwine.com\/wp-content\/uploads\/2025\/07\/merlot-Berlini-arany.png","contentUrl":"https:\/\/dominiumwine.com\/wp-content\/uploads\/2025\/07\/merlot-Berlini-arany.png","width":1080,"height":1080},{"@type":"BreadcrumbList","@id":"https:\/\/dominiumwine.com\/product\/merlot-2023\/#breadcrumb","itemListElement":[{"@type":"ListItem","position":1,"name":"Kezd\u0151lap","item":"https:\/\/dominiumwine.com\/"},{"@type":"ListItem","position":2,"name":"Term\u00e9kek","item":"https:\/\/dominiumwine.com\/shop\/"},{"@type":"ListItem","position":3,"name":"Merlot 2023"}]},{"@type":"WebSite","@id":"https:\/\/dominiumwine.com\/#website","url":"https:\/\/dominiumwine.com\/","name":"Dominium Pinc\u00e9szet","description":"Term\u00e9szetess\u00e9g, min\u0151s\u00e9g, odaad\u00e1s.","publisher":{"@id":"https:\/\/dominiumwine.com\/#organization"},"potentialAction":[{"@type":"SearchAction","target":{"@type":"EntryPoint","urlTemplate":"https:\/\/dominiumwine.com\/?s={search_term_string}"},"query-input":"required name=search_term_string"}],"inLanguage":"en-US"},{"@type":"Organization","@id":"https:\/\/dominiumwine.com\/#organization","name":"Dominium Pinc\u00e9szet","url":"https:\/\/dominiumwine.com\/","logo":{"@type":"ImageObject","inLanguage":"en-US","@id":"https:\/\/dominiumwine.com\/#\/schema\/logo\/image\/","url":"https:\/\/dominiumwine.com\/wp-content\/uploads\/2023\/09\/13254653_1555236881446304_5392041322926135012_o.png","contentUrl":"https:\/\/dominiumwine.com\/wp-content\/uploads\/2023\/09\/13254653_1555236881446304_5392041322926135012_o.png","width":2048,"height":1447,"caption":"Dominium Pinc\u00e9szet"},"image":{"@id":"https:\/\/dominiumwine.com\/#\/schema\/logo\/image\/"}}]}},"jetpack_sharing_enabled":true,"_links":{"self":[{"href":"https:\/\/dominiumwine.com\/en\/wp-json\/wp\/v2\/product\/2282","targetHints":{"allow":["GET"]}}],"collection":[{"href":"https:\/\/dominiumwine.com\/en\/wp-json\/wp\/v2\/product"}],"about":[{"href":"https:\/\/dominiumwine.com\/en\/wp-json\/wp\/v2\/types\/product"}],"wp:featuredmedia":[{"embeddable":true,"href":"https:\/\/dominiumwine.com\/en\/wp-json\/wp\/v2\/media\/2435"}],"wp:attachment":[{"href":"https:\/\/dominiumwine.com\/en\/wp-json\/wp\/v2\/media?parent=2282"}],"wp:term":[{"taxonomy":"product_cat","embeddable":true,"href":"https:\/\/dominiumwine.com\/en\/wp-json\/wp\/v2\/product_cat?post=2282"},{"taxonomy":"product_tag","embeddable":true,"href":"https:\/\/dominiumwine.com\/en\/wp-json\/wp\/v2\/product_tag?post=2282"}],"curies":[{"name":"wp","href":"https:\/\/api.w.org\/{rel}","templated":true}]}}