{"id":2283,"date":"2025-07-12T15:55:45","date_gmt":"2025-07-12T15:55:45","guid":{"rendered":"https:\/\/dominiumwine.com\/?post_type=product&#038;p=2283"},"modified":"2025-07-12T17:15:50","modified_gmt":"2025-07-12T17:15:50","slug":"pinot-gris-2024","status":"publish","type":"product","link":"https:\/\/dominiumwine.com\/en\/product\/pinot-gris-2024\/","title":{"rendered":"Pinot Gris 2024"},"content":{"rendered":"<p>Sz\u0151l\u0151fajta\u00a0 \u00a0 \u00a0 \u00a0 \u00a0 \u00a0 \u00a0 \u00a0 \u00a0 \u00a0 \u00a0 \u00a0 \u00a0 \u00a0 \u00a0 \u00a0 \u00a0 \u00a0 \u00a0 \u00a0Pinot Gris 100%<\/p>\n<p>\u00c9vj\u00e1rat\u00a0\u00a0\u00a0\u00a0\u00a0\u00a0\u00a0\u00a0\u00a0\u00a0\u00a0\u00a0\u00a0\u00a0\u00a0\u00a0\u00a0\u00a0\u00a0\u00a0\u00a0\u00a0\u00a0\u00a0\u00a0\u00a0\u00a0\u00a0\u00a0\u00a0\u00a0\u00a0\u00a0\u00a0\u00a0\u00a0\u00a0\u00a0\u00a0\u00a0\u00a0\u00a0\u00a0 2024<\/p>\n<p>Bork\u00e9sz\u00edt\u00e9s\u00a0 \u00a0 \u00a0 \u00a0 \u00a0 \u00a0 \u00a0 \u00a0 \u00a0 \u00a0 \u00a0 \u00a0 \u00a0 \u00a0 \u00a0 \u00a0 \u00a0 \u00a0 Ac\u00e9ltart\u00e1ly 100 %<\/p>\n<p>\u00c9rlel\u00e9s\u00a0\u00a0\u00a0\u00a0\u00a0\u00a0\u00a0\u00a0\u00a0\u00a0\u00a0\u00a0\u00a0\u00a0\u00a0\u00a0\u00a0\u00a0\u00a0\u00a0\u00a0\u00a0\u00a0\u00a0\u00a0\u00a0\u00a0\u00a0\u00a0\u00a0\u00a0\u00a0\u00a0\u00a0\u00a0\u00a0\u00a0\u00a0\u00a0\u00a0\u00a0\u00a0\u00a0 Ac\u00e9ltart\u00e1lyos \u00e9rlel\u00e9s<\/p>\n<p>Alkohol\u00a0\u00a0\u00a0\u00a0\u00a0\u00a0\u00a0\u00a0\u00a0\u00a0\u00a0\u00a0\u00a0\u00a0\u00a0\u00a0\u00a0\u00a0\u00a0\u00a0\u00a0\u00a0\u00a0\u00a0\u00a0\u00a0\u00a0\u00a0\u00a0\u00a0\u00a0\u00a0\u00a0\u00a0\u00a0\u00a0\u00a0\u00a0\u00a0\u00a0\u00a0\u00a0 14 % VOL<\/p>\n<p>Sz\u00e1razs\u00e1gi fok\u00a0 \u00a0 \u00a0 \u00a0 \u00a0 \u00a0 \u00a0 \u00a0 \u00a0 \u00a0 \u00a0 \u00a0 \u00a0 \u00a0 \u00a0 \u00a0Sz\u00e1raz<\/p>\n<p>Fogyaszt\u00e1si h\u0151m\u00e9rs\u00e9klet\u00a0 \u00a0 \u00a0 \u00a0 \u00a0 \u00a0 15 \u00b0C<\/p>","protected":false},"excerpt":{"rendered":"<p><span data-sheets-root=\"1\">A M\u00e1trai borvid\u00e9k egyik ikonikus sz\u0151l\u0151fajt\u00e1ja, amely vil\u00e1gszerte ismert \u00e9s kedvelt Pinot Grigio vagy Pinot Gris n\u00e9ven.<br \/>\nPinc\u00e9szet\u00fcnk m\u00e1sodik \u00e9vj\u00e1rata a Sz\u00fcrkebar\u00e1tb\u00f3l minden v\u00e1rakoz\u00e1sunkat fel\u00fclm\u00falta. Gazdag aromavil\u00e1g, kerek test \u00e9s a fajt\u00e1ra jellemz\u0151 pinkes \u00e1rnyalat teszi k\u00fcl\u00f6nlegess\u00e9. Illat\u00e1ban \u00e9s \u00edz\u00e9ben az \u00e9rett k\u00f6rte \u00e9s alma domin\u00e1l.<br \/>\nA feh\u00e9rborok kifinomult hercege. Elengedhetetlen k\u00eds\u00e9r\u0151 az asztaln\u00e1l! <\/span><\/p>","protected":false},"featured_media":2086,"template":"","meta":[],"product_cat":[20],"product_tag":[],"class_list":{"0":"post-2283","1":"product","2":"type-product","3":"status-publish","4":"has-post-thumbnail","6":"product_cat-feher-boraink","8":"first","9":"instock","10":"taxable","11":"shipping-taxable","12":"purchasable","13":"product-type-simple"},"yoast_head":"<!-- This site is optimized with the Yoast SEO plugin v23.0 - https:\/\/yoast.com\/wordpress\/plugins\/seo\/ -->\n<title>Pinot Gris 2024 - Dominium Pinc\u00e9szet<\/title>\n<meta name=\"description\" content=\"A Pinot Gris m\u00e1sodik \u00e9vj\u00e1rata v\u00e1rakoz\u00e1sunkat fel\u00fclm\u00falta. Gazdag aromavil\u00e1g, kerek test \u00e9s a fajt\u00e1ra jellemz\u0151 pinkes \u00e1rnyalat teszi k\u00fcl\u00f6nlegess\u00e9.\" \/>\n<meta name=\"robots\" content=\"index, follow, max-snippet:-1, max-image-preview:large, max-video-preview:-1\" \/>\n<link rel=\"canonical\" href=\"https:\/\/dominiumwine.com\/en\/product\/pinot-gris-2024\/\" \/>\n<meta property=\"og:locale\" content=\"en_US\" \/>\n<meta property=\"og:type\" content=\"article\" \/>\n<meta property=\"og:title\" content=\"Pinot Gris 2024 - Dominium Pinc\u00e9szet\" \/>\n<meta property=\"og:description\" content=\"A Pinot Gris m\u00e1sodik \u00e9vj\u00e1rata v\u00e1rakoz\u00e1sunkat fel\u00fclm\u00falta. Gazdag aromavil\u00e1g, kerek test \u00e9s a fajt\u00e1ra jellemz\u0151 pinkes \u00e1rnyalat teszi k\u00fcl\u00f6nlegess\u00e9.\" \/>\n<meta property=\"og:url\" content=\"https:\/\/dominiumwine.com\/en\/product\/pinot-gris-2024\/\" \/>\n<meta property=\"og:site_name\" content=\"Dominium Pinc\u00e9szet\" \/>\n<meta property=\"article:modified_time\" content=\"2025-07-12T17:15:50+00:00\" \/>\n<meta property=\"og:image\" content=\"http:\/\/dominiumwine.com\/wp-content\/uploads\/2024\/08\/Pinot-Gris.png\" \/>\n\t<meta property=\"og:image:width\" content=\"1080\" \/>\n\t<meta property=\"og:image:height\" content=\"1080\" \/>\n\t<meta property=\"og:image:type\" content=\"image\/png\" \/>\n<meta name=\"twitter:card\" content=\"summary_large_image\" \/>\n<meta name=\"twitter:label1\" content=\"Est. reading time\" \/>\n\t<meta name=\"twitter:data1\" content=\"1 minute\" \/>\n<script type=\"application\/ld+json\" class=\"yoast-schema-graph\">{\"@context\":\"https:\/\/schema.org\",\"@graph\":[{\"@type\":\"WebPage\",\"@id\":\"https:\/\/dominiumwine.com\/product\/pinot-gris-2024\/\",\"url\":\"https:\/\/dominiumwine.com\/product\/pinot-gris-2024\/\",\"name\":\"Pinot Gris 2024 - Dominium Pinc\u00e9szet\",\"isPartOf\":{\"@id\":\"https:\/\/dominiumwine.com\/#website\"},\"primaryImageOfPage\":{\"@id\":\"https:\/\/dominiumwine.com\/product\/pinot-gris-2024\/#primaryimage\"},\"image\":{\"@id\":\"https:\/\/dominiumwine.com\/product\/pinot-gris-2024\/#primaryimage\"},\"thumbnailUrl\":\"https:\/\/dominiumwine.com\/wp-content\/uploads\/2024\/08\/Pinot-Gris.png\",\"datePublished\":\"2025-07-12T15:55:45+00:00\",\"dateModified\":\"2025-07-12T17:15:50+00:00\",\"description\":\"A Pinot Gris m\u00e1sodik \u00e9vj\u00e1rata v\u00e1rakoz\u00e1sunkat fel\u00fclm\u00falta. Gazdag aromavil\u00e1g, kerek test \u00e9s a fajt\u00e1ra jellemz\u0151 pinkes \u00e1rnyalat teszi k\u00fcl\u00f6nlegess\u00e9.\",\"breadcrumb\":{\"@id\":\"https:\/\/dominiumwine.com\/product\/pinot-gris-2024\/#breadcrumb\"},\"inLanguage\":\"en-US\",\"potentialAction\":[{\"@type\":\"ReadAction\",\"target\":[\"https:\/\/dominiumwine.com\/product\/pinot-gris-2024\/\"]}]},{\"@type\":\"ImageObject\",\"inLanguage\":\"en-US\",\"@id\":\"https:\/\/dominiumwine.com\/product\/pinot-gris-2024\/#primaryimage\",\"url\":\"https:\/\/dominiumwine.com\/wp-content\/uploads\/2024\/08\/Pinot-Gris.png\",\"contentUrl\":\"https:\/\/dominiumwine.com\/wp-content\/uploads\/2024\/08\/Pinot-Gris.png\",\"width\":1080,\"height\":1080},{\"@type\":\"BreadcrumbList\",\"@id\":\"https:\/\/dominiumwine.com\/product\/pinot-gris-2024\/#breadcrumb\",\"itemListElement\":[{\"@type\":\"ListItem\",\"position\":1,\"name\":\"Kezd\u0151lap\",\"item\":\"https:\/\/dominiumwine.com\/\"},{\"@type\":\"ListItem\",\"position\":2,\"name\":\"Term\u00e9kek\",\"item\":\"https:\/\/dominiumwine.com\/shop\/\"},{\"@type\":\"ListItem\",\"position\":3,\"name\":\"Pinot Gris 2024\"}]},{\"@type\":\"WebSite\",\"@id\":\"https:\/\/dominiumwine.com\/#website\",\"url\":\"https:\/\/dominiumwine.com\/\",\"name\":\"Dominium Pinc\u00e9szet\",\"description\":\"Term\u00e9szetess\u00e9g, min\u0151s\u00e9g, odaad\u00e1s.\",\"publisher\":{\"@id\":\"https:\/\/dominiumwine.com\/#organization\"},\"potentialAction\":[{\"@type\":\"SearchAction\",\"target\":{\"@type\":\"EntryPoint\",\"urlTemplate\":\"https:\/\/dominiumwine.com\/?s={search_term_string}\"},\"query-input\":\"required name=search_term_string\"}],\"inLanguage\":\"en-US\"},{\"@type\":\"Organization\",\"@id\":\"https:\/\/dominiumwine.com\/#organization\",\"name\":\"Dominium Pinc\u00e9szet\",\"url\":\"https:\/\/dominiumwine.com\/\",\"logo\":{\"@type\":\"ImageObject\",\"inLanguage\":\"en-US\",\"@id\":\"https:\/\/dominiumwine.com\/#\/schema\/logo\/image\/\",\"url\":\"https:\/\/dominiumwine.com\/wp-content\/uploads\/2023\/09\/13254653_1555236881446304_5392041322926135012_o.png\",\"contentUrl\":\"https:\/\/dominiumwine.com\/wp-content\/uploads\/2023\/09\/13254653_1555236881446304_5392041322926135012_o.png\",\"width\":2048,\"height\":1447,\"caption\":\"Dominium Pinc\u00e9szet\"},\"image\":{\"@id\":\"https:\/\/dominiumwine.com\/#\/schema\/logo\/image\/\"}}]}<\/script>\n<!-- \/ Yoast SEO plugin. -->","yoast_head_json":{"title":"Pinot Gris 2024 - Dominium Pinc\u00e9szet","description":"A Pinot Gris m\u00e1sodik \u00e9vj\u00e1rata v\u00e1rakoz\u00e1sunkat fel\u00fclm\u00falta. Gazdag aromavil\u00e1g, kerek test \u00e9s a fajt\u00e1ra jellemz\u0151 pinkes \u00e1rnyalat teszi k\u00fcl\u00f6nlegess\u00e9.","robots":{"index":"index","follow":"follow","max-snippet":"max-snippet:-1","max-image-preview":"max-image-preview:large","max-video-preview":"max-video-preview:-1"},"canonical":"https:\/\/dominiumwine.com\/en\/product\/pinot-gris-2024\/","og_locale":"en_US","og_type":"article","og_title":"Pinot Gris 2024 - Dominium Pinc\u00e9szet","og_description":"A Pinot Gris m\u00e1sodik \u00e9vj\u00e1rata v\u00e1rakoz\u00e1sunkat fel\u00fclm\u00falta. Gazdag aromavil\u00e1g, kerek test \u00e9s a fajt\u00e1ra jellemz\u0151 pinkes \u00e1rnyalat teszi k\u00fcl\u00f6nlegess\u00e9.","og_url":"https:\/\/dominiumwine.com\/en\/product\/pinot-gris-2024\/","og_site_name":"Dominium Pinc\u00e9szet","article_modified_time":"2025-07-12T17:15:50+00:00","og_image":[{"width":1080,"height":1080,"url":"http:\/\/dominiumwine.com\/wp-content\/uploads\/2024\/08\/Pinot-Gris.png","type":"image\/png"}],"twitter_card":"summary_large_image","twitter_misc":{"Est. reading time":"1 minute"},"schema":{"@context":"https:\/\/schema.org","@graph":[{"@type":"WebPage","@id":"https:\/\/dominiumwine.com\/product\/pinot-gris-2024\/","url":"https:\/\/dominiumwine.com\/product\/pinot-gris-2024\/","name":"Pinot Gris 2024 - Dominium Pinc\u00e9szet","isPartOf":{"@id":"https:\/\/dominiumwine.com\/#website"},"primaryImageOfPage":{"@id":"https:\/\/dominiumwine.com\/product\/pinot-gris-2024\/#primaryimage"},"image":{"@id":"https:\/\/dominiumwine.com\/product\/pinot-gris-2024\/#primaryimage"},"thumbnailUrl":"https:\/\/dominiumwine.com\/wp-content\/uploads\/2024\/08\/Pinot-Gris.png","datePublished":"2025-07-12T15:55:45+00:00","dateModified":"2025-07-12T17:15:50+00:00","description":"A Pinot Gris m\u00e1sodik \u00e9vj\u00e1rata v\u00e1rakoz\u00e1sunkat fel\u00fclm\u00falta. Gazdag aromavil\u00e1g, kerek test \u00e9s a fajt\u00e1ra jellemz\u0151 pinkes \u00e1rnyalat teszi k\u00fcl\u00f6nlegess\u00e9.","breadcrumb":{"@id":"https:\/\/dominiumwine.com\/product\/pinot-gris-2024\/#breadcrumb"},"inLanguage":"en-US","potentialAction":[{"@type":"ReadAction","target":["https:\/\/dominiumwine.com\/product\/pinot-gris-2024\/"]}]},{"@type":"ImageObject","inLanguage":"en-US","@id":"https:\/\/dominiumwine.com\/product\/pinot-gris-2024\/#primaryimage","url":"https:\/\/dominiumwine.com\/wp-content\/uploads\/2024\/08\/Pinot-Gris.png","contentUrl":"https:\/\/dominiumwine.com\/wp-content\/uploads\/2024\/08\/Pinot-Gris.png","width":1080,"height":1080},{"@type":"BreadcrumbList","@id":"https:\/\/dominiumwine.com\/product\/pinot-gris-2024\/#breadcrumb","itemListElement":[{"@type":"ListItem","position":1,"name":"Kezd\u0151lap","item":"https:\/\/dominiumwine.com\/"},{"@type":"ListItem","position":2,"name":"Term\u00e9kek","item":"https:\/\/dominiumwine.com\/shop\/"},{"@type":"ListItem","position":3,"name":"Pinot Gris 2024"}]},{"@type":"WebSite","@id":"https:\/\/dominiumwine.com\/#website","url":"https:\/\/dominiumwine.com\/","name":"Dominium Pinc\u00e9szet","description":"Term\u00e9szetess\u00e9g, min\u0151s\u00e9g, odaad\u00e1s.","publisher":{"@id":"https:\/\/dominiumwine.com\/#organization"},"potentialAction":[{"@type":"SearchAction","target":{"@type":"EntryPoint","urlTemplate":"https:\/\/dominiumwine.com\/?s={search_term_string}"},"query-input":"required name=search_term_string"}],"inLanguage":"en-US"},{"@type":"Organization","@id":"https:\/\/dominiumwine.com\/#organization","name":"Dominium Pinc\u00e9szet","url":"https:\/\/dominiumwine.com\/","logo":{"@type":"ImageObject","inLanguage":"en-US","@id":"https:\/\/dominiumwine.com\/#\/schema\/logo\/image\/","url":"https:\/\/dominiumwine.com\/wp-content\/uploads\/2023\/09\/13254653_1555236881446304_5392041322926135012_o.png","contentUrl":"https:\/\/dominiumwine.com\/wp-content\/uploads\/2023\/09\/13254653_1555236881446304_5392041322926135012_o.png","width":2048,"height":1447,"caption":"Dominium Pinc\u00e9szet"},"image":{"@id":"https:\/\/dominiumwine.com\/#\/schema\/logo\/image\/"}}]}},"jetpack_sharing_enabled":true,"_links":{"self":[{"href":"https:\/\/dominiumwine.com\/en\/wp-json\/wp\/v2\/product\/2283","targetHints":{"allow":["GET"]}}],"collection":[{"href":"https:\/\/dominiumwine.com\/en\/wp-json\/wp\/v2\/product"}],"about":[{"href":"https:\/\/dominiumwine.com\/en\/wp-json\/wp\/v2\/types\/product"}],"wp:featuredmedia":[{"embeddable":true,"href":"https:\/\/dominiumwine.com\/en\/wp-json\/wp\/v2\/media\/2086"}],"wp:attachment":[{"href":"https:\/\/dominiumwine.com\/en\/wp-json\/wp\/v2\/media?parent=2283"}],"wp:term":[{"taxonomy":"product_cat","embeddable":true,"href":"https:\/\/dominiumwine.com\/en\/wp-json\/wp\/v2\/product_cat?post=2283"},{"taxonomy":"product_tag","embeddable":true,"href":"https:\/\/dominiumwine.com\/en\/wp-json\/wp\/v2\/product_tag?post=2283"}],"curies":[{"name":"wp","href":"https:\/\/api.w.org\/{rel}","templated":true}]}}