{"id":2284,"date":"2025-07-12T15:59:00","date_gmt":"2025-07-12T15:59:00","guid":{"rendered":"https:\/\/dominiumwine.com\/?post_type=product&#038;p=2284"},"modified":"2026-01-25T10:25:17","modified_gmt":"2026-01-25T10:25:17","slug":"roze-battonage-2024","status":"publish","type":"product","link":"https:\/\/dominiumwine.com\/en\/product\/roze-battonage-2024\/","title":{"rendered":"Roz\u00e9 Battonage 2024"},"content":{"rendered":"<div>Sz\u0151l\u0151fajta\u00a0 \u00a0 \u00a0 \u00a0 \u00a0 \u00a0 \u00a0 \u00a0 \u00a0 \u00a0 \u00a0 \u00a0 \u00a0 \u00a0 \u00a0 \u00a0 \u00a0 \u00a0 <span data-sheets-root=\"1\">Merlot 50% &#8211; K\u00e9kfrankos 50%<\/span><\/div>\n<div><\/div>\n<div>\u00c9vj\u00e1rat\u00a0 \u00a0 \u00a0 \u00a0 \u00a0 \u00a0 \u00a0 \u00a0 \u00a0 \u00a0 \u00a0 \u00a0 \u00a0 \u00a0 \u00a0 \u00a0 \u00a0 \u00a0 \u00a0 \u00a0 \u00a02024<\/div>\n<div><\/div>\n<div>Bork\u00e9sz\u00edt\u00e9s\u00a0 \u00a0 \u00a0 \u00a0 \u00a0 \u00a0 \u00a0 \u00a0 \u00a0 \u00a0 \u00a0 \u00a0 \u00a0 \u00a0 \u00a0 \u00a0 \u00a0Ac\u00e9ltart\u00e1ly<span data-sheets-value=\"{&quot;1&quot;:2,&quot;2&quot;:&quot;Ny\u00edlt k\u00e1das erjeszt\u00e9s 100 %&quot;}\" data-sheets-userformat=\"{&quot;2&quot;:769,&quot;3&quot;:{&quot;1&quot;:0},&quot;11&quot;:4,&quot;12&quot;:0}\">\u00a0100 %<\/span><\/div>\n<div><\/div>\n<div>\u00c9rlel\u00e9s\u00a0 \u00a0 \u00a0 \u00a0 \u00a0 \u00a0 \u00a0 \u00a0 \u00a0 \u00a0 \u00a0 \u00a0 \u00a0 \u00a0 \u00a0 \u00a0 \u00a0 \u00a0 \u00a0 \u00a0 \u00a0 <span data-sheets-root=\"1\">Ac\u00e9ltart\u00e1lyos finomsepr\u0151s \u00e9rlel\u00e9s<\/span><\/div>\n<div><\/div>\n<div>Alkohol\u00a0 \u00a0 \u00a0 \u00a0 \u00a0 \u00a0 \u00a0 \u00a0 \u00a0 \u00a0 \u00a0 \u00a0 \u00a0 \u00a0 \u00a0 \u00a0 \u00a0 \u00a0 \u00a0 \u00a013,5 %<\/div>\n<div><\/div>\n<div>Sz\u00e1razs\u00e1gi fok\u00a0 \u00a0 \u00a0 \u00a0 \u00a0 \u00a0 \u00a0 \u00a0 \u00a0 \u00a0 \u00a0 \u00a0 \u00a0 \u00a0 Sz\u00e1raz<\/div>\n<div><\/div>\n<div>Fogyaszt\u00e1si h\u0151m\u00e9rs\u00e9klet\u00a0 \u00a0 \u00a0 \u00a0 \u00a015\u00b0C<\/div>","protected":false},"excerpt":{"rendered":"<p><span data-sheets-root=\"1\">\u00c9vr\u0151l \u00e9vre \u00faj arc\u00e1t mutatja sz\u00e1munkra a roz\u00e9, mindig tartogat valami k\u00fcl\u00f6nlegess\u00e9get. A 2024-es \u00e9vj\u00e1ratban ism\u00e9t a battonage technik\u00e1t v\u00e1lasztottuk. Az \u00e9rett szam\u00f3c\u00e1s illatokat finoman \u00f6leli k\u00f6r\u00fcl a Provence-i st\u00edlusra jellemz\u0151 kr\u00e9mes text\u00fara, mely eleganci\u00e1t \u00e9s m\u00e9lys\u00e9get k\u00f6lcs\u00f6n\u00f6z a bornak.<\/span><\/p>","protected":false},"featured_media":2293,"template":"","meta":[],"product_cat":[23],"product_tag":[],"class_list":{"0":"post-2284","1":"product","2":"type-product","3":"status-publish","4":"has-post-thumbnail","6":"product_cat-rose-boraink","8":"first","9":"instock","10":"taxable","11":"shipping-taxable","12":"purchasable","13":"product-type-simple"},"yoast_head":"<!-- This site is optimized with the Yoast SEO plugin v23.0 - https:\/\/yoast.com\/wordpress\/plugins\/seo\/ -->\n<title>Roz\u00e9 Battonage 2024 - Dominium Pinc\u00e9szet<\/title>\n<meta name=\"description\" content=\"\u00c9vr\u0151l \u00e9vre \u00faj arc\u00e1t mutatja sz\u00e1munkra a roz\u00e9, mindig tartogat valami k\u00fcl\u00f6nlegess\u00e9get. A 2024-es \u00e9vj\u00e1ratban ism\u00e9t a battonage technik\u00e1t v\u00e1lasztottuk\" \/>\n<meta name=\"robots\" content=\"index, follow, max-snippet:-1, max-image-preview:large, max-video-preview:-1\" \/>\n<link rel=\"canonical\" href=\"https:\/\/dominiumwine.com\/en\/product\/roze-battonage-2024\/\" \/>\n<meta property=\"og:locale\" content=\"en_US\" \/>\n<meta property=\"og:type\" content=\"article\" \/>\n<meta property=\"og:title\" content=\"Roz\u00e9 Battonage 2024 - Dominium Pinc\u00e9szet\" \/>\n<meta property=\"og:description\" content=\"\u00c9vr\u0151l \u00e9vre \u00faj arc\u00e1t mutatja sz\u00e1munkra a roz\u00e9, mindig tartogat valami k\u00fcl\u00f6nlegess\u00e9get. A 2024-es \u00e9vj\u00e1ratban ism\u00e9t a battonage technik\u00e1t v\u00e1lasztottuk\" \/>\n<meta property=\"og:url\" content=\"https:\/\/dominiumwine.com\/en\/product\/roze-battonage-2024\/\" \/>\n<meta property=\"og:site_name\" content=\"Dominium Pinc\u00e9szet\" \/>\n<meta property=\"article:modified_time\" content=\"2026-01-25T10:25:17+00:00\" \/>\n<meta property=\"og:image\" content=\"http:\/\/dominiumwine.com\/wp-content\/uploads\/2025\/07\/Roze-Battonage-2024.png\" \/>\n\t<meta property=\"og:image:width\" content=\"1080\" \/>\n\t<meta property=\"og:image:height\" content=\"1080\" \/>\n\t<meta property=\"og:image:type\" content=\"image\/png\" \/>\n<meta name=\"twitter:card\" content=\"summary_large_image\" \/>\n<meta name=\"twitter:label1\" content=\"Est. reading time\" \/>\n\t<meta name=\"twitter:data1\" content=\"1 minute\" \/>\n<script type=\"application\/ld+json\" class=\"yoast-schema-graph\">{\"@context\":\"https:\/\/schema.org\",\"@graph\":[{\"@type\":\"WebPage\",\"@id\":\"https:\/\/dominiumwine.com\/product\/roze-battonage-2024\/\",\"url\":\"https:\/\/dominiumwine.com\/product\/roze-battonage-2024\/\",\"name\":\"Roz\u00e9 Battonage 2024 - Dominium Pinc\u00e9szet\",\"isPartOf\":{\"@id\":\"https:\/\/dominiumwine.com\/#website\"},\"primaryImageOfPage\":{\"@id\":\"https:\/\/dominiumwine.com\/product\/roze-battonage-2024\/#primaryimage\"},\"image\":{\"@id\":\"https:\/\/dominiumwine.com\/product\/roze-battonage-2024\/#primaryimage\"},\"thumbnailUrl\":\"https:\/\/dominiumwine.com\/wp-content\/uploads\/2025\/07\/Roze-Battonage-2024.png\",\"datePublished\":\"2025-07-12T15:59:00+00:00\",\"dateModified\":\"2026-01-25T10:25:17+00:00\",\"description\":\"\u00c9vr\u0151l \u00e9vre \u00faj arc\u00e1t mutatja sz\u00e1munkra a roz\u00e9, mindig tartogat valami k\u00fcl\u00f6nlegess\u00e9get. A 2024-es \u00e9vj\u00e1ratban ism\u00e9t a battonage technik\u00e1t v\u00e1lasztottuk\",\"breadcrumb\":{\"@id\":\"https:\/\/dominiumwine.com\/product\/roze-battonage-2024\/#breadcrumb\"},\"inLanguage\":\"en-US\",\"potentialAction\":[{\"@type\":\"ReadAction\",\"target\":[\"https:\/\/dominiumwine.com\/product\/roze-battonage-2024\/\"]}]},{\"@type\":\"ImageObject\",\"inLanguage\":\"en-US\",\"@id\":\"https:\/\/dominiumwine.com\/product\/roze-battonage-2024\/#primaryimage\",\"url\":\"https:\/\/dominiumwine.com\/wp-content\/uploads\/2025\/07\/Roze-Battonage-2024.png\",\"contentUrl\":\"https:\/\/dominiumwine.com\/wp-content\/uploads\/2025\/07\/Roze-Battonage-2024.png\",\"width\":1080,\"height\":1080},{\"@type\":\"BreadcrumbList\",\"@id\":\"https:\/\/dominiumwine.com\/product\/roze-battonage-2024\/#breadcrumb\",\"itemListElement\":[{\"@type\":\"ListItem\",\"position\":1,\"name\":\"Kezd\u0151lap\",\"item\":\"https:\/\/dominiumwine.com\/\"},{\"@type\":\"ListItem\",\"position\":2,\"name\":\"Term\u00e9kek\",\"item\":\"https:\/\/dominiumwine.com\/shop\/\"},{\"@type\":\"ListItem\",\"position\":3,\"name\":\"Roz\u00e9 Battonage 2024\"}]},{\"@type\":\"WebSite\",\"@id\":\"https:\/\/dominiumwine.com\/#website\",\"url\":\"https:\/\/dominiumwine.com\/\",\"name\":\"Dominium Pinc\u00e9szet\",\"description\":\"Term\u00e9szetess\u00e9g, min\u0151s\u00e9g, odaad\u00e1s.\",\"publisher\":{\"@id\":\"https:\/\/dominiumwine.com\/#organization\"},\"potentialAction\":[{\"@type\":\"SearchAction\",\"target\":{\"@type\":\"EntryPoint\",\"urlTemplate\":\"https:\/\/dominiumwine.com\/?s={search_term_string}\"},\"query-input\":\"required name=search_term_string\"}],\"inLanguage\":\"en-US\"},{\"@type\":\"Organization\",\"@id\":\"https:\/\/dominiumwine.com\/#organization\",\"name\":\"Dominium Pinc\u00e9szet\",\"url\":\"https:\/\/dominiumwine.com\/\",\"logo\":{\"@type\":\"ImageObject\",\"inLanguage\":\"en-US\",\"@id\":\"https:\/\/dominiumwine.com\/#\/schema\/logo\/image\/\",\"url\":\"https:\/\/dominiumwine.com\/wp-content\/uploads\/2023\/09\/13254653_1555236881446304_5392041322926135012_o.png\",\"contentUrl\":\"https:\/\/dominiumwine.com\/wp-content\/uploads\/2023\/09\/13254653_1555236881446304_5392041322926135012_o.png\",\"width\":2048,\"height\":1447,\"caption\":\"Dominium Pinc\u00e9szet\"},\"image\":{\"@id\":\"https:\/\/dominiumwine.com\/#\/schema\/logo\/image\/\"}}]}<\/script>\n<!-- \/ Yoast SEO plugin. -->","yoast_head_json":{"title":"Roz\u00e9 Battonage 2024 - Dominium Pinc\u00e9szet","description":"\u00c9vr\u0151l \u00e9vre \u00faj arc\u00e1t mutatja sz\u00e1munkra a roz\u00e9, mindig tartogat valami k\u00fcl\u00f6nlegess\u00e9get. A 2024-es \u00e9vj\u00e1ratban ism\u00e9t a battonage technik\u00e1t v\u00e1lasztottuk","robots":{"index":"index","follow":"follow","max-snippet":"max-snippet:-1","max-image-preview":"max-image-preview:large","max-video-preview":"max-video-preview:-1"},"canonical":"https:\/\/dominiumwine.com\/en\/product\/roze-battonage-2024\/","og_locale":"en_US","og_type":"article","og_title":"Roz\u00e9 Battonage 2024 - Dominium Pinc\u00e9szet","og_description":"\u00c9vr\u0151l \u00e9vre \u00faj arc\u00e1t mutatja sz\u00e1munkra a roz\u00e9, mindig tartogat valami k\u00fcl\u00f6nlegess\u00e9get. A 2024-es \u00e9vj\u00e1ratban ism\u00e9t a battonage technik\u00e1t v\u00e1lasztottuk","og_url":"https:\/\/dominiumwine.com\/en\/product\/roze-battonage-2024\/","og_site_name":"Dominium Pinc\u00e9szet","article_modified_time":"2026-01-25T10:25:17+00:00","og_image":[{"width":1080,"height":1080,"url":"http:\/\/dominiumwine.com\/wp-content\/uploads\/2025\/07\/Roze-Battonage-2024.png","type":"image\/png"}],"twitter_card":"summary_large_image","twitter_misc":{"Est. reading time":"1 minute"},"schema":{"@context":"https:\/\/schema.org","@graph":[{"@type":"WebPage","@id":"https:\/\/dominiumwine.com\/product\/roze-battonage-2024\/","url":"https:\/\/dominiumwine.com\/product\/roze-battonage-2024\/","name":"Roz\u00e9 Battonage 2024 - Dominium Pinc\u00e9szet","isPartOf":{"@id":"https:\/\/dominiumwine.com\/#website"},"primaryImageOfPage":{"@id":"https:\/\/dominiumwine.com\/product\/roze-battonage-2024\/#primaryimage"},"image":{"@id":"https:\/\/dominiumwine.com\/product\/roze-battonage-2024\/#primaryimage"},"thumbnailUrl":"https:\/\/dominiumwine.com\/wp-content\/uploads\/2025\/07\/Roze-Battonage-2024.png","datePublished":"2025-07-12T15:59:00+00:00","dateModified":"2026-01-25T10:25:17+00:00","description":"\u00c9vr\u0151l \u00e9vre \u00faj arc\u00e1t mutatja sz\u00e1munkra a roz\u00e9, mindig tartogat valami k\u00fcl\u00f6nlegess\u00e9get. A 2024-es \u00e9vj\u00e1ratban ism\u00e9t a battonage technik\u00e1t v\u00e1lasztottuk","breadcrumb":{"@id":"https:\/\/dominiumwine.com\/product\/roze-battonage-2024\/#breadcrumb"},"inLanguage":"en-US","potentialAction":[{"@type":"ReadAction","target":["https:\/\/dominiumwine.com\/product\/roze-battonage-2024\/"]}]},{"@type":"ImageObject","inLanguage":"en-US","@id":"https:\/\/dominiumwine.com\/product\/roze-battonage-2024\/#primaryimage","url":"https:\/\/dominiumwine.com\/wp-content\/uploads\/2025\/07\/Roze-Battonage-2024.png","contentUrl":"https:\/\/dominiumwine.com\/wp-content\/uploads\/2025\/07\/Roze-Battonage-2024.png","width":1080,"height":1080},{"@type":"BreadcrumbList","@id":"https:\/\/dominiumwine.com\/product\/roze-battonage-2024\/#breadcrumb","itemListElement":[{"@type":"ListItem","position":1,"name":"Kezd\u0151lap","item":"https:\/\/dominiumwine.com\/"},{"@type":"ListItem","position":2,"name":"Term\u00e9kek","item":"https:\/\/dominiumwine.com\/shop\/"},{"@type":"ListItem","position":3,"name":"Roz\u00e9 Battonage 2024"}]},{"@type":"WebSite","@id":"https:\/\/dominiumwine.com\/#website","url":"https:\/\/dominiumwine.com\/","name":"Dominium Pinc\u00e9szet","description":"Term\u00e9szetess\u00e9g, min\u0151s\u00e9g, odaad\u00e1s.","publisher":{"@id":"https:\/\/dominiumwine.com\/#organization"},"potentialAction":[{"@type":"SearchAction","target":{"@type":"EntryPoint","urlTemplate":"https:\/\/dominiumwine.com\/?s={search_term_string}"},"query-input":"required name=search_term_string"}],"inLanguage":"en-US"},{"@type":"Organization","@id":"https:\/\/dominiumwine.com\/#organization","name":"Dominium Pinc\u00e9szet","url":"https:\/\/dominiumwine.com\/","logo":{"@type":"ImageObject","inLanguage":"en-US","@id":"https:\/\/dominiumwine.com\/#\/schema\/logo\/image\/","url":"https:\/\/dominiumwine.com\/wp-content\/uploads\/2023\/09\/13254653_1555236881446304_5392041322926135012_o.png","contentUrl":"https:\/\/dominiumwine.com\/wp-content\/uploads\/2023\/09\/13254653_1555236881446304_5392041322926135012_o.png","width":2048,"height":1447,"caption":"Dominium Pinc\u00e9szet"},"image":{"@id":"https:\/\/dominiumwine.com\/#\/schema\/logo\/image\/"}}]}},"jetpack_sharing_enabled":true,"_links":{"self":[{"href":"https:\/\/dominiumwine.com\/en\/wp-json\/wp\/v2\/product\/2284","targetHints":{"allow":["GET"]}}],"collection":[{"href":"https:\/\/dominiumwine.com\/en\/wp-json\/wp\/v2\/product"}],"about":[{"href":"https:\/\/dominiumwine.com\/en\/wp-json\/wp\/v2\/types\/product"}],"wp:featuredmedia":[{"embeddable":true,"href":"https:\/\/dominiumwine.com\/en\/wp-json\/wp\/v2\/media\/2293"}],"wp:attachment":[{"href":"https:\/\/dominiumwine.com\/en\/wp-json\/wp\/v2\/media?parent=2284"}],"wp:term":[{"taxonomy":"product_cat","embeddable":true,"href":"https:\/\/dominiumwine.com\/en\/wp-json\/wp\/v2\/product_cat?post=2284"},{"taxonomy":"product_tag","embeddable":true,"href":"https:\/\/dominiumwine.com\/en\/wp-json\/wp\/v2\/product_tag?post=2284"}],"curies":[{"name":"wp","href":"https:\/\/api.w.org\/{rel}","templated":true}]}}