{"id":2286,"date":"2025-07-12T16:31:24","date_gmt":"2025-07-12T16:31:24","guid":{"rendered":"https:\/\/dominiumwine.com\/?post_type=product&#038;p=2286"},"modified":"2025-11-05T18:17:31","modified_gmt":"2025-11-05T18:17:31","slug":"sarika-cuvee-2024","status":"publish","type":"product","link":"https:\/\/dominiumwine.com\/en\/product\/sarika-cuvee-2024\/","title":{"rendered":"S\u00e1rika Cuv\u00e9e 2024"},"content":{"rendered":"<p>Sz\u0151l\u0151fajta\u00a0 \u00a0 \u00a0 \u00a0 \u00a0 \u00a0 \u00a0 \u00a0 \u00a0 \u00a0 \u00a0 \u00a0 \u00a0 \u00a0 \u00a0 \u00a0 \u00a0 \u00a0 \u00a0 <span data-sheets-root=\"1\">Furmint 70% &#8211; Zenit 30%<\/span><\/p>\n<p>\u00c9vj\u00e1rat\u00a0 \u00a0 \u00a0 \u00a0 \u00a0 \u00a0 \u00a0 \u00a0 \u00a0 \u00a0 \u00a0 \u00a0 \u00a0 \u00a0 \u00a0 \u00a0 \u00a0 \u00a0 \u00a0 \u00a0 \u00a0 \u00a02024<\/p>\n<p>Bork\u00e9sz\u00edt\u00e9s\u00a0 \u00a0 \u00a0 \u00a0 \u00a0 \u00a0 \u00a0 \u00a0 \u00a0 \u00a0 \u00a0 \u00a0 \u00a0 \u00a0 \u00a0 \u00a0 \u00a0 \u00a0Ac\u00e9ltart\u00e1lyos erjeszt\u00e9s 100 %<\/p>\n<p>\u00c9rlel\u00e9s\u00a0 \u00a0 \u00a0 \u00a0 \u00a0 \u00a0 \u00a0 \u00a0 \u00a0 \u00a0 \u00a0 \u00a0 \u00a0 \u00a0 \u00a0 \u00a0 \u00a0 \u00a0 \u00a0 \u00a0 \u00a0 \u00a0Ac\u00e9ltart\u00e1ly<\/p>\n<p>Alkohol\u00a0 \u00a0 \u00a0 \u00a0 \u00a0 \u00a0 \u00a0 \u00a0 \u00a0 \u00a0 \u00a0 \u00a0 \u00a0 \u00a0 \u00a0 \u00a0 \u00a0 \u00a0 \u00a0 \u00a0 \u00a0 13,5 %<\/p>\n<p>Sz\u00e1razs\u00e1gi fok\u00a0 \u00a0 \u00a0 \u00a0 \u00a0 \u00a0 \u00a0 \u00a0 \u00a0 \u00a0 \u00a0 \u00a0 \u00a0 \u00a0 \u00a0 \u00c9des<\/p>\n<p>Fogyaszt\u00e1si h\u0151m\u00e9rs\u00e9klet\u00a0 \u00a0 \u00a0 \u00a0 \u00a0 \u00a014 \u00b0C<\/p>","protected":false},"excerpt":{"rendered":"<p><span style=\"font-weight: 400;\">Egy bor, amely a nev\u00e9t els\u0151sz\u00fcl\u00f6tt gyermekem, S\u00e1ra ut\u00e1n kapta.<\/span><\/p>\n<p><span style=\"font-weight: 400;\">Ez a k\u00fcl\u00f6nleges t\u00e9tel csak kiv\u00e9teles \u00e9vj\u00e1ratokban k\u00e9sz\u00fcl, amikor a term\u00e9szet lehet\u0151s\u00e9get ad a Zenit vagy Furmint k\u00e9sei sz\u00fcretel\u00e9s\u00e9re. A 2024-es \u00e9v \u00e9ppen ilyen volt: a forr\u00f3 ny\u00e1r \u00e9s a hossz\u00fa, naps\u00fct\u00e9ses \u0151sz t\u00f6k\u00e9letes felt\u00e9teleket teremtett ahhoz, hogy mindk\u00e9t fajt\u00e1t t\u00f6ppedt \u00e1llapotban sz\u00fcretelj\u00fck magas cukorfokkal. Az eredm\u00e9ny egy selymes, m\u00e9gis karakteres, term\u00e9szetes marad\u00e9kcukorral rendelkez\u0151 desszertbor, amely t\u00f6k\u00e9letes v\u00e1laszt\u00e1s k\u00f6nnyed besz\u00e9lget\u00e9sekhez \u00e9s \u00fcnnepi pillanatokhoz egyar\u00e1nt. Illat\u00e1ban \u00e9s \u00edz\u00e9ben az \u00e9rett barack \u00e9s a m\u00e9z domin\u00e1l, amit finoman eg\u00e9sz\u00edtenek ki a licsire eml\u00e9keztet\u0151 jegyek.<\/span><\/p>\n<p style=\"text-align: center;\">\u201eVan egy \u00e9rz\u00e9s a vil\u00e1gon,<br \/>\n\u2013 \u00fagy h\u00edvj\u00e1k, hogy SZERETET.<br \/>\nAmi n\u00e9lk\u00fcl boldogulni,<br \/>\nsz\u00e9pen \u00e9lni nem lehet.<br \/>\nNem sz\u00e1m\u00edt a mennyis\u00e9ge,<br \/>\n\u2013 p\u00e9nzben nem is m\u00e9rhet\u0151,<br \/>\ns b\u00e1rhol \u00e9ln\u00e9l a vil\u00e1gban,<br \/>\nmindenhol el\u00e9rhet\u0151\u2026\u201d<br \/>\nAranyosi Ervin<\/p>","protected":false},"featured_media":2296,"template":"","meta":[],"product_cat":[20],"product_tag":[],"class_list":{"0":"post-2286","1":"product","2":"type-product","3":"status-publish","4":"has-post-thumbnail","6":"product_cat-feher-boraink","8":"first","9":"instock","10":"taxable","11":"shipping-taxable","12":"purchasable","13":"product-type-simple"},"yoast_head":"<!-- This site is optimized with the Yoast SEO plugin v23.0 - https:\/\/yoast.com\/wordpress\/plugins\/seo\/ -->\n<title>S\u00e1rika Cuv\u00e9e 2024 - Dominium Pinc\u00e9szet<\/title>\n<meta name=\"description\" content=\"Egy bA S\u00e1rika Cuv\u00e9e 2024 a nev\u00e9t gyermekem, S\u00e1ra ut\u00e1n kapta. Ez a t\u00e9tel csak akkor k\u00e9sz\u00fcl, amikor lehet\u0151s\u00e9g van a Zenit vagy a Furmint k\u00e9sei sz\u00fcretel\u00e9s\u00e9re.\" \/>\n<meta name=\"robots\" content=\"index, follow, max-snippet:-1, max-image-preview:large, max-video-preview:-1\" \/>\n<link rel=\"canonical\" href=\"https:\/\/dominiumwine.com\/en\/product\/sarika-cuvee-2024\/\" \/>\n<meta property=\"og:locale\" content=\"en_US\" \/>\n<meta property=\"og:type\" content=\"article\" \/>\n<meta property=\"og:title\" content=\"S\u00e1rika Cuv\u00e9e 2024 - Dominium Pinc\u00e9szet\" \/>\n<meta property=\"og:description\" content=\"Egy bA S\u00e1rika Cuv\u00e9e 2024 a nev\u00e9t gyermekem, S\u00e1ra ut\u00e1n kapta. Ez a t\u00e9tel csak akkor k\u00e9sz\u00fcl, amikor lehet\u0151s\u00e9g van a Zenit vagy a Furmint k\u00e9sei sz\u00fcretel\u00e9s\u00e9re.\" \/>\n<meta property=\"og:url\" content=\"https:\/\/dominiumwine.com\/en\/product\/sarika-cuvee-2024\/\" \/>\n<meta property=\"og:site_name\" content=\"Dominium Pinc\u00e9szet\" \/>\n<meta property=\"article:modified_time\" content=\"2025-11-05T18:17:31+00:00\" \/>\n<meta property=\"og:image\" content=\"http:\/\/dominiumwine.com\/wp-content\/uploads\/2025\/07\/Sarika-2024.png\" \/>\n\t<meta property=\"og:image:width\" content=\"1080\" \/>\n\t<meta property=\"og:image:height\" content=\"1080\" \/>\n\t<meta property=\"og:image:type\" content=\"image\/png\" \/>\n<meta name=\"twitter:card\" content=\"summary_large_image\" \/>\n<meta name=\"twitter:label1\" content=\"Est. reading time\" \/>\n\t<meta name=\"twitter:data1\" content=\"1 minute\" \/>\n<script type=\"application\/ld+json\" class=\"yoast-schema-graph\">{\"@context\":\"https:\/\/schema.org\",\"@graph\":[{\"@type\":\"WebPage\",\"@id\":\"https:\/\/dominiumwine.com\/product\/sarika-cuvee-2024\/\",\"url\":\"https:\/\/dominiumwine.com\/product\/sarika-cuvee-2024\/\",\"name\":\"S\u00e1rika Cuv\u00e9e 2024 - Dominium Pinc\u00e9szet\",\"isPartOf\":{\"@id\":\"https:\/\/dominiumwine.com\/#website\"},\"primaryImageOfPage\":{\"@id\":\"https:\/\/dominiumwine.com\/product\/sarika-cuvee-2024\/#primaryimage\"},\"image\":{\"@id\":\"https:\/\/dominiumwine.com\/product\/sarika-cuvee-2024\/#primaryimage\"},\"thumbnailUrl\":\"https:\/\/dominiumwine.com\/wp-content\/uploads\/2025\/07\/Sarika-2024.png\",\"datePublished\":\"2025-07-12T16:31:24+00:00\",\"dateModified\":\"2025-11-05T18:17:31+00:00\",\"description\":\"Egy bA S\u00e1rika Cuv\u00e9e 2024 a nev\u00e9t gyermekem, S\u00e1ra ut\u00e1n kapta. Ez a t\u00e9tel csak akkor k\u00e9sz\u00fcl, amikor lehet\u0151s\u00e9g van a Zenit vagy a Furmint k\u00e9sei sz\u00fcretel\u00e9s\u00e9re.\",\"breadcrumb\":{\"@id\":\"https:\/\/dominiumwine.com\/product\/sarika-cuvee-2024\/#breadcrumb\"},\"inLanguage\":\"en-US\",\"potentialAction\":[{\"@type\":\"ReadAction\",\"target\":[\"https:\/\/dominiumwine.com\/product\/sarika-cuvee-2024\/\"]}]},{\"@type\":\"ImageObject\",\"inLanguage\":\"en-US\",\"@id\":\"https:\/\/dominiumwine.com\/product\/sarika-cuvee-2024\/#primaryimage\",\"url\":\"https:\/\/dominiumwine.com\/wp-content\/uploads\/2025\/07\/Sarika-2024.png\",\"contentUrl\":\"https:\/\/dominiumwine.com\/wp-content\/uploads\/2025\/07\/Sarika-2024.png\",\"width\":1080,\"height\":1080},{\"@type\":\"BreadcrumbList\",\"@id\":\"https:\/\/dominiumwine.com\/product\/sarika-cuvee-2024\/#breadcrumb\",\"itemListElement\":[{\"@type\":\"ListItem\",\"position\":1,\"name\":\"Kezd\u0151lap\",\"item\":\"https:\/\/dominiumwine.com\/\"},{\"@type\":\"ListItem\",\"position\":2,\"name\":\"Term\u00e9kek\",\"item\":\"https:\/\/dominiumwine.com\/shop\/\"},{\"@type\":\"ListItem\",\"position\":3,\"name\":\"S\u00e1rika Cuv\u00e9e 2024\"}]},{\"@type\":\"WebSite\",\"@id\":\"https:\/\/dominiumwine.com\/#website\",\"url\":\"https:\/\/dominiumwine.com\/\",\"name\":\"Dominium Pinc\u00e9szet\",\"description\":\"Term\u00e9szetess\u00e9g, min\u0151s\u00e9g, odaad\u00e1s.\",\"publisher\":{\"@id\":\"https:\/\/dominiumwine.com\/#organization\"},\"potentialAction\":[{\"@type\":\"SearchAction\",\"target\":{\"@type\":\"EntryPoint\",\"urlTemplate\":\"https:\/\/dominiumwine.com\/?s={search_term_string}\"},\"query-input\":\"required name=search_term_string\"}],\"inLanguage\":\"en-US\"},{\"@type\":\"Organization\",\"@id\":\"https:\/\/dominiumwine.com\/#organization\",\"name\":\"Dominium Pinc\u00e9szet\",\"url\":\"https:\/\/dominiumwine.com\/\",\"logo\":{\"@type\":\"ImageObject\",\"inLanguage\":\"en-US\",\"@id\":\"https:\/\/dominiumwine.com\/#\/schema\/logo\/image\/\",\"url\":\"https:\/\/dominiumwine.com\/wp-content\/uploads\/2023\/09\/13254653_1555236881446304_5392041322926135012_o.png\",\"contentUrl\":\"https:\/\/dominiumwine.com\/wp-content\/uploads\/2023\/09\/13254653_1555236881446304_5392041322926135012_o.png\",\"width\":2048,\"height\":1447,\"caption\":\"Dominium Pinc\u00e9szet\"},\"image\":{\"@id\":\"https:\/\/dominiumwine.com\/#\/schema\/logo\/image\/\"}}]}<\/script>\n<!-- \/ Yoast SEO plugin. -->","yoast_head_json":{"title":"S\u00e1rika Cuv\u00e9e 2024 - Dominium Pinc\u00e9szet","description":"Egy bA S\u00e1rika Cuv\u00e9e 2024 a nev\u00e9t gyermekem, S\u00e1ra ut\u00e1n kapta. Ez a t\u00e9tel csak akkor k\u00e9sz\u00fcl, amikor lehet\u0151s\u00e9g van a Zenit vagy a Furmint k\u00e9sei sz\u00fcretel\u00e9s\u00e9re.","robots":{"index":"index","follow":"follow","max-snippet":"max-snippet:-1","max-image-preview":"max-image-preview:large","max-video-preview":"max-video-preview:-1"},"canonical":"https:\/\/dominiumwine.com\/en\/product\/sarika-cuvee-2024\/","og_locale":"en_US","og_type":"article","og_title":"S\u00e1rika Cuv\u00e9e 2024 - Dominium Pinc\u00e9szet","og_description":"Egy bA S\u00e1rika Cuv\u00e9e 2024 a nev\u00e9t gyermekem, S\u00e1ra ut\u00e1n kapta. Ez a t\u00e9tel csak akkor k\u00e9sz\u00fcl, amikor lehet\u0151s\u00e9g van a Zenit vagy a Furmint k\u00e9sei sz\u00fcretel\u00e9s\u00e9re.","og_url":"https:\/\/dominiumwine.com\/en\/product\/sarika-cuvee-2024\/","og_site_name":"Dominium Pinc\u00e9szet","article_modified_time":"2025-11-05T18:17:31+00:00","og_image":[{"width":1080,"height":1080,"url":"http:\/\/dominiumwine.com\/wp-content\/uploads\/2025\/07\/Sarika-2024.png","type":"image\/png"}],"twitter_card":"summary_large_image","twitter_misc":{"Est. reading time":"1 minute"},"schema":{"@context":"https:\/\/schema.org","@graph":[{"@type":"WebPage","@id":"https:\/\/dominiumwine.com\/product\/sarika-cuvee-2024\/","url":"https:\/\/dominiumwine.com\/product\/sarika-cuvee-2024\/","name":"S\u00e1rika Cuv\u00e9e 2024 - Dominium Pinc\u00e9szet","isPartOf":{"@id":"https:\/\/dominiumwine.com\/#website"},"primaryImageOfPage":{"@id":"https:\/\/dominiumwine.com\/product\/sarika-cuvee-2024\/#primaryimage"},"image":{"@id":"https:\/\/dominiumwine.com\/product\/sarika-cuvee-2024\/#primaryimage"},"thumbnailUrl":"https:\/\/dominiumwine.com\/wp-content\/uploads\/2025\/07\/Sarika-2024.png","datePublished":"2025-07-12T16:31:24+00:00","dateModified":"2025-11-05T18:17:31+00:00","description":"Egy bA S\u00e1rika Cuv\u00e9e 2024 a nev\u00e9t gyermekem, S\u00e1ra ut\u00e1n kapta. Ez a t\u00e9tel csak akkor k\u00e9sz\u00fcl, amikor lehet\u0151s\u00e9g van a Zenit vagy a Furmint k\u00e9sei sz\u00fcretel\u00e9s\u00e9re.","breadcrumb":{"@id":"https:\/\/dominiumwine.com\/product\/sarika-cuvee-2024\/#breadcrumb"},"inLanguage":"en-US","potentialAction":[{"@type":"ReadAction","target":["https:\/\/dominiumwine.com\/product\/sarika-cuvee-2024\/"]}]},{"@type":"ImageObject","inLanguage":"en-US","@id":"https:\/\/dominiumwine.com\/product\/sarika-cuvee-2024\/#primaryimage","url":"https:\/\/dominiumwine.com\/wp-content\/uploads\/2025\/07\/Sarika-2024.png","contentUrl":"https:\/\/dominiumwine.com\/wp-content\/uploads\/2025\/07\/Sarika-2024.png","width":1080,"height":1080},{"@type":"BreadcrumbList","@id":"https:\/\/dominiumwine.com\/product\/sarika-cuvee-2024\/#breadcrumb","itemListElement":[{"@type":"ListItem","position":1,"name":"Kezd\u0151lap","item":"https:\/\/dominiumwine.com\/"},{"@type":"ListItem","position":2,"name":"Term\u00e9kek","item":"https:\/\/dominiumwine.com\/shop\/"},{"@type":"ListItem","position":3,"name":"S\u00e1rika Cuv\u00e9e 2024"}]},{"@type":"WebSite","@id":"https:\/\/dominiumwine.com\/#website","url":"https:\/\/dominiumwine.com\/","name":"Dominium Pinc\u00e9szet","description":"Term\u00e9szetess\u00e9g, min\u0151s\u00e9g, odaad\u00e1s.","publisher":{"@id":"https:\/\/dominiumwine.com\/#organization"},"potentialAction":[{"@type":"SearchAction","target":{"@type":"EntryPoint","urlTemplate":"https:\/\/dominiumwine.com\/?s={search_term_string}"},"query-input":"required name=search_term_string"}],"inLanguage":"en-US"},{"@type":"Organization","@id":"https:\/\/dominiumwine.com\/#organization","name":"Dominium Pinc\u00e9szet","url":"https:\/\/dominiumwine.com\/","logo":{"@type":"ImageObject","inLanguage":"en-US","@id":"https:\/\/dominiumwine.com\/#\/schema\/logo\/image\/","url":"https:\/\/dominiumwine.com\/wp-content\/uploads\/2023\/09\/13254653_1555236881446304_5392041322926135012_o.png","contentUrl":"https:\/\/dominiumwine.com\/wp-content\/uploads\/2023\/09\/13254653_1555236881446304_5392041322926135012_o.png","width":2048,"height":1447,"caption":"Dominium Pinc\u00e9szet"},"image":{"@id":"https:\/\/dominiumwine.com\/#\/schema\/logo\/image\/"}}]}},"jetpack_sharing_enabled":true,"_links":{"self":[{"href":"https:\/\/dominiumwine.com\/en\/wp-json\/wp\/v2\/product\/2286","targetHints":{"allow":["GET"]}}],"collection":[{"href":"https:\/\/dominiumwine.com\/en\/wp-json\/wp\/v2\/product"}],"about":[{"href":"https:\/\/dominiumwine.com\/en\/wp-json\/wp\/v2\/types\/product"}],"wp:featuredmedia":[{"embeddable":true,"href":"https:\/\/dominiumwine.com\/en\/wp-json\/wp\/v2\/media\/2296"}],"wp:attachment":[{"href":"https:\/\/dominiumwine.com\/en\/wp-json\/wp\/v2\/media?parent=2286"}],"wp:term":[{"taxonomy":"product_cat","embeddable":true,"href":"https:\/\/dominiumwine.com\/en\/wp-json\/wp\/v2\/product_cat?post=2286"},{"taxonomy":"product_tag","embeddable":true,"href":"https:\/\/dominiumwine.com\/en\/wp-json\/wp\/v2\/product_tag?post=2286"}],"curies":[{"name":"wp","href":"https:\/\/api.w.org\/{rel}","templated":true}]}}