{"id":2288,"date":"2025-07-12T16:44:05","date_gmt":"2025-07-12T16:44:05","guid":{"rendered":"https:\/\/dominiumwine.com\/?post_type=product&#038;p=2288"},"modified":"2025-09-02T16:02:32","modified_gmt":"2025-09-02T16:02:32","slug":"zenit-rajnai-2024","status":"publish","type":"product","link":"https:\/\/dominiumwine.com\/en\/product\/zenit-rajnai-2024\/","title":{"rendered":"Zenit-Rajnai 2024"},"content":{"rendered":"<div>Sz\u0151l\u0151fajta\u00a0 \u00a0 \u00a0 \u00a0 \u00a0 \u00a0 \u00a0 \u00a0 \u00a0 \u00a0 \u00a0 \u00a0 \u00a0 \u00a0 \u00a0 \u00a0 \u00a0 \u00a0 \u00a0\u00a0 <span data-sheets-root=\"1\">Zenit 70% &#8211; Rajnai 30%<\/span><\/div>\n<div><\/div>\n<div>\u00c9vj\u00e1rat\u00a0\u00a0\u00a0\u00a0\u00a0\u00a0\u00a0\u00a0\u00a0\u00a0\u00a0\u00a0\u00a0\u00a0\u00a0\u00a0\u00a0\u00a0\u00a0\u00a0\u00a0\u00a0\u00a0\u00a0\u00a0\u00a0\u00a0\u00a0\u00a0\u00a0\u00a0\u00a0\u00a0\u00a0\u00a0\u00a0\u00a0\u00a0\u00a0\u00a0\u00a0\u00a0 2024<\/div>\n<div><\/div>\n<div>Bork\u00e9sz\u00edt\u00e9s\u00a0 \u00a0 \u00a0 \u00a0 \u00a0 \u00a0 \u00a0 \u00a0 \u00a0 \u00a0 \u00a0 \u00a0 \u00a0 \u00a0 \u00a0 \u00a0 \u00a0 \u00a0 <span data-sheets-value=\"{&quot;1&quot;:2,&quot;2&quot;:&quot;Ny\u00edlt k\u00e1das erjeszt\u00e9s 100 %&quot;}\" data-sheets-userformat=\"{&quot;2&quot;:769,&quot;3&quot;:{&quot;1&quot;:0},&quot;11&quot;:4,&quot;12&quot;:0}\">Ac\u00e9ltart\u00e1ly 100 %<\/span><\/div>\n<div><\/div>\n<div>\u00c9rlel\u00e9s\u00a0 \u00a0 \u00a0 \u00a0 \u00a0 \u00a0 \u00a0 \u00a0 \u00a0 \u00a0 \u00a0 \u00a0 \u00a0 \u00a0 \u00a0 \u00a0 \u00a0 \u00a0 \u00a0 \u00a0 \u00a0 \u00a0 <span data-sheets-value=\"{&quot;1&quot;:2,&quot;2&quot;:&quot;\u00daj \u00e9s m\u00e1sodt\u00f6lt\u00e9s\u0171 hord\u00f3s&quot;}\" data-sheets-userformat=\"{&quot;2&quot;:769,&quot;3&quot;:{&quot;1&quot;:0},&quot;11&quot;:4,&quot;12&quot;:0}\">Ac\u00e9ltart\u00e1ly<\/span><\/div>\n<div><\/div>\n<div>Alkohol\u00a0 \u00a0 \u00a0 \u00a0 \u00a0 \u00a0 \u00a0 \u00a0 \u00a0 \u00a0 \u00a0 \u00a0 \u00a0 \u00a0 \u00a0 \u00a0 \u00a0 \u00a0 \u00a0 \u00a0 \u00a0 14,5 %<\/div>\n<div><\/div>\n<div>Sz\u00e1razs\u00e1gi fok\u00a0 \u00a0 \u00a0 \u00a0 \u00a0 \u00a0 \u00a0 \u00a0 \u00a0 \u00a0 \u00a0 \u00a0 \u00a0 \u00a0 \u00a0 \u00a0Sz\u00e1raz<\/div>\n<div><\/div>\n<div>Fogyaszt\u00e1si h\u0151m\u00e9rs\u00e9klet\u00a0 \u00a0 \u00a0 \u00a0 \u00a0 \u00a0 15\u00b0C<\/div>","protected":false},"excerpt":{"rendered":"<p><span data-sheets-root=\"1\">A k\u00fcl\u00f6nleges magyar nemes\u00edt\u00e9s\u0171 Zenitet 2024-ben k\u00e9t k\u00fcl\u00f6nb\u00f6z\u0151 id\u0151pontban sz\u00fcretelt\u00fck. Az els\u0151 sz\u00fcretb\u0151l k\u00e9sz\u00fclt sz\u00e1raz borunkat 70-30 ar\u00e1nyban h\u00e1zas\u00edtottuk Rajnai rizlinggel, m\u00edg a t\u0151k\u00e9n hagyott f\u00fcrt\u00f6k k\u00e9s\u0151bb a S\u00e1rika Cuv\u00e9e alapanyag\u00e1v\u00e1 v\u00e1ltak.<br \/>\nA rendk\u00edv\u00fcl meleg \u00e9vj\u00e1rat ellen\u00e9re siker\u00fclt meg\u0151rizn\u00fcnk a term\u00e9szetes savakat, \u00edgy egy harmonikus, t\u00f6k\u00e9letes egyens\u00falyban l\u00e9v\u0151 bort alkottunk. A Rajnai rizling hat\u00e1rozott savgerincet ad, m\u00edg a Zenit testesebb\u00e9, teltebb\u00e9 teszi a bort. Illat- \u00e9s \u00edzvil\u00e1g\u00e1t vir\u00e1gos jegyek, valamint feh\u00e9r h\u00fas\u00fa gy\u00fcm\u00f6lcs\u00f6k hat\u00e1rozz\u00e1k meg. Az enyhe battonage \u00e9rlel\u00e9snek k\u00f6sz\u00f6nhet\u0151en a korty l\u00e1gy kr\u00e9mess\u00e9ggel eg\u00e9sz\u00fcl ki.<\/span><\/p>","protected":false},"featured_media":2350,"template":"","meta":[],"product_cat":[20],"product_tag":[],"class_list":{"0":"post-2288","1":"product","2":"type-product","3":"status-publish","4":"has-post-thumbnail","6":"product_cat-feher-boraink","8":"first","9":"instock","10":"taxable","11":"shipping-taxable","12":"purchasable","13":"product-type-simple"},"yoast_head":"<!-- This site is optimized with the Yoast SEO plugin v23.0 - https:\/\/yoast.com\/wordpress\/plugins\/seo\/ -->\n<title>Zenit-Rajnai 2024 - Dominium Pinc\u00e9szet<\/title>\n<meta name=\"description\" content=\"Az els\u0151 sz\u00fcretes Zenit-Rajnai sz\u00e1raz borunkat 70-30 ar\u00e1nyban h\u00e1zas\u00edtottuk Rajnai rizlinggel, m\u00edg a t\u0151k\u00e9n hagyott f\u00fcrt\u00f6k k\u00e9s\u0151bb a S\u00e1rika alapanyag\u00e1v\u00e1 v\u00e1ltak\" \/>\n<meta name=\"robots\" content=\"index, follow, max-snippet:-1, max-image-preview:large, max-video-preview:-1\" \/>\n<link rel=\"canonical\" href=\"https:\/\/dominiumwine.com\/en\/product\/zenit-rajnai-2024\/\" \/>\n<meta property=\"og:locale\" content=\"en_US\" \/>\n<meta property=\"og:type\" content=\"article\" \/>\n<meta property=\"og:title\" content=\"Zenit-Rajnai 2024 - Dominium Pinc\u00e9szet\" \/>\n<meta property=\"og:description\" content=\"Az els\u0151 sz\u00fcretes Zenit-Rajnai sz\u00e1raz borunkat 70-30 ar\u00e1nyban h\u00e1zas\u00edtottuk Rajnai rizlinggel, m\u00edg a t\u0151k\u00e9n hagyott f\u00fcrt\u00f6k k\u00e9s\u0151bb a S\u00e1rika alapanyag\u00e1v\u00e1 v\u00e1ltak\" \/>\n<meta property=\"og:url\" content=\"https:\/\/dominiumwine.com\/en\/product\/zenit-rajnai-2024\/\" \/>\n<meta property=\"og:site_name\" content=\"Dominium Pinc\u00e9szet\" \/>\n<meta property=\"article:modified_time\" content=\"2025-09-02T16:02:32+00:00\" \/>\n<meta property=\"og:image\" content=\"http:\/\/dominiumwine.com\/wp-content\/uploads\/2025\/07\/Zenit-Rajnai.png\" \/>\n\t<meta property=\"og:image:width\" content=\"1080\" \/>\n\t<meta property=\"og:image:height\" content=\"1080\" \/>\n\t<meta property=\"og:image:type\" content=\"image\/png\" \/>\n<meta name=\"twitter:card\" content=\"summary_large_image\" \/>\n<meta name=\"twitter:label1\" content=\"Est. reading time\" \/>\n\t<meta name=\"twitter:data1\" content=\"1 minute\" \/>\n<script type=\"application\/ld+json\" class=\"yoast-schema-graph\">{\"@context\":\"https:\/\/schema.org\",\"@graph\":[{\"@type\":\"WebPage\",\"@id\":\"https:\/\/dominiumwine.com\/product\/zenit-rajnai-2024\/\",\"url\":\"https:\/\/dominiumwine.com\/product\/zenit-rajnai-2024\/\",\"name\":\"Zenit-Rajnai 2024 - Dominium Pinc\u00e9szet\",\"isPartOf\":{\"@id\":\"https:\/\/dominiumwine.com\/#website\"},\"primaryImageOfPage\":{\"@id\":\"https:\/\/dominiumwine.com\/product\/zenit-rajnai-2024\/#primaryimage\"},\"image\":{\"@id\":\"https:\/\/dominiumwine.com\/product\/zenit-rajnai-2024\/#primaryimage\"},\"thumbnailUrl\":\"https:\/\/dominiumwine.com\/wp-content\/uploads\/2025\/07\/Zenit-Rajnai.png\",\"datePublished\":\"2025-07-12T16:44:05+00:00\",\"dateModified\":\"2025-09-02T16:02:32+00:00\",\"description\":\"Az els\u0151 sz\u00fcretes Zenit-Rajnai sz\u00e1raz borunkat 70-30 ar\u00e1nyban h\u00e1zas\u00edtottuk Rajnai rizlinggel, m\u00edg a t\u0151k\u00e9n hagyott f\u00fcrt\u00f6k k\u00e9s\u0151bb a S\u00e1rika alapanyag\u00e1v\u00e1 v\u00e1ltak\",\"breadcrumb\":{\"@id\":\"https:\/\/dominiumwine.com\/product\/zenit-rajnai-2024\/#breadcrumb\"},\"inLanguage\":\"en-US\",\"potentialAction\":[{\"@type\":\"ReadAction\",\"target\":[\"https:\/\/dominiumwine.com\/product\/zenit-rajnai-2024\/\"]}]},{\"@type\":\"ImageObject\",\"inLanguage\":\"en-US\",\"@id\":\"https:\/\/dominiumwine.com\/product\/zenit-rajnai-2024\/#primaryimage\",\"url\":\"https:\/\/dominiumwine.com\/wp-content\/uploads\/2025\/07\/Zenit-Rajnai.png\",\"contentUrl\":\"https:\/\/dominiumwine.com\/wp-content\/uploads\/2025\/07\/Zenit-Rajnai.png\",\"width\":1080,\"height\":1080},{\"@type\":\"BreadcrumbList\",\"@id\":\"https:\/\/dominiumwine.com\/product\/zenit-rajnai-2024\/#breadcrumb\",\"itemListElement\":[{\"@type\":\"ListItem\",\"position\":1,\"name\":\"Kezd\u0151lap\",\"item\":\"https:\/\/dominiumwine.com\/\"},{\"@type\":\"ListItem\",\"position\":2,\"name\":\"Term\u00e9kek\",\"item\":\"https:\/\/dominiumwine.com\/shop\/\"},{\"@type\":\"ListItem\",\"position\":3,\"name\":\"Zenit-Rajnai 2024\"}]},{\"@type\":\"WebSite\",\"@id\":\"https:\/\/dominiumwine.com\/#website\",\"url\":\"https:\/\/dominiumwine.com\/\",\"name\":\"Dominium Pinc\u00e9szet\",\"description\":\"Term\u00e9szetess\u00e9g, min\u0151s\u00e9g, odaad\u00e1s.\",\"publisher\":{\"@id\":\"https:\/\/dominiumwine.com\/#organization\"},\"potentialAction\":[{\"@type\":\"SearchAction\",\"target\":{\"@type\":\"EntryPoint\",\"urlTemplate\":\"https:\/\/dominiumwine.com\/?s={search_term_string}\"},\"query-input\":\"required name=search_term_string\"}],\"inLanguage\":\"en-US\"},{\"@type\":\"Organization\",\"@id\":\"https:\/\/dominiumwine.com\/#organization\",\"name\":\"Dominium Pinc\u00e9szet\",\"url\":\"https:\/\/dominiumwine.com\/\",\"logo\":{\"@type\":\"ImageObject\",\"inLanguage\":\"en-US\",\"@id\":\"https:\/\/dominiumwine.com\/#\/schema\/logo\/image\/\",\"url\":\"https:\/\/dominiumwine.com\/wp-content\/uploads\/2023\/09\/13254653_1555236881446304_5392041322926135012_o.png\",\"contentUrl\":\"https:\/\/dominiumwine.com\/wp-content\/uploads\/2023\/09\/13254653_1555236881446304_5392041322926135012_o.png\",\"width\":2048,\"height\":1447,\"caption\":\"Dominium Pinc\u00e9szet\"},\"image\":{\"@id\":\"https:\/\/dominiumwine.com\/#\/schema\/logo\/image\/\"}}]}<\/script>\n<!-- \/ Yoast SEO plugin. -->","yoast_head_json":{"title":"Zenit-Rajnai 2024 - Dominium Pinc\u00e9szet","description":"Az els\u0151 sz\u00fcretes Zenit-Rajnai sz\u00e1raz borunkat 70-30 ar\u00e1nyban h\u00e1zas\u00edtottuk Rajnai rizlinggel, m\u00edg a t\u0151k\u00e9n hagyott f\u00fcrt\u00f6k k\u00e9s\u0151bb a S\u00e1rika alapanyag\u00e1v\u00e1 v\u00e1ltak","robots":{"index":"index","follow":"follow","max-snippet":"max-snippet:-1","max-image-preview":"max-image-preview:large","max-video-preview":"max-video-preview:-1"},"canonical":"https:\/\/dominiumwine.com\/en\/product\/zenit-rajnai-2024\/","og_locale":"en_US","og_type":"article","og_title":"Zenit-Rajnai 2024 - Dominium Pinc\u00e9szet","og_description":"Az els\u0151 sz\u00fcretes Zenit-Rajnai sz\u00e1raz borunkat 70-30 ar\u00e1nyban h\u00e1zas\u00edtottuk Rajnai rizlinggel, m\u00edg a t\u0151k\u00e9n hagyott f\u00fcrt\u00f6k k\u00e9s\u0151bb a S\u00e1rika alapanyag\u00e1v\u00e1 v\u00e1ltak","og_url":"https:\/\/dominiumwine.com\/en\/product\/zenit-rajnai-2024\/","og_site_name":"Dominium Pinc\u00e9szet","article_modified_time":"2025-09-02T16:02:32+00:00","og_image":[{"width":1080,"height":1080,"url":"http:\/\/dominiumwine.com\/wp-content\/uploads\/2025\/07\/Zenit-Rajnai.png","type":"image\/png"}],"twitter_card":"summary_large_image","twitter_misc":{"Est. reading time":"1 minute"},"schema":{"@context":"https:\/\/schema.org","@graph":[{"@type":"WebPage","@id":"https:\/\/dominiumwine.com\/product\/zenit-rajnai-2024\/","url":"https:\/\/dominiumwine.com\/product\/zenit-rajnai-2024\/","name":"Zenit-Rajnai 2024 - Dominium Pinc\u00e9szet","isPartOf":{"@id":"https:\/\/dominiumwine.com\/#website"},"primaryImageOfPage":{"@id":"https:\/\/dominiumwine.com\/product\/zenit-rajnai-2024\/#primaryimage"},"image":{"@id":"https:\/\/dominiumwine.com\/product\/zenit-rajnai-2024\/#primaryimage"},"thumbnailUrl":"https:\/\/dominiumwine.com\/wp-content\/uploads\/2025\/07\/Zenit-Rajnai.png","datePublished":"2025-07-12T16:44:05+00:00","dateModified":"2025-09-02T16:02:32+00:00","description":"Az els\u0151 sz\u00fcretes Zenit-Rajnai sz\u00e1raz borunkat 70-30 ar\u00e1nyban h\u00e1zas\u00edtottuk Rajnai rizlinggel, m\u00edg a t\u0151k\u00e9n hagyott f\u00fcrt\u00f6k k\u00e9s\u0151bb a S\u00e1rika alapanyag\u00e1v\u00e1 v\u00e1ltak","breadcrumb":{"@id":"https:\/\/dominiumwine.com\/product\/zenit-rajnai-2024\/#breadcrumb"},"inLanguage":"en-US","potentialAction":[{"@type":"ReadAction","target":["https:\/\/dominiumwine.com\/product\/zenit-rajnai-2024\/"]}]},{"@type":"ImageObject","inLanguage":"en-US","@id":"https:\/\/dominiumwine.com\/product\/zenit-rajnai-2024\/#primaryimage","url":"https:\/\/dominiumwine.com\/wp-content\/uploads\/2025\/07\/Zenit-Rajnai.png","contentUrl":"https:\/\/dominiumwine.com\/wp-content\/uploads\/2025\/07\/Zenit-Rajnai.png","width":1080,"height":1080},{"@type":"BreadcrumbList","@id":"https:\/\/dominiumwine.com\/product\/zenit-rajnai-2024\/#breadcrumb","itemListElement":[{"@type":"ListItem","position":1,"name":"Kezd\u0151lap","item":"https:\/\/dominiumwine.com\/"},{"@type":"ListItem","position":2,"name":"Term\u00e9kek","item":"https:\/\/dominiumwine.com\/shop\/"},{"@type":"ListItem","position":3,"name":"Zenit-Rajnai 2024"}]},{"@type":"WebSite","@id":"https:\/\/dominiumwine.com\/#website","url":"https:\/\/dominiumwine.com\/","name":"Dominium Pinc\u00e9szet","description":"Term\u00e9szetess\u00e9g, min\u0151s\u00e9g, odaad\u00e1s.","publisher":{"@id":"https:\/\/dominiumwine.com\/#organization"},"potentialAction":[{"@type":"SearchAction","target":{"@type":"EntryPoint","urlTemplate":"https:\/\/dominiumwine.com\/?s={search_term_string}"},"query-input":"required name=search_term_string"}],"inLanguage":"en-US"},{"@type":"Organization","@id":"https:\/\/dominiumwine.com\/#organization","name":"Dominium Pinc\u00e9szet","url":"https:\/\/dominiumwine.com\/","logo":{"@type":"ImageObject","inLanguage":"en-US","@id":"https:\/\/dominiumwine.com\/#\/schema\/logo\/image\/","url":"https:\/\/dominiumwine.com\/wp-content\/uploads\/2023\/09\/13254653_1555236881446304_5392041322926135012_o.png","contentUrl":"https:\/\/dominiumwine.com\/wp-content\/uploads\/2023\/09\/13254653_1555236881446304_5392041322926135012_o.png","width":2048,"height":1447,"caption":"Dominium Pinc\u00e9szet"},"image":{"@id":"https:\/\/dominiumwine.com\/#\/schema\/logo\/image\/"}}]}},"jetpack_sharing_enabled":true,"_links":{"self":[{"href":"https:\/\/dominiumwine.com\/en\/wp-json\/wp\/v2\/product\/2288","targetHints":{"allow":["GET"]}}],"collection":[{"href":"https:\/\/dominiumwine.com\/en\/wp-json\/wp\/v2\/product"}],"about":[{"href":"https:\/\/dominiumwine.com\/en\/wp-json\/wp\/v2\/types\/product"}],"wp:featuredmedia":[{"embeddable":true,"href":"https:\/\/dominiumwine.com\/en\/wp-json\/wp\/v2\/media\/2350"}],"wp:attachment":[{"href":"https:\/\/dominiumwine.com\/en\/wp-json\/wp\/v2\/media?parent=2288"}],"wp:term":[{"taxonomy":"product_cat","embeddable":true,"href":"https:\/\/dominiumwine.com\/en\/wp-json\/wp\/v2\/product_cat?post=2288"},{"taxonomy":"product_tag","embeddable":true,"href":"https:\/\/dominiumwine.com\/en\/wp-json\/wp\/v2\/product_tag?post=2288"}],"curies":[{"name":"wp","href":"https:\/\/api.w.org\/{rel}","templated":true}]}}