{"id":2340,"date":"2025-08-14T09:11:15","date_gmt":"2025-08-14T09:11:15","guid":{"rendered":"https:\/\/dominiumwine.com\/?post_type=product&#038;p=2340"},"modified":"2025-08-16T10:03:48","modified_gmt":"2025-08-16T10:03:48","slug":"dominium-feher-borvalogatas","status":"publish","type":"product","link":"https:\/\/dominiumwine.com\/en\/product\/dominium-feher-borvalogatas\/","title":{"rendered":"Dominium feh\u00e9r Borv\u00e1logat\u00e1s"},"content":{"rendered":"<h2>S\u00e1rgamuskot\u00e1ly 2024<\/h2>\n<div class=\"elementor-element elementor-element-210b73b2 elementor-widget elementor-widget-woocommerce-product-short-description\" data-id=\"210b73b2\" data-element_type=\"widget\" data-widget_type=\"woocommerce-product-short-description.default\">\n<div class=\"elementor-widget-container\">\n<div class=\"woocommerce-product-details__short-description\">\n<p><span data-sheets-root=\"1\">Pinc\u00e9szet\u00fcnk egyik nagy kedvence, amely \u00f6n\u00e1ll\u00f3 fajtabork\u00e9nt \u00e9s h\u00e1zas\u00edt\u00e1sban is mindig leny\u0171g\u00f6zte k\u00f3stol\u00f3it. Az \u00f6kol\u00f3giai m\u0171vel\u00e9s\u0171 2024-es \u00e9vj\u00e1rat kiemelked\u0151 alapanyagot adott, amelyb\u0151l egy eleg\u00e1ns, k\u00f6nnyed, de m\u00e9gis karakteres \u00e9s b\u00e1rsonyos bor sz\u00fcletett. Parf\u00fcm\u00f6s illata bodz\u00e1t \u00e9s sz\u0151l\u0151vir\u00e1got id\u00e9z, \u00edzvil\u00e1ga pedig beh\u00edzelg\u0151en friss \u00e9s harmonikus. Gasztron\u00f3miai p\u00e1ros\u00edt\u00e1sokban is remek\u00fcl meg\u00e1llja a hely\u00e9t, de egy ny\u00e1ri est\u00e9n, j\u00f3l beh\u0171tve, bar\u00e1tokkal, t\u00e1rsas\u00e1gban is igazi \u00e9lm\u00e9ny.<\/span><\/p>\n<\/div>\n<\/div>\n<\/div>\n<div class=\"elementor-element elementor-element-3818955d elementor-widget elementor-widget-woocommerce-product-title elementor-page-title elementor-widget-heading\" data-id=\"3818955d\" data-element_type=\"widget\" data-widget_type=\"woocommerce-product-title.default\">\n<div class=\"elementor-widget-container\">\n<div class=\"elementor-element elementor-element-3818955d elementor-widget elementor-widget-woocommerce-product-title elementor-page-title elementor-widget-heading\" data-id=\"3818955d\" data-element_type=\"widget\" data-widget_type=\"woocommerce-product-title.default\">\n<div class=\"elementor-widget-container\">\n<h2 class=\"product_title entry-title elementor-heading-title elementor-size-default\">Ad\u00e9l 2023<\/h2>\n<\/div>\n<\/div>\n<div class=\"elementor-element elementor-element-210b73b2 elementor-widget elementor-widget-woocommerce-product-short-description\" data-id=\"210b73b2\" data-element_type=\"widget\" data-widget_type=\"woocommerce-product-short-description.default\">\n<div class=\"elementor-widget-container\">\n<div class=\"woocommerce-product-details__short-description\">\n<p>Ez a rendk\u00edv\u00fcli, arom\u00e1kban gazdag bor h\u00e1rom kiv\u00e1l\u00f3 sz\u0151l\u0151fajta \u00f6tv\u00f6z\u00e9s\u00e9nek eredm\u00e9nye. A Furmint, a Rajnai rizling \u00e9s a Chardonnay m\u00e1r \u00f6nmagukban is kiv\u00e1l\u00f3ak, de egy\u00fctt egy k\u00fcl\u00f6nleges \u00edzvil\u00e1gba vezetnek minket. A bor vulkanikus talajon termesztett sz\u0151l\u0151b\u0151l, \u00f6kol\u00f3giai gazd\u00e1lkod\u00e1ssal \u00e9s natur\u00e1lis bork\u00e9sz\u00edt\u00e9si m\u00f3dszerekkel k\u00e9sz\u00fclt, \u00e9s 7 h\u00f3napon \u00e1t fahord\u00f3ban \u00e9rlel\u0151d\u00f6tt. Illatban a Furmint k\u00f6sz\u00f6n be hirtelen egy enyhe m\u00e9zes, f\u00fcg\u00e9s illattal. \u00cdzben m\u00e1r egy nagyon komplex \u00e9lm\u00e9nyt kapunk. A f\u00fcge, az \u00e9rett barack, van\u00edlia, doh\u00e1ny is visszak\u00f6sz\u00f6n. Az \u00e9rlel\u00e9shez vegyesen magyar, amerikai \u00e9s francia t\u00f6lgyet haszn\u00e1ltunk.<\/p>\n<\/div>\n<\/div>\n<\/div>\n<\/div>\n<\/div>\n<div class=\"elementor-element elementor-element-3818955d elementor-widget elementor-widget-woocommerce-product-title elementor-page-title elementor-widget-heading\" data-id=\"3818955d\" data-element_type=\"widget\" data-widget_type=\"woocommerce-product-title.default\">\n<div class=\"elementor-widget-container\">\n<h2 class=\"product_title entry-title elementor-heading-title elementor-size-default\">Pinot Gris 2024<\/h2>\n<\/div>\n<\/div>\n<div class=\"elementor-element elementor-element-210b73b2 elementor-widget elementor-widget-woocommerce-product-short-description\" data-id=\"210b73b2\" data-element_type=\"widget\" data-widget_type=\"woocommerce-product-short-description.default\">\n<div class=\"elementor-widget-container\">\n<div class=\"woocommerce-product-details__short-description\">\n<p><span data-sheets-root=\"1\">A M\u00e1trai borvid\u00e9k egyik ikonikus sz\u0151l\u0151fajt\u00e1ja, amely vil\u00e1gszerte ismert \u00e9s kedvelt Pinot Grigio vagy Pinot Gris n\u00e9ven.<br \/>\nPinc\u00e9szet\u00fcnk m\u00e1sodik \u00e9vj\u00e1rata a Sz\u00fcrkebar\u00e1tb\u00f3l minden v\u00e1rakoz\u00e1sunkat fel\u00fclm\u00falta. Gazdag aromavil\u00e1g, kerek test \u00e9s a fajt\u00e1ra jellemz\u0151 pinkes \u00e1rnyalat teszi k\u00fcl\u00f6nlegess\u00e9. Illat\u00e1ban \u00e9s \u00edz\u00e9ben az \u00e9rett k\u00f6rte \u00e9s alma domin\u00e1l.<br \/>\nA feh\u00e9rborok kifinomult hercege. Elengedhetetlen k\u00eds\u00e9r\u0151 az asztaln\u00e1l!<\/span><\/p>\n<\/div>\n<\/div>\n<\/div>\n<div class=\"elementor-element elementor-element-3818955d elementor-widget elementor-widget-woocommerce-product-title elementor-page-title elementor-widget-heading\" data-id=\"3818955d\" data-element_type=\"widget\" data-widget_type=\"woocommerce-product-title.default\">\n<div class=\"elementor-widget-container\">\n<h2 class=\"product_title entry-title elementor-heading-title elementor-size-default\">Chardonnay Battonage 2024<\/h2>\n<\/div>\n<\/div>\n<div class=\"elementor-element elementor-element-210b73b2 elementor-widget elementor-widget-woocommerce-product-short-description\" data-id=\"210b73b2\" data-element_type=\"widget\" data-widget_type=\"woocommerce-product-short-description.default\">\n<div class=\"elementor-widget-container\">\n<div class=\"woocommerce-product-details__short-description\">\n<p><span data-sheets-root=\"1\">\u00d6kol\u00f3giai gazd\u00e1lkod\u00e1sban m\u0171velt Chardonnay sz\u0151l\u0151nk a k\u00fcl\u00f6nleges adotts\u00e1gokkal rendelkez\u0151 Gereg hegyen terem. D\u00e9lnyugati kitetts\u00e9g, meredek lejt\u0151, 280 m tengerszint feletti magass\u00e1g, vulkanikus talaj. Minden adott a j\u00f3 alapanyaghoz. A 2024-es Chardonnay battonage technik\u00e1val k\u00e9sz\u00fclt, a finom sepr\u0171t bizonyos id\u0151k\u00f6z\u00f6nk\u00e9nt felkevert\u00fck, hogy teltebb, gazdagabb bort kapjunk.<br \/>\nIllat\u00e1ban \u00e9s \u00edz\u00e9ben is barack, barackvir\u00e1gos jegyek domin\u00e1lnak a finom sepr\u0151s \u00e9rlel\u00e9sb\u0151l sz\u00e1rmaz\u00f3 kr\u00e9mes \u00edzvil\u00e1ggal kieg\u00e9sz\u00fclve.<br \/>\nK\u00f3stolja meg szeretettel \u00e9s \u00e9lvezze minden pillanat\u00e1t!<\/span><\/p>\n<\/div>\n<div class=\"elementor-element elementor-element-3818955d elementor-widget elementor-widget-woocommerce-product-title elementor-page-title elementor-widget-heading\" data-id=\"3818955d\" data-element_type=\"widget\" data-widget_type=\"woocommerce-product-title.default\">\n<div class=\"elementor-widget-container\">\n<h2 class=\"product_title entry-title elementor-heading-title elementor-size-default\">Zenit-Rajnai 2024<\/h2>\n<\/div>\n<\/div>\n<div class=\"elementor-element elementor-element-210b73b2 elementor-widget elementor-widget-woocommerce-product-short-description\" data-id=\"210b73b2\" data-element_type=\"widget\" data-widget_type=\"woocommerce-product-short-description.default\">\n<div class=\"elementor-widget-container\">\n<div class=\"woocommerce-product-details__short-description\">\n<p><span data-sheets-root=\"1\">A k\u00fcl\u00f6nleges magyar nemes\u00edt\u00e9s\u0171 Zenitet 2024-ben k\u00e9t k\u00fcl\u00f6nb\u00f6z\u0151 id\u0151pontban sz\u00fcretelt\u00fck. Az els\u0151 sz\u00fcretb\u0151l k\u00e9sz\u00fclt sz\u00e1raz borunkat 70-30 ar\u00e1nyban h\u00e1zas\u00edtottuk Rajnai rizlinggel, m\u00edg a t\u0151k\u00e9n hagyott f\u00fcrt\u00f6k k\u00e9s\u0151bb a S\u00e1rika Cuv\u00e9e alapanyag\u00e1v\u00e1 v\u00e1ltak.<br \/>\nA rendk\u00edv\u00fcl meleg \u00e9vj\u00e1rat ellen\u00e9re siker\u00fclt meg\u0151rizn\u00fcnk a term\u00e9szetes savakat, \u00edgy egy harmonikus, t\u00f6k\u00e9letes egyens\u00falyban l\u00e9v\u0151 bort alkottunk. A Rajnai rizling hat\u00e1rozott savgerincet ad, m\u00edg a Zenit testesebb\u00e9, teltebb\u00e9 teszi a bort. Illat- \u00e9s \u00edzvil\u00e1g\u00e1t vir\u00e1gos jegyek, valamint feh\u00e9r h\u00fas\u00fa gy\u00fcm\u00f6lcs\u00f6k hat\u00e1rozz\u00e1k meg. Az enyhe battonage \u00e9rlel\u00e9snek k\u00f6sz\u00f6nhet\u0151en a korty l\u00e1gy kr\u00e9mess\u00e9ggel eg\u00e9sz\u00fcl ki.<\/span><\/p>\n<\/div>\n<div class=\"elementor-element elementor-element-3818955d elementor-widget elementor-widget-woocommerce-product-title elementor-page-title elementor-widget-heading\" data-id=\"3818955d\" data-element_type=\"widget\" data-widget_type=\"woocommerce-product-title.default\">\n<div class=\"elementor-widget-container\">\n<h2 class=\"product_title entry-title elementor-heading-title elementor-size-default\">Furmint 2023<\/h2>\n<\/div>\n<\/div>\n<div class=\"elementor-element elementor-element-210b73b2 elementor-widget elementor-widget-woocommerce-product-short-description\" data-id=\"210b73b2\" data-element_type=\"widget\" data-widget_type=\"woocommerce-product-short-description.default\">\n<div class=\"elementor-widget-container\">\n<div class=\"woocommerce-product-details__short-description\">\n<p><span data-sheets-root=\"1\">Illat\u00e1ban mazsola, m\u00e9z \u00e9s f\u00fcge domin\u00e1l, amelyeket az \u00edzvil\u00e1gban is felfedezhet\u00fcnk, enyh\u00e9n \u00e9rett alm\u00e1s jegyekkel \u00e9s doh\u00e1nyos \u00e1rnyalatokkal gazdag\u00edtva. 7 h\u00f3napot \u00e9rlel\u0151d\u00f6tt francia, magyar \u00e9s amerikai t\u00f6lgyfahord\u00f3kban, hogy harmonikus karakter\u00e9t elnyerje. Egy bor, amely a term\u00e9szet tisztelet\u00e9b\u0151l \u00e9s a hagyom\u00e1nyos bork\u00e9sz\u00edt\u00e9sb\u0151l sz\u00fcletett.<br \/>\n<\/span><\/p>\n<p><span data-sheets-root=\"1\">K\u00f3stolja meg szeretettel \u00e9s \u00e9lvezze minden pillanat\u00e1t!<\/span><\/p>\n<\/div>\n<\/div>\n<\/div>\n<\/div>\n<\/div>\n<\/div>\n<\/div>","protected":false},"excerpt":{"rendered":"<p data-start=\"71\" data-end=\"610\"><strong data-start=\"71\" data-end=\"138\">Dominium Feh\u00e9r Borv\u00e1logat\u00e1s<\/strong><br data-start=\"138\" data-end=\"141\" \/>Fedezd fel a Dominium Pinc\u00e9szet egyed\u00fcl\u00e1ll\u00f3 feh\u00e9rborait, melyek a M\u00e1trai borvid\u00e9k vulkanikus talaj\u00e1nak, a gondos \u00f6kol\u00f3giai m\u0171vel\u00e9snek \u00e9s a szenved\u00e9lyes bork\u00e9sz\u00edt\u00e9snek k\u00f6sz\u00f6nhetik kifinomult karakter\u00fcket. Ez a v\u00e1logat\u00e1s a friss, \u00fcde, gy\u00fcm\u00f6lcs\u00f6s t\u00e9telekt\u0151l eg\u00e9szen a hord\u00f3ban \u00e9rlelt, komplex remekm\u0171vekig vezet el, \u00edgy minden korty \u00faj \u00e9lm\u00e9nyt tartogat. Ak\u00e1r egy ny\u00e1ri teraszos besz\u00e9lget\u00e9shez, ak\u00e1r egy eleg\u00e1ns vacsor\u00e1hoz garant\u00e1ltan meg\u00e1llja a hely\u00e9t ez a k\u00fcl\u00f6nleges v\u00e1logat\u00e1s.<\/p>\n<p data-start=\"71\" data-end=\"610\"><strong data-start=\"612\" data-end=\"634\">A csomag tartalma:<\/strong><\/p>\n<ul data-start=\"637\" data-end=\"1228\">\n<li data-start=\"637\" data-end=\"743\">\n<p data-start=\"639\" data-end=\"743\"><strong data-start=\"639\" data-end=\"662\">S\u00e1rgamuskot\u00e1ly 2024<\/strong><\/p>\n<\/li>\n<li data-start=\"744\" data-end=\"854\">\n<p data-start=\"746\" data-end=\"854\"><strong data-start=\"746\" data-end=\"759\">Ad\u00e9l 2023<\/strong><\/p>\n<\/li>\n<li data-start=\"744\" data-end=\"854\">\n<p data-start=\"746\" data-end=\"854\"><strong data-start=\"857\" data-end=\"876\">Pinot Gris 2024<\/strong><\/p>\n<\/li>\n<li data-start=\"939\" data-end=\"1027\">\n<p data-start=\"941\" data-end=\"1027\"><strong data-start=\"941\" data-end=\"970\">Chardonnay Battonage 2024<\/strong><\/p>\n<\/li>\n<li data-start=\"1028\" data-end=\"1133\">\n<p data-start=\"1030\" data-end=\"1133\"><strong data-start=\"1030\" data-end=\"1051\">Zenit\u2013Rajnai 2024<\/strong><\/p>\n<\/li>\n<li data-start=\"1134\" data-end=\"1228\">\n<p data-start=\"1136\" data-end=\"1228\"><strong data-start=\"1136\" data-end=\"1152\">Furmint 2023<\/strong><\/p>\n<\/li>\n<\/ul>\n<hr data-start=\"1230\" data-end=\"1233\" \/>\n<p>&nbsp;<\/p>\n<p>&nbsp;<\/p>","protected":false},"featured_media":2341,"template":"","meta":[],"product_cat":[22],"product_tag":[],"class_list":{"0":"post-2340","1":"product","2":"type-product","3":"status-publish","4":"has-post-thumbnail","6":"product_cat-csomag-ajanlatok","8":"first","9":"instock","10":"taxable","11":"shipping-taxable","12":"purchasable","13":"product-type-simple"},"yoast_head":"<!-- This site is optimized with the Yoast SEO plugin v23.0 - https:\/\/yoast.com\/wordpress\/plugins\/seo\/ -->\n<title>Dominium feh\u00e9r Borv\u00e1logat\u00e1s - Dominium Pinc\u00e9szet<\/title>\n<meta name=\"description\" content=\"Fedezd fel feh\u00e9rborainkat, melyek a M\u00e1tra vulkanikus talaj\u00e1nak, gondos \u00f6kol\u00f3giai m\u0171vel\u00e9snek \u00e9s szenved\u00e9lyes bork\u00e9sz\u00edt\u00e9snek k\u00f6sz\u00f6nhetik karakter\u00fcket\" \/>\n<meta name=\"robots\" content=\"index, follow, max-snippet:-1, max-image-preview:large, max-video-preview:-1\" \/>\n<link rel=\"canonical\" href=\"https:\/\/dominiumwine.com\/en\/product\/dominium-feher-borvalogatas\/\" \/>\n<meta property=\"og:locale\" content=\"en_US\" \/>\n<meta property=\"og:type\" content=\"article\" \/>\n<meta property=\"og:title\" content=\"Dominium feh\u00e9r Borv\u00e1logat\u00e1s - Dominium Pinc\u00e9szet\" \/>\n<meta property=\"og:description\" content=\"Fedezd fel feh\u00e9rborainkat, melyek a M\u00e1tra vulkanikus talaj\u00e1nak, gondos \u00f6kol\u00f3giai m\u0171vel\u00e9snek \u00e9s szenved\u00e9lyes bork\u00e9sz\u00edt\u00e9snek k\u00f6sz\u00f6nhetik karakter\u00fcket\" \/>\n<meta property=\"og:url\" content=\"https:\/\/dominiumwine.com\/en\/product\/dominium-feher-borvalogatas\/\" \/>\n<meta property=\"og:site_name\" content=\"Dominium Pinc\u00e9szet\" \/>\n<meta property=\"article:modified_time\" content=\"2025-08-16T10:03:48+00:00\" \/>\n<meta property=\"og:image\" content=\"http:\/\/dominiumwine.com\/wp-content\/uploads\/2025\/08\/Dominium-borcsomag-feher.png\" \/>\n\t<meta property=\"og:image:width\" content=\"1080\" \/>\n\t<meta property=\"og:image:height\" content=\"1080\" \/>\n\t<meta property=\"og:image:type\" content=\"image\/png\" \/>\n<meta name=\"twitter:card\" content=\"summary_large_image\" \/>\n<meta name=\"twitter:label1\" content=\"Est. reading time\" \/>\n\t<meta name=\"twitter:data1\" content=\"3 minutes\" \/>\n<script type=\"application\/ld+json\" class=\"yoast-schema-graph\">{\"@context\":\"https:\/\/schema.org\",\"@graph\":[{\"@type\":\"WebPage\",\"@id\":\"https:\/\/dominiumwine.com\/product\/dominium-feher-borvalogatas\/\",\"url\":\"https:\/\/dominiumwine.com\/product\/dominium-feher-borvalogatas\/\",\"name\":\"Dominium feh\u00e9r Borv\u00e1logat\u00e1s - Dominium Pinc\u00e9szet\",\"isPartOf\":{\"@id\":\"https:\/\/dominiumwine.com\/#website\"},\"primaryImageOfPage\":{\"@id\":\"https:\/\/dominiumwine.com\/product\/dominium-feher-borvalogatas\/#primaryimage\"},\"image\":{\"@id\":\"https:\/\/dominiumwine.com\/product\/dominium-feher-borvalogatas\/#primaryimage\"},\"thumbnailUrl\":\"https:\/\/dominiumwine.com\/wp-content\/uploads\/2025\/08\/Dominium-borcsomag-feher.png\",\"datePublished\":\"2025-08-14T09:11:15+00:00\",\"dateModified\":\"2025-08-16T10:03:48+00:00\",\"description\":\"Fedezd fel feh\u00e9rborainkat, melyek a M\u00e1tra vulkanikus talaj\u00e1nak, gondos \u00f6kol\u00f3giai m\u0171vel\u00e9snek \u00e9s szenved\u00e9lyes bork\u00e9sz\u00edt\u00e9snek k\u00f6sz\u00f6nhetik karakter\u00fcket\",\"breadcrumb\":{\"@id\":\"https:\/\/dominiumwine.com\/product\/dominium-feher-borvalogatas\/#breadcrumb\"},\"inLanguage\":\"en-US\",\"potentialAction\":[{\"@type\":\"ReadAction\",\"target\":[\"https:\/\/dominiumwine.com\/product\/dominium-feher-borvalogatas\/\"]}]},{\"@type\":\"ImageObject\",\"inLanguage\":\"en-US\",\"@id\":\"https:\/\/dominiumwine.com\/product\/dominium-feher-borvalogatas\/#primaryimage\",\"url\":\"https:\/\/dominiumwine.com\/wp-content\/uploads\/2025\/08\/Dominium-borcsomag-feher.png\",\"contentUrl\":\"https:\/\/dominiumwine.com\/wp-content\/uploads\/2025\/08\/Dominium-borcsomag-feher.png\",\"width\":1080,\"height\":1080},{\"@type\":\"BreadcrumbList\",\"@id\":\"https:\/\/dominiumwine.com\/product\/dominium-feher-borvalogatas\/#breadcrumb\",\"itemListElement\":[{\"@type\":\"ListItem\",\"position\":1,\"name\":\"Kezd\u0151lap\",\"item\":\"https:\/\/dominiumwine.com\/\"},{\"@type\":\"ListItem\",\"position\":2,\"name\":\"Term\u00e9kek\",\"item\":\"https:\/\/dominiumwine.com\/shop\/\"},{\"@type\":\"ListItem\",\"position\":3,\"name\":\"Dominium feh\u00e9r Borv\u00e1logat\u00e1s\"}]},{\"@type\":\"WebSite\",\"@id\":\"https:\/\/dominiumwine.com\/#website\",\"url\":\"https:\/\/dominiumwine.com\/\",\"name\":\"Dominium Pinc\u00e9szet\",\"description\":\"Term\u00e9szetess\u00e9g, min\u0151s\u00e9g, odaad\u00e1s.\",\"publisher\":{\"@id\":\"https:\/\/dominiumwine.com\/#organization\"},\"potentialAction\":[{\"@type\":\"SearchAction\",\"target\":{\"@type\":\"EntryPoint\",\"urlTemplate\":\"https:\/\/dominiumwine.com\/?s={search_term_string}\"},\"query-input\":\"required name=search_term_string\"}],\"inLanguage\":\"en-US\"},{\"@type\":\"Organization\",\"@id\":\"https:\/\/dominiumwine.com\/#organization\",\"name\":\"Dominium Pinc\u00e9szet\",\"url\":\"https:\/\/dominiumwine.com\/\",\"logo\":{\"@type\":\"ImageObject\",\"inLanguage\":\"en-US\",\"@id\":\"https:\/\/dominiumwine.com\/#\/schema\/logo\/image\/\",\"url\":\"https:\/\/dominiumwine.com\/wp-content\/uploads\/2023\/09\/13254653_1555236881446304_5392041322926135012_o.png\",\"contentUrl\":\"https:\/\/dominiumwine.com\/wp-content\/uploads\/2023\/09\/13254653_1555236881446304_5392041322926135012_o.png\",\"width\":2048,\"height\":1447,\"caption\":\"Dominium Pinc\u00e9szet\"},\"image\":{\"@id\":\"https:\/\/dominiumwine.com\/#\/schema\/logo\/image\/\"}}]}<\/script>\n<!-- \/ Yoast SEO plugin. -->","yoast_head_json":{"title":"Dominium feh\u00e9r Borv\u00e1logat\u00e1s - Dominium Pinc\u00e9szet","description":"Fedezd fel feh\u00e9rborainkat, melyek a M\u00e1tra vulkanikus talaj\u00e1nak, gondos \u00f6kol\u00f3giai m\u0171vel\u00e9snek \u00e9s szenved\u00e9lyes bork\u00e9sz\u00edt\u00e9snek k\u00f6sz\u00f6nhetik karakter\u00fcket","robots":{"index":"index","follow":"follow","max-snippet":"max-snippet:-1","max-image-preview":"max-image-preview:large","max-video-preview":"max-video-preview:-1"},"canonical":"https:\/\/dominiumwine.com\/en\/product\/dominium-feher-borvalogatas\/","og_locale":"en_US","og_type":"article","og_title":"Dominium feh\u00e9r Borv\u00e1logat\u00e1s - Dominium Pinc\u00e9szet","og_description":"Fedezd fel feh\u00e9rborainkat, melyek a M\u00e1tra vulkanikus talaj\u00e1nak, gondos \u00f6kol\u00f3giai m\u0171vel\u00e9snek \u00e9s szenved\u00e9lyes bork\u00e9sz\u00edt\u00e9snek k\u00f6sz\u00f6nhetik karakter\u00fcket","og_url":"https:\/\/dominiumwine.com\/en\/product\/dominium-feher-borvalogatas\/","og_site_name":"Dominium Pinc\u00e9szet","article_modified_time":"2025-08-16T10:03:48+00:00","og_image":[{"width":1080,"height":1080,"url":"http:\/\/dominiumwine.com\/wp-content\/uploads\/2025\/08\/Dominium-borcsomag-feher.png","type":"image\/png"}],"twitter_card":"summary_large_image","twitter_misc":{"Est. reading time":"3 minutes"},"schema":{"@context":"https:\/\/schema.org","@graph":[{"@type":"WebPage","@id":"https:\/\/dominiumwine.com\/product\/dominium-feher-borvalogatas\/","url":"https:\/\/dominiumwine.com\/product\/dominium-feher-borvalogatas\/","name":"Dominium feh\u00e9r Borv\u00e1logat\u00e1s - Dominium Pinc\u00e9szet","isPartOf":{"@id":"https:\/\/dominiumwine.com\/#website"},"primaryImageOfPage":{"@id":"https:\/\/dominiumwine.com\/product\/dominium-feher-borvalogatas\/#primaryimage"},"image":{"@id":"https:\/\/dominiumwine.com\/product\/dominium-feher-borvalogatas\/#primaryimage"},"thumbnailUrl":"https:\/\/dominiumwine.com\/wp-content\/uploads\/2025\/08\/Dominium-borcsomag-feher.png","datePublished":"2025-08-14T09:11:15+00:00","dateModified":"2025-08-16T10:03:48+00:00","description":"Fedezd fel feh\u00e9rborainkat, melyek a M\u00e1tra vulkanikus talaj\u00e1nak, gondos \u00f6kol\u00f3giai m\u0171vel\u00e9snek \u00e9s szenved\u00e9lyes bork\u00e9sz\u00edt\u00e9snek k\u00f6sz\u00f6nhetik karakter\u00fcket","breadcrumb":{"@id":"https:\/\/dominiumwine.com\/product\/dominium-feher-borvalogatas\/#breadcrumb"},"inLanguage":"en-US","potentialAction":[{"@type":"ReadAction","target":["https:\/\/dominiumwine.com\/product\/dominium-feher-borvalogatas\/"]}]},{"@type":"ImageObject","inLanguage":"en-US","@id":"https:\/\/dominiumwine.com\/product\/dominium-feher-borvalogatas\/#primaryimage","url":"https:\/\/dominiumwine.com\/wp-content\/uploads\/2025\/08\/Dominium-borcsomag-feher.png","contentUrl":"https:\/\/dominiumwine.com\/wp-content\/uploads\/2025\/08\/Dominium-borcsomag-feher.png","width":1080,"height":1080},{"@type":"BreadcrumbList","@id":"https:\/\/dominiumwine.com\/product\/dominium-feher-borvalogatas\/#breadcrumb","itemListElement":[{"@type":"ListItem","position":1,"name":"Kezd\u0151lap","item":"https:\/\/dominiumwine.com\/"},{"@type":"ListItem","position":2,"name":"Term\u00e9kek","item":"https:\/\/dominiumwine.com\/shop\/"},{"@type":"ListItem","position":3,"name":"Dominium feh\u00e9r Borv\u00e1logat\u00e1s"}]},{"@type":"WebSite","@id":"https:\/\/dominiumwine.com\/#website","url":"https:\/\/dominiumwine.com\/","name":"Dominium Pinc\u00e9szet","description":"Term\u00e9szetess\u00e9g, min\u0151s\u00e9g, odaad\u00e1s.","publisher":{"@id":"https:\/\/dominiumwine.com\/#organization"},"potentialAction":[{"@type":"SearchAction","target":{"@type":"EntryPoint","urlTemplate":"https:\/\/dominiumwine.com\/?s={search_term_string}"},"query-input":"required name=search_term_string"}],"inLanguage":"en-US"},{"@type":"Organization","@id":"https:\/\/dominiumwine.com\/#organization","name":"Dominium Pinc\u00e9szet","url":"https:\/\/dominiumwine.com\/","logo":{"@type":"ImageObject","inLanguage":"en-US","@id":"https:\/\/dominiumwine.com\/#\/schema\/logo\/image\/","url":"https:\/\/dominiumwine.com\/wp-content\/uploads\/2023\/09\/13254653_1555236881446304_5392041322926135012_o.png","contentUrl":"https:\/\/dominiumwine.com\/wp-content\/uploads\/2023\/09\/13254653_1555236881446304_5392041322926135012_o.png","width":2048,"height":1447,"caption":"Dominium Pinc\u00e9szet"},"image":{"@id":"https:\/\/dominiumwine.com\/#\/schema\/logo\/image\/"}}]}},"jetpack_sharing_enabled":true,"_links":{"self":[{"href":"https:\/\/dominiumwine.com\/en\/wp-json\/wp\/v2\/product\/2340","targetHints":{"allow":["GET"]}}],"collection":[{"href":"https:\/\/dominiumwine.com\/en\/wp-json\/wp\/v2\/product"}],"about":[{"href":"https:\/\/dominiumwine.com\/en\/wp-json\/wp\/v2\/types\/product"}],"wp:featuredmedia":[{"embeddable":true,"href":"https:\/\/dominiumwine.com\/en\/wp-json\/wp\/v2\/media\/2341"}],"wp:attachment":[{"href":"https:\/\/dominiumwine.com\/en\/wp-json\/wp\/v2\/media?parent=2340"}],"wp:term":[{"taxonomy":"product_cat","embeddable":true,"href":"https:\/\/dominiumwine.com\/en\/wp-json\/wp\/v2\/product_cat?post=2340"},{"taxonomy":"product_tag","embeddable":true,"href":"https:\/\/dominiumwine.com\/en\/wp-json\/wp\/v2\/product_tag?post=2340"}],"curies":[{"name":"wp","href":"https:\/\/api.w.org\/{rel}","templated":true}]}}