{"id":2344,"date":"2025-08-16T10:06:51","date_gmt":"2025-08-16T10:06:51","guid":{"rendered":"https:\/\/dominiumwine.com\/?post_type=product&#038;p=2344"},"modified":"2026-03-24T09:55:39","modified_gmt":"2026-03-24T09:55:39","slug":"dominium-premium-voros-valogatas","status":"publish","type":"product","link":"https:\/\/dominiumwine.com\/en\/product\/dominium-premium-voros-valogatas\/","title":{"rendered":"Dominium Pr\u00e9mium v\u00f6r\u00f6s v\u00e1logat\u00e1s"},"content":{"rendered":"<div class=\"elementor-element elementor-element-3818955d elementor-widget elementor-widget-woocommerce-product-title elementor-page-title elementor-widget-heading\" data-id=\"3818955d\" data-element_type=\"widget\" data-widget_type=\"woocommerce-product-title.default\">\n<div class=\"elementor-widget-container\">\n<h2 class=\"product_title entry-title elementor-heading-title elementor-size-default\">Tur\u00e1n 2024<\/h2>\n<\/div>\n<\/div>\n<div class=\"elementor-element elementor-element-210b73b2 elementor-widget elementor-widget-woocommerce-product-short-description\" data-id=\"210b73b2\" data-element_type=\"widget\" data-widget_type=\"woocommerce-product-short-description.default\">\n<div class=\"elementor-widget-container\">\n<div class=\"woocommerce-product-details__short-description\">\n<p><span data-sheets-root=\"1\">A Tur\u00e1n sz\u0151l\u0151 jellegzetes r\u00f3zs\u00e1s, vir\u00e1gos karaktere domin\u00e1l, amit intenz\u00edv gy\u00fcm\u00f6lcs\u00f6ss\u00e9g \u00e9s vibr\u00e1l\u00f3 arom\u00e1k eg\u00e9sz\u00edtenek ki. A bor robosztus sz\u00edn\u00e9t a Tur\u00e1n term\u00e9szetes sz\u00ednanyaga adja, mely m\u00e9lys\u00e9get \u00e9s egyedis\u00e9get k\u00f6lcs\u00f6n\u00f6z.\u00a0<\/span><\/p>\n<\/div>\n<\/div>\n<\/div>\n<div class=\"elementor-element elementor-element-3818955d elementor-widget elementor-widget-woocommerce-product-title elementor-page-title elementor-widget-heading\" data-id=\"3818955d\" data-element_type=\"widget\" data-widget_type=\"woocommerce-product-title.default\">\n<div class=\"elementor-widget-container\">\n<div class=\"elementor-element elementor-element-3818955d elementor-widget elementor-widget-woocommerce-product-title elementor-page-title elementor-widget-heading\" data-id=\"3818955d\" data-element_type=\"widget\" data-widget_type=\"woocommerce-product-title.default\">\n<div class=\"elementor-widget-container\">\n<div class=\"elementor-element elementor-element-3818955d elementor-widget elementor-widget-woocommerce-product-title elementor-page-title elementor-widget-heading\" data-id=\"3818955d\" data-element_type=\"widget\" data-widget_type=\"woocommerce-product-title.default\">\n<div class=\"elementor-widget-container\">\n<h2 class=\"product_title entry-title elementor-heading-title elementor-size-default\">Merlot 2023<\/h2>\n<\/div>\n<\/div>\n<div class=\"elementor-element elementor-element-210b73b2 elementor-widget elementor-widget-woocommerce-product-short-description\" data-id=\"210b73b2\" data-element_type=\"widget\" data-widget_type=\"woocommerce-product-short-description.default\">\n<div class=\"elementor-widget-container\">\n<div class=\"woocommerce-product-details__short-description\">\n<p><span data-sheets-root=\"1\">Egy korty a M\u00e1trai borvid\u00e9k gy\u00f6ngyszem\u00e9b\u0151l, a k\u00fcl\u00f6nleges Gereg-d\u0171l\u0151b\u0151l. A bor organikus m\u0171vel\u00e9ssel, szigor\u00fa term\u00e9skorl\u00e1toz\u00e1ssal \u00e9s term\u00e9szetess\u00e9get t\u00fckr\u00f6z\u0151 bork\u00e9sz\u00edt\u00e9si elj\u00e1r\u00e1ssal sz\u00fcletett meg \u2013 nincs benne m\u00e1s, csak a tiszta sz\u0151l\u0151 \u00e9s a szenved\u00e9ly. 2023-as hord\u00f3v\u00e1logat\u00e1sunk 13 h\u00f3napon \u00e1t \u00e9rlel\u0151d\u00f6tt magyar, amerikai \u00e9s francia t\u00f6lgyfahord\u00f3k \u00f6lel\u00e9s\u00e9ben. Illat\u00e1ban \u00e9s \u00edz\u00e9ben az \u00e9rett meggy hat\u00e1rozott karaktere bontakozik ki, amit l\u00e1gy csokol\u00e1d\u00e9s, kaka\u00f3s jegyek tesznek m\u00e9g k\u00fcl\u00f6nlegesebb\u00e9. Tapasztald meg Te is ezt a p\u00e1ratlan \u00edz\u00e9lm\u00e9nyt!<\/span><\/p>\n<\/div>\n<\/div>\n<\/div>\n<\/div>\n<\/div>\n<\/div>\n<\/div>\n<div class=\"elementor-element elementor-element-3818955d elementor-widget elementor-widget-woocommerce-product-title elementor-page-title elementor-widget-heading\" data-id=\"3818955d\" data-element_type=\"widget\" data-widget_type=\"woocommerce-product-title.default\">\n<div class=\"elementor-widget-container\">\n<div class=\"elementor-element elementor-element-3818955d elementor-widget elementor-widget-woocommerce-product-title elementor-page-title elementor-widget-heading\" data-id=\"3818955d\" data-element_type=\"widget\" data-widget_type=\"woocommerce-product-title.default\">\n<div class=\"elementor-widget-container\">\n<h2 class=\"product_title entry-title elementor-heading-title elementor-size-default\">L\u00e9lek 2022<\/h2>\n<\/div>\n<\/div>\n<div class=\"elementor-element elementor-element-210b73b2 elementor-widget elementor-widget-woocommerce-product-short-description\" data-id=\"210b73b2\" data-element_type=\"widget\" data-widget_type=\"woocommerce-product-short-description.default\">\n<div class=\"elementor-widget-container\">\n<div class=\"woocommerce-product-details__short-description\">\n<p><span data-sheets-root=\"1\">Klasszikus h\u00e1zas\u00edt\u00e1s Cabernet Franc, Merlot \u00e9s Cabernet Sauvignon fajt\u00e1kb\u00f3l, mely t\u00e9telek \u00f6n\u00e1ll\u00f3an 21 h\u00f3napot \u00e9rlel\u0151dtek magyar \u00e9s amerikai t\u00f6lgyfahord\u00f3kban, majd v\u00e9gs\u0151 form\u00e1j\u00e1t m\u00e1r h\u00e1zas\u00edtva, 4 h\u00f3napos tart\u00e1lyos \u00e9rlel\u00e9ssel \u00e9rte el. Illat\u00e1ban cseresznye, meggy \u00e9s piros ribizli domin\u00e1l, amelyeket az \u00edzvil\u00e1gban gazdag van\u00edli\u00e1s \u00e9s csokol\u00e1d\u00e9s jegyek eg\u00e9sz\u00edtenek ki. Egy modern bor a hagyom\u00e1ny \u00e9s az innov\u00e1ci\u00f3 t\u00f6k\u00e9letes egyens\u00faly\u00e1val.<\/span><\/p>\n<\/div>\n<\/div>\n<\/div>\n<\/div>\n<\/div>\n<div class=\"elementor-element elementor-element-3818955d elementor-widget elementor-widget-woocommerce-product-title elementor-page-title elementor-widget-heading\" data-id=\"3818955d\" data-element_type=\"widget\" data-widget_type=\"woocommerce-product-title.default\">\n<div class=\"elementor-widget-container\">\n<div class=\"elementor-element elementor-element-3818955d elementor-widget elementor-widget-woocommerce-product-title elementor-page-title elementor-widget-heading\" data-id=\"3818955d\" data-element_type=\"widget\" data-widget_type=\"woocommerce-product-title.default\">\n<div class=\"elementor-widget-container\">\n<div class=\"elementor-element elementor-element-3818955d elementor-widget elementor-widget-woocommerce-product-title elementor-page-title elementor-widget-heading\" data-id=\"3818955d\" data-element_type=\"widget\" data-widget_type=\"woocommerce-product-title.default\">\n<div class=\"elementor-widget-container\">\n<h2 class=\"product_title entry-title elementor-heading-title elementor-size-default\">Feketele\u00e1nyka 2023<\/h2>\n<\/div>\n<\/div>\n<div class=\"elementor-element elementor-element-210b73b2 elementor-widget elementor-widget-woocommerce-product-short-description\" data-id=\"210b73b2\" data-element_type=\"widget\" data-widget_type=\"woocommerce-product-short-description.default\">\n<div class=\"elementor-widget-container\">\n<div class=\"woocommerce-product-details__short-description\">\n<p><span data-sheets-root=\"1\">Egy kiv\u00e9teles sz\u0151l\u0151fajta, amely k\u00fcl\u00f6nleges odafigyel\u00e9st ig\u00e9nyel \u2013 m\u00faltunk egy apr\u00f3 darabja modern k\u00f6nt\u00f6sben. 2023-as Feketele\u00e1nyka borunk k\u00f6zepes testtel \u00e9s f\u0171szeres karakterrel h\u00f3d\u00edt, ahol a m\u00e1lna \u00e9s erdei gy\u00fcm\u00f6lcs\u00f6k gazdag arom\u00e1ja finoman eg\u00e9sz\u00fcl ki enyhe t\u00f6lgyfahord\u00f3s jegyekkel.<br \/>\nSpont\u00e1n erjeszt\u00e9ssel k\u00e9sz\u00fclt natur\u00e1lis borunkat 13 h\u00f3napon \u00e1t \u00e9rlelt\u00fck 225 literes magyar \u00e9s amerikai t\u00f6lgyfahord\u00f3kban. Igazi ritkas\u00e1g, hiszen csup\u00e1n n\u00e9h\u00e1ny sz\u00e1z palack k\u00e9sz\u00fclt bel\u0151le.<\/span><\/p>\n<\/div>\n<\/div>\n<\/div>\n<\/div>\n<\/div>\n<\/div>\n<\/div>\n<div class=\"elementor-element elementor-element-210b73b2 elementor-widget elementor-widget-woocommerce-product-short-description\" data-id=\"210b73b2\" data-element_type=\"widget\" data-widget_type=\"woocommerce-product-short-description.default\">\n<div class=\"elementor-widget-container\">\n<div class=\"elementor-element elementor-element-3818955d elementor-widget elementor-widget-woocommerce-product-title elementor-page-title elementor-widget-heading\" data-id=\"3818955d\" data-element_type=\"widget\" data-widget_type=\"woocommerce-product-title.default\">\n<div class=\"elementor-widget-container\">\n<div class=\"elementor-element elementor-element-3818955d elementor-widget elementor-widget-woocommerce-product-title elementor-page-title elementor-widget-heading\" data-id=\"3818955d\" data-element_type=\"widget\" data-widget_type=\"woocommerce-product-title.default\">\n<div class=\"elementor-widget-container\">\n<h2 class=\"product_title entry-title elementor-heading-title elementor-size-default\">Ikigai Syrah<\/h2>\n<\/div>\n<\/div>\n<div class=\"elementor-element elementor-element-210b73b2 elementor-widget elementor-widget-woocommerce-product-short-description\" data-id=\"210b73b2\" data-element_type=\"widget\" data-widget_type=\"woocommerce-product-short-description.default\">\n<div class=\"elementor-widget-container\">\n<div class=\"woocommerce-product-details__short-description\">\n<p>2014-ben, amikor az els\u0151 borunkat k\u00e9sz\u00edtett\u00fck, m\u00e9g csak elk\u00e9pzel\u00e9seink voltak arr\u00f3l, hol szeretn\u00e9nk tartani 10 \u00e9v m\u00falva. Az els\u0151 forgalomba hozott borunk, a Syrah, az\u00f3ta is egyik z\u00e1szl\u00f3shaj\u00f3nk. 2024-re eljutottunk arra a szintre, hogy kijelenthetj\u00fck: a hobbink a munk\u00e1nk, a munk\u00e1nk a hobbink. A sok-sok emberrel val\u00f3 tal\u00e1lkoz\u00e1s, eszmecsere \u00e9s a rengeteg vend\u00e9g pozit\u00edv visszajelz\u00e9se inspir\u00e1lt arra, hogy 10 \u00e9v munk\u00e1ja egy borban testes\u00fclj\u00f6n meg. \u00dagy \u00e9rezz\u00fck, az IKIGAI, amely a Dominium \u00e9let\u00e9rz\u00e9st \u00e9s \u00e9rt\u00e9keinket t\u00fckr\u00f6zi, k\u00e9pes ezt a folyamatot le\u00edrni.<\/p>\n<p>Az IKIGAI t\u00f6m\u00f6ren az, ami\u00e9rt minden nap \u00e9rdemes felkelni.<\/p>\n<\/div>\n<\/div>\n<\/div>\n<\/div>\n<\/div>\n<div class=\"elementor-element elementor-element-210b73b2 elementor-widget elementor-widget-woocommerce-product-short-description\" data-id=\"210b73b2\" data-element_type=\"widget\" data-widget_type=\"woocommerce-product-short-description.default\">\n<div class=\"elementor-widget-container\">\n<div class=\"elementor-element elementor-element-3818955d elementor-widget elementor-widget-woocommerce-product-title elementor-page-title elementor-widget-heading\" data-id=\"3818955d\" data-element_type=\"widget\" data-widget_type=\"woocommerce-product-title.default\">\n<div class=\"elementor-widget-container\">\n<div class=\"elementor-element elementor-element-3818955d elementor-widget elementor-widget-woocommerce-product-title elementor-page-title elementor-widget-heading\" data-id=\"3818955d\" data-element_type=\"widget\" data-widget_type=\"woocommerce-product-title.default\">\n<div class=\"elementor-widget-container\">\n<h2 class=\"product_title entry-title elementor-heading-title elementor-size-default\">Pretium 2021<\/h2>\n<\/div>\n<\/div>\n<div class=\"elementor-element elementor-element-210b73b2 elementor-widget elementor-widget-woocommerce-product-short-description\" data-id=\"210b73b2\" data-element_type=\"widget\" data-widget_type=\"woocommerce-product-short-description.default\">\n<div class=\"elementor-widget-container\">\n<div class=\"woocommerce-product-details__short-description\">\n<p>A Pretium n\u00e9v k\u00f6telez. Legut\u00f3bb 2020-ban k\u00e9sz\u00edtett\u00fcnk ezen a n\u00e9ven v\u00f6r\u00f6s h\u00e1zas\u00edt\u00e1st.\u00a0A legrfissebb \u00e9vj\u00e1ratunk eset\u00e9ben a Tempranillo adja a selymess\u00e9get \u00e9s a semmihez nem hasonl\u00edthat\u00f3 gy\u00fcm\u00f6lcs\u00f6ss\u00e9get, a Cabernet Franc a karakteres, f\u0171szeres alapot, mindezt pedig a Merlot teszi kerek eg\u00e9ssz\u00e9 a meggyes, csereszny\u00e9s \u00edzvil\u00e1g\u00e1val. A h\u00e1rom, \u00f6n\u00e1ll\u00f3an is kiv\u00e1l\u00f3 fajta h\u00e1zass\u00e1ga \u00faj oldal\u00e1t mutatja meg a v\u00f6r\u00f6s borok vil\u00e1g\u00e1nak.\u00a0Nagyszer\u0171en illik sajtokhoz, k\u00f6nnyedebb, de f\u0171szeres h\u00fasokhoz, gy\u00fcm\u00f6lcs\u00f6s m\u00e1rt\u00e1sokhoz, vagy csak egy bar\u00e1ti besz\u00e9lget\u00e9shez.<\/p>\n<\/div>\n<\/div>\n<\/div>\n<\/div>\n<\/div>\n<\/div>\n<\/div>\n<\/div>\n<\/div>","protected":false},"excerpt":{"rendered":"<p data-start=\"99\" data-end=\"607\">Ez a gondosan \u00f6ssze\u00e1ll\u00edtott borcsomag a pinc\u00e9szet legk\u00fcl\u00f6nlegesebb t\u00e9teleib\u0151l ad \u00edzel\u00edt\u0151t. A borokban a hagyom\u00e1ny \u00e9s az innov\u00e1ci\u00f3 tal\u00e1lkozik: egyar\u00e1nt megtal\u00e1lhat\u00f3k benne ritka, karakteres sz\u0151l\u0151fajt\u00e1k, klasszikus h\u00e1zas\u00edt\u00e1sok \u00e9s ikonikus boraink, amelyek a pinc\u00e9szet szellemis\u00e9g\u00e9t k\u00e9pviselik. A v\u00e1logat\u00e1s c\u00e9lja, hogy egyetlen csomagban fedezd fel a v\u00e1ltozatos st\u00edlusokat, gazdag aromavil\u00e1got \u00e9s a borvid\u00e9k soksz\u00edn\u0171s\u00e9g\u00e9t.<\/p>\n<p data-start=\"609\" data-end=\"632\"><strong data-start=\"609\" data-end=\"630\">A csomag tartalma:<\/strong><\/p>\n<ul data-start=\"633\" data-end=\"762\">\n<li data-start=\"633\" data-end=\"674\">\n<p data-start=\"635\" data-end=\"674\">Tur\u00e1n 2024<\/p>\n<\/li>\n<li data-start=\"675\" data-end=\"690\">\n<p data-start=\"677\" data-end=\"690\">Merlot 2023<\/p>\n<\/li>\n<li data-start=\"691\" data-end=\"705\">\n<p data-start=\"693\" data-end=\"705\">L\u00e9lek 2022<\/p>\n<\/li>\n<li data-start=\"706\" data-end=\"728\">\n<p data-start=\"708\" data-end=\"728\">Feketele\u00e1nyka 2023<\/p>\n<\/li>\n<li data-start=\"729\" data-end=\"745\">\n<p data-start=\"731\" data-end=\"745\">Ikigai Syrah<\/p>\n<\/li>\n<li data-start=\"746\" data-end=\"762\">\n<p data-start=\"748\" data-end=\"762\">Pretium 2021<\/p>\n<\/li>\n<\/ul>","protected":false},"featured_media":2345,"template":"","meta":[],"product_cat":[22],"product_tag":[],"class_list":{"0":"post-2344","1":"product","2":"type-product","3":"status-publish","4":"has-post-thumbnail","6":"product_cat-csomag-ajanlatok","8":"first","9":"instock","10":"taxable","11":"shipping-taxable","12":"purchasable","13":"product-type-simple"},"yoast_head":"<!-- This site is optimized with the Yoast SEO plugin v23.0 - https:\/\/yoast.com\/wordpress\/plugins\/seo\/ -->\n<title>Dominium Pr\u00e9mium v\u00f6r\u00f6s v\u00e1logat\u00e1s - Dominium Pinc\u00e9szet<\/title>\n<meta name=\"description\" content=\"Fedezd fel v\u00f6r\u00f6sborainkat, melyek a M\u00e1tra vulkanikus talaj\u00e1nak, gondos \u00f6kol\u00f3giai m\u0171vel\u00e9snek \u00e9s szenved\u00e9lyes bork\u00e9sz\u00edt\u00e9snek k\u00f6sz\u00f6nhetik karakter\u00fcket\" \/>\n<meta name=\"robots\" content=\"index, follow, max-snippet:-1, max-image-preview:large, max-video-preview:-1\" \/>\n<link rel=\"canonical\" href=\"https:\/\/dominiumwine.com\/en\/product\/dominium-premium-voros-valogatas\/\" \/>\n<meta property=\"og:locale\" content=\"en_US\" \/>\n<meta property=\"og:type\" content=\"article\" \/>\n<meta property=\"og:title\" content=\"Dominium Pr\u00e9mium v\u00f6r\u00f6s v\u00e1logat\u00e1s - Dominium Pinc\u00e9szet\" \/>\n<meta property=\"og:description\" content=\"Fedezd fel v\u00f6r\u00f6sborainkat, melyek a M\u00e1tra vulkanikus talaj\u00e1nak, gondos \u00f6kol\u00f3giai m\u0171vel\u00e9snek \u00e9s szenved\u00e9lyes bork\u00e9sz\u00edt\u00e9snek k\u00f6sz\u00f6nhetik karakter\u00fcket\" \/>\n<meta property=\"og:url\" content=\"https:\/\/dominiumwine.com\/en\/product\/dominium-premium-voros-valogatas\/\" \/>\n<meta property=\"og:site_name\" content=\"Dominium Pinc\u00e9szet\" \/>\n<meta property=\"article:modified_time\" content=\"2026-03-24T09:55:39+00:00\" \/>\n<meta property=\"og:image\" content=\"http:\/\/dominiumwine.com\/wp-content\/uploads\/2025\/08\/Dominium-borcsomag.png\" \/>\n\t<meta property=\"og:image:width\" content=\"1080\" \/>\n\t<meta property=\"og:image:height\" content=\"1080\" \/>\n\t<meta property=\"og:image:type\" content=\"image\/png\" \/>\n<meta name=\"twitter:card\" content=\"summary_large_image\" \/>\n<meta name=\"twitter:label1\" content=\"Est. reading time\" \/>\n\t<meta name=\"twitter:data1\" content=\"3 minutes\" \/>\n<script type=\"application\/ld+json\" class=\"yoast-schema-graph\">{\"@context\":\"https:\/\/schema.org\",\"@graph\":[{\"@type\":\"WebPage\",\"@id\":\"https:\/\/dominiumwine.com\/product\/dominium-premium-voros-valogatas\/\",\"url\":\"https:\/\/dominiumwine.com\/product\/dominium-premium-voros-valogatas\/\",\"name\":\"Dominium Pr\u00e9mium v\u00f6r\u00f6s v\u00e1logat\u00e1s - Dominium Pinc\u00e9szet\",\"isPartOf\":{\"@id\":\"https:\/\/dominiumwine.com\/#website\"},\"primaryImageOfPage\":{\"@id\":\"https:\/\/dominiumwine.com\/product\/dominium-premium-voros-valogatas\/#primaryimage\"},\"image\":{\"@id\":\"https:\/\/dominiumwine.com\/product\/dominium-premium-voros-valogatas\/#primaryimage\"},\"thumbnailUrl\":\"https:\/\/dominiumwine.com\/wp-content\/uploads\/2025\/08\/Dominium-borcsomag.png\",\"datePublished\":\"2025-08-16T10:06:51+00:00\",\"dateModified\":\"2026-03-24T09:55:39+00:00\",\"description\":\"Fedezd fel v\u00f6r\u00f6sborainkat, melyek a M\u00e1tra vulkanikus talaj\u00e1nak, gondos \u00f6kol\u00f3giai m\u0171vel\u00e9snek \u00e9s szenved\u00e9lyes bork\u00e9sz\u00edt\u00e9snek k\u00f6sz\u00f6nhetik karakter\u00fcket\",\"breadcrumb\":{\"@id\":\"https:\/\/dominiumwine.com\/product\/dominium-premium-voros-valogatas\/#breadcrumb\"},\"inLanguage\":\"en-US\",\"potentialAction\":[{\"@type\":\"ReadAction\",\"target\":[\"https:\/\/dominiumwine.com\/product\/dominium-premium-voros-valogatas\/\"]}]},{\"@type\":\"ImageObject\",\"inLanguage\":\"en-US\",\"@id\":\"https:\/\/dominiumwine.com\/product\/dominium-premium-voros-valogatas\/#primaryimage\",\"url\":\"https:\/\/dominiumwine.com\/wp-content\/uploads\/2025\/08\/Dominium-borcsomag.png\",\"contentUrl\":\"https:\/\/dominiumwine.com\/wp-content\/uploads\/2025\/08\/Dominium-borcsomag.png\",\"width\":1080,\"height\":1080},{\"@type\":\"BreadcrumbList\",\"@id\":\"https:\/\/dominiumwine.com\/product\/dominium-premium-voros-valogatas\/#breadcrumb\",\"itemListElement\":[{\"@type\":\"ListItem\",\"position\":1,\"name\":\"Kezd\u0151lap\",\"item\":\"https:\/\/dominiumwine.com\/\"},{\"@type\":\"ListItem\",\"position\":2,\"name\":\"Term\u00e9kek\",\"item\":\"https:\/\/dominiumwine.com\/shop\/\"},{\"@type\":\"ListItem\",\"position\":3,\"name\":\"Dominium Pr\u00e9mium v\u00f6r\u00f6s v\u00e1logat\u00e1s\"}]},{\"@type\":\"WebSite\",\"@id\":\"https:\/\/dominiumwine.com\/#website\",\"url\":\"https:\/\/dominiumwine.com\/\",\"name\":\"Dominium Pinc\u00e9szet\",\"description\":\"Term\u00e9szetess\u00e9g, min\u0151s\u00e9g, odaad\u00e1s.\",\"publisher\":{\"@id\":\"https:\/\/dominiumwine.com\/#organization\"},\"potentialAction\":[{\"@type\":\"SearchAction\",\"target\":{\"@type\":\"EntryPoint\",\"urlTemplate\":\"https:\/\/dominiumwine.com\/?s={search_term_string}\"},\"query-input\":\"required name=search_term_string\"}],\"inLanguage\":\"en-US\"},{\"@type\":\"Organization\",\"@id\":\"https:\/\/dominiumwine.com\/#organization\",\"name\":\"Dominium Pinc\u00e9szet\",\"url\":\"https:\/\/dominiumwine.com\/\",\"logo\":{\"@type\":\"ImageObject\",\"inLanguage\":\"en-US\",\"@id\":\"https:\/\/dominiumwine.com\/#\/schema\/logo\/image\/\",\"url\":\"https:\/\/dominiumwine.com\/wp-content\/uploads\/2023\/09\/13254653_1555236881446304_5392041322926135012_o.png\",\"contentUrl\":\"https:\/\/dominiumwine.com\/wp-content\/uploads\/2023\/09\/13254653_1555236881446304_5392041322926135012_o.png\",\"width\":2048,\"height\":1447,\"caption\":\"Dominium Pinc\u00e9szet\"},\"image\":{\"@id\":\"https:\/\/dominiumwine.com\/#\/schema\/logo\/image\/\"}}]}<\/script>\n<!-- \/ Yoast SEO plugin. -->","yoast_head_json":{"title":"Dominium Pr\u00e9mium v\u00f6r\u00f6s v\u00e1logat\u00e1s - Dominium Pinc\u00e9szet","description":"Fedezd fel v\u00f6r\u00f6sborainkat, melyek a M\u00e1tra vulkanikus talaj\u00e1nak, gondos \u00f6kol\u00f3giai m\u0171vel\u00e9snek \u00e9s szenved\u00e9lyes bork\u00e9sz\u00edt\u00e9snek k\u00f6sz\u00f6nhetik karakter\u00fcket","robots":{"index":"index","follow":"follow","max-snippet":"max-snippet:-1","max-image-preview":"max-image-preview:large","max-video-preview":"max-video-preview:-1"},"canonical":"https:\/\/dominiumwine.com\/en\/product\/dominium-premium-voros-valogatas\/","og_locale":"en_US","og_type":"article","og_title":"Dominium Pr\u00e9mium v\u00f6r\u00f6s v\u00e1logat\u00e1s - Dominium Pinc\u00e9szet","og_description":"Fedezd fel v\u00f6r\u00f6sborainkat, melyek a M\u00e1tra vulkanikus talaj\u00e1nak, gondos \u00f6kol\u00f3giai m\u0171vel\u00e9snek \u00e9s szenved\u00e9lyes bork\u00e9sz\u00edt\u00e9snek k\u00f6sz\u00f6nhetik karakter\u00fcket","og_url":"https:\/\/dominiumwine.com\/en\/product\/dominium-premium-voros-valogatas\/","og_site_name":"Dominium Pinc\u00e9szet","article_modified_time":"2026-03-24T09:55:39+00:00","og_image":[{"width":1080,"height":1080,"url":"http:\/\/dominiumwine.com\/wp-content\/uploads\/2025\/08\/Dominium-borcsomag.png","type":"image\/png"}],"twitter_card":"summary_large_image","twitter_misc":{"Est. reading time":"3 minutes"},"schema":{"@context":"https:\/\/schema.org","@graph":[{"@type":"WebPage","@id":"https:\/\/dominiumwine.com\/product\/dominium-premium-voros-valogatas\/","url":"https:\/\/dominiumwine.com\/product\/dominium-premium-voros-valogatas\/","name":"Dominium Pr\u00e9mium v\u00f6r\u00f6s v\u00e1logat\u00e1s - Dominium Pinc\u00e9szet","isPartOf":{"@id":"https:\/\/dominiumwine.com\/#website"},"primaryImageOfPage":{"@id":"https:\/\/dominiumwine.com\/product\/dominium-premium-voros-valogatas\/#primaryimage"},"image":{"@id":"https:\/\/dominiumwine.com\/product\/dominium-premium-voros-valogatas\/#primaryimage"},"thumbnailUrl":"https:\/\/dominiumwine.com\/wp-content\/uploads\/2025\/08\/Dominium-borcsomag.png","datePublished":"2025-08-16T10:06:51+00:00","dateModified":"2026-03-24T09:55:39+00:00","description":"Fedezd fel v\u00f6r\u00f6sborainkat, melyek a M\u00e1tra vulkanikus talaj\u00e1nak, gondos \u00f6kol\u00f3giai m\u0171vel\u00e9snek \u00e9s szenved\u00e9lyes bork\u00e9sz\u00edt\u00e9snek k\u00f6sz\u00f6nhetik karakter\u00fcket","breadcrumb":{"@id":"https:\/\/dominiumwine.com\/product\/dominium-premium-voros-valogatas\/#breadcrumb"},"inLanguage":"en-US","potentialAction":[{"@type":"ReadAction","target":["https:\/\/dominiumwine.com\/product\/dominium-premium-voros-valogatas\/"]}]},{"@type":"ImageObject","inLanguage":"en-US","@id":"https:\/\/dominiumwine.com\/product\/dominium-premium-voros-valogatas\/#primaryimage","url":"https:\/\/dominiumwine.com\/wp-content\/uploads\/2025\/08\/Dominium-borcsomag.png","contentUrl":"https:\/\/dominiumwine.com\/wp-content\/uploads\/2025\/08\/Dominium-borcsomag.png","width":1080,"height":1080},{"@type":"BreadcrumbList","@id":"https:\/\/dominiumwine.com\/product\/dominium-premium-voros-valogatas\/#breadcrumb","itemListElement":[{"@type":"ListItem","position":1,"name":"Kezd\u0151lap","item":"https:\/\/dominiumwine.com\/"},{"@type":"ListItem","position":2,"name":"Term\u00e9kek","item":"https:\/\/dominiumwine.com\/shop\/"},{"@type":"ListItem","position":3,"name":"Dominium Pr\u00e9mium v\u00f6r\u00f6s v\u00e1logat\u00e1s"}]},{"@type":"WebSite","@id":"https:\/\/dominiumwine.com\/#website","url":"https:\/\/dominiumwine.com\/","name":"Dominium Pinc\u00e9szet","description":"Term\u00e9szetess\u00e9g, min\u0151s\u00e9g, odaad\u00e1s.","publisher":{"@id":"https:\/\/dominiumwine.com\/#organization"},"potentialAction":[{"@type":"SearchAction","target":{"@type":"EntryPoint","urlTemplate":"https:\/\/dominiumwine.com\/?s={search_term_string}"},"query-input":"required name=search_term_string"}],"inLanguage":"en-US"},{"@type":"Organization","@id":"https:\/\/dominiumwine.com\/#organization","name":"Dominium Pinc\u00e9szet","url":"https:\/\/dominiumwine.com\/","logo":{"@type":"ImageObject","inLanguage":"en-US","@id":"https:\/\/dominiumwine.com\/#\/schema\/logo\/image\/","url":"https:\/\/dominiumwine.com\/wp-content\/uploads\/2023\/09\/13254653_1555236881446304_5392041322926135012_o.png","contentUrl":"https:\/\/dominiumwine.com\/wp-content\/uploads\/2023\/09\/13254653_1555236881446304_5392041322926135012_o.png","width":2048,"height":1447,"caption":"Dominium Pinc\u00e9szet"},"image":{"@id":"https:\/\/dominiumwine.com\/#\/schema\/logo\/image\/"}}]}},"jetpack_sharing_enabled":true,"_links":{"self":[{"href":"https:\/\/dominiumwine.com\/en\/wp-json\/wp\/v2\/product\/2344","targetHints":{"allow":["GET"]}}],"collection":[{"href":"https:\/\/dominiumwine.com\/en\/wp-json\/wp\/v2\/product"}],"about":[{"href":"https:\/\/dominiumwine.com\/en\/wp-json\/wp\/v2\/types\/product"}],"wp:featuredmedia":[{"embeddable":true,"href":"https:\/\/dominiumwine.com\/en\/wp-json\/wp\/v2\/media\/2345"}],"wp:attachment":[{"href":"https:\/\/dominiumwine.com\/en\/wp-json\/wp\/v2\/media?parent=2344"}],"wp:term":[{"taxonomy":"product_cat","embeddable":true,"href":"https:\/\/dominiumwine.com\/en\/wp-json\/wp\/v2\/product_cat?post=2344"},{"taxonomy":"product_tag","embeddable":true,"href":"https:\/\/dominiumwine.com\/en\/wp-json\/wp\/v2\/product_tag?post=2344"}],"curies":[{"name":"wp","href":"https:\/\/api.w.org\/{rel}","templated":true}]}}