{"id":2385,"date":"2025-11-16T15:53:14","date_gmt":"2025-11-16T15:53:14","guid":{"rendered":"https:\/\/dominiumwine.com\/?post_type=product&#038;p=2385"},"modified":"2025-11-16T15:53:14","modified_gmt":"2025-11-16T15:53:14","slug":"dominium-signature-box","status":"publish","type":"product","link":"https:\/\/dominiumwine.com\/en\/product\/dominium-signature-box\/","title":{"rendered":"Dominium Signature Box"},"content":{"rendered":"<p><strong>Dominium Signature Box \u2013 A pr\u00e9mium \u00e9lm\u00e9ny exkluz\u00edv d\u00edszdobozban<\/strong><\/p>\n<p>Meg\u00e9rkezett a Dominium Signature Box, amely garant\u00e1ltan a v\u00e9rbeli borrajong\u00f3k \u00e9s gy\u0171jt\u0151k \u00faj kedvence lesz. Az eleg\u00e1ns, f\u00e1b\u00f3l k\u00e9sz\u00fclt d\u00edszdoboz hat darab kiv\u00e1l\u00f3 pr\u00e9mium Dominium t\u00e9telt rejt, melyek a pinc\u00e9szet legmagasabb szint\u0171 szelekci\u00f3j\u00e1b\u00f3l ker\u00fcltek v\u00e1logat\u00e1sra.<br \/>\nEz a k\u00fcl\u00f6nleges \u00f6ssze\u00e1ll\u00edt\u00e1s nem csup\u00e1n egy borv\u00e1logat\u00e1s: ez egy utaz\u00e1s, mely v\u00e9gigkalauzol a bor\u00e1szat hitvall\u00e1s\u00e1n, \u00e9s amely mag\u00e1ban hordozza a Dominium karakter\u00e9t, kifinomults\u00e1g\u00e1t \u00e9s szak\u00e9rtelm\u00e9t minden egyes palackban.<\/p>\n<p>Mi\u00e9rt k\u00fcl\u00f6nleges a Dominium Signature Box?<br \/>\n&#8211; Pr\u00e9mium v\u00e1logat\u00e1s: 6 gondosan kiv\u00e1lasztott Dominium t\u00e9tel a legszebb borainkb\u00f3l.<br \/>\n&#8211; Exkluz\u00edv fa d\u00edszdoboz: magas min\u0151s\u00e9g\u0171, tart\u00f3s \u00e9s eleg\u00e1ns kivitel, aj\u00e1nd\u00e9knak is t\u00f6k\u00e9letes.<br \/>\n&#8211; Egyedi k\u00e9r\u00e9s teljes\u00edthet\u0151: a d\u00edszdoboz k\u00e9r\u00e9sre a bor\u00e1sz eredeti al\u00e1\u00edr\u00e1s\u00e1val is rendelhet\u0151, \u00edgy val\u00f3di gy\u0171jt\u0151i darabb\u00e1 v\u00e1lik.<br \/>\n&#8211; Limit\u00e1lt kiad\u00e1s: a Signature Box csak korl\u00e1tozott mennyis\u00e9gben \u00e9rhet\u0151 el \u2013 t\u00f6k\u00e9letes v\u00e1laszt\u00e1s k\u00fcl\u00f6nleges alkalmakra, \u00fcnnepekre, vagy ak\u00e1r reprezentat\u00edv c\u00e9ges aj\u00e1nd\u00e9knak.<\/p>\n<p><strong>A doboz tartalma:<\/strong><\/p>\n<p>Ikigai Syrah<br \/>\nPretium<br \/>\nL\u00e9lek Cuv\u00e9e<br \/>\nMerlot &#8217;23<br \/>\nFeketele\u00e1nyka &#8217;23<br \/>\nGrand Franc-Merlot<\/p>","protected":false},"excerpt":{"rendered":"<p>Dominium Signature Box \u2013 A pr\u00e9mium \u00e9lm\u00e9ny exkluz\u00edv d\u00edszdobozban Meg\u00e9rkezett a Dominium Signature Box, amely garant\u00e1ltan a v\u00e9rbeli borrajong\u00f3k \u00e9s gy\u0171jt\u0151k \u00faj kedvence lesz. Az eleg\u00e1ns, f\u00e1b\u00f3l k\u00e9sz\u00fclt d\u00edszdoboz hat darab kiv\u00e1l\u00f3 pr\u00e9mium Dominium t\u00e9telt rejt, melyek a pinc\u00e9szet legmagasabb szint\u0171 szelekci\u00f3j\u00e1b\u00f3l ker\u00fcltek v\u00e1logat\u00e1sra. Ez a k\u00fcl\u00f6nleges \u00f6ssze\u00e1ll\u00edt\u00e1s nem csup\u00e1n egy borv\u00e1logat\u00e1s: ez egy utaz\u00e1s, [&hellip;]<\/p>","protected":false},"featured_media":2386,"template":"","meta":[],"product_cat":[22,21],"product_tag":[],"class_list":{"0":"post-2385","1":"product","2":"type-product","3":"status-publish","4":"has-post-thumbnail","6":"product_cat-csomag-ajanlatok","7":"product_cat-vorosboraink","9":"first","10":"instock","11":"taxable","12":"shipping-taxable","13":"purchasable","14":"product-type-simple"},"yoast_head":"<!-- This site is optimized with the Yoast SEO plugin v23.0 - https:\/\/yoast.com\/wordpress\/plugins\/seo\/ -->\n<title>Dominium Signature Box - Dominium Pinc\u00e9szet<\/title>\n<meta name=\"robots\" content=\"index, follow, max-snippet:-1, max-image-preview:large, max-video-preview:-1\" \/>\n<link rel=\"canonical\" href=\"https:\/\/dominiumwine.com\/en\/product\/dominium-signature-box\/\" \/>\n<meta property=\"og:locale\" content=\"en_US\" \/>\n<meta property=\"og:type\" content=\"article\" \/>\n<meta property=\"og:title\" content=\"Dominium Signature Box - Dominium Pinc\u00e9szet\" \/>\n<meta property=\"og:description\" content=\"Dominium Signature Box \u2013 A pr\u00e9mium \u00e9lm\u00e9ny exkluz\u00edv d\u00edszdobozban Meg\u00e9rkezett a Dominium Signature Box, amely garant\u00e1ltan a v\u00e9rbeli borrajong\u00f3k \u00e9s gy\u0171jt\u0151k \u00faj kedvence lesz. Az eleg\u00e1ns, f\u00e1b\u00f3l k\u00e9sz\u00fclt d\u00edszdoboz hat darab kiv\u00e1l\u00f3 pr\u00e9mium Dominium t\u00e9telt rejt, melyek a pinc\u00e9szet legmagasabb szint\u0171 szelekci\u00f3j\u00e1b\u00f3l ker\u00fcltek v\u00e1logat\u00e1sra. Ez a k\u00fcl\u00f6nleges \u00f6ssze\u00e1ll\u00edt\u00e1s nem csup\u00e1n egy borv\u00e1logat\u00e1s: ez egy utaz\u00e1s, [&hellip;]\" \/>\n<meta property=\"og:url\" content=\"https:\/\/dominiumwine.com\/en\/product\/dominium-signature-box\/\" \/>\n<meta property=\"og:site_name\" content=\"Dominium Pinc\u00e9szet\" \/>\n<meta property=\"og:image\" content=\"http:\/\/dominiumwine.com\/wp-content\/uploads\/2025\/11\/1.png\" \/>\n\t<meta property=\"og:image:width\" content=\"1080\" \/>\n\t<meta property=\"og:image:height\" content=\"1080\" \/>\n\t<meta property=\"og:image:type\" content=\"image\/png\" \/>\n<meta name=\"twitter:card\" content=\"summary_large_image\" \/>\n<meta name=\"twitter:label1\" content=\"Est. reading time\" \/>\n\t<meta name=\"twitter:data1\" content=\"2 minutes\" \/>\n<script type=\"application\/ld+json\" class=\"yoast-schema-graph\">{\"@context\":\"https:\/\/schema.org\",\"@graph\":[{\"@type\":\"WebPage\",\"@id\":\"https:\/\/dominiumwine.com\/product\/dominium-signature-box\/\",\"url\":\"https:\/\/dominiumwine.com\/product\/dominium-signature-box\/\",\"name\":\"Dominium Signature Box - Dominium Pinc\u00e9szet\",\"isPartOf\":{\"@id\":\"https:\/\/dominiumwine.com\/#website\"},\"primaryImageOfPage\":{\"@id\":\"https:\/\/dominiumwine.com\/product\/dominium-signature-box\/#primaryimage\"},\"image\":{\"@id\":\"https:\/\/dominiumwine.com\/product\/dominium-signature-box\/#primaryimage\"},\"thumbnailUrl\":\"https:\/\/dominiumwine.com\/wp-content\/uploads\/2025\/11\/1.png\",\"datePublished\":\"2025-11-16T15:53:14+00:00\",\"dateModified\":\"2025-11-16T15:53:14+00:00\",\"breadcrumb\":{\"@id\":\"https:\/\/dominiumwine.com\/product\/dominium-signature-box\/#breadcrumb\"},\"inLanguage\":\"en-US\",\"potentialAction\":[{\"@type\":\"ReadAction\",\"target\":[\"https:\/\/dominiumwine.com\/product\/dominium-signature-box\/\"]}]},{\"@type\":\"ImageObject\",\"inLanguage\":\"en-US\",\"@id\":\"https:\/\/dominiumwine.com\/product\/dominium-signature-box\/#primaryimage\",\"url\":\"https:\/\/dominiumwine.com\/wp-content\/uploads\/2025\/11\/1.png\",\"contentUrl\":\"https:\/\/dominiumwine.com\/wp-content\/uploads\/2025\/11\/1.png\",\"width\":1080,\"height\":1080,\"caption\":\"Dominium Signature Box\"},{\"@type\":\"BreadcrumbList\",\"@id\":\"https:\/\/dominiumwine.com\/product\/dominium-signature-box\/#breadcrumb\",\"itemListElement\":[{\"@type\":\"ListItem\",\"position\":1,\"name\":\"Kezd\u0151lap\",\"item\":\"https:\/\/dominiumwine.com\/\"},{\"@type\":\"ListItem\",\"position\":2,\"name\":\"Term\u00e9kek\",\"item\":\"https:\/\/dominiumwine.com\/shop\/\"},{\"@type\":\"ListItem\",\"position\":3,\"name\":\"Dominium Signature Box\"}]},{\"@type\":\"WebSite\",\"@id\":\"https:\/\/dominiumwine.com\/#website\",\"url\":\"https:\/\/dominiumwine.com\/\",\"name\":\"Dominium Pinc\u00e9szet\",\"description\":\"Term\u00e9szetess\u00e9g, min\u0151s\u00e9g, odaad\u00e1s.\",\"publisher\":{\"@id\":\"https:\/\/dominiumwine.com\/#organization\"},\"potentialAction\":[{\"@type\":\"SearchAction\",\"target\":{\"@type\":\"EntryPoint\",\"urlTemplate\":\"https:\/\/dominiumwine.com\/?s={search_term_string}\"},\"query-input\":\"required name=search_term_string\"}],\"inLanguage\":\"en-US\"},{\"@type\":\"Organization\",\"@id\":\"https:\/\/dominiumwine.com\/#organization\",\"name\":\"Dominium Pinc\u00e9szet\",\"url\":\"https:\/\/dominiumwine.com\/\",\"logo\":{\"@type\":\"ImageObject\",\"inLanguage\":\"en-US\",\"@id\":\"https:\/\/dominiumwine.com\/#\/schema\/logo\/image\/\",\"url\":\"https:\/\/dominiumwine.com\/wp-content\/uploads\/2023\/09\/13254653_1555236881446304_5392041322926135012_o.png\",\"contentUrl\":\"https:\/\/dominiumwine.com\/wp-content\/uploads\/2023\/09\/13254653_1555236881446304_5392041322926135012_o.png\",\"width\":2048,\"height\":1447,\"caption\":\"Dominium Pinc\u00e9szet\"},\"image\":{\"@id\":\"https:\/\/dominiumwine.com\/#\/schema\/logo\/image\/\"}}]}<\/script>\n<!-- \/ Yoast SEO plugin. -->","yoast_head_json":{"title":"Dominium Signature Box - Dominium Pinc\u00e9szet","robots":{"index":"index","follow":"follow","max-snippet":"max-snippet:-1","max-image-preview":"max-image-preview:large","max-video-preview":"max-video-preview:-1"},"canonical":"https:\/\/dominiumwine.com\/en\/product\/dominium-signature-box\/","og_locale":"en_US","og_type":"article","og_title":"Dominium Signature Box - Dominium Pinc\u00e9szet","og_description":"Dominium Signature Box \u2013 A pr\u00e9mium \u00e9lm\u00e9ny exkluz\u00edv d\u00edszdobozban Meg\u00e9rkezett a Dominium Signature Box, amely garant\u00e1ltan a v\u00e9rbeli borrajong\u00f3k \u00e9s gy\u0171jt\u0151k \u00faj kedvence lesz. Az eleg\u00e1ns, f\u00e1b\u00f3l k\u00e9sz\u00fclt d\u00edszdoboz hat darab kiv\u00e1l\u00f3 pr\u00e9mium Dominium t\u00e9telt rejt, melyek a pinc\u00e9szet legmagasabb szint\u0171 szelekci\u00f3j\u00e1b\u00f3l ker\u00fcltek v\u00e1logat\u00e1sra. Ez a k\u00fcl\u00f6nleges \u00f6ssze\u00e1ll\u00edt\u00e1s nem csup\u00e1n egy borv\u00e1logat\u00e1s: ez egy utaz\u00e1s, [&hellip;]","og_url":"https:\/\/dominiumwine.com\/en\/product\/dominium-signature-box\/","og_site_name":"Dominium Pinc\u00e9szet","og_image":[{"width":1080,"height":1080,"url":"http:\/\/dominiumwine.com\/wp-content\/uploads\/2025\/11\/1.png","type":"image\/png"}],"twitter_card":"summary_large_image","twitter_misc":{"Est. reading time":"2 minutes"},"schema":{"@context":"https:\/\/schema.org","@graph":[{"@type":"WebPage","@id":"https:\/\/dominiumwine.com\/product\/dominium-signature-box\/","url":"https:\/\/dominiumwine.com\/product\/dominium-signature-box\/","name":"Dominium Signature Box - Dominium Pinc\u00e9szet","isPartOf":{"@id":"https:\/\/dominiumwine.com\/#website"},"primaryImageOfPage":{"@id":"https:\/\/dominiumwine.com\/product\/dominium-signature-box\/#primaryimage"},"image":{"@id":"https:\/\/dominiumwine.com\/product\/dominium-signature-box\/#primaryimage"},"thumbnailUrl":"https:\/\/dominiumwine.com\/wp-content\/uploads\/2025\/11\/1.png","datePublished":"2025-11-16T15:53:14+00:00","dateModified":"2025-11-16T15:53:14+00:00","breadcrumb":{"@id":"https:\/\/dominiumwine.com\/product\/dominium-signature-box\/#breadcrumb"},"inLanguage":"en-US","potentialAction":[{"@type":"ReadAction","target":["https:\/\/dominiumwine.com\/product\/dominium-signature-box\/"]}]},{"@type":"ImageObject","inLanguage":"en-US","@id":"https:\/\/dominiumwine.com\/product\/dominium-signature-box\/#primaryimage","url":"https:\/\/dominiumwine.com\/wp-content\/uploads\/2025\/11\/1.png","contentUrl":"https:\/\/dominiumwine.com\/wp-content\/uploads\/2025\/11\/1.png","width":1080,"height":1080,"caption":"Dominium Signature Box"},{"@type":"BreadcrumbList","@id":"https:\/\/dominiumwine.com\/product\/dominium-signature-box\/#breadcrumb","itemListElement":[{"@type":"ListItem","position":1,"name":"Kezd\u0151lap","item":"https:\/\/dominiumwine.com\/"},{"@type":"ListItem","position":2,"name":"Term\u00e9kek","item":"https:\/\/dominiumwine.com\/shop\/"},{"@type":"ListItem","position":3,"name":"Dominium Signature Box"}]},{"@type":"WebSite","@id":"https:\/\/dominiumwine.com\/#website","url":"https:\/\/dominiumwine.com\/","name":"Dominium Pinc\u00e9szet","description":"Term\u00e9szetess\u00e9g, min\u0151s\u00e9g, odaad\u00e1s.","publisher":{"@id":"https:\/\/dominiumwine.com\/#organization"},"potentialAction":[{"@type":"SearchAction","target":{"@type":"EntryPoint","urlTemplate":"https:\/\/dominiumwine.com\/?s={search_term_string}"},"query-input":"required name=search_term_string"}],"inLanguage":"en-US"},{"@type":"Organization","@id":"https:\/\/dominiumwine.com\/#organization","name":"Dominium Pinc\u00e9szet","url":"https:\/\/dominiumwine.com\/","logo":{"@type":"ImageObject","inLanguage":"en-US","@id":"https:\/\/dominiumwine.com\/#\/schema\/logo\/image\/","url":"https:\/\/dominiumwine.com\/wp-content\/uploads\/2023\/09\/13254653_1555236881446304_5392041322926135012_o.png","contentUrl":"https:\/\/dominiumwine.com\/wp-content\/uploads\/2023\/09\/13254653_1555236881446304_5392041322926135012_o.png","width":2048,"height":1447,"caption":"Dominium Pinc\u00e9szet"},"image":{"@id":"https:\/\/dominiumwine.com\/#\/schema\/logo\/image\/"}}]}},"jetpack_sharing_enabled":true,"_links":{"self":[{"href":"https:\/\/dominiumwine.com\/en\/wp-json\/wp\/v2\/product\/2385","targetHints":{"allow":["GET"]}}],"collection":[{"href":"https:\/\/dominiumwine.com\/en\/wp-json\/wp\/v2\/product"}],"about":[{"href":"https:\/\/dominiumwine.com\/en\/wp-json\/wp\/v2\/types\/product"}],"wp:featuredmedia":[{"embeddable":true,"href":"https:\/\/dominiumwine.com\/en\/wp-json\/wp\/v2\/media\/2386"}],"wp:attachment":[{"href":"https:\/\/dominiumwine.com\/en\/wp-json\/wp\/v2\/media?parent=2385"}],"wp:term":[{"taxonomy":"product_cat","embeddable":true,"href":"https:\/\/dominiumwine.com\/en\/wp-json\/wp\/v2\/product_cat?post=2385"},{"taxonomy":"product_tag","embeddable":true,"href":"https:\/\/dominiumwine.com\/en\/wp-json\/wp\/v2\/product_tag?post=2385"}],"curies":[{"name":"wp","href":"https:\/\/api.w.org\/{rel}","templated":true}]}}