{"id":2391,"date":"2025-11-19T18:32:06","date_gmt":"2025-11-19T18:32:06","guid":{"rendered":"https:\/\/dominiumwine.com\/?post_type=product&#038;p=2391"},"modified":"2025-11-19T18:32:07","modified_gmt":"2025-11-19T18:32:07","slug":"grand-feketeleanyka-2022","status":"publish","type":"product","link":"https:\/\/dominiumwine.com\/en\/product\/grand-feketeleanyka-2022\/","title":{"rendered":"Grand Feketele\u00e1nyka 2022"},"content":{"rendered":"<div>Sz\u0151l\u0151fajta\u00a0 \u00a0 \u00a0 \u00a0 \u00a0 \u00a0 \u00a0 \u00a0 \u00a0 \u00a0 \u00a0 \u00a0 \u00a0 \u00a0 \u00a0 \u00a0 \u00a0 \u00a0 Feketele\u00e1nyka 100%<\/div>\n<div><\/div>\n<div>\u00c9vj\u00e1rat\u00a0 \u00a0 \u00a0 \u00a0 \u00a0 \u00a0 \u00a0 \u00a0 \u00a0 \u00a0 \u00a0 \u00a0 \u00a0 \u00a0 \u00a0 \u00a0 \u00a0 \u00a0 \u00a0 \u00a0 \u00a02022<\/div>\n<div><\/div>\n<div>Bork\u00e9sz\u00edt\u00e9s\u00a0 \u00a0 \u00a0 \u00a0 \u00a0 \u00a0 \u00a0 \u00a0 \u00a0 \u00a0 \u00a0 \u00a0 \u00a0 \u00a0 \u00a0 \u00a0 \u00a0Ac\u00e9l<span data-sheets-value=\"{&quot;1&quot;:2,&quot;2&quot;:&quot;Ny\u00edlt k\u00e1das erjeszt\u00e9s 100 %&quot;}\" data-sheets-userformat=\"{&quot;2&quot;:769,&quot;3&quot;:{&quot;1&quot;:0},&quot;11&quot;:4,&quot;12&quot;:0}\">k\u00e1das erjeszt\u00e9s 100 %<\/span><\/div>\n<div><\/div>\n<div>\u00c9rlel\u00e9s\u00a0 \u00a0 \u00a0 \u00a0 \u00a0 \u00a0 \u00a0 \u00a0 \u00a0 \u00a0 \u00a0 \u00a0 \u00a0 \u00a0 \u00a0 \u00a0 \u00a0 \u00a0 \u00a0 \u00a0 \u00a0\u00daj \u00e9s m\u00e1sodt\u00f6lt\u00e9s\u0171 <span data-sheets-root=\"1\">hord\u00f3s \u00e9rlel\u00e9s<\/span><\/div>\n<div><\/div>\n<div>Alkohol\u00a0 \u00a0 \u00a0 \u00a0 \u00a0 \u00a0 \u00a0 \u00a0 \u00a0 \u00a0 \u00a0 \u00a0 \u00a0 \u00a0 \u00a0 \u00a0 \u00a0 \u00a0 \u00a0 \u00a0 16 % VOL<\/div>\n<div><\/div>\n<div>Sz\u00e1razs\u00e1gi fok\u00a0 \u00a0 \u00a0 \u00a0 \u00a0 \u00a0 \u00a0 \u00a0 \u00a0 \u00a0 \u00a0 \u00a0 \u00a0 \u00a0 \u00a0Sz\u00e1raz<\/div>\n<div><\/div>\n<div>Fogyaszt\u00e1si h\u0151m\u00e9rs\u00e9klet\u00a0 \u00a0 \u00a0 \u00a0 \u00a0 18\u00b0C<\/div>","protected":false},"excerpt":{"rendered":"<p>K\u00fcl\u00f6nleges fajta, mely k\u00fcl\u00f6nleges t\u00f6r\u0151d\u00e9st ig\u00e9nyel. T\u00f6rt\u00e9nelm\u00fcnk egy apr\u00f3 darabk\u00e1ja \u00fajragondolva. 2022-es \u00e9vj\u00e1rat\u00fa Feketele\u00e1nyka borunk \u00fajra megmutatja a fajt\u00e1ban rejl\u0151 igazi karaktert. Testes, f\u0171szeres, benne a szeder \u00e9s m\u00e1s erdei gy\u00fcm\u00f6lcs\u00f6k kavalk\u00e1dja kieg\u00e9sz\u00fclve \u00fajhord\u00f3s arom\u00e1kkal. Spont\u00e1n erjeszt\u00e9ssel k\u00e9sz\u00fclt natur\u00e1lis borunk 11 h\u00f3napot pihent 225 \u00e9s 500 literes t\u00f6lgyfahord\u00f3kban. \u00d6kol\u00f3giai gazd\u00e1lkod\u00e1s, v\u00e1logat\u00e1s, elegancia.<\/p>","protected":false},"featured_media":2392,"template":"","meta":[],"product_cat":[21],"product_tag":[],"class_list":{"0":"post-2391","1":"product","2":"type-product","3":"status-publish","4":"has-post-thumbnail","6":"product_cat-vorosboraink","8":"first","9":"instock","10":"taxable","11":"shipping-taxable","12":"purchasable","13":"product-type-simple"},"yoast_head":"<!-- This site is optimized with the Yoast SEO plugin v23.0 - https:\/\/yoast.com\/wordpress\/plugins\/seo\/ -->\n<title>Grand Feketele\u00e1nyka 2022 - Dominium Pinc\u00e9szet<\/title>\n<meta name=\"robots\" content=\"index, follow, max-snippet:-1, max-image-preview:large, max-video-preview:-1\" \/>\n<link rel=\"canonical\" href=\"https:\/\/dominiumwine.com\/en\/product\/grand-feketeleanyka-2022\/\" \/>\n<meta property=\"og:locale\" content=\"en_US\" \/>\n<meta property=\"og:type\" content=\"article\" \/>\n<meta property=\"og:title\" content=\"Grand Feketele\u00e1nyka 2022 - Dominium Pinc\u00e9szet\" \/>\n<meta property=\"og:description\" content=\"K\u00fcl\u00f6nleges fajta, mely k\u00fcl\u00f6nleges t\u00f6r\u0151d\u00e9st ig\u00e9nyel. T\u00f6rt\u00e9nelm\u00fcnk egy apr\u00f3 darabk\u00e1ja \u00fajragondolva. 2022-es \u00e9vj\u00e1rat\u00fa Feketele\u00e1nyka borunk \u00fajra megmutatja a fajt\u00e1ban rejl\u0151 igazi karaktert. Testes, f\u0171szeres, benne a szeder \u00e9s m\u00e1s erdei gy\u00fcm\u00f6lcs\u00f6k kavalk\u00e1dja kieg\u00e9sz\u00fclve \u00fajhord\u00f3s arom\u00e1kkal. Spont\u00e1n erjeszt\u00e9ssel k\u00e9sz\u00fclt natur\u00e1lis borunk 11 h\u00f3napot pihent 225 \u00e9s 500 literes t\u00f6lgyfahord\u00f3kban. \u00d6kol\u00f3giai gazd\u00e1lkod\u00e1s, v\u00e1logat\u00e1s, elegancia.\" \/>\n<meta property=\"og:url\" content=\"https:\/\/dominiumwine.com\/en\/product\/grand-feketeleanyka-2022\/\" \/>\n<meta property=\"og:site_name\" content=\"Dominium Pinc\u00e9szet\" \/>\n<meta property=\"article:modified_time\" content=\"2025-11-19T18:32:07+00:00\" \/>\n<meta property=\"og:image\" content=\"http:\/\/dominiumwine.com\/wp-content\/uploads\/2025\/11\/Feketeleanyka.png\" \/>\n\t<meta property=\"og:image:width\" content=\"1080\" \/>\n\t<meta property=\"og:image:height\" content=\"1080\" \/>\n\t<meta property=\"og:image:type\" content=\"image\/png\" \/>\n<meta name=\"twitter:card\" content=\"summary_large_image\" \/>\n<meta name=\"twitter:label1\" content=\"Est. reading time\" \/>\n\t<meta name=\"twitter:data1\" content=\"1 minute\" \/>\n<script type=\"application\/ld+json\" class=\"yoast-schema-graph\">{\"@context\":\"https:\/\/schema.org\",\"@graph\":[{\"@type\":\"WebPage\",\"@id\":\"https:\/\/dominiumwine.com\/product\/grand-feketeleanyka-2022\/\",\"url\":\"https:\/\/dominiumwine.com\/product\/grand-feketeleanyka-2022\/\",\"name\":\"Grand Feketele\u00e1nyka 2022 - Dominium Pinc\u00e9szet\",\"isPartOf\":{\"@id\":\"https:\/\/dominiumwine.com\/#website\"},\"primaryImageOfPage\":{\"@id\":\"https:\/\/dominiumwine.com\/product\/grand-feketeleanyka-2022\/#primaryimage\"},\"image\":{\"@id\":\"https:\/\/dominiumwine.com\/product\/grand-feketeleanyka-2022\/#primaryimage\"},\"thumbnailUrl\":\"https:\/\/dominiumwine.com\/wp-content\/uploads\/2025\/11\/Feketeleanyka.png\",\"datePublished\":\"2025-11-19T18:32:06+00:00\",\"dateModified\":\"2025-11-19T18:32:07+00:00\",\"breadcrumb\":{\"@id\":\"https:\/\/dominiumwine.com\/product\/grand-feketeleanyka-2022\/#breadcrumb\"},\"inLanguage\":\"en-US\",\"potentialAction\":[{\"@type\":\"ReadAction\",\"target\":[\"https:\/\/dominiumwine.com\/product\/grand-feketeleanyka-2022\/\"]}]},{\"@type\":\"ImageObject\",\"inLanguage\":\"en-US\",\"@id\":\"https:\/\/dominiumwine.com\/product\/grand-feketeleanyka-2022\/#primaryimage\",\"url\":\"https:\/\/dominiumwine.com\/wp-content\/uploads\/2025\/11\/Feketeleanyka.png\",\"contentUrl\":\"https:\/\/dominiumwine.com\/wp-content\/uploads\/2025\/11\/Feketeleanyka.png\",\"width\":1080,\"height\":1080},{\"@type\":\"BreadcrumbList\",\"@id\":\"https:\/\/dominiumwine.com\/product\/grand-feketeleanyka-2022\/#breadcrumb\",\"itemListElement\":[{\"@type\":\"ListItem\",\"position\":1,\"name\":\"Kezd\u0151lap\",\"item\":\"https:\/\/dominiumwine.com\/\"},{\"@type\":\"ListItem\",\"position\":2,\"name\":\"Term\u00e9kek\",\"item\":\"https:\/\/dominiumwine.com\/shop\/\"},{\"@type\":\"ListItem\",\"position\":3,\"name\":\"Grand Feketele\u00e1nyka 2022\"}]},{\"@type\":\"WebSite\",\"@id\":\"https:\/\/dominiumwine.com\/#website\",\"url\":\"https:\/\/dominiumwine.com\/\",\"name\":\"Dominium Pinc\u00e9szet\",\"description\":\"Term\u00e9szetess\u00e9g, min\u0151s\u00e9g, odaad\u00e1s.\",\"publisher\":{\"@id\":\"https:\/\/dominiumwine.com\/#organization\"},\"potentialAction\":[{\"@type\":\"SearchAction\",\"target\":{\"@type\":\"EntryPoint\",\"urlTemplate\":\"https:\/\/dominiumwine.com\/?s={search_term_string}\"},\"query-input\":\"required name=search_term_string\"}],\"inLanguage\":\"en-US\"},{\"@type\":\"Organization\",\"@id\":\"https:\/\/dominiumwine.com\/#organization\",\"name\":\"Dominium Pinc\u00e9szet\",\"url\":\"https:\/\/dominiumwine.com\/\",\"logo\":{\"@type\":\"ImageObject\",\"inLanguage\":\"en-US\",\"@id\":\"https:\/\/dominiumwine.com\/#\/schema\/logo\/image\/\",\"url\":\"https:\/\/dominiumwine.com\/wp-content\/uploads\/2023\/09\/13254653_1555236881446304_5392041322926135012_o.png\",\"contentUrl\":\"https:\/\/dominiumwine.com\/wp-content\/uploads\/2023\/09\/13254653_1555236881446304_5392041322926135012_o.png\",\"width\":2048,\"height\":1447,\"caption\":\"Dominium Pinc\u00e9szet\"},\"image\":{\"@id\":\"https:\/\/dominiumwine.com\/#\/schema\/logo\/image\/\"}}]}<\/script>\n<!-- \/ Yoast SEO plugin. -->","yoast_head_json":{"title":"Grand Feketele\u00e1nyka 2022 - Dominium Pinc\u00e9szet","robots":{"index":"index","follow":"follow","max-snippet":"max-snippet:-1","max-image-preview":"max-image-preview:large","max-video-preview":"max-video-preview:-1"},"canonical":"https:\/\/dominiumwine.com\/en\/product\/grand-feketeleanyka-2022\/","og_locale":"en_US","og_type":"article","og_title":"Grand Feketele\u00e1nyka 2022 - Dominium Pinc\u00e9szet","og_description":"K\u00fcl\u00f6nleges fajta, mely k\u00fcl\u00f6nleges t\u00f6r\u0151d\u00e9st ig\u00e9nyel. T\u00f6rt\u00e9nelm\u00fcnk egy apr\u00f3 darabk\u00e1ja \u00fajragondolva. 2022-es \u00e9vj\u00e1rat\u00fa Feketele\u00e1nyka borunk \u00fajra megmutatja a fajt\u00e1ban rejl\u0151 igazi karaktert. Testes, f\u0171szeres, benne a szeder \u00e9s m\u00e1s erdei gy\u00fcm\u00f6lcs\u00f6k kavalk\u00e1dja kieg\u00e9sz\u00fclve \u00fajhord\u00f3s arom\u00e1kkal. Spont\u00e1n erjeszt\u00e9ssel k\u00e9sz\u00fclt natur\u00e1lis borunk 11 h\u00f3napot pihent 225 \u00e9s 500 literes t\u00f6lgyfahord\u00f3kban. \u00d6kol\u00f3giai gazd\u00e1lkod\u00e1s, v\u00e1logat\u00e1s, elegancia.","og_url":"https:\/\/dominiumwine.com\/en\/product\/grand-feketeleanyka-2022\/","og_site_name":"Dominium Pinc\u00e9szet","article_modified_time":"2025-11-19T18:32:07+00:00","og_image":[{"width":1080,"height":1080,"url":"http:\/\/dominiumwine.com\/wp-content\/uploads\/2025\/11\/Feketeleanyka.png","type":"image\/png"}],"twitter_card":"summary_large_image","twitter_misc":{"Est. reading time":"1 minute"},"schema":{"@context":"https:\/\/schema.org","@graph":[{"@type":"WebPage","@id":"https:\/\/dominiumwine.com\/product\/grand-feketeleanyka-2022\/","url":"https:\/\/dominiumwine.com\/product\/grand-feketeleanyka-2022\/","name":"Grand Feketele\u00e1nyka 2022 - Dominium Pinc\u00e9szet","isPartOf":{"@id":"https:\/\/dominiumwine.com\/#website"},"primaryImageOfPage":{"@id":"https:\/\/dominiumwine.com\/product\/grand-feketeleanyka-2022\/#primaryimage"},"image":{"@id":"https:\/\/dominiumwine.com\/product\/grand-feketeleanyka-2022\/#primaryimage"},"thumbnailUrl":"https:\/\/dominiumwine.com\/wp-content\/uploads\/2025\/11\/Feketeleanyka.png","datePublished":"2025-11-19T18:32:06+00:00","dateModified":"2025-11-19T18:32:07+00:00","breadcrumb":{"@id":"https:\/\/dominiumwine.com\/product\/grand-feketeleanyka-2022\/#breadcrumb"},"inLanguage":"en-US","potentialAction":[{"@type":"ReadAction","target":["https:\/\/dominiumwine.com\/product\/grand-feketeleanyka-2022\/"]}]},{"@type":"ImageObject","inLanguage":"en-US","@id":"https:\/\/dominiumwine.com\/product\/grand-feketeleanyka-2022\/#primaryimage","url":"https:\/\/dominiumwine.com\/wp-content\/uploads\/2025\/11\/Feketeleanyka.png","contentUrl":"https:\/\/dominiumwine.com\/wp-content\/uploads\/2025\/11\/Feketeleanyka.png","width":1080,"height":1080},{"@type":"BreadcrumbList","@id":"https:\/\/dominiumwine.com\/product\/grand-feketeleanyka-2022\/#breadcrumb","itemListElement":[{"@type":"ListItem","position":1,"name":"Kezd\u0151lap","item":"https:\/\/dominiumwine.com\/"},{"@type":"ListItem","position":2,"name":"Term\u00e9kek","item":"https:\/\/dominiumwine.com\/shop\/"},{"@type":"ListItem","position":3,"name":"Grand Feketele\u00e1nyka 2022"}]},{"@type":"WebSite","@id":"https:\/\/dominiumwine.com\/#website","url":"https:\/\/dominiumwine.com\/","name":"Dominium Pinc\u00e9szet","description":"Term\u00e9szetess\u00e9g, min\u0151s\u00e9g, odaad\u00e1s.","publisher":{"@id":"https:\/\/dominiumwine.com\/#organization"},"potentialAction":[{"@type":"SearchAction","target":{"@type":"EntryPoint","urlTemplate":"https:\/\/dominiumwine.com\/?s={search_term_string}"},"query-input":"required name=search_term_string"}],"inLanguage":"en-US"},{"@type":"Organization","@id":"https:\/\/dominiumwine.com\/#organization","name":"Dominium Pinc\u00e9szet","url":"https:\/\/dominiumwine.com\/","logo":{"@type":"ImageObject","inLanguage":"en-US","@id":"https:\/\/dominiumwine.com\/#\/schema\/logo\/image\/","url":"https:\/\/dominiumwine.com\/wp-content\/uploads\/2023\/09\/13254653_1555236881446304_5392041322926135012_o.png","contentUrl":"https:\/\/dominiumwine.com\/wp-content\/uploads\/2023\/09\/13254653_1555236881446304_5392041322926135012_o.png","width":2048,"height":1447,"caption":"Dominium Pinc\u00e9szet"},"image":{"@id":"https:\/\/dominiumwine.com\/#\/schema\/logo\/image\/"}}]}},"jetpack_sharing_enabled":true,"_links":{"self":[{"href":"https:\/\/dominiumwine.com\/en\/wp-json\/wp\/v2\/product\/2391","targetHints":{"allow":["GET"]}}],"collection":[{"href":"https:\/\/dominiumwine.com\/en\/wp-json\/wp\/v2\/product"}],"about":[{"href":"https:\/\/dominiumwine.com\/en\/wp-json\/wp\/v2\/types\/product"}],"wp:featuredmedia":[{"embeddable":true,"href":"https:\/\/dominiumwine.com\/en\/wp-json\/wp\/v2\/media\/2392"}],"wp:attachment":[{"href":"https:\/\/dominiumwine.com\/en\/wp-json\/wp\/v2\/media?parent=2391"}],"wp:term":[{"taxonomy":"product_cat","embeddable":true,"href":"https:\/\/dominiumwine.com\/en\/wp-json\/wp\/v2\/product_cat?post=2391"},{"taxonomy":"product_tag","embeddable":true,"href":"https:\/\/dominiumwine.com\/en\/wp-json\/wp\/v2\/product_tag?post=2391"}],"curies":[{"name":"wp","href":"https:\/\/api.w.org\/{rel}","templated":true}]}}