{"id":2452,"date":"2026-04-26T15:25:25","date_gmt":"2026-04-26T15:25:25","guid":{"rendered":"https:\/\/dominiumwine.com\/?post_type=product&#038;p=2452"},"modified":"2026-04-26T21:33:50","modified_gmt":"2026-04-26T21:33:50","slug":"essence-v","status":"publish","type":"product","link":"https:\/\/dominiumwine.com\/en\/product\/essence-v\/","title":{"rendered":"Essence V"},"content":{"rendered":"<div>Sz\u0151l\u0151fajta\u00a0 \u00a0 \u00a0 \u00a0 \u00a0 \u00a0 \u00a0 \u00a0 \u00a0 \u00a0 \u00a0 \u00a0 \u00a0 \u00a0 \u00a0 \u00a0 \u00a0 \u00a0 \u00a0Feketele\u00e1nyka, Cabernet Sauvignon, Cabernet Franc, Syrah, Merlot<\/div>\n<div><\/div>\n<div>\u00c9vj\u00e1rat\u00a0 \u00a0 \u00a0 \u00a0 \u00a0 \u00a0 \u00a0 \u00a0 \u00a0 \u00a0 \u00a0 \u00a0 \u00a0 \u00a0 \u00a0 \u00a0 \u00a0 \u00a0 \u00a0 \u00a0 \u00a0 2024<\/div>\n<div><\/div>\n<div>Bork\u00e9sz\u00edt\u00e9s\u00a0 \u00a0 \u00a0 \u00a0 \u00a0 \u00a0 \u00a0 \u00a0 \u00a0 \u00a0 \u00a0 \u00a0 \u00a0 \u00a0 \u00a0 \u00a0 \u00a0 <span data-sheets-root=\"1\">Ac\u00e9lk\u00e1das erjeszt\u00e9s<\/span><\/div>\n<div><\/div>\n<div>\u00c9rlel\u00e9s\u00a0 \u00a0 \u00a0 \u00a0 \u00a0 \u00a0 \u00a0 \u00a0 \u00a0 \u00a0 \u00a0 \u00a0 \u00a0 \u00a0 \u00a0 \u00a0 \u00a0 \u00a0 \u00a0 \u00a0 \u00a0 Hord\u00f3s \u00e9s amf\u00f3r\u00e1s \u00e9rlel\u00e9s<\/div>\n<div><\/div>\n<div>Alkohol\u00a0 \u00a0 \u00a0 \u00a0 \u00a0 \u00a0 \u00a0 \u00a0 \u00a0 \u00a0 \u00a0 \u00a0 \u00a0 \u00a0 \u00a0 \u00a0 \u00a0 \u00a0 \u00a0 \u00a0 \u00a015 %<\/div>\n<div><\/div>\n<div>Sz\u00e1razs\u00e1gi fok\u00a0 \u00a0 \u00a0 \u00a0 \u00a0 \u00a0 \u00a0 \u00a0 \u00a0 \u00a0 \u00a0 \u00a0 \u00a0 \u00a0 \u00a0Sz\u00e1raz<\/div>\n<div><\/div>\n<div>Fogyaszt\u00e1si h\u0151m\u00e9rs\u00e9klet\u00a0 \u00a0 \u00a0 \u00a0 \u00a0 18\u00b0C<\/div>","protected":false},"excerpt":{"rendered":"<div draggable=\"false\" data-pm-slice=\"1 1 []\" data-en-clipboard=\"true\">Essence V egy karakteres, nagy form\u00e1tum\u00fa cuv\u00e9e, amelynek alapj\u00e1t amfor\u00e1ban \u00e9rlelt Feketele\u00e1nyka adja, melyhez Merlot, Cabernet Sauvignon, Syrah \u00e9s Cabernet Franc t\u00e1rsul. Az \u00f6t fajta harmonikus egys\u00e9ge m\u00e9ly, piros \u00e9s fekete bogy\u00f3s arom\u00e1kat bont ki: \u00e1fonya, szilva, meggy, cseresznye, gazdag r\u00e9tegei tal\u00e1lkoznak finom szegf\u0171szeges, borsos f\u0171szeress\u00e9ggel. K\u00f6zepes plusz test\u00e9vel komoly tart\u00e1st \u00e9s eleganci\u00e1t mutat, mik\u00f6zben lend\u00fcletes \u00e9s j\u00f3l ihat\u00f3 marad. Besz\u00e9lget\u00e9sekhez \u00e9pp\u00fagy ide\u00e1lis, mint tartalmas h\u00fas\u00e9telek mell\u00e9. A sz\u0151l\u0151ket \u00f6kol\u00f3giai szeml\u00e9letben m\u0171velj\u00fck, tiszteletben tartva a term\u0151hely term\u00e9szetes egyens\u00faly\u00e1t. K\u00f3stolja meg szeretettel \u00e9s \u00e9lvezze minden pillanat\u00e1t!<\/div>","protected":false},"featured_media":2456,"template":"","meta":[],"product_cat":[21],"product_tag":[],"class_list":{"0":"post-2452","1":"product","2":"type-product","3":"status-publish","4":"has-post-thumbnail","6":"product_cat-vorosboraink","8":"first","9":"instock","10":"taxable","11":"shipping-taxable","12":"purchasable","13":"product-type-simple"},"yoast_head":"<!-- This site is optimized with the Yoast SEO plugin v23.0 - https:\/\/yoast.com\/wordpress\/plugins\/seo\/ -->\n<title>Essence V - Dominium Pinc\u00e9szet<\/title>\n<meta name=\"description\" content=\"Az Essence V alapj\u00e1t amfor\u00e1ban \u00e9rlelt Feketele\u00e1nyka adja, melyhez Merlot, Cabernet Sauvignon, Syrah \u00e9s Cabernet Franc t\u00e1rsul.\" \/>\n<meta name=\"robots\" content=\"index, follow, max-snippet:-1, max-image-preview:large, max-video-preview:-1\" \/>\n<link rel=\"canonical\" href=\"https:\/\/dominiumwine.com\/en\/product\/essence-v\/\" \/>\n<meta property=\"og:locale\" content=\"en_US\" \/>\n<meta property=\"og:type\" content=\"article\" \/>\n<meta property=\"og:title\" content=\"Essence V - Dominium Pinc\u00e9szet\" \/>\n<meta property=\"og:description\" content=\"Az Essence V alapj\u00e1t amfor\u00e1ban \u00e9rlelt Feketele\u00e1nyka adja, melyhez Merlot, Cabernet Sauvignon, Syrah \u00e9s Cabernet Franc t\u00e1rsul.\" \/>\n<meta property=\"og:url\" content=\"https:\/\/dominiumwine.com\/en\/product\/essence-v\/\" \/>\n<meta property=\"og:site_name\" content=\"Dominium Pinc\u00e9szet\" \/>\n<meta property=\"article:modified_time\" content=\"2026-04-26T21:33:50+00:00\" \/>\n<meta property=\"og:image\" content=\"http:\/\/dominiumwine.com\/wp-content\/uploads\/2026\/04\/Essence-V-2024.png\" \/>\n\t<meta property=\"og:image:width\" content=\"1080\" \/>\n\t<meta property=\"og:image:height\" content=\"1080\" \/>\n\t<meta property=\"og:image:type\" content=\"image\/png\" \/>\n<meta name=\"twitter:card\" content=\"summary_large_image\" \/>\n<meta name=\"twitter:label1\" content=\"Est. reading time\" \/>\n\t<meta name=\"twitter:data1\" content=\"1 minute\" \/>\n<script type=\"application\/ld+json\" class=\"yoast-schema-graph\">{\"@context\":\"https:\/\/schema.org\",\"@graph\":[{\"@type\":\"WebPage\",\"@id\":\"https:\/\/dominiumwine.com\/product\/essence-v\/\",\"url\":\"https:\/\/dominiumwine.com\/product\/essence-v\/\",\"name\":\"Essence V - Dominium Pinc\u00e9szet\",\"isPartOf\":{\"@id\":\"https:\/\/dominiumwine.com\/#website\"},\"primaryImageOfPage\":{\"@id\":\"https:\/\/dominiumwine.com\/product\/essence-v\/#primaryimage\"},\"image\":{\"@id\":\"https:\/\/dominiumwine.com\/product\/essence-v\/#primaryimage\"},\"thumbnailUrl\":\"https:\/\/dominiumwine.com\/wp-content\/uploads\/2026\/04\/Essence-V-2024.png\",\"datePublished\":\"2026-04-26T15:25:25+00:00\",\"dateModified\":\"2026-04-26T21:33:50+00:00\",\"description\":\"Az Essence V alapj\u00e1t amfor\u00e1ban \u00e9rlelt Feketele\u00e1nyka adja, melyhez Merlot, Cabernet Sauvignon, Syrah \u00e9s Cabernet Franc t\u00e1rsul.\",\"breadcrumb\":{\"@id\":\"https:\/\/dominiumwine.com\/product\/essence-v\/#breadcrumb\"},\"inLanguage\":\"en-US\",\"potentialAction\":[{\"@type\":\"ReadAction\",\"target\":[\"https:\/\/dominiumwine.com\/product\/essence-v\/\"]}]},{\"@type\":\"ImageObject\",\"inLanguage\":\"en-US\",\"@id\":\"https:\/\/dominiumwine.com\/product\/essence-v\/#primaryimage\",\"url\":\"https:\/\/dominiumwine.com\/wp-content\/uploads\/2026\/04\/Essence-V-2024.png\",\"contentUrl\":\"https:\/\/dominiumwine.com\/wp-content\/uploads\/2026\/04\/Essence-V-2024.png\",\"width\":1080,\"height\":1080},{\"@type\":\"BreadcrumbList\",\"@id\":\"https:\/\/dominiumwine.com\/product\/essence-v\/#breadcrumb\",\"itemListElement\":[{\"@type\":\"ListItem\",\"position\":1,\"name\":\"Kezd\u0151lap\",\"item\":\"https:\/\/dominiumwine.com\/\"},{\"@type\":\"ListItem\",\"position\":2,\"name\":\"Term\u00e9kek\",\"item\":\"https:\/\/dominiumwine.com\/shop\/\"},{\"@type\":\"ListItem\",\"position\":3,\"name\":\"Essence V\"}]},{\"@type\":\"WebSite\",\"@id\":\"https:\/\/dominiumwine.com\/#website\",\"url\":\"https:\/\/dominiumwine.com\/\",\"name\":\"Dominium Pinc\u00e9szet\",\"description\":\"Term\u00e9szetess\u00e9g, min\u0151s\u00e9g, odaad\u00e1s.\",\"publisher\":{\"@id\":\"https:\/\/dominiumwine.com\/#organization\"},\"potentialAction\":[{\"@type\":\"SearchAction\",\"target\":{\"@type\":\"EntryPoint\",\"urlTemplate\":\"https:\/\/dominiumwine.com\/?s={search_term_string}\"},\"query-input\":\"required name=search_term_string\"}],\"inLanguage\":\"en-US\"},{\"@type\":\"Organization\",\"@id\":\"https:\/\/dominiumwine.com\/#organization\",\"name\":\"Dominium Pinc\u00e9szet\",\"url\":\"https:\/\/dominiumwine.com\/\",\"logo\":{\"@type\":\"ImageObject\",\"inLanguage\":\"en-US\",\"@id\":\"https:\/\/dominiumwine.com\/#\/schema\/logo\/image\/\",\"url\":\"https:\/\/dominiumwine.com\/wp-content\/uploads\/2023\/09\/13254653_1555236881446304_5392041322926135012_o.png\",\"contentUrl\":\"https:\/\/dominiumwine.com\/wp-content\/uploads\/2023\/09\/13254653_1555236881446304_5392041322926135012_o.png\",\"width\":2048,\"height\":1447,\"caption\":\"Dominium Pinc\u00e9szet\"},\"image\":{\"@id\":\"https:\/\/dominiumwine.com\/#\/schema\/logo\/image\/\"}}]}<\/script>\n<!-- \/ Yoast SEO plugin. -->","yoast_head_json":{"title":"Essence V - Dominium Pinc\u00e9szet","description":"Az Essence V alapj\u00e1t amfor\u00e1ban \u00e9rlelt Feketele\u00e1nyka adja, melyhez Merlot, Cabernet Sauvignon, Syrah \u00e9s Cabernet Franc t\u00e1rsul.","robots":{"index":"index","follow":"follow","max-snippet":"max-snippet:-1","max-image-preview":"max-image-preview:large","max-video-preview":"max-video-preview:-1"},"canonical":"https:\/\/dominiumwine.com\/en\/product\/essence-v\/","og_locale":"en_US","og_type":"article","og_title":"Essence V - Dominium Pinc\u00e9szet","og_description":"Az Essence V alapj\u00e1t amfor\u00e1ban \u00e9rlelt Feketele\u00e1nyka adja, melyhez Merlot, Cabernet Sauvignon, Syrah \u00e9s Cabernet Franc t\u00e1rsul.","og_url":"https:\/\/dominiumwine.com\/en\/product\/essence-v\/","og_site_name":"Dominium Pinc\u00e9szet","article_modified_time":"2026-04-26T21:33:50+00:00","og_image":[{"width":1080,"height":1080,"url":"http:\/\/dominiumwine.com\/wp-content\/uploads\/2026\/04\/Essence-V-2024.png","type":"image\/png"}],"twitter_card":"summary_large_image","twitter_misc":{"Est. reading time":"1 minute"},"schema":{"@context":"https:\/\/schema.org","@graph":[{"@type":"WebPage","@id":"https:\/\/dominiumwine.com\/product\/essence-v\/","url":"https:\/\/dominiumwine.com\/product\/essence-v\/","name":"Essence V - Dominium Pinc\u00e9szet","isPartOf":{"@id":"https:\/\/dominiumwine.com\/#website"},"primaryImageOfPage":{"@id":"https:\/\/dominiumwine.com\/product\/essence-v\/#primaryimage"},"image":{"@id":"https:\/\/dominiumwine.com\/product\/essence-v\/#primaryimage"},"thumbnailUrl":"https:\/\/dominiumwine.com\/wp-content\/uploads\/2026\/04\/Essence-V-2024.png","datePublished":"2026-04-26T15:25:25+00:00","dateModified":"2026-04-26T21:33:50+00:00","description":"Az Essence V alapj\u00e1t amfor\u00e1ban \u00e9rlelt Feketele\u00e1nyka adja, melyhez Merlot, Cabernet Sauvignon, Syrah \u00e9s Cabernet Franc t\u00e1rsul.","breadcrumb":{"@id":"https:\/\/dominiumwine.com\/product\/essence-v\/#breadcrumb"},"inLanguage":"en-US","potentialAction":[{"@type":"ReadAction","target":["https:\/\/dominiumwine.com\/product\/essence-v\/"]}]},{"@type":"ImageObject","inLanguage":"en-US","@id":"https:\/\/dominiumwine.com\/product\/essence-v\/#primaryimage","url":"https:\/\/dominiumwine.com\/wp-content\/uploads\/2026\/04\/Essence-V-2024.png","contentUrl":"https:\/\/dominiumwine.com\/wp-content\/uploads\/2026\/04\/Essence-V-2024.png","width":1080,"height":1080},{"@type":"BreadcrumbList","@id":"https:\/\/dominiumwine.com\/product\/essence-v\/#breadcrumb","itemListElement":[{"@type":"ListItem","position":1,"name":"Kezd\u0151lap","item":"https:\/\/dominiumwine.com\/"},{"@type":"ListItem","position":2,"name":"Term\u00e9kek","item":"https:\/\/dominiumwine.com\/shop\/"},{"@type":"ListItem","position":3,"name":"Essence V"}]},{"@type":"WebSite","@id":"https:\/\/dominiumwine.com\/#website","url":"https:\/\/dominiumwine.com\/","name":"Dominium Pinc\u00e9szet","description":"Term\u00e9szetess\u00e9g, min\u0151s\u00e9g, odaad\u00e1s.","publisher":{"@id":"https:\/\/dominiumwine.com\/#organization"},"potentialAction":[{"@type":"SearchAction","target":{"@type":"EntryPoint","urlTemplate":"https:\/\/dominiumwine.com\/?s={search_term_string}"},"query-input":"required name=search_term_string"}],"inLanguage":"en-US"},{"@type":"Organization","@id":"https:\/\/dominiumwine.com\/#organization","name":"Dominium Pinc\u00e9szet","url":"https:\/\/dominiumwine.com\/","logo":{"@type":"ImageObject","inLanguage":"en-US","@id":"https:\/\/dominiumwine.com\/#\/schema\/logo\/image\/","url":"https:\/\/dominiumwine.com\/wp-content\/uploads\/2023\/09\/13254653_1555236881446304_5392041322926135012_o.png","contentUrl":"https:\/\/dominiumwine.com\/wp-content\/uploads\/2023\/09\/13254653_1555236881446304_5392041322926135012_o.png","width":2048,"height":1447,"caption":"Dominium Pinc\u00e9szet"},"image":{"@id":"https:\/\/dominiumwine.com\/#\/schema\/logo\/image\/"}}]}},"jetpack_sharing_enabled":true,"_links":{"self":[{"href":"https:\/\/dominiumwine.com\/en\/wp-json\/wp\/v2\/product\/2452","targetHints":{"allow":["GET"]}}],"collection":[{"href":"https:\/\/dominiumwine.com\/en\/wp-json\/wp\/v2\/product"}],"about":[{"href":"https:\/\/dominiumwine.com\/en\/wp-json\/wp\/v2\/types\/product"}],"wp:featuredmedia":[{"embeddable":true,"href":"https:\/\/dominiumwine.com\/en\/wp-json\/wp\/v2\/media\/2456"}],"wp:attachment":[{"href":"https:\/\/dominiumwine.com\/en\/wp-json\/wp\/v2\/media?parent=2452"}],"wp:term":[{"taxonomy":"product_cat","embeddable":true,"href":"https:\/\/dominiumwine.com\/en\/wp-json\/wp\/v2\/product_cat?post=2452"},{"taxonomy":"product_tag","embeddable":true,"href":"https:\/\/dominiumwine.com\/en\/wp-json\/wp\/v2\/product_tag?post=2452"}],"curies":[{"name":"wp","href":"https:\/\/api.w.org\/{rel}","templated":true}]}}