{"id":2454,"date":"2026-04-26T21:41:25","date_gmt":"2026-04-26T21:41:25","guid":{"rendered":"https:\/\/dominiumwine.com\/?post_type=product&#038;p=2454"},"modified":"2026-04-26T21:41:25","modified_gmt":"2026-04-26T21:41:25","slug":"turan-2024","status":"publish","type":"product","link":"https:\/\/dominiumwine.com\/en\/product\/turan-2024\/","title":{"rendered":"Tur\u00e1n 2024"},"content":{"rendered":"<div>Sz\u0151l\u0151fajta\u00a0 \u00a0 \u00a0 \u00a0 \u00a0 \u00a0 \u00a0 \u00a0 \u00a0 \u00a0 \u00a0 \u00a0 \u00a0 \u00a0 \u00a0 \u00a0 \u00a0 \u00a0 \u00a0Tur\u00e1n 100%<\/div>\n<div><\/div>\n<div>\u00c9vj\u00e1rat\u00a0 \u00a0 \u00a0 \u00a0 \u00a0 \u00a0 \u00a0 \u00a0 \u00a0 \u00a0 \u00a0 \u00a0 \u00a0 \u00a0 \u00a0 \u00a0 \u00a0 \u00a0 \u00a0 \u00a0 \u00a0 2024<\/div>\n<div><\/div>\n<div>Bork\u00e9sz\u00edt\u00e9s\u00a0 \u00a0 \u00a0 \u00a0 \u00a0 \u00a0 \u00a0 \u00a0 \u00a0 \u00a0 \u00a0 \u00a0 \u00a0 \u00a0 \u00a0 \u00a0 \u00a0 <span data-sheets-root=\"1\">Ac\u00e9lk\u00e1das erjeszt\u00e9s<\/span><\/div>\n<div><\/div>\n<div>\u00c9rlel\u00e9s\u00a0 \u00a0 \u00a0 \u00a0 \u00a0 \u00a0 \u00a0 \u00a0 \u00a0 \u00a0 \u00a0 \u00a0 \u00a0 \u00a0 \u00a0 \u00a0 \u00a0 \u00a0 \u00a0 \u00a0 \u00a0 Hord\u00f3s \u00e9rlel\u00e9s<\/div>\n<div><\/div>\n<div>Alkohol\u00a0 \u00a0 \u00a0 \u00a0 \u00a0 \u00a0 \u00a0 \u00a0 \u00a0 \u00a0 \u00a0 \u00a0 \u00a0 \u00a0 \u00a0 \u00a0 \u00a0 \u00a0 \u00a0 \u00a0 \u00a012 %<\/div>\n<div><\/div>\n<div>Sz\u00e1razs\u00e1gi fok\u00a0 \u00a0 \u00a0 \u00a0 \u00a0 \u00a0 \u00a0 \u00a0 \u00a0 \u00a0 \u00a0 \u00a0 \u00a0 \u00a0 \u00a0Sz\u00e1raz<\/div>\n<div><\/div>\n<div>Fogyaszt\u00e1si h\u0151m\u00e9rs\u00e9klet\u00a0 \u00a0 \u00a0 \u00a0 \u00a0 17\u00b0C<\/div>","protected":false},"excerpt":{"rendered":"<div draggable=\"false\" data-pm-slice=\"1 1 []\" data-en-clipboard=\"true\">A Tur\u00e1n minden \u00e9vben pr\u00f3b\u00e1ra tesz benn\u00fcnket. A vadak k\u00fcl\u00f6n\u00f6s vonzalmat \u00e9reznek ir\u00e1nta, \u00edgy a sz\u00fcretig vezet\u0151 \u00fat mindig k\u00fczdelmes. 2024-ben azonban siker\u00fclt: kisebb vesztes\u00e9ggel, de megmentett\u00fck a term\u00e9st. Ez a 100% Tur\u00e1n bor a fajta jellegzetes r\u00f3zs\u00e1s, vir\u00e1gos karakter\u00e9t mutatja meg, melyet intenz\u00edv gy\u00fcm\u00f6lcs\u00f6ss\u00e9g \u00e9s vibr\u00e1l\u00f3 arom\u00e1k eg\u00e9sz\u00edtenek ki. A bor robosztus, m\u00e9ly sz\u00edn\u00e9t a Tur\u00e1n fest\u0151sz\u0151l\u0151 term\u00e9szetes sz\u00ednanyaga adja, ami k\u00fcl\u00f6nleges m\u00e9lys\u00e9get \u00e9s egyedis\u00e9get k\u00f6lcs\u00f6n\u00f6z. Harmonikus \u00e9s izgalmas bor, amely egyszerre tiszteleg a hagyom\u00e1ny el\u0151tt, \u00e9s mutatja meg a Tur\u00e1n modern arc\u00e1t. A sz\u0151l\u0151t az \u00f6kol\u00f3giai gazd\u00e1lkod\u00e1s szeml\u00e9let\u00e9ben m\u0171velj\u00fck.<\/div>","protected":false},"featured_media":2455,"template":"","meta":[],"product_cat":[21],"product_tag":[],"class_list":{"0":"post-2454","1":"product","2":"type-product","3":"status-publish","4":"has-post-thumbnail","6":"product_cat-vorosboraink","8":"first","9":"instock","10":"taxable","11":"shipping-taxable","12":"purchasable","13":"product-type-simple"},"yoast_head":"<!-- This site is optimized with the Yoast SEO plugin v23.0 - https:\/\/yoast.com\/wordpress\/plugins\/seo\/ -->\n<title>Tur\u00e1n 2024 - Dominium Pinc\u00e9szet<\/title>\n<meta name=\"description\" content=\"A Tur\u00e1n minden \u00e9vben pr\u00f3b\u00e1ra tesz benn\u00fcnket \u2013 vadabb, k\u00fcl\u00f6nleges karakter\u0171 fajta. M\u00e9ly sz\u00edn, gazdag karakter, feszes szerkezet \u00e9s hossz\u00fa lecseng\u00e9s.\" \/>\n<meta name=\"robots\" content=\"index, follow, max-snippet:-1, max-image-preview:large, max-video-preview:-1\" \/>\n<link rel=\"canonical\" href=\"https:\/\/dominiumwine.com\/en\/product\/turan-2024\/\" \/>\n<meta property=\"og:locale\" content=\"en_US\" \/>\n<meta property=\"og:type\" content=\"article\" \/>\n<meta property=\"og:title\" content=\"Tur\u00e1n 2024 - Dominium Pinc\u00e9szet\" \/>\n<meta property=\"og:description\" content=\"A Tur\u00e1n minden \u00e9vben pr\u00f3b\u00e1ra tesz benn\u00fcnket \u2013 vadabb, k\u00fcl\u00f6nleges karakter\u0171 fajta. M\u00e9ly sz\u00edn, gazdag karakter, feszes szerkezet \u00e9s hossz\u00fa lecseng\u00e9s.\" \/>\n<meta property=\"og:url\" content=\"https:\/\/dominiumwine.com\/en\/product\/turan-2024\/\" \/>\n<meta property=\"og:site_name\" content=\"Dominium Pinc\u00e9szet\" \/>\n<meta property=\"og:image\" content=\"http:\/\/dominiumwine.com\/wp-content\/uploads\/2026\/04\/Turan-2024.png\" \/>\n\t<meta property=\"og:image:width\" content=\"1080\" \/>\n\t<meta property=\"og:image:height\" content=\"1080\" \/>\n\t<meta property=\"og:image:type\" content=\"image\/png\" \/>\n<meta name=\"twitter:card\" content=\"summary_large_image\" \/>\n<meta name=\"twitter:label1\" content=\"Est. reading time\" \/>\n\t<meta name=\"twitter:data1\" content=\"1 minute\" \/>\n<script type=\"application\/ld+json\" class=\"yoast-schema-graph\">{\"@context\":\"https:\/\/schema.org\",\"@graph\":[{\"@type\":\"WebPage\",\"@id\":\"https:\/\/dominiumwine.com\/product\/turan-2024\/\",\"url\":\"https:\/\/dominiumwine.com\/product\/turan-2024\/\",\"name\":\"Tur\u00e1n 2024 - Dominium Pinc\u00e9szet\",\"isPartOf\":{\"@id\":\"https:\/\/dominiumwine.com\/#website\"},\"primaryImageOfPage\":{\"@id\":\"https:\/\/dominiumwine.com\/product\/turan-2024\/#primaryimage\"},\"image\":{\"@id\":\"https:\/\/dominiumwine.com\/product\/turan-2024\/#primaryimage\"},\"thumbnailUrl\":\"https:\/\/dominiumwine.com\/wp-content\/uploads\/2026\/04\/Turan-2024.png\",\"datePublished\":\"2026-04-26T21:41:25+00:00\",\"dateModified\":\"2026-04-26T21:41:25+00:00\",\"description\":\"A Tur\u00e1n minden \u00e9vben pr\u00f3b\u00e1ra tesz benn\u00fcnket \u2013 vadabb, k\u00fcl\u00f6nleges karakter\u0171 fajta. M\u00e9ly sz\u00edn, gazdag karakter, feszes szerkezet \u00e9s hossz\u00fa lecseng\u00e9s.\",\"breadcrumb\":{\"@id\":\"https:\/\/dominiumwine.com\/product\/turan-2024\/#breadcrumb\"},\"inLanguage\":\"en-US\",\"potentialAction\":[{\"@type\":\"ReadAction\",\"target\":[\"https:\/\/dominiumwine.com\/product\/turan-2024\/\"]}]},{\"@type\":\"ImageObject\",\"inLanguage\":\"en-US\",\"@id\":\"https:\/\/dominiumwine.com\/product\/turan-2024\/#primaryimage\",\"url\":\"https:\/\/dominiumwine.com\/wp-content\/uploads\/2026\/04\/Turan-2024.png\",\"contentUrl\":\"https:\/\/dominiumwine.com\/wp-content\/uploads\/2026\/04\/Turan-2024.png\",\"width\":1080,\"height\":1080,\"caption\":\"Tur\u00e1n 2024\"},{\"@type\":\"BreadcrumbList\",\"@id\":\"https:\/\/dominiumwine.com\/product\/turan-2024\/#breadcrumb\",\"itemListElement\":[{\"@type\":\"ListItem\",\"position\":1,\"name\":\"Kezd\u0151lap\",\"item\":\"https:\/\/dominiumwine.com\/\"},{\"@type\":\"ListItem\",\"position\":2,\"name\":\"Term\u00e9kek\",\"item\":\"https:\/\/dominiumwine.com\/shop\/\"},{\"@type\":\"ListItem\",\"position\":3,\"name\":\"Tur\u00e1n 2024\"}]},{\"@type\":\"WebSite\",\"@id\":\"https:\/\/dominiumwine.com\/#website\",\"url\":\"https:\/\/dominiumwine.com\/\",\"name\":\"Dominium Pinc\u00e9szet\",\"description\":\"Term\u00e9szetess\u00e9g, min\u0151s\u00e9g, odaad\u00e1s.\",\"publisher\":{\"@id\":\"https:\/\/dominiumwine.com\/#organization\"},\"potentialAction\":[{\"@type\":\"SearchAction\",\"target\":{\"@type\":\"EntryPoint\",\"urlTemplate\":\"https:\/\/dominiumwine.com\/?s={search_term_string}\"},\"query-input\":\"required name=search_term_string\"}],\"inLanguage\":\"en-US\"},{\"@type\":\"Organization\",\"@id\":\"https:\/\/dominiumwine.com\/#organization\",\"name\":\"Dominium Pinc\u00e9szet\",\"url\":\"https:\/\/dominiumwine.com\/\",\"logo\":{\"@type\":\"ImageObject\",\"inLanguage\":\"en-US\",\"@id\":\"https:\/\/dominiumwine.com\/#\/schema\/logo\/image\/\",\"url\":\"https:\/\/dominiumwine.com\/wp-content\/uploads\/2023\/09\/13254653_1555236881446304_5392041322926135012_o.png\",\"contentUrl\":\"https:\/\/dominiumwine.com\/wp-content\/uploads\/2023\/09\/13254653_1555236881446304_5392041322926135012_o.png\",\"width\":2048,\"height\":1447,\"caption\":\"Dominium Pinc\u00e9szet\"},\"image\":{\"@id\":\"https:\/\/dominiumwine.com\/#\/schema\/logo\/image\/\"}}]}<\/script>\n<!-- \/ Yoast SEO plugin. -->","yoast_head_json":{"title":"Tur\u00e1n 2024 - Dominium Pinc\u00e9szet","description":"A Tur\u00e1n minden \u00e9vben pr\u00f3b\u00e1ra tesz benn\u00fcnket \u2013 vadabb, k\u00fcl\u00f6nleges karakter\u0171 fajta. M\u00e9ly sz\u00edn, gazdag karakter, feszes szerkezet \u00e9s hossz\u00fa lecseng\u00e9s.","robots":{"index":"index","follow":"follow","max-snippet":"max-snippet:-1","max-image-preview":"max-image-preview:large","max-video-preview":"max-video-preview:-1"},"canonical":"https:\/\/dominiumwine.com\/en\/product\/turan-2024\/","og_locale":"en_US","og_type":"article","og_title":"Tur\u00e1n 2024 - Dominium Pinc\u00e9szet","og_description":"A Tur\u00e1n minden \u00e9vben pr\u00f3b\u00e1ra tesz benn\u00fcnket \u2013 vadabb, k\u00fcl\u00f6nleges karakter\u0171 fajta. M\u00e9ly sz\u00edn, gazdag karakter, feszes szerkezet \u00e9s hossz\u00fa lecseng\u00e9s.","og_url":"https:\/\/dominiumwine.com\/en\/product\/turan-2024\/","og_site_name":"Dominium Pinc\u00e9szet","og_image":[{"width":1080,"height":1080,"url":"http:\/\/dominiumwine.com\/wp-content\/uploads\/2026\/04\/Turan-2024.png","type":"image\/png"}],"twitter_card":"summary_large_image","twitter_misc":{"Est. reading time":"1 minute"},"schema":{"@context":"https:\/\/schema.org","@graph":[{"@type":"WebPage","@id":"https:\/\/dominiumwine.com\/product\/turan-2024\/","url":"https:\/\/dominiumwine.com\/product\/turan-2024\/","name":"Tur\u00e1n 2024 - Dominium Pinc\u00e9szet","isPartOf":{"@id":"https:\/\/dominiumwine.com\/#website"},"primaryImageOfPage":{"@id":"https:\/\/dominiumwine.com\/product\/turan-2024\/#primaryimage"},"image":{"@id":"https:\/\/dominiumwine.com\/product\/turan-2024\/#primaryimage"},"thumbnailUrl":"https:\/\/dominiumwine.com\/wp-content\/uploads\/2026\/04\/Turan-2024.png","datePublished":"2026-04-26T21:41:25+00:00","dateModified":"2026-04-26T21:41:25+00:00","description":"A Tur\u00e1n minden \u00e9vben pr\u00f3b\u00e1ra tesz benn\u00fcnket \u2013 vadabb, k\u00fcl\u00f6nleges karakter\u0171 fajta. M\u00e9ly sz\u00edn, gazdag karakter, feszes szerkezet \u00e9s hossz\u00fa lecseng\u00e9s.","breadcrumb":{"@id":"https:\/\/dominiumwine.com\/product\/turan-2024\/#breadcrumb"},"inLanguage":"en-US","potentialAction":[{"@type":"ReadAction","target":["https:\/\/dominiumwine.com\/product\/turan-2024\/"]}]},{"@type":"ImageObject","inLanguage":"en-US","@id":"https:\/\/dominiumwine.com\/product\/turan-2024\/#primaryimage","url":"https:\/\/dominiumwine.com\/wp-content\/uploads\/2026\/04\/Turan-2024.png","contentUrl":"https:\/\/dominiumwine.com\/wp-content\/uploads\/2026\/04\/Turan-2024.png","width":1080,"height":1080,"caption":"Tur\u00e1n 2024"},{"@type":"BreadcrumbList","@id":"https:\/\/dominiumwine.com\/product\/turan-2024\/#breadcrumb","itemListElement":[{"@type":"ListItem","position":1,"name":"Kezd\u0151lap","item":"https:\/\/dominiumwine.com\/"},{"@type":"ListItem","position":2,"name":"Term\u00e9kek","item":"https:\/\/dominiumwine.com\/shop\/"},{"@type":"ListItem","position":3,"name":"Tur\u00e1n 2024"}]},{"@type":"WebSite","@id":"https:\/\/dominiumwine.com\/#website","url":"https:\/\/dominiumwine.com\/","name":"Dominium Pinc\u00e9szet","description":"Term\u00e9szetess\u00e9g, min\u0151s\u00e9g, odaad\u00e1s.","publisher":{"@id":"https:\/\/dominiumwine.com\/#organization"},"potentialAction":[{"@type":"SearchAction","target":{"@type":"EntryPoint","urlTemplate":"https:\/\/dominiumwine.com\/?s={search_term_string}"},"query-input":"required name=search_term_string"}],"inLanguage":"en-US"},{"@type":"Organization","@id":"https:\/\/dominiumwine.com\/#organization","name":"Dominium Pinc\u00e9szet","url":"https:\/\/dominiumwine.com\/","logo":{"@type":"ImageObject","inLanguage":"en-US","@id":"https:\/\/dominiumwine.com\/#\/schema\/logo\/image\/","url":"https:\/\/dominiumwine.com\/wp-content\/uploads\/2023\/09\/13254653_1555236881446304_5392041322926135012_o.png","contentUrl":"https:\/\/dominiumwine.com\/wp-content\/uploads\/2023\/09\/13254653_1555236881446304_5392041322926135012_o.png","width":2048,"height":1447,"caption":"Dominium Pinc\u00e9szet"},"image":{"@id":"https:\/\/dominiumwine.com\/#\/schema\/logo\/image\/"}}]}},"jetpack_sharing_enabled":true,"_links":{"self":[{"href":"https:\/\/dominiumwine.com\/en\/wp-json\/wp\/v2\/product\/2454","targetHints":{"allow":["GET"]}}],"collection":[{"href":"https:\/\/dominiumwine.com\/en\/wp-json\/wp\/v2\/product"}],"about":[{"href":"https:\/\/dominiumwine.com\/en\/wp-json\/wp\/v2\/types\/product"}],"wp:featuredmedia":[{"embeddable":true,"href":"https:\/\/dominiumwine.com\/en\/wp-json\/wp\/v2\/media\/2455"}],"wp:attachment":[{"href":"https:\/\/dominiumwine.com\/en\/wp-json\/wp\/v2\/media?parent=2454"}],"wp:term":[{"taxonomy":"product_cat","embeddable":true,"href":"https:\/\/dominiumwine.com\/en\/wp-json\/wp\/v2\/product_cat?post=2454"},{"taxonomy":"product_tag","embeddable":true,"href":"https:\/\/dominiumwine.com\/en\/wp-json\/wp\/v2\/product_tag?post=2454"}],"curies":[{"name":"wp","href":"https:\/\/api.w.org\/{rel}","templated":true}]}}