{"id":2457,"date":"2026-04-26T21:15:07","date_gmt":"2026-04-26T21:15:07","guid":{"rendered":"https:\/\/dominiumwine.com\/?post_type=product&#038;p=2457"},"modified":"2026-04-26T21:22:09","modified_gmt":"2026-04-26T21:22:09","slug":"aragon-tempranillo","status":"publish","type":"product","link":"https:\/\/dominiumwine.com\/en\/product\/aragon-tempranillo\/","title":{"rendered":"Aragon Tempranillo"},"content":{"rendered":"<div>Sz\u0151l\u0151fajta\u00a0 \u00a0 \u00a0 \u00a0 \u00a0 \u00a0 \u00a0 \u00a0 \u00a0 \u00a0 \u00a0 \u00a0 \u00a0 \u00a0 \u00a0 \u00a0 \u00a0 \u00a0 \u00a0 Tempranillo 100%<\/div>\n<div><\/div>\n<div>\u00c9vj\u00e1rat\u00a0\u00a0\u00a0\u00a0\u00a0\u00a0\u00a0\u00a0\u00a0\u00a0\u00a0\u00a0\u00a0\u00a0\u00a0\u00a0\u00a0\u00a0\u00a0\u00a0\u00a0\u00a0\u00a0\u00a0\u00a0\u00a0\u00a0\u00a0\u00a0\u00a0\u00a0\u00a0\u00a0\u00a0\u00a0\u00a0\u00a0\u00a0\u00a0\u00a0\u00a0\u00a0 2024<\/div>\n<div><\/div>\n<div>Bork\u00e9sz\u00edt\u00e9s\u00a0 \u00a0 \u00a0 \u00a0 \u00a0 \u00a0 \u00a0 \u00a0 \u00a0 \u00a0 \u00a0 \u00a0 \u00a0 \u00a0 \u00a0 \u00a0 \u00a0 \u00a0<span data-sheets-root=\"1\">Ac\u00e9lk\u00e1das erjeszt\u00e9s<\/span><\/div>\n<div><\/div>\n<div>\u00c9rlel\u00e9s\u00a0 \u00a0 \u00a0 \u00a0 \u00a0 \u00a0 \u00a0 \u00a0 \u00a0 \u00a0 \u00a0 \u00a0 \u00a0 \u00a0 \u00a0 \u00a0 \u00a0 \u00a0 \u00a0 \u00a0 \u00a0 \u00a0M<span data-sheets-root=\"1\">agyar-francia-amerikai t\u00f6lgyfahord\u00f3s<\/span><\/div>\n<div><\/div>\n<div>Alkohol\u00a0 \u00a0 \u00a0 \u00a0 \u00a0 \u00a0 \u00a0 \u00a0 \u00a0 \u00a0 \u00a0 \u00a0 \u00a0 \u00a0 \u00a0 \u00a0 \u00a0 \u00a0 \u00a0 \u00a0 \u00a014,5 %<\/div>\n<div><\/div>\n<div>Sz\u00e1razs\u00e1gi fok\u00a0 \u00a0 \u00a0 \u00a0 \u00a0 \u00a0 \u00a0 \u00a0 \u00a0 \u00a0 \u00a0 \u00a0 \u00a0 \u00a0 \u00a0Sz\u00e1raz<\/div>\n<div><\/div>\n<div>Fogyaszt\u00e1si h\u0151m\u00e9rs\u00e9klet\u00a0 \u00a0 \u00a0 \u00a0 \u00a0 18\u00b0C<\/div>","protected":false},"excerpt":{"rendered":"<div draggable=\"false\" data-pm-slice=\"1 1 []\" data-en-clipboard=\"true\">Az Aragon Tempranillo ritkas\u00e1g a magyar borvil\u00e1gban. \u00d6ko m\u0171vel\u00e9sb\u0151l, bio szeml\u00e9lettel k\u00e9sz\u00fclt borunk vulkanikus talajon termett sz\u0151l\u0151b\u0151l sz\u00fcletett, amely mark\u00e1ns karaktert \u00e9s k\u00fcl\u00f6nleges energi\u00e1t ad neki. Illat\u00e1ban \u00e9s \u00edz\u00e9ben feketeribizli, cseresznye \u00e9s szeder jelenik meg, melyet finom van\u00edli\u00e1s \u00e9s kaka\u00f3s jegyek eg\u00e9sz\u00edtenek ki. A vibr\u00e1l\u00f3 gy\u00fcm\u00f6lcs\u00f6ss\u00e9get feszes szerkezet \u00e9s hossz\u00fa lecseng\u00e9s k\u00eds\u00e9ri, igazi \u201ebomba j\u00f3\u201d Tempranillo st\u00edlusban. Kiv\u00e1l\u00f3 v\u00e1laszt\u00e1s v\u00f6r\u00f6s h\u00fasokhoz, s\u00fcltekhez, de meglep\u0151en j\u00f3l m\u0171k\u00f6dik csokol\u00e1d\u00e9s desszertek mell\u00e9 is.<\/div>","protected":false},"featured_media":2458,"template":"","meta":[],"product_cat":[21],"product_tag":[],"class_list":{"0":"post-2457","1":"product","2":"type-product","3":"status-publish","4":"has-post-thumbnail","6":"product_cat-vorosboraink","8":"first","9":"instock","10":"taxable","11":"shipping-taxable","12":"purchasable","13":"product-type-simple"},"yoast_head":"<!-- This site is optimized with the Yoast SEO plugin v23.0 - https:\/\/yoast.com\/wordpress\/plugins\/seo\/ -->\n<title>Aragon Tempranillo - Dominium Pinc\u00e9szet<\/title>\n<meta name=\"description\" content=\"Az Aragon Tempranillo ritkas\u00e1g a magyar borvil\u00e1gban. \u00d6ko m\u0171vel\u00e9sb\u0151l, bio szeml\u00e9lettel k\u00e9sz\u00fclt borunk vulkanikus talajon termett sz\u0151l\u0151b\u0151l sz\u00fcletett.\" \/>\n<meta name=\"robots\" content=\"index, follow, max-snippet:-1, max-image-preview:large, max-video-preview:-1\" \/>\n<link rel=\"canonical\" href=\"https:\/\/dominiumwine.com\/en\/product\/aragon-tempranillo\/\" \/>\n<meta property=\"og:locale\" content=\"en_US\" \/>\n<meta property=\"og:type\" content=\"article\" \/>\n<meta property=\"og:title\" content=\"Aragon Tempranillo - Dominium Pinc\u00e9szet\" \/>\n<meta property=\"og:description\" content=\"Az Aragon Tempranillo ritkas\u00e1g a magyar borvil\u00e1gban. \u00d6ko m\u0171vel\u00e9sb\u0151l, bio szeml\u00e9lettel k\u00e9sz\u00fclt borunk vulkanikus talajon termett sz\u0151l\u0151b\u0151l sz\u00fcletett.\" \/>\n<meta property=\"og:url\" content=\"https:\/\/dominiumwine.com\/en\/product\/aragon-tempranillo\/\" \/>\n<meta property=\"og:site_name\" content=\"Dominium Pinc\u00e9szet\" \/>\n<meta property=\"article:modified_time\" content=\"2026-04-26T21:22:09+00:00\" \/>\n<meta property=\"og:image\" content=\"http:\/\/dominiumwine.com\/wp-content\/uploads\/2026\/04\/Aragon-Tempranillo-2024.png\" \/>\n\t<meta property=\"og:image:width\" content=\"1080\" \/>\n\t<meta property=\"og:image:height\" content=\"1080\" \/>\n\t<meta property=\"og:image:type\" content=\"image\/png\" \/>\n<meta name=\"twitter:card\" content=\"summary_large_image\" \/>\n<meta name=\"twitter:label1\" content=\"Est. reading time\" \/>\n\t<meta name=\"twitter:data1\" content=\"1 minute\" \/>\n<script type=\"application\/ld+json\" class=\"yoast-schema-graph\">{\"@context\":\"https:\/\/schema.org\",\"@graph\":[{\"@type\":\"WebPage\",\"@id\":\"https:\/\/dominiumwine.com\/product\/aragon-tempranillo\/\",\"url\":\"https:\/\/dominiumwine.com\/product\/aragon-tempranillo\/\",\"name\":\"Aragon Tempranillo - Dominium Pinc\u00e9szet\",\"isPartOf\":{\"@id\":\"https:\/\/dominiumwine.com\/#website\"},\"primaryImageOfPage\":{\"@id\":\"https:\/\/dominiumwine.com\/product\/aragon-tempranillo\/#primaryimage\"},\"image\":{\"@id\":\"https:\/\/dominiumwine.com\/product\/aragon-tempranillo\/#primaryimage\"},\"thumbnailUrl\":\"https:\/\/dominiumwine.com\/wp-content\/uploads\/2026\/04\/Aragon-Tempranillo-2024.png\",\"datePublished\":\"2026-04-26T21:15:07+00:00\",\"dateModified\":\"2026-04-26T21:22:09+00:00\",\"description\":\"Az Aragon Tempranillo ritkas\u00e1g a magyar borvil\u00e1gban. \u00d6ko m\u0171vel\u00e9sb\u0151l, bio szeml\u00e9lettel k\u00e9sz\u00fclt borunk vulkanikus talajon termett sz\u0151l\u0151b\u0151l sz\u00fcletett.\",\"breadcrumb\":{\"@id\":\"https:\/\/dominiumwine.com\/product\/aragon-tempranillo\/#breadcrumb\"},\"inLanguage\":\"en-US\",\"potentialAction\":[{\"@type\":\"ReadAction\",\"target\":[\"https:\/\/dominiumwine.com\/product\/aragon-tempranillo\/\"]}]},{\"@type\":\"ImageObject\",\"inLanguage\":\"en-US\",\"@id\":\"https:\/\/dominiumwine.com\/product\/aragon-tempranillo\/#primaryimage\",\"url\":\"https:\/\/dominiumwine.com\/wp-content\/uploads\/2026\/04\/Aragon-Tempranillo-2024.png\",\"contentUrl\":\"https:\/\/dominiumwine.com\/wp-content\/uploads\/2026\/04\/Aragon-Tempranillo-2024.png\",\"width\":1080,\"height\":1080},{\"@type\":\"BreadcrumbList\",\"@id\":\"https:\/\/dominiumwine.com\/product\/aragon-tempranillo\/#breadcrumb\",\"itemListElement\":[{\"@type\":\"ListItem\",\"position\":1,\"name\":\"Kezd\u0151lap\",\"item\":\"https:\/\/dominiumwine.com\/\"},{\"@type\":\"ListItem\",\"position\":2,\"name\":\"Term\u00e9kek\",\"item\":\"https:\/\/dominiumwine.com\/shop\/\"},{\"@type\":\"ListItem\",\"position\":3,\"name\":\"Aragon Tempranillo\"}]},{\"@type\":\"WebSite\",\"@id\":\"https:\/\/dominiumwine.com\/#website\",\"url\":\"https:\/\/dominiumwine.com\/\",\"name\":\"Dominium Pinc\u00e9szet\",\"description\":\"Term\u00e9szetess\u00e9g, min\u0151s\u00e9g, odaad\u00e1s.\",\"publisher\":{\"@id\":\"https:\/\/dominiumwine.com\/#organization\"},\"potentialAction\":[{\"@type\":\"SearchAction\",\"target\":{\"@type\":\"EntryPoint\",\"urlTemplate\":\"https:\/\/dominiumwine.com\/?s={search_term_string}\"},\"query-input\":\"required name=search_term_string\"}],\"inLanguage\":\"en-US\"},{\"@type\":\"Organization\",\"@id\":\"https:\/\/dominiumwine.com\/#organization\",\"name\":\"Dominium Pinc\u00e9szet\",\"url\":\"https:\/\/dominiumwine.com\/\",\"logo\":{\"@type\":\"ImageObject\",\"inLanguage\":\"en-US\",\"@id\":\"https:\/\/dominiumwine.com\/#\/schema\/logo\/image\/\",\"url\":\"https:\/\/dominiumwine.com\/wp-content\/uploads\/2023\/09\/13254653_1555236881446304_5392041322926135012_o.png\",\"contentUrl\":\"https:\/\/dominiumwine.com\/wp-content\/uploads\/2023\/09\/13254653_1555236881446304_5392041322926135012_o.png\",\"width\":2048,\"height\":1447,\"caption\":\"Dominium Pinc\u00e9szet\"},\"image\":{\"@id\":\"https:\/\/dominiumwine.com\/#\/schema\/logo\/image\/\"}}]}<\/script>\n<!-- \/ Yoast SEO plugin. -->","yoast_head_json":{"title":"Aragon Tempranillo - Dominium Pinc\u00e9szet","description":"Az Aragon Tempranillo ritkas\u00e1g a magyar borvil\u00e1gban. \u00d6ko m\u0171vel\u00e9sb\u0151l, bio szeml\u00e9lettel k\u00e9sz\u00fclt borunk vulkanikus talajon termett sz\u0151l\u0151b\u0151l sz\u00fcletett.","robots":{"index":"index","follow":"follow","max-snippet":"max-snippet:-1","max-image-preview":"max-image-preview:large","max-video-preview":"max-video-preview:-1"},"canonical":"https:\/\/dominiumwine.com\/en\/product\/aragon-tempranillo\/","og_locale":"en_US","og_type":"article","og_title":"Aragon Tempranillo - Dominium Pinc\u00e9szet","og_description":"Az Aragon Tempranillo ritkas\u00e1g a magyar borvil\u00e1gban. \u00d6ko m\u0171vel\u00e9sb\u0151l, bio szeml\u00e9lettel k\u00e9sz\u00fclt borunk vulkanikus talajon termett sz\u0151l\u0151b\u0151l sz\u00fcletett.","og_url":"https:\/\/dominiumwine.com\/en\/product\/aragon-tempranillo\/","og_site_name":"Dominium Pinc\u00e9szet","article_modified_time":"2026-04-26T21:22:09+00:00","og_image":[{"width":1080,"height":1080,"url":"http:\/\/dominiumwine.com\/wp-content\/uploads\/2026\/04\/Aragon-Tempranillo-2024.png","type":"image\/png"}],"twitter_card":"summary_large_image","twitter_misc":{"Est. reading time":"1 minute"},"schema":{"@context":"https:\/\/schema.org","@graph":[{"@type":"WebPage","@id":"https:\/\/dominiumwine.com\/product\/aragon-tempranillo\/","url":"https:\/\/dominiumwine.com\/product\/aragon-tempranillo\/","name":"Aragon Tempranillo - Dominium Pinc\u00e9szet","isPartOf":{"@id":"https:\/\/dominiumwine.com\/#website"},"primaryImageOfPage":{"@id":"https:\/\/dominiumwine.com\/product\/aragon-tempranillo\/#primaryimage"},"image":{"@id":"https:\/\/dominiumwine.com\/product\/aragon-tempranillo\/#primaryimage"},"thumbnailUrl":"https:\/\/dominiumwine.com\/wp-content\/uploads\/2026\/04\/Aragon-Tempranillo-2024.png","datePublished":"2026-04-26T21:15:07+00:00","dateModified":"2026-04-26T21:22:09+00:00","description":"Az Aragon Tempranillo ritkas\u00e1g a magyar borvil\u00e1gban. \u00d6ko m\u0171vel\u00e9sb\u0151l, bio szeml\u00e9lettel k\u00e9sz\u00fclt borunk vulkanikus talajon termett sz\u0151l\u0151b\u0151l sz\u00fcletett.","breadcrumb":{"@id":"https:\/\/dominiumwine.com\/product\/aragon-tempranillo\/#breadcrumb"},"inLanguage":"en-US","potentialAction":[{"@type":"ReadAction","target":["https:\/\/dominiumwine.com\/product\/aragon-tempranillo\/"]}]},{"@type":"ImageObject","inLanguage":"en-US","@id":"https:\/\/dominiumwine.com\/product\/aragon-tempranillo\/#primaryimage","url":"https:\/\/dominiumwine.com\/wp-content\/uploads\/2026\/04\/Aragon-Tempranillo-2024.png","contentUrl":"https:\/\/dominiumwine.com\/wp-content\/uploads\/2026\/04\/Aragon-Tempranillo-2024.png","width":1080,"height":1080},{"@type":"BreadcrumbList","@id":"https:\/\/dominiumwine.com\/product\/aragon-tempranillo\/#breadcrumb","itemListElement":[{"@type":"ListItem","position":1,"name":"Kezd\u0151lap","item":"https:\/\/dominiumwine.com\/"},{"@type":"ListItem","position":2,"name":"Term\u00e9kek","item":"https:\/\/dominiumwine.com\/shop\/"},{"@type":"ListItem","position":3,"name":"Aragon Tempranillo"}]},{"@type":"WebSite","@id":"https:\/\/dominiumwine.com\/#website","url":"https:\/\/dominiumwine.com\/","name":"Dominium Pinc\u00e9szet","description":"Term\u00e9szetess\u00e9g, min\u0151s\u00e9g, odaad\u00e1s.","publisher":{"@id":"https:\/\/dominiumwine.com\/#organization"},"potentialAction":[{"@type":"SearchAction","target":{"@type":"EntryPoint","urlTemplate":"https:\/\/dominiumwine.com\/?s={search_term_string}"},"query-input":"required name=search_term_string"}],"inLanguage":"en-US"},{"@type":"Organization","@id":"https:\/\/dominiumwine.com\/#organization","name":"Dominium Pinc\u00e9szet","url":"https:\/\/dominiumwine.com\/","logo":{"@type":"ImageObject","inLanguage":"en-US","@id":"https:\/\/dominiumwine.com\/#\/schema\/logo\/image\/","url":"https:\/\/dominiumwine.com\/wp-content\/uploads\/2023\/09\/13254653_1555236881446304_5392041322926135012_o.png","contentUrl":"https:\/\/dominiumwine.com\/wp-content\/uploads\/2023\/09\/13254653_1555236881446304_5392041322926135012_o.png","width":2048,"height":1447,"caption":"Dominium Pinc\u00e9szet"},"image":{"@id":"https:\/\/dominiumwine.com\/#\/schema\/logo\/image\/"}}]}},"jetpack_sharing_enabled":true,"_links":{"self":[{"href":"https:\/\/dominiumwine.com\/en\/wp-json\/wp\/v2\/product\/2457","targetHints":{"allow":["GET"]}}],"collection":[{"href":"https:\/\/dominiumwine.com\/en\/wp-json\/wp\/v2\/product"}],"about":[{"href":"https:\/\/dominiumwine.com\/en\/wp-json\/wp\/v2\/types\/product"}],"wp:featuredmedia":[{"embeddable":true,"href":"https:\/\/dominiumwine.com\/en\/wp-json\/wp\/v2\/media\/2458"}],"wp:attachment":[{"href":"https:\/\/dominiumwine.com\/en\/wp-json\/wp\/v2\/media?parent=2457"}],"wp:term":[{"taxonomy":"product_cat","embeddable":true,"href":"https:\/\/dominiumwine.com\/en\/wp-json\/wp\/v2\/product_cat?post=2457"},{"taxonomy":"product_tag","embeddable":true,"href":"https:\/\/dominiumwine.com\/en\/wp-json\/wp\/v2\/product_tag?post=2457"}],"curies":[{"name":"wp","href":"https:\/\/api.w.org\/{rel}","templated":true}]}}