{"id":2463,"date":"2026-04-26T21:26:47","date_gmt":"2026-04-26T21:26:47","guid":{"rendered":"https:\/\/dominiumwine.com\/?post_type=product&#038;p=2463"},"modified":"2026-04-26T21:26:47","modified_gmt":"2026-04-26T21:26:47","slug":"grand-selection-erzes","status":"publish","type":"product","link":"https:\/\/dominiumwine.com\/en\/product\/grand-selection-erzes\/","title":{"rendered":"Grand Selection \u00c9rz\u00e9s"},"content":{"rendered":"<div>Sz\u0151l\u0151fajta\u00a0 \u00a0 \u00a0 \u00a0 \u00a0 \u00a0 \u00a0 \u00a0 \u00a0 \u00a0 \u00a0 \u00a0 \u00a0 \u00a0 \u00a0 \u00a0 \u00a0 \u00a0 \u00a0Feketele\u00e1nyka &#8211; Merlot &#8211; Tempranillo<\/div>\n<div><\/div>\n<div>\u00c9vj\u00e1rat\u00a0 \u00a0 \u00a0 \u00a0 \u00a0 \u00a0 \u00a0 \u00a0 \u00a0 \u00a0 \u00a0 \u00a0 \u00a0 \u00a0 \u00a0 \u00a0 \u00a0 \u00a0 \u00a0 \u00a0 \u00a0 2024<\/div>\n<div><\/div>\n<div>Bork\u00e9sz\u00edt\u00e9s\u00a0 \u00a0 \u00a0 \u00a0 \u00a0 \u00a0 \u00a0 \u00a0 \u00a0 \u00a0 \u00a0 \u00a0 \u00a0 \u00a0 \u00a0 \u00a0 \u00a0 <span data-sheets-root=\"1\">Ac\u00e9lk\u00e1das erjeszt\u00e9s<\/span><\/div>\n<div><\/div>\n<div>\u00c9rlel\u00e9s\u00a0 \u00a0 \u00a0 \u00a0 \u00a0 \u00a0 \u00a0 \u00a0 \u00a0 \u00a0 \u00a0 \u00a0 \u00a0 \u00a0 \u00a0 \u00a0 \u00a0 \u00a0 \u00a0 \u00a0 \u00a0 M<span data-sheets-root=\"1\">agyar-francia-amerikai t\u00f6lgyfahord\u00f3s<\/span><\/div>\n<div><\/div>\n<div>Alkohol\u00a0 \u00a0 \u00a0 \u00a0 \u00a0 \u00a0 \u00a0 \u00a0 \u00a0 \u00a0 \u00a0 \u00a0 \u00a0 \u00a0 \u00a0 \u00a0 \u00a0 \u00a0 \u00a0 \u00a0 \u00a015 %<\/div>\n<div><\/div>\n<div>Sz\u00e1razs\u00e1gi fok\u00a0 \u00a0 \u00a0 \u00a0 \u00a0 \u00a0 \u00a0 \u00a0 \u00a0 \u00a0 \u00a0 \u00a0 \u00a0 \u00a0 \u00a0Sz\u00e1raz<\/div>\n<div><\/div>\n<div>Fogyaszt\u00e1si h\u0151m\u00e9rs\u00e9klet\u00a0 \u00a0 \u00a0 \u00a0 \u00a0 19\u00b0C<\/div>","protected":false},"excerpt":{"rendered":"<div draggable=\"false\" data-pm-slice=\"1 1 []\" data-en-clipboard=\"true\">Pinc\u00e9szet\u00fcnk hord\u00f3v\u00e1logat\u00e1s\u00e1nak esszenci\u00e1ja: a legkiv\u00e1l\u00f3bb hord\u00f3k t\u00e9teleib\u0151l sz\u00fcletett meg ez az \u00f6sszetett h\u00e1zas\u00edt\u00e1s. A Feketele\u00e1nyka magyar t\u00f6lgyben, a Merlot francia\u2013magyar\u2013amerikai vegyes dong\u00e1s hord\u00f3ban, m\u00edg a Tempranillo amerikai t\u00f6lgyben \u00e9rlel\u0151d\u00f6tt, \u00edgy r\u00e9tegzett hord\u00f3s karaktert \u00e9s komplex szerkezetet adva a bornak. M\u00e9ly sz\u00edn, gazdag fekete bogy\u00f3s gy\u00fcm\u00f6lcs\u00f6k, eleg\u00e1ns f\u0171szeress\u00e9g \u00e9s finom gy\u00f3gyn\u00f6v\u00e9nyes \u00e1rnyalatok jellemzik. Harmonikusan nagy test\u0171, komoly potenci\u00e1llal b\u00edr\u00f3 bor, amely minden korty\u00e1val bepillant\u00e1st enged a Dominium \u00c9rz\u00e9s vil\u00e1g\u00e1ba.<\/div>","protected":false},"featured_media":2464,"template":"","meta":[],"product_cat":[21],"product_tag":[],"class_list":{"0":"post-2463","1":"product","2":"type-product","3":"status-publish","4":"has-post-thumbnail","6":"product_cat-vorosboraink","8":"first","9":"instock","10":"taxable","11":"shipping-taxable","12":"purchasable","13":"product-type-simple"},"yoast_head":"<!-- This site is optimized with the Yoast SEO plugin v23.0 - https:\/\/yoast.com\/wordpress\/plugins\/seo\/ -->\n<title>Grand Selection \u00c9rz\u00e9s - Dominium Pinc\u00e9szet<\/title>\n<meta name=\"description\" content=\"Pinc\u00e9szet\u00fcnk hord\u00f3v\u00e1logat\u00e1s\u00e1nak esszenci\u00e1ja a Grand Selection \u00c9rz\u00e9s: a legkiv\u00e1l\u00f3bb hord\u00f3k t\u00e9teleib\u0151l sz\u00fcletett meg ez az \u00f6sszetett h\u00e1zas\u00edt\u00e1s.\" \/>\n<meta name=\"robots\" content=\"index, follow, max-snippet:-1, max-image-preview:large, max-video-preview:-1\" \/>\n<link rel=\"canonical\" href=\"https:\/\/dominiumwine.com\/en\/product\/grand-selection-erzes\/\" \/>\n<meta property=\"og:locale\" content=\"en_US\" \/>\n<meta property=\"og:type\" content=\"article\" \/>\n<meta property=\"og:title\" content=\"Grand Selection \u00c9rz\u00e9s - Dominium Pinc\u00e9szet\" \/>\n<meta property=\"og:description\" content=\"Pinc\u00e9szet\u00fcnk hord\u00f3v\u00e1logat\u00e1s\u00e1nak esszenci\u00e1ja a Grand Selection \u00c9rz\u00e9s: a legkiv\u00e1l\u00f3bb hord\u00f3k t\u00e9teleib\u0151l sz\u00fcletett meg ez az \u00f6sszetett h\u00e1zas\u00edt\u00e1s.\" \/>\n<meta property=\"og:url\" content=\"https:\/\/dominiumwine.com\/en\/product\/grand-selection-erzes\/\" \/>\n<meta property=\"og:site_name\" content=\"Dominium Pinc\u00e9szet\" \/>\n<meta property=\"og:image\" content=\"http:\/\/dominiumwine.com\/wp-content\/uploads\/2026\/04\/Grand-Selection-Erzes.png\" \/>\n\t<meta property=\"og:image:width\" content=\"1080\" \/>\n\t<meta property=\"og:image:height\" content=\"1080\" \/>\n\t<meta property=\"og:image:type\" content=\"image\/png\" \/>\n<meta name=\"twitter:card\" content=\"summary_large_image\" \/>\n<meta name=\"twitter:label1\" content=\"Est. reading time\" \/>\n\t<meta name=\"twitter:data1\" content=\"1 minute\" \/>\n<script type=\"application\/ld+json\" class=\"yoast-schema-graph\">{\"@context\":\"https:\/\/schema.org\",\"@graph\":[{\"@type\":\"WebPage\",\"@id\":\"https:\/\/dominiumwine.com\/product\/grand-selection-erzes\/\",\"url\":\"https:\/\/dominiumwine.com\/product\/grand-selection-erzes\/\",\"name\":\"Grand Selection \u00c9rz\u00e9s - Dominium Pinc\u00e9szet\",\"isPartOf\":{\"@id\":\"https:\/\/dominiumwine.com\/#website\"},\"primaryImageOfPage\":{\"@id\":\"https:\/\/dominiumwine.com\/product\/grand-selection-erzes\/#primaryimage\"},\"image\":{\"@id\":\"https:\/\/dominiumwine.com\/product\/grand-selection-erzes\/#primaryimage\"},\"thumbnailUrl\":\"https:\/\/dominiumwine.com\/wp-content\/uploads\/2026\/04\/Grand-Selection-Erzes.png\",\"datePublished\":\"2026-04-26T21:26:47+00:00\",\"dateModified\":\"2026-04-26T21:26:47+00:00\",\"description\":\"Pinc\u00e9szet\u00fcnk hord\u00f3v\u00e1logat\u00e1s\u00e1nak esszenci\u00e1ja a Grand Selection \u00c9rz\u00e9s: a legkiv\u00e1l\u00f3bb hord\u00f3k t\u00e9teleib\u0151l sz\u00fcletett meg ez az \u00f6sszetett h\u00e1zas\u00edt\u00e1s.\",\"breadcrumb\":{\"@id\":\"https:\/\/dominiumwine.com\/product\/grand-selection-erzes\/#breadcrumb\"},\"inLanguage\":\"en-US\",\"potentialAction\":[{\"@type\":\"ReadAction\",\"target\":[\"https:\/\/dominiumwine.com\/product\/grand-selection-erzes\/\"]}]},{\"@type\":\"ImageObject\",\"inLanguage\":\"en-US\",\"@id\":\"https:\/\/dominiumwine.com\/product\/grand-selection-erzes\/#primaryimage\",\"url\":\"https:\/\/dominiumwine.com\/wp-content\/uploads\/2026\/04\/Grand-Selection-Erzes.png\",\"contentUrl\":\"https:\/\/dominiumwine.com\/wp-content\/uploads\/2026\/04\/Grand-Selection-Erzes.png\",\"width\":1080,\"height\":1080,\"caption\":\"Dominium Pinc\u00e9szet Grand Selection \u00c9rz\u00e9s\"},{\"@type\":\"BreadcrumbList\",\"@id\":\"https:\/\/dominiumwine.com\/product\/grand-selection-erzes\/#breadcrumb\",\"itemListElement\":[{\"@type\":\"ListItem\",\"position\":1,\"name\":\"Kezd\u0151lap\",\"item\":\"https:\/\/dominiumwine.com\/\"},{\"@type\":\"ListItem\",\"position\":2,\"name\":\"Term\u00e9kek\",\"item\":\"https:\/\/dominiumwine.com\/shop\/\"},{\"@type\":\"ListItem\",\"position\":3,\"name\":\"Grand Selection \u00c9rz\u00e9s\"}]},{\"@type\":\"WebSite\",\"@id\":\"https:\/\/dominiumwine.com\/#website\",\"url\":\"https:\/\/dominiumwine.com\/\",\"name\":\"Dominium Pinc\u00e9szet\",\"description\":\"Term\u00e9szetess\u00e9g, min\u0151s\u00e9g, odaad\u00e1s.\",\"publisher\":{\"@id\":\"https:\/\/dominiumwine.com\/#organization\"},\"potentialAction\":[{\"@type\":\"SearchAction\",\"target\":{\"@type\":\"EntryPoint\",\"urlTemplate\":\"https:\/\/dominiumwine.com\/?s={search_term_string}\"},\"query-input\":\"required name=search_term_string\"}],\"inLanguage\":\"en-US\"},{\"@type\":\"Organization\",\"@id\":\"https:\/\/dominiumwine.com\/#organization\",\"name\":\"Dominium Pinc\u00e9szet\",\"url\":\"https:\/\/dominiumwine.com\/\",\"logo\":{\"@type\":\"ImageObject\",\"inLanguage\":\"en-US\",\"@id\":\"https:\/\/dominiumwine.com\/#\/schema\/logo\/image\/\",\"url\":\"https:\/\/dominiumwine.com\/wp-content\/uploads\/2023\/09\/13254653_1555236881446304_5392041322926135012_o.png\",\"contentUrl\":\"https:\/\/dominiumwine.com\/wp-content\/uploads\/2023\/09\/13254653_1555236881446304_5392041322926135012_o.png\",\"width\":2048,\"height\":1447,\"caption\":\"Dominium Pinc\u00e9szet\"},\"image\":{\"@id\":\"https:\/\/dominiumwine.com\/#\/schema\/logo\/image\/\"}}]}<\/script>\n<!-- \/ Yoast SEO plugin. -->","yoast_head_json":{"title":"Grand Selection \u00c9rz\u00e9s - Dominium Pinc\u00e9szet","description":"Pinc\u00e9szet\u00fcnk hord\u00f3v\u00e1logat\u00e1s\u00e1nak esszenci\u00e1ja a Grand Selection \u00c9rz\u00e9s: a legkiv\u00e1l\u00f3bb hord\u00f3k t\u00e9teleib\u0151l sz\u00fcletett meg ez az \u00f6sszetett h\u00e1zas\u00edt\u00e1s.","robots":{"index":"index","follow":"follow","max-snippet":"max-snippet:-1","max-image-preview":"max-image-preview:large","max-video-preview":"max-video-preview:-1"},"canonical":"https:\/\/dominiumwine.com\/en\/product\/grand-selection-erzes\/","og_locale":"en_US","og_type":"article","og_title":"Grand Selection \u00c9rz\u00e9s - Dominium Pinc\u00e9szet","og_description":"Pinc\u00e9szet\u00fcnk hord\u00f3v\u00e1logat\u00e1s\u00e1nak esszenci\u00e1ja a Grand Selection \u00c9rz\u00e9s: a legkiv\u00e1l\u00f3bb hord\u00f3k t\u00e9teleib\u0151l sz\u00fcletett meg ez az \u00f6sszetett h\u00e1zas\u00edt\u00e1s.","og_url":"https:\/\/dominiumwine.com\/en\/product\/grand-selection-erzes\/","og_site_name":"Dominium Pinc\u00e9szet","og_image":[{"width":1080,"height":1080,"url":"http:\/\/dominiumwine.com\/wp-content\/uploads\/2026\/04\/Grand-Selection-Erzes.png","type":"image\/png"}],"twitter_card":"summary_large_image","twitter_misc":{"Est. reading time":"1 minute"},"schema":{"@context":"https:\/\/schema.org","@graph":[{"@type":"WebPage","@id":"https:\/\/dominiumwine.com\/product\/grand-selection-erzes\/","url":"https:\/\/dominiumwine.com\/product\/grand-selection-erzes\/","name":"Grand Selection \u00c9rz\u00e9s - Dominium Pinc\u00e9szet","isPartOf":{"@id":"https:\/\/dominiumwine.com\/#website"},"primaryImageOfPage":{"@id":"https:\/\/dominiumwine.com\/product\/grand-selection-erzes\/#primaryimage"},"image":{"@id":"https:\/\/dominiumwine.com\/product\/grand-selection-erzes\/#primaryimage"},"thumbnailUrl":"https:\/\/dominiumwine.com\/wp-content\/uploads\/2026\/04\/Grand-Selection-Erzes.png","datePublished":"2026-04-26T21:26:47+00:00","dateModified":"2026-04-26T21:26:47+00:00","description":"Pinc\u00e9szet\u00fcnk hord\u00f3v\u00e1logat\u00e1s\u00e1nak esszenci\u00e1ja a Grand Selection \u00c9rz\u00e9s: a legkiv\u00e1l\u00f3bb hord\u00f3k t\u00e9teleib\u0151l sz\u00fcletett meg ez az \u00f6sszetett h\u00e1zas\u00edt\u00e1s.","breadcrumb":{"@id":"https:\/\/dominiumwine.com\/product\/grand-selection-erzes\/#breadcrumb"},"inLanguage":"en-US","potentialAction":[{"@type":"ReadAction","target":["https:\/\/dominiumwine.com\/product\/grand-selection-erzes\/"]}]},{"@type":"ImageObject","inLanguage":"en-US","@id":"https:\/\/dominiumwine.com\/product\/grand-selection-erzes\/#primaryimage","url":"https:\/\/dominiumwine.com\/wp-content\/uploads\/2026\/04\/Grand-Selection-Erzes.png","contentUrl":"https:\/\/dominiumwine.com\/wp-content\/uploads\/2026\/04\/Grand-Selection-Erzes.png","width":1080,"height":1080,"caption":"Dominium Pinc\u00e9szet Grand Selection \u00c9rz\u00e9s"},{"@type":"BreadcrumbList","@id":"https:\/\/dominiumwine.com\/product\/grand-selection-erzes\/#breadcrumb","itemListElement":[{"@type":"ListItem","position":1,"name":"Kezd\u0151lap","item":"https:\/\/dominiumwine.com\/"},{"@type":"ListItem","position":2,"name":"Term\u00e9kek","item":"https:\/\/dominiumwine.com\/shop\/"},{"@type":"ListItem","position":3,"name":"Grand Selection \u00c9rz\u00e9s"}]},{"@type":"WebSite","@id":"https:\/\/dominiumwine.com\/#website","url":"https:\/\/dominiumwine.com\/","name":"Dominium Pinc\u00e9szet","description":"Term\u00e9szetess\u00e9g, min\u0151s\u00e9g, odaad\u00e1s.","publisher":{"@id":"https:\/\/dominiumwine.com\/#organization"},"potentialAction":[{"@type":"SearchAction","target":{"@type":"EntryPoint","urlTemplate":"https:\/\/dominiumwine.com\/?s={search_term_string}"},"query-input":"required name=search_term_string"}],"inLanguage":"en-US"},{"@type":"Organization","@id":"https:\/\/dominiumwine.com\/#organization","name":"Dominium Pinc\u00e9szet","url":"https:\/\/dominiumwine.com\/","logo":{"@type":"ImageObject","inLanguage":"en-US","@id":"https:\/\/dominiumwine.com\/#\/schema\/logo\/image\/","url":"https:\/\/dominiumwine.com\/wp-content\/uploads\/2023\/09\/13254653_1555236881446304_5392041322926135012_o.png","contentUrl":"https:\/\/dominiumwine.com\/wp-content\/uploads\/2023\/09\/13254653_1555236881446304_5392041322926135012_o.png","width":2048,"height":1447,"caption":"Dominium Pinc\u00e9szet"},"image":{"@id":"https:\/\/dominiumwine.com\/#\/schema\/logo\/image\/"}}]}},"jetpack_sharing_enabled":true,"_links":{"self":[{"href":"https:\/\/dominiumwine.com\/en\/wp-json\/wp\/v2\/product\/2463","targetHints":{"allow":["GET"]}}],"collection":[{"href":"https:\/\/dominiumwine.com\/en\/wp-json\/wp\/v2\/product"}],"about":[{"href":"https:\/\/dominiumwine.com\/en\/wp-json\/wp\/v2\/types\/product"}],"wp:featuredmedia":[{"embeddable":true,"href":"https:\/\/dominiumwine.com\/en\/wp-json\/wp\/v2\/media\/2464"}],"wp:attachment":[{"href":"https:\/\/dominiumwine.com\/en\/wp-json\/wp\/v2\/media?parent=2463"}],"wp:term":[{"taxonomy":"product_cat","embeddable":true,"href":"https:\/\/dominiumwine.com\/en\/wp-json\/wp\/v2\/product_cat?post=2463"},{"taxonomy":"product_tag","embeddable":true,"href":"https:\/\/dominiumwine.com\/en\/wp-json\/wp\/v2\/product_tag?post=2463"}],"curies":[{"name":"wp","href":"https:\/\/api.w.org\/{rel}","templated":true}]}}