{"id":745,"date":"2023-04-11T09:44:19","date_gmt":"2023-04-11T09:44:19","guid":{"rendered":"https:\/\/dev.dominiumwine.com\/?post_type=product&#038;p=745"},"modified":"2023-10-10T20:03:14","modified_gmt":"2023-10-10T20:03:14","slug":"ajandekutalvany-50-000-ft","status":"publish","type":"product","link":"https:\/\/dominiumwine.com\/en\/product\/ajandekutalvany-50-000-ft\/","title":{"rendered":"Accommodation and wine voucher: 50.000 HUF"},"content":{"rendered":"","protected":false},"excerpt":{"rendered":"<div data-pm-slice=\"1 1 []\" data-en-clipboard=\"true\">Szerezzen \u00f6r\u00f6met Dominium aj\u00e1nd\u00e9kutalv\u00e1nnyal! T\u00f6k\u00e9letes meglepet\u00e9s borkedvel\u0151knek, M\u00e1tra-fanatikusoknak, kir\u00e1ndulni vagy pihenni v\u00e1gy\u00f3knak, valamint azoknak, akik sz\u00edvesen t\u00e1razn\u00e1nak be kedvenc Dominium boraikb\u00f3l a webshopban.<\/div>\n<div><\/div>\n<div>Az aj\u00e1nd\u00e9kutalv\u00e1ny bev\u00e1lthat\u00f3 a Dominium Pinc\u00e9szet \u00e9s Panzi\u00f3 sz\u00e1ll\u00e1saj\u00e1nlataira vagy lev\u00e1s\u00e1rolhat\u00f3 a webshopban. Az aj\u00e1nd\u00e9kutalv\u00e1ny megv\u00e1s\u00e1rl\u00e1sakor k\u00e9rj\u00fck az aj\u00e1nd\u00e9kozott nev\u00e9t megadni, \u00edgy a bev\u00e1lt\u00e1s sor\u00e1n azonos\u00edthat\u00f3 a felhaszn\u00e1l\u00e1sra jogosult.<\/div>\n<div><\/div>\n<div>Az aj\u00e1nd\u00e9kutalv\u00e1ny utal\u00e1ssal is fizethet\u0151.<\/div>\n<div><\/div>\n<div><i>Tov\u00e1bbi inform\u00e1ci\u00f3:<\/i><\/div>\n<div><\/div>\n<div><i>+36 (30) 570 3849<\/i><\/div>\n<div><i><a href=\"mailto:info@dominiumwine.com\" rev=\"en_rl_none\">info@dominiumwine.com<\/a><\/i><\/div>\n<div><i><a href=\"mailto:dominiumpinceszet@gmail.com\" rev=\"en_rl_none\">dominiumpinceszet@gmail.com<\/a><\/i><\/div>","protected":false},"featured_media":1984,"template":"","meta":[],"product_cat":[24],"product_tag":[],"class_list":{"0":"post-745","1":"product","2":"type-product","3":"status-publish","4":"has-post-thumbnail","6":"product_cat-egyeb","8":"first","9":"instock","10":"virtual","11":"taxable","12":"purchasable","13":"product-type-simple"},"yoast_head":"<!-- This site is optimized with the Yoast SEO plugin v23.0 - https:\/\/yoast.com\/wordpress\/plugins\/seo\/ -->\n<title>Sz\u00e1ll\u00e1s \u00e9s bor aj\u00e1nd\u00e9kutalv\u00e1ny 50.000 Ft - Dominium Pinc\u00e9szet<\/title>\n<meta name=\"robots\" content=\"index, follow, max-snippet:-1, max-image-preview:large, max-video-preview:-1\" \/>\n<link rel=\"canonical\" href=\"https:\/\/dominiumwine.com\/en\/product\/ajandekutalvany-50-000-ft\/\" \/>\n<meta property=\"og:locale\" content=\"en_US\" \/>\n<meta property=\"og:type\" content=\"article\" \/>\n<meta property=\"og:title\" content=\"Sz\u00e1ll\u00e1s \u00e9s bor aj\u00e1nd\u00e9kutalv\u00e1ny 50.000 Ft - Dominium Pinc\u00e9szet\" \/>\n<meta property=\"og:description\" content=\"Szerezzen \u00f6r\u00f6met Dominium aj\u00e1nd\u00e9kutalv\u00e1nnyal! T\u00f6k\u00e9letes meglepet\u00e9s borkedvel\u0151knek, M\u00e1tra-fanatikusoknak, kir\u00e1ndulni vagy pihenni v\u00e1gy\u00f3knak, valamint azoknak, akik sz\u00edvesen t\u00e1razn\u00e1nak be kedvenc Dominium boraikb\u00f3l a webshopban.  Az aj\u00e1nd\u00e9kutalv\u00e1ny bev\u00e1lthat\u00f3 a Dominium Pinc\u00e9szet \u00e9s Panzi\u00f3 sz\u00e1ll\u00e1saj\u00e1nlataira vagy lev\u00e1s\u00e1rolhat\u00f3 a webshopban. Az aj\u00e1nd\u00e9kutalv\u00e1ny megv\u00e1s\u00e1rl\u00e1sakor k\u00e9rj\u00fck az aj\u00e1nd\u00e9kozott nev\u00e9t megadni, \u00edgy a bev\u00e1lt\u00e1s sor\u00e1n azonos\u00edthat\u00f3 a felhaszn\u00e1l\u00e1sra jogosult.  Az aj\u00e1nd\u00e9kutalv\u00e1ny utal\u00e1ssal is fizethet\u0151.  Tov\u00e1bbi inform\u00e1ci\u00f3:  +36 (30) 570 3849 info@dominiumwine.com dominiumpinceszet@gmail.com\" \/>\n<meta property=\"og:url\" content=\"https:\/\/dominiumwine.com\/en\/product\/ajandekutalvany-50-000-ft\/\" \/>\n<meta property=\"og:site_name\" content=\"Dominium Pinc\u00e9szet\" \/>\n<meta property=\"article:modified_time\" content=\"2023-10-10T20:03:14+00:00\" \/>\n<meta property=\"og:image\" content=\"http:\/\/dominiumwine.com\/wp-content\/uploads\/2023\/04\/2022.-ajandekutalvany-szerkesztheto.png\" \/>\n\t<meta property=\"og:image:width\" content=\"1080\" \/>\n\t<meta property=\"og:image:height\" content=\"1080\" \/>\n\t<meta property=\"og:image:type\" content=\"image\/png\" \/>\n<meta name=\"twitter:card\" content=\"summary_large_image\" \/>\n<script type=\"application\/ld+json\" class=\"yoast-schema-graph\">{\"@context\":\"https:\/\/schema.org\",\"@graph\":[{\"@type\":\"WebPage\",\"@id\":\"https:\/\/dominiumwine.com\/product\/ajandekutalvany-50-000-ft\/\",\"url\":\"https:\/\/dominiumwine.com\/product\/ajandekutalvany-50-000-ft\/\",\"name\":\"Sz\u00e1ll\u00e1s \u00e9s bor aj\u00e1nd\u00e9kutalv\u00e1ny 50.000 Ft - Dominium Pinc\u00e9szet\",\"isPartOf\":{\"@id\":\"https:\/\/dominiumwine.com\/#website\"},\"primaryImageOfPage\":{\"@id\":\"https:\/\/dominiumwine.com\/product\/ajandekutalvany-50-000-ft\/#primaryimage\"},\"image\":{\"@id\":\"https:\/\/dominiumwine.com\/product\/ajandekutalvany-50-000-ft\/#primaryimage\"},\"thumbnailUrl\":\"https:\/\/dominiumwine.com\/wp-content\/uploads\/2023\/04\/2022.-ajandekutalvany-szerkesztheto.png\",\"datePublished\":\"2023-04-11T09:44:19+00:00\",\"dateModified\":\"2023-10-10T20:03:14+00:00\",\"breadcrumb\":{\"@id\":\"https:\/\/dominiumwine.com\/product\/ajandekutalvany-50-000-ft\/#breadcrumb\"},\"inLanguage\":\"en-US\",\"potentialAction\":[{\"@type\":\"ReadAction\",\"target\":[\"https:\/\/dominiumwine.com\/product\/ajandekutalvany-50-000-ft\/\"]}]},{\"@type\":\"ImageObject\",\"inLanguage\":\"en-US\",\"@id\":\"https:\/\/dominiumwine.com\/product\/ajandekutalvany-50-000-ft\/#primaryimage\",\"url\":\"https:\/\/dominiumwine.com\/wp-content\/uploads\/2023\/04\/2022.-ajandekutalvany-szerkesztheto.png\",\"contentUrl\":\"https:\/\/dominiumwine.com\/wp-content\/uploads\/2023\/04\/2022.-ajandekutalvany-szerkesztheto.png\",\"width\":1080,\"height\":1080},{\"@type\":\"BreadcrumbList\",\"@id\":\"https:\/\/dominiumwine.com\/product\/ajandekutalvany-50-000-ft\/#breadcrumb\",\"itemListElement\":[{\"@type\":\"ListItem\",\"position\":1,\"name\":\"Kezd\u0151lap\",\"item\":\"https:\/\/dominiumwine.com\/\"},{\"@type\":\"ListItem\",\"position\":2,\"name\":\"Term\u00e9kek\",\"item\":\"https:\/\/dominiumwine.com\/shop\/\"},{\"@type\":\"ListItem\",\"position\":3,\"name\":\"Sz\u00e1ll\u00e1s \u00e9s bor aj\u00e1nd\u00e9kutalv\u00e1ny 50.000 Ft\"}]},{\"@type\":\"WebSite\",\"@id\":\"https:\/\/dominiumwine.com\/#website\",\"url\":\"https:\/\/dominiumwine.com\/\",\"name\":\"Dominium Pinc\u00e9szet\",\"description\":\"Term\u00e9szetess\u00e9g, min\u0151s\u00e9g, odaad\u00e1s.\",\"publisher\":{\"@id\":\"https:\/\/dominiumwine.com\/#organization\"},\"potentialAction\":[{\"@type\":\"SearchAction\",\"target\":{\"@type\":\"EntryPoint\",\"urlTemplate\":\"https:\/\/dominiumwine.com\/?s={search_term_string}\"},\"query-input\":\"required name=search_term_string\"}],\"inLanguage\":\"en-US\"},{\"@type\":\"Organization\",\"@id\":\"https:\/\/dominiumwine.com\/#organization\",\"name\":\"Dominium Pinc\u00e9szet\",\"url\":\"https:\/\/dominiumwine.com\/\",\"logo\":{\"@type\":\"ImageObject\",\"inLanguage\":\"en-US\",\"@id\":\"https:\/\/dominiumwine.com\/#\/schema\/logo\/image\/\",\"url\":\"https:\/\/dominiumwine.com\/wp-content\/uploads\/2023\/09\/13254653_1555236881446304_5392041322926135012_o.png\",\"contentUrl\":\"https:\/\/dominiumwine.com\/wp-content\/uploads\/2023\/09\/13254653_1555236881446304_5392041322926135012_o.png\",\"width\":2048,\"height\":1447,\"caption\":\"Dominium Pinc\u00e9szet\"},\"image\":{\"@id\":\"https:\/\/dominiumwine.com\/#\/schema\/logo\/image\/\"}}]}<\/script>\n<!-- \/ Yoast SEO plugin. -->","yoast_head_json":{"title":"Sz\u00e1ll\u00e1s \u00e9s bor aj\u00e1nd\u00e9kutalv\u00e1ny 50.000 Ft - Dominium Pinc\u00e9szet","robots":{"index":"index","follow":"follow","max-snippet":"max-snippet:-1","max-image-preview":"max-image-preview:large","max-video-preview":"max-video-preview:-1"},"canonical":"https:\/\/dominiumwine.com\/en\/product\/ajandekutalvany-50-000-ft\/","og_locale":"en_US","og_type":"article","og_title":"Sz\u00e1ll\u00e1s \u00e9s bor aj\u00e1nd\u00e9kutalv\u00e1ny 50.000 Ft - Dominium Pinc\u00e9szet","og_description":"Szerezzen \u00f6r\u00f6met Dominium aj\u00e1nd\u00e9kutalv\u00e1nnyal! T\u00f6k\u00e9letes meglepet\u00e9s borkedvel\u0151knek, M\u00e1tra-fanatikusoknak, kir\u00e1ndulni vagy pihenni v\u00e1gy\u00f3knak, valamint azoknak, akik sz\u00edvesen t\u00e1razn\u00e1nak be kedvenc Dominium boraikb\u00f3l a webshopban.  Az aj\u00e1nd\u00e9kutalv\u00e1ny bev\u00e1lthat\u00f3 a Dominium Pinc\u00e9szet \u00e9s Panzi\u00f3 sz\u00e1ll\u00e1saj\u00e1nlataira vagy lev\u00e1s\u00e1rolhat\u00f3 a webshopban. Az aj\u00e1nd\u00e9kutalv\u00e1ny megv\u00e1s\u00e1rl\u00e1sakor k\u00e9rj\u00fck az aj\u00e1nd\u00e9kozott nev\u00e9t megadni, \u00edgy a bev\u00e1lt\u00e1s sor\u00e1n azonos\u00edthat\u00f3 a felhaszn\u00e1l\u00e1sra jogosult.  Az aj\u00e1nd\u00e9kutalv\u00e1ny utal\u00e1ssal is fizethet\u0151.  Tov\u00e1bbi inform\u00e1ci\u00f3:  +36 (30) 570 3849 info@dominiumwine.com dominiumpinceszet@gmail.com","og_url":"https:\/\/dominiumwine.com\/en\/product\/ajandekutalvany-50-000-ft\/","og_site_name":"Dominium Pinc\u00e9szet","article_modified_time":"2023-10-10T20:03:14+00:00","og_image":[{"width":1080,"height":1080,"url":"http:\/\/dominiumwine.com\/wp-content\/uploads\/2023\/04\/2022.-ajandekutalvany-szerkesztheto.png","type":"image\/png"}],"twitter_card":"summary_large_image","schema":{"@context":"https:\/\/schema.org","@graph":[{"@type":"WebPage","@id":"https:\/\/dominiumwine.com\/product\/ajandekutalvany-50-000-ft\/","url":"https:\/\/dominiumwine.com\/product\/ajandekutalvany-50-000-ft\/","name":"Sz\u00e1ll\u00e1s \u00e9s bor aj\u00e1nd\u00e9kutalv\u00e1ny 50.000 Ft - Dominium Pinc\u00e9szet","isPartOf":{"@id":"https:\/\/dominiumwine.com\/#website"},"primaryImageOfPage":{"@id":"https:\/\/dominiumwine.com\/product\/ajandekutalvany-50-000-ft\/#primaryimage"},"image":{"@id":"https:\/\/dominiumwine.com\/product\/ajandekutalvany-50-000-ft\/#primaryimage"},"thumbnailUrl":"https:\/\/dominiumwine.com\/wp-content\/uploads\/2023\/04\/2022.-ajandekutalvany-szerkesztheto.png","datePublished":"2023-04-11T09:44:19+00:00","dateModified":"2023-10-10T20:03:14+00:00","breadcrumb":{"@id":"https:\/\/dominiumwine.com\/product\/ajandekutalvany-50-000-ft\/#breadcrumb"},"inLanguage":"en-US","potentialAction":[{"@type":"ReadAction","target":["https:\/\/dominiumwine.com\/product\/ajandekutalvany-50-000-ft\/"]}]},{"@type":"ImageObject","inLanguage":"en-US","@id":"https:\/\/dominiumwine.com\/product\/ajandekutalvany-50-000-ft\/#primaryimage","url":"https:\/\/dominiumwine.com\/wp-content\/uploads\/2023\/04\/2022.-ajandekutalvany-szerkesztheto.png","contentUrl":"https:\/\/dominiumwine.com\/wp-content\/uploads\/2023\/04\/2022.-ajandekutalvany-szerkesztheto.png","width":1080,"height":1080},{"@type":"BreadcrumbList","@id":"https:\/\/dominiumwine.com\/product\/ajandekutalvany-50-000-ft\/#breadcrumb","itemListElement":[{"@type":"ListItem","position":1,"name":"Kezd\u0151lap","item":"https:\/\/dominiumwine.com\/"},{"@type":"ListItem","position":2,"name":"Term\u00e9kek","item":"https:\/\/dominiumwine.com\/shop\/"},{"@type":"ListItem","position":3,"name":"Sz\u00e1ll\u00e1s \u00e9s bor aj\u00e1nd\u00e9kutalv\u00e1ny 50.000 Ft"}]},{"@type":"WebSite","@id":"https:\/\/dominiumwine.com\/#website","url":"https:\/\/dominiumwine.com\/","name":"Dominium Pinc\u00e9szet","description":"Term\u00e9szetess\u00e9g, min\u0151s\u00e9g, odaad\u00e1s.","publisher":{"@id":"https:\/\/dominiumwine.com\/#organization"},"potentialAction":[{"@type":"SearchAction","target":{"@type":"EntryPoint","urlTemplate":"https:\/\/dominiumwine.com\/?s={search_term_string}"},"query-input":"required name=search_term_string"}],"inLanguage":"en-US"},{"@type":"Organization","@id":"https:\/\/dominiumwine.com\/#organization","name":"Dominium Pinc\u00e9szet","url":"https:\/\/dominiumwine.com\/","logo":{"@type":"ImageObject","inLanguage":"en-US","@id":"https:\/\/dominiumwine.com\/#\/schema\/logo\/image\/","url":"https:\/\/dominiumwine.com\/wp-content\/uploads\/2023\/09\/13254653_1555236881446304_5392041322926135012_o.png","contentUrl":"https:\/\/dominiumwine.com\/wp-content\/uploads\/2023\/09\/13254653_1555236881446304_5392041322926135012_o.png","width":2048,"height":1447,"caption":"Dominium Pinc\u00e9szet"},"image":{"@id":"https:\/\/dominiumwine.com\/#\/schema\/logo\/image\/"}}]}},"jetpack_sharing_enabled":true,"_links":{"self":[{"href":"https:\/\/dominiumwine.com\/en\/wp-json\/wp\/v2\/product\/745","targetHints":{"allow":["GET"]}}],"collection":[{"href":"https:\/\/dominiumwine.com\/en\/wp-json\/wp\/v2\/product"}],"about":[{"href":"https:\/\/dominiumwine.com\/en\/wp-json\/wp\/v2\/types\/product"}],"wp:featuredmedia":[{"embeddable":true,"href":"https:\/\/dominiumwine.com\/en\/wp-json\/wp\/v2\/media\/1984"}],"wp:attachment":[{"href":"https:\/\/dominiumwine.com\/en\/wp-json\/wp\/v2\/media?parent=745"}],"wp:term":[{"taxonomy":"product_cat","embeddable":true,"href":"https:\/\/dominiumwine.com\/en\/wp-json\/wp\/v2\/product_cat?post=745"},{"taxonomy":"product_tag","embeddable":true,"href":"https:\/\/dominiumwine.com\/en\/wp-json\/wp\/v2\/product_tag?post=745"}],"curies":[{"name":"wp","href":"https:\/\/api.w.org\/{rel}","templated":true}]}}