{"id":951,"date":"2023-05-06T18:43:38","date_gmt":"2023-05-06T18:43:38","guid":{"rendered":"https:\/\/dev.dominiumwine.com\/?post_type=product&#038;p=951"},"modified":"2026-04-19T10:17:46","modified_gmt":"2026-04-19T10:17:46","slug":"grand-selection-franc-merlot","status":"publish","type":"product","link":"https:\/\/dominiumwine.com\/en\/product\/grand-selection-franc-merlot\/","title":{"rendered":"Grand Selection Franc &#8211; Merlot"},"content":{"rendered":"<div>Sz\u0151l\u0151fajta\u00a0 \u00a0 \u00a0 \u00a0 \u00a0 \u00a0 \u00a0 \u00a0 \u00a0 \u00a0 \u00a0 \u00a0 \u00a0 \u00a0 \u00a0 \u00a0 \u00a0 \u00a0 \u00a0 Cabernet Franc 60 % &#8211; Merlot 40%<\/div>\n<div><\/div>\n<div>\u00c9vj\u00e1rat\u00a0\u00a0\u00a0\u00a0\u00a0\u00a0\u00a0\u00a0\u00a0\u00a0\u00a0\u00a0\u00a0\u00a0\u00a0\u00a0\u00a0\u00a0\u00a0\u00a0\u00a0\u00a0\u00a0\u00a0\u00a0\u00a0\u00a0\u00a0\u00a0\u00a0\u00a0\u00a0\u00a0\u00a0\u00a0\u00a0\u00a0\u00a0\u00a0\u00a0\u00a0\u00a0 2021<\/div>\n<div><\/div>\n<div>Bork\u00e9sz\u00edt\u00e9s\u00a0 \u00a0 \u00a0 \u00a0 \u00a0 \u00a0 \u00a0 \u00a0 \u00a0 \u00a0 \u00a0 \u00a0 \u00a0 \u00a0 \u00a0 \u00a0 \u00a0 \u00a0 <span data-sheets-value=\"{&quot;1&quot;:2,&quot;2&quot;:&quot;Ny\u00edlt k\u00e1das erjeszt\u00e9s 100 %&quot;}\" data-sheets-userformat=\"{&quot;2&quot;:769,&quot;3&quot;:{&quot;1&quot;:0},&quot;11&quot;:4,&quot;12&quot;:0}\">Ny\u00edlt k\u00e1das erjeszt\u00e9s 100%<\/span><\/div>\n<div><\/div>\n<div>\u00c9rlel\u00e9s\u00a0 \u00a0 \u00a0 \u00a0 \u00a0 \u00a0 \u00a0 \u00a0 \u00a0 \u00a0 \u00a0 \u00a0 \u00a0 \u00a0 \u00a0 \u00a0 \u00a0 \u00a0 \u00a0 \u00a0 \u00a0 \u00a0 <span data-sheets-value=\"{&quot;1&quot;:2,&quot;2&quot;:&quot;\u00daj \u00e9s m\u00e1sodt\u00f6lt\u00e9s\u0171 hord\u00f3s&quot;}\" data-sheets-userformat=\"{&quot;2&quot;:769,&quot;3&quot;:{&quot;1&quot;:0},&quot;11&quot;:4,&quot;12&quot;:0}\">\u00daj \u00e9s m\u00e1sodt\u00f6lt\u00e9s\u0171 hord\u00f3s<\/span><\/div>\n<div><\/div>\n<div>Alkohol\u00a0 \u00a0 \u00a0 \u00a0 \u00a0 \u00a0 \u00a0 \u00a0 \u00a0 \u00a0 \u00a0 \u00a0 \u00a0 \u00a0 \u00a0 \u00a0 \u00a0 \u00a0 \u00a0 \u00a0 \u00a0 15 %<\/div>\n<div><\/div>\n<div>Sz\u00e1razs\u00e1gi fok\u00a0 \u00a0 \u00a0 \u00a0 \u00a0 \u00a0 \u00a0 \u00a0 \u00a0 \u00a0 \u00a0 \u00a0 \u00a0 \u00a0 \u00a0 \u00a0Sz\u00e1raz<\/div>\n<div><\/div>\n<div>Fogyaszt\u00e1si h\u0151m\u00e9rs\u00e9klet\u00a0 \u00a0 \u00a0 \u00a0 \u00a0 \u00a0 16-18\u00b0C<\/div>","protected":false},"excerpt":{"rendered":"<p><span style=\"font-weight: 400;\">Egy korty a M\u00e1trai borvid\u00e9k k\u00fcl\u00f6nleges d\u0171l\u0151ir\u0151l. Organikus m\u0171vel\u00e9s, term\u00e9skorl\u00e1toz\u00e1s, natur\u00e1lis bork\u00e9sz\u00edt\u00e9s. M\u00e1s titok nincs. 2021-es hord\u00f3v\u00e1logat\u00e1s t\u00e9tel\u00fcnk 60-40 %-ban tartalmazza a k\u00e9t meghat\u00e1roz\u00f3 bordeaux-i fajt\u00e1t, megmutatva a kiv\u00e1l\u00f3 gy\u00f6ngy\u00f6spatai ter\u00fcletekben rejl\u0151 lehet\u0151s\u00e9geket. 600 palack k\u00e9sz\u00fclt \u00f6sszesen. \u00c9lvezd Te is vel\u00fcnk!<\/span><\/p>","protected":false},"featured_media":2450,"template":"","meta":[],"product_cat":[21],"product_tag":[],"class_list":{"0":"post-951","1":"product","2":"type-product","3":"status-publish","4":"has-post-thumbnail","6":"product_cat-vorosboraink","8":"first","9":"instock","10":"taxable","11":"shipping-taxable","12":"purchasable","13":"product-type-simple"},"yoast_head":"<!-- This site is optimized with the Yoast SEO plugin v23.0 - https:\/\/yoast.com\/wordpress\/plugins\/seo\/ -->\n<title>Grand Selection Franc - Merlot - Dominium Pinc\u00e9szet<\/title>\n<meta name=\"robots\" content=\"index, follow, max-snippet:-1, max-image-preview:large, max-video-preview:-1\" \/>\n<link rel=\"canonical\" href=\"https:\/\/dominiumwine.com\/en\/product\/grand-selection-franc-merlot\/\" \/>\n<meta property=\"og:locale\" content=\"en_US\" \/>\n<meta property=\"og:type\" content=\"article\" \/>\n<meta property=\"og:title\" content=\"Grand Selection Franc - Merlot - Dominium Pinc\u00e9szet\" \/>\n<meta property=\"og:description\" content=\"Egy korty a M\u00e1trai borvid\u00e9k k\u00fcl\u00f6nleges d\u0171l\u0151ir\u0151l. Organikus m\u0171vel\u00e9s, term\u00e9skorl\u00e1toz\u00e1s, natur\u00e1lis bork\u00e9sz\u00edt\u00e9s. M\u00e1s titok nincs. 2021-es hord\u00f3v\u00e1logat\u00e1s t\u00e9tel\u00fcnk 60-40 %-ban tartalmazza a k\u00e9t meghat\u00e1roz\u00f3 bordeaux-i fajt\u00e1t, megmutatva a kiv\u00e1l\u00f3 gy\u00f6ngy\u00f6spatai ter\u00fcletekben rejl\u0151 lehet\u0151s\u00e9geket. 600 palack k\u00e9sz\u00fclt \u00f6sszesen. \u00c9lvezd Te is vel\u00fcnk!\" \/>\n<meta property=\"og:url\" content=\"https:\/\/dominiumwine.com\/en\/product\/grand-selection-franc-merlot\/\" \/>\n<meta property=\"og:site_name\" content=\"Dominium Pinc\u00e9szet\" \/>\n<meta property=\"article:modified_time\" content=\"2026-04-19T10:17:46+00:00\" \/>\n<meta property=\"og:image\" content=\"http:\/\/dominiumwine.com\/wp-content\/uploads\/2023\/05\/Grand-Merlot-Franc_uj-1.png\" \/>\n\t<meta property=\"og:image:width\" content=\"1080\" \/>\n\t<meta property=\"og:image:height\" content=\"1080\" \/>\n\t<meta property=\"og:image:type\" content=\"image\/png\" \/>\n<meta name=\"twitter:card\" content=\"summary_large_image\" \/>\n<meta name=\"twitter:label1\" content=\"Est. reading time\" \/>\n\t<meta name=\"twitter:data1\" content=\"1 minute\" \/>\n<script type=\"application\/ld+json\" class=\"yoast-schema-graph\">{\"@context\":\"https:\/\/schema.org\",\"@graph\":[{\"@type\":\"WebPage\",\"@id\":\"https:\/\/dominiumwine.com\/product\/grand-selection-franc-merlot\/\",\"url\":\"https:\/\/dominiumwine.com\/product\/grand-selection-franc-merlot\/\",\"name\":\"Grand Selection Franc - Merlot - Dominium Pinc\u00e9szet\",\"isPartOf\":{\"@id\":\"https:\/\/dominiumwine.com\/#website\"},\"primaryImageOfPage\":{\"@id\":\"https:\/\/dominiumwine.com\/product\/grand-selection-franc-merlot\/#primaryimage\"},\"image\":{\"@id\":\"https:\/\/dominiumwine.com\/product\/grand-selection-franc-merlot\/#primaryimage\"},\"thumbnailUrl\":\"https:\/\/dominiumwine.com\/wp-content\/uploads\/2023\/05\/Grand-Merlot-Franc_uj-1.png\",\"datePublished\":\"2023-05-06T18:43:38+00:00\",\"dateModified\":\"2026-04-19T10:17:46+00:00\",\"breadcrumb\":{\"@id\":\"https:\/\/dominiumwine.com\/product\/grand-selection-franc-merlot\/#breadcrumb\"},\"inLanguage\":\"en-US\",\"potentialAction\":[{\"@type\":\"ReadAction\",\"target\":[\"https:\/\/dominiumwine.com\/product\/grand-selection-franc-merlot\/\"]}]},{\"@type\":\"ImageObject\",\"inLanguage\":\"en-US\",\"@id\":\"https:\/\/dominiumwine.com\/product\/grand-selection-franc-merlot\/#primaryimage\",\"url\":\"https:\/\/dominiumwine.com\/wp-content\/uploads\/2023\/05\/Grand-Merlot-Franc_uj-1.png\",\"contentUrl\":\"https:\/\/dominiumwine.com\/wp-content\/uploads\/2023\/05\/Grand-Merlot-Franc_uj-1.png\",\"width\":1080,\"height\":1080},{\"@type\":\"BreadcrumbList\",\"@id\":\"https:\/\/dominiumwine.com\/product\/grand-selection-franc-merlot\/#breadcrumb\",\"itemListElement\":[{\"@type\":\"ListItem\",\"position\":1,\"name\":\"Kezd\u0151lap\",\"item\":\"https:\/\/dominiumwine.com\/\"},{\"@type\":\"ListItem\",\"position\":2,\"name\":\"Term\u00e9kek\",\"item\":\"https:\/\/dominiumwine.com\/shop\/\"},{\"@type\":\"ListItem\",\"position\":3,\"name\":\"Grand Selection Franc &#8211; Merlot\"}]},{\"@type\":\"WebSite\",\"@id\":\"https:\/\/dominiumwine.com\/#website\",\"url\":\"https:\/\/dominiumwine.com\/\",\"name\":\"Dominium Pinc\u00e9szet\",\"description\":\"Term\u00e9szetess\u00e9g, min\u0151s\u00e9g, odaad\u00e1s.\",\"publisher\":{\"@id\":\"https:\/\/dominiumwine.com\/#organization\"},\"potentialAction\":[{\"@type\":\"SearchAction\",\"target\":{\"@type\":\"EntryPoint\",\"urlTemplate\":\"https:\/\/dominiumwine.com\/?s={search_term_string}\"},\"query-input\":\"required name=search_term_string\"}],\"inLanguage\":\"en-US\"},{\"@type\":\"Organization\",\"@id\":\"https:\/\/dominiumwine.com\/#organization\",\"name\":\"Dominium Pinc\u00e9szet\",\"url\":\"https:\/\/dominiumwine.com\/\",\"logo\":{\"@type\":\"ImageObject\",\"inLanguage\":\"en-US\",\"@id\":\"https:\/\/dominiumwine.com\/#\/schema\/logo\/image\/\",\"url\":\"https:\/\/dominiumwine.com\/wp-content\/uploads\/2023\/09\/13254653_1555236881446304_5392041322926135012_o.png\",\"contentUrl\":\"https:\/\/dominiumwine.com\/wp-content\/uploads\/2023\/09\/13254653_1555236881446304_5392041322926135012_o.png\",\"width\":2048,\"height\":1447,\"caption\":\"Dominium Pinc\u00e9szet\"},\"image\":{\"@id\":\"https:\/\/dominiumwine.com\/#\/schema\/logo\/image\/\"}}]}<\/script>\n<!-- \/ Yoast SEO plugin. -->","yoast_head_json":{"title":"Grand Selection Franc - Merlot - Dominium Pinc\u00e9szet","robots":{"index":"index","follow":"follow","max-snippet":"max-snippet:-1","max-image-preview":"max-image-preview:large","max-video-preview":"max-video-preview:-1"},"canonical":"https:\/\/dominiumwine.com\/en\/product\/grand-selection-franc-merlot\/","og_locale":"en_US","og_type":"article","og_title":"Grand Selection Franc - Merlot - Dominium Pinc\u00e9szet","og_description":"Egy korty a M\u00e1trai borvid\u00e9k k\u00fcl\u00f6nleges d\u0171l\u0151ir\u0151l. Organikus m\u0171vel\u00e9s, term\u00e9skorl\u00e1toz\u00e1s, natur\u00e1lis bork\u00e9sz\u00edt\u00e9s. M\u00e1s titok nincs. 2021-es hord\u00f3v\u00e1logat\u00e1s t\u00e9tel\u00fcnk 60-40 %-ban tartalmazza a k\u00e9t meghat\u00e1roz\u00f3 bordeaux-i fajt\u00e1t, megmutatva a kiv\u00e1l\u00f3 gy\u00f6ngy\u00f6spatai ter\u00fcletekben rejl\u0151 lehet\u0151s\u00e9geket. 600 palack k\u00e9sz\u00fclt \u00f6sszesen. \u00c9lvezd Te is vel\u00fcnk!","og_url":"https:\/\/dominiumwine.com\/en\/product\/grand-selection-franc-merlot\/","og_site_name":"Dominium Pinc\u00e9szet","article_modified_time":"2026-04-19T10:17:46+00:00","og_image":[{"width":1080,"height":1080,"url":"http:\/\/dominiumwine.com\/wp-content\/uploads\/2023\/05\/Grand-Merlot-Franc_uj-1.png","type":"image\/png"}],"twitter_card":"summary_large_image","twitter_misc":{"Est. reading time":"1 minute"},"schema":{"@context":"https:\/\/schema.org","@graph":[{"@type":"WebPage","@id":"https:\/\/dominiumwine.com\/product\/grand-selection-franc-merlot\/","url":"https:\/\/dominiumwine.com\/product\/grand-selection-franc-merlot\/","name":"Grand Selection Franc - Merlot - Dominium Pinc\u00e9szet","isPartOf":{"@id":"https:\/\/dominiumwine.com\/#website"},"primaryImageOfPage":{"@id":"https:\/\/dominiumwine.com\/product\/grand-selection-franc-merlot\/#primaryimage"},"image":{"@id":"https:\/\/dominiumwine.com\/product\/grand-selection-franc-merlot\/#primaryimage"},"thumbnailUrl":"https:\/\/dominiumwine.com\/wp-content\/uploads\/2023\/05\/Grand-Merlot-Franc_uj-1.png","datePublished":"2023-05-06T18:43:38+00:00","dateModified":"2026-04-19T10:17:46+00:00","breadcrumb":{"@id":"https:\/\/dominiumwine.com\/product\/grand-selection-franc-merlot\/#breadcrumb"},"inLanguage":"en-US","potentialAction":[{"@type":"ReadAction","target":["https:\/\/dominiumwine.com\/product\/grand-selection-franc-merlot\/"]}]},{"@type":"ImageObject","inLanguage":"en-US","@id":"https:\/\/dominiumwine.com\/product\/grand-selection-franc-merlot\/#primaryimage","url":"https:\/\/dominiumwine.com\/wp-content\/uploads\/2023\/05\/Grand-Merlot-Franc_uj-1.png","contentUrl":"https:\/\/dominiumwine.com\/wp-content\/uploads\/2023\/05\/Grand-Merlot-Franc_uj-1.png","width":1080,"height":1080},{"@type":"BreadcrumbList","@id":"https:\/\/dominiumwine.com\/product\/grand-selection-franc-merlot\/#breadcrumb","itemListElement":[{"@type":"ListItem","position":1,"name":"Kezd\u0151lap","item":"https:\/\/dominiumwine.com\/"},{"@type":"ListItem","position":2,"name":"Term\u00e9kek","item":"https:\/\/dominiumwine.com\/shop\/"},{"@type":"ListItem","position":3,"name":"Grand Selection Franc &#8211; Merlot"}]},{"@type":"WebSite","@id":"https:\/\/dominiumwine.com\/#website","url":"https:\/\/dominiumwine.com\/","name":"Dominium Pinc\u00e9szet","description":"Term\u00e9szetess\u00e9g, min\u0151s\u00e9g, odaad\u00e1s.","publisher":{"@id":"https:\/\/dominiumwine.com\/#organization"},"potentialAction":[{"@type":"SearchAction","target":{"@type":"EntryPoint","urlTemplate":"https:\/\/dominiumwine.com\/?s={search_term_string}"},"query-input":"required name=search_term_string"}],"inLanguage":"en-US"},{"@type":"Organization","@id":"https:\/\/dominiumwine.com\/#organization","name":"Dominium Pinc\u00e9szet","url":"https:\/\/dominiumwine.com\/","logo":{"@type":"ImageObject","inLanguage":"en-US","@id":"https:\/\/dominiumwine.com\/#\/schema\/logo\/image\/","url":"https:\/\/dominiumwine.com\/wp-content\/uploads\/2023\/09\/13254653_1555236881446304_5392041322926135012_o.png","contentUrl":"https:\/\/dominiumwine.com\/wp-content\/uploads\/2023\/09\/13254653_1555236881446304_5392041322926135012_o.png","width":2048,"height":1447,"caption":"Dominium Pinc\u00e9szet"},"image":{"@id":"https:\/\/dominiumwine.com\/#\/schema\/logo\/image\/"}}]}},"jetpack_sharing_enabled":true,"_links":{"self":[{"href":"https:\/\/dominiumwine.com\/en\/wp-json\/wp\/v2\/product\/951","targetHints":{"allow":["GET"]}}],"collection":[{"href":"https:\/\/dominiumwine.com\/en\/wp-json\/wp\/v2\/product"}],"about":[{"href":"https:\/\/dominiumwine.com\/en\/wp-json\/wp\/v2\/types\/product"}],"wp:featuredmedia":[{"embeddable":true,"href":"https:\/\/dominiumwine.com\/en\/wp-json\/wp\/v2\/media\/2450"}],"wp:attachment":[{"href":"https:\/\/dominiumwine.com\/en\/wp-json\/wp\/v2\/media?parent=951"}],"wp:term":[{"taxonomy":"product_cat","embeddable":true,"href":"https:\/\/dominiumwine.com\/en\/wp-json\/wp\/v2\/product_cat?post=951"},{"taxonomy":"product_tag","embeddable":true,"href":"https:\/\/dominiumwine.com\/en\/wp-json\/wp\/v2\/product_tag?post=951"}],"curies":[{"name":"wp","href":"https:\/\/api.w.org\/{rel}","templated":true}]}}